{"id":22791,"date":"2020-06-16T19:02:15","date_gmt":"2020-06-16T17:02:15","guid":{"rendered":"https:\/\/www.apiagentura.gov.cz\/?page_id=22791"},"modified":"2021-02-10T16:50:35","modified_gmt":"2021-02-10T15:50:35","slug":"spoluprace-klastry-vyzva-vii-2","status":"publish","type":"page","link":"https:\/\/apiagentura.gov.cz\/cs\/programy-podpory\/spoluprace\/spoluprace-klastry-vyzva-vii-2\/","title":{"rendered":"Spolupr\u00e1ce \u2013 Klastry \u2013 V\u00fdzva VII"},"content":{"rendered":"<p><\/p>\n<h3>Ozn\u00e1men\u00ed pro \u017eadatele<\/h3>\n<p style=\"text-align: justify;\">Pokud jsou v\u00a0r\u00e1mci \u017d\u00e1dosti o platbu n\u00e1rokov\u00e1ny osobn\u00ed n\u00e1klady zam\u011bstnanc\u016f ve zp\u016fsobil\u00fdch v\u00fddaj\u00edch projektu, <strong>jsou \u017eadatel\u00e9 od <\/strong><strong>6.10.2020 povinni dolo\u017eit na z\u00e1klad\u011b v\u00fdzvy projektov\u00e9ho mana\u017eera vzorek mzdov\u00fdch list\u016f<\/strong> n\u00e1rokovan\u00fdch zam\u011bstnanc\u016f.\u00a0Jedn\u00e1 se o n\u00e1pravn\u00e9 opat\u0159en\u00ed pro sn\u00ed\u017een\u00ed chybovosti p\u0159i vypl\u0148ov\u00e1n\u00ed mzdov\u00e9 tabulky ze strany \u017eadatel\u016f.<\/p>\n<p>&nbsp;<\/p>\n<table class=\"call-detail\" style=\"height: 262px;\" width=\"679\">\n<tbody>\n<tr>\n<td style=\"width: 220px;\" rowspan=\"2\"><strong>Na co lze z\u00edskat podporu\u00a0(podporovan\u00e9 aktivity):<\/strong><\/p>\n<ul>\n<li>kolektivn\u00ed v\u00fdzkum<\/li>\n<li>sd\u00edlen\u00e1 infrastruktura<\/li>\n<li>internacionalizace klastru<\/li>\n<li>rozvoj klastrov\u00e9 organizace<\/li>\n<\/ul>\n<p><strong>Kdo m\u016f\u017ee \u017e\u00e1dat\u00a0(p\u0159\u00edjemci podpory):<\/strong><\/p>\n<ul>\n<li>mal\u00e9 a st\u0159edn\u00ed podniky<\/li>\n<li>v\u00fdzkumn\u00e9 organizace<\/li>\n<\/ul>\n<p><strong>FAQ:<\/strong><\/p>\n<ul>\n<li>\u010dasto kladen\u00e9 dotazy k programu Spolupr\u00e1ce k dispozici <a href=\"https:\/\/www.apiagentura.gov.cz\/cs\/radce\/faq\/faq-program-spoluprace-klastry\/\">ZDE<\/a><\/li>\n<\/ul>\n<p><strong>Syst\u00e9m sb\u011bru \u017e\u00e1dost\u00ed:<\/strong><\/p>\n<ul>\n<li>kolov\u00fd<\/li>\n<\/ul>\n<\/td>\n<td style=\"width: 218px;\"><strong>Kolik lze z\u00edskat na jeden projekt\u00a0(forma a v\u00fd\u0161e podpory):<\/strong><\/p>\n<ul>\n<li>minim\u00e1ln\u00ed absolutn\u00ed dotace pro jeden projekt je 500 000 K\u010d<\/li>\n<li>maxim\u00e1ln\u00ed absolutn\u00ed dotace pro jeden projekt se li\u0161\u00ed v r\u00e1mci jednotliv\u00fdch aktivit<\/li>\n<\/ul>\n<p><strong>M\u00edra podpory:<\/strong><\/p>\n<p>pro aktivitu 3.1a):<\/p>\n<ul>\n<li>o 45% ze zp\u016fsobil\u00fdch v\u00fddaj\u016f pro mal\u00e9 podniky a 35% ze zp\u016fsobil\u00fdch v\u00fddaj\u016f pro st\u0159edn\u00ed podniky pro kategorii experiment\u00e1ln\u00ed v\u00fdvoj<\/li>\n<li>o 70% ze zp\u016fsobil\u00fdch v\u00fddaj\u016f pro mal\u00e9 podniky a 60% ze zp\u016fsobil\u00fdch v\u00fddaj\u016f pro st\u0159edn\u00ed podniky pro kategorii pr\u016fmyslov\u00fd v\u00fdzkum<\/li>\n<\/ul>\n<p>pro aktivitu 3.1b), c) a d):<\/p>\n<ul>\n<li>o 50% ze zp\u016fsobil\u00fdch v\u00fddaj\u016f<\/li>\n<\/ul>\n<\/td>\n<td style=\"width: 219px;\"><img loading=\"lazy\" decoding=\"async\" class=\"alignnone size-full wp-image-22761\" src=\"https:\/\/www.apiagentura.gov.cz\/wp-content\/uploads\/2020\/06\/spoluprace-768.png\" alt=\"\" width=\"768\" height=\"768\" srcset=\"https:\/\/apiagentura.gov.cz\/wp-content\/uploads\/2020\/06\/spoluprace-768.png 768w, https:\/\/apiagentura.gov.cz\/wp-content\/uploads\/2020\/06\/spoluprace-768-150x150.png 150w, https:\/\/apiagentura.gov.cz\/wp-content\/uploads\/2020\/06\/spoluprace-768-300x300.png 300w, https:\/\/apiagentura.gov.cz\/wp-content\/uploads\/2020\/06\/spoluprace-768-50x50.png 50w, https:\/\/apiagentura.gov.cz\/wp-content\/uploads\/2020\/06\/spoluprace-768-500x500.png 500w\" sizes=\"auto, (max-width: 768px) 100vw, 768px\" \/><\/td>\n<\/tr>\n<tr>\n<td style=\"width: 218px;\"><strong>Specifika a omezen\u00ed:<\/strong><\/p>\n<ul>\n<li>ka\u017ed\u00fd \u017eadatel (1 I\u010c) je opr\u00e1vn\u011bn p\u0159edlo\u017eit maxim\u00e1ln\u011b \u010dty\u0159i projekty<\/li>\n<li>projekt mus\u00ed b\u00fdt realizov\u00e1n na \u00fazem\u00ed \u010cR mimo NUTS II Praha<\/li>\n<\/ul>\n<p>&nbsp;<\/p>\n<p>&nbsp;<\/td>\n<td style=\"width: 219px;\" rowspan=\"2\"><strong>J<\/strong><strong>ak\u00e9 v\u00fddaje je mo\u017en\u00e9 podpo\u0159it\u00a0(zp\u016fsobil\u00e9 v\u00fddaje):<\/strong><\/p>\n<p>pro\u00a0aktivitu 3.1 a):<\/p>\n<ul>\n<li>mzdy a pojistn\u00e9, extern\u011b po\u0159izovan\u00e9 slu\u017eby<\/li>\n<li>zak\u00e1zky na extern\u011b po\u0159izovan\u00e9 slu\u017eby<\/li>\n<li>dodate\u010dn\u00e9 re\u017eijn\u00ed n\u00e1klady<\/li>\n<\/ul>\n<p>pro aktivitu 3.1b):<\/p>\n<ul>\n<li>n\u00e1kup staveb, technick\u00e9 zhodnocen\u00ed staveb, stroje a za\u0159\u00edzen\u00ed v\u010detn\u011b hardware a s\u00edt\u00ed,\u00a0 software a data, pr\u00e1va du\u0161evn\u00edho vlastnictv\u00ed, n\u00e1jem<\/li>\n<\/ul>\n<p>pro aktivitu 3.1c):<\/p>\n<ul>\n<li>mzdy a pojistn\u00e9, cestovn\u00e9, slu\u017eby poradc\u016f, expert\u016f, studie, marketing a propagace, semin\u00e1\u0159e, konference<\/li>\n<\/ul>\n<p>pro aktivitu 3.1d):<\/p>\n<ul>\n<li>mzdy a pojistn\u00e9, marketing a propagace, semin\u00e1\u0159e, konference, n\u00e1jem, re\u017eijn\u00ed n\u00e1klady<\/li>\n<\/ul>\n<p>&nbsp;<\/td>\n<\/tr>\n<tr>\n<td style=\"width: 444px;\" colspan=\"2\"><img loading=\"lazy\" decoding=\"async\" class=\"alignnone size-large wp-image-22760\" src=\"https:\/\/www.apiagentura.gov.cz\/wp-content\/uploads\/2020\/06\/novinka-s-klstr-vii-1280x656-1024x525.png\" alt=\"\" width=\"1024\" height=\"525\" srcset=\"https:\/\/apiagentura.gov.cz\/wp-content\/uploads\/2020\/06\/novinka-s-klstr-vii-1280x656-1024x525.png 1024w, https:\/\/apiagentura.gov.cz\/wp-content\/uploads\/2020\/06\/novinka-s-klstr-vii-1280x656-300x154.png 300w, https:\/\/apiagentura.gov.cz\/wp-content\/uploads\/2020\/06\/novinka-s-klstr-vii-1280x656-768x394.png 768w, https:\/\/apiagentura.gov.cz\/wp-content\/uploads\/2020\/06\/novinka-s-klstr-vii-1280x656-150x77.png 150w, https:\/\/apiagentura.gov.cz\/wp-content\/uploads\/2020\/06\/novinka-s-klstr-vii-1280x656-500x256.png 500w, https:\/\/apiagentura.gov.cz\/wp-content\/uploads\/2020\/06\/novinka-s-klstr-vii-1280x656.png 1280w\" sizes=\"auto, (max-width: 1024px) 100vw, 1024px\" \/><\/td>\n<\/tr>\n<\/tbody>\n<\/table>\n<p><\/p>","protected":false},"excerpt":{"rendered":"<p>C\u00edlem v\u00fdzvy je podpo\u0159it rozvoj inova\u010dn\u00edch s\u00edt\u00ed \u2013 klastr\u016f &#8211; jako n\u00e1stroje pro zv\u00fd\u0161en\u00ed intenzity spole\u010dn\u00fdch v\u00fdzkumn\u00fdch, v\u00fdvojov\u00fdch a inova\u010dn\u00edch aktivit mezi podnikatelsk\u00fdmi subjekty a v\u00fdzkumnou sf\u00e9rou. Posilov\u00e1n\u00ed vz\u00e1jemn\u00fdch vazeb na region\u00e1ln\u00ed, nadregion\u00e1ln\u00ed i mezin\u00e1rodn\u00ed \u00farovni povede k rozvoji ekonomiky zalo\u017een\u00e9 na znalostech a inovac\u00edch a napl\u0148ov\u00e1n\u00ed konceptu inteligentn\u00ed specializace.<\/p>\n","protected":false},"author":1,"featured_media":0,"parent":118,"menu_order":0,"comment_status":"closed","ping_status":"closed","template":"","meta":{"inline_featured_image":false,"footnotes":""},"class_list":["post-22791","page","type-page","status-publish","hentry"],"publishpress_future_action":{"enabled":false,"date":"2026-05-06 23:22:37","action":"change-status","newStatus":"draft","terms":[],"taxonomy":"","extraData":[]},"publishpress_future_workflow_manual_trigger":{"enabledWorkflows":[]},"_links":{"self":[{"href":"https:\/\/apiagentura.gov.cz\/cs\/wp-json\/wp\/v2\/pages\/22791","targetHints":{"allow":["GET"]}}],"collection":[{"href":"https:\/\/apiagentura.gov.cz\/cs\/wp-json\/wp\/v2\/pages"}],"about":[{"href":"https:\/\/apiagentura.gov.cz\/cs\/wp-json\/wp\/v2\/types\/page"}],"author":[{"embeddable":true,"href":"https:\/\/apiagentura.gov.cz\/cs\/wp-json\/wp\/v2\/users\/1"}],"replies":[{"embeddable":true,"href":"https:\/\/apiagentura.gov.cz\/cs\/wp-json\/wp\/v2\/comments?post=22791"}],"version-history":[{"count":0,"href":"https:\/\/apiagentura.gov.cz\/cs\/wp-json\/wp\/v2\/pages\/22791\/revisions"}],"up":[{"embeddable":true,"href":"https:\/\/apiagentura.gov.cz\/cs\/wp-json\/wp\/v2\/pages\/118"}],"wp:attachment":[{"href":"https:\/\/apiagentura.gov.cz\/cs\/wp-json\/wp\/v2\/media?parent=22791"}],"curies":[{"name":"wp","href":"https:\/\/api.w.org\/{rel}","templated":true}]}}