{"id":23678,"date":"2020-08-27T13:49:49","date_gmt":"2020-08-27T11:49:49","guid":{"rendered":"https:\/\/www.apiagentura.gov.cz\/?page_id=23678"},"modified":"2021-04-13T18:58:46","modified_gmt":"2021-04-13T16:58:46","slug":"potencial-vyzva-vii","status":"publish","type":"page","link":"https:\/\/apiagentura.gov.cz\/cs\/programy-podpory\/potencial\/potencial-vyzva-vii\/","title":{"rendered":"Potenci\u00e1l &#8211; V\u00fdzva VII"},"content":{"rendered":"<p><\/p>\n<h4>Ozn\u00e1men\u00ed pro \u017eadatele<\/h4>\n<p><strong>13. 4. 2021:<\/strong> Aktualizoval se dokument P\u0159\u00edloha \u010d. 1 &#8211; Vymezen\u00ed zp\u016fsobil\u00fdch v\u00fddaj\u016f. D\u016fvodem je\u00a0novelizace tzv. da\u0148ov\u00e9ho bal\u00ed\u010dku, kter\u00fdm do\u0161lo k \u00faprav\u00e1m limit\u016f pro dlouhodob\u00fd hmotn\u00fd a nehmotn\u00fd majetek.<\/p>\n<p><strong>9. 4. 2021:<\/strong>\u00a0Z d\u016fvodu urychlen\u00ed \u010derp\u00e1n\u00ed finan\u010dn\u00edch prost\u0159edk\u016f v r\u00e1mci OP PIK bude Ministerstvo pr\u016fmyslu a obchodu jako \u0158\u00eddic\u00ed org\u00e1n OP PIK pr\u016fb\u011b\u017en\u011b vyd\u00e1vat <strong>Rozhodnut\u00ed o poskytnut\u00ed dotace<\/strong> u v\u0161ech projekt\u016f, kter\u00e9 z\u00edskaj\u00ed <strong>60 a v\u00edce bod\u016f<\/strong> po jednotliv\u00fdch d\u00edl\u010d\u00edch v\u00fdb\u011brov\u00fdch komis\u00edch.<\/p>\n<p><strong>23. 3. 2021:<\/strong>\u00a0Z d\u016fvodu urychlen\u00ed \u010derp\u00e1n\u00ed finan\u010dn\u00edch prost\u0159edk\u016f v r\u00e1mci OP PIK bude Ministerstvo pr\u016fmyslu a obchodu jako \u0158\u00eddic\u00ed org\u00e1n OP PIK pr\u016fb\u011b\u017en\u011b vyd\u00e1vat\u00a0<strong>Rozhodnut\u00ed o poskytnut\u00ed dotace<\/strong>\u00a0u v\u0161ech projekt\u016f, kter\u00e9 z\u00edskaj\u00ed\u00a0<strong>65 a v\u00edce bod\u016f\u00a0<\/strong>po jednotliv\u00fdch d\u00edl\u010d\u00edch v\u00fdb\u011brov\u00fdch komis\u00edch.<\/p>\n<p><strong>3. 3. 2021:<\/strong>\u00a0Z d\u016fvodu urychlen\u00ed \u010derp\u00e1n\u00ed finan\u010dn\u00edch prost\u0159edk\u016f v r\u00e1mci OP PIK bude Ministerstvo pr\u016fmyslu a obchodu jako \u0158\u00eddic\u00ed org\u00e1n OP PIK pr\u016fb\u011b\u017en\u011b vyd\u00e1vat Rozhodnut\u00ed o poskytnut\u00ed dotace u v\u0161ech projekt\u016f, kter\u00e9 z\u00edskaj\u00ed 70 a v\u00edce bod\u016f po jednotliv\u00fdch d\u00edl\u010d\u00edch v\u00fdb\u011brov\u00fdch komis\u00edch.<\/p>\n<p><strong>23. 12. 2020:\u00a0<\/strong>Ministerstvo pr\u016fmyslu a obchodu jako \u0158\u00eddic\u00ed org\u00e1n OP PIK (\u0158O) informovalo o zm\u011bn\u011b V\u00fdzvy VII programu OP PIK Potenci\u00e1l. Vzhledem k v\u00fdznamn\u00e9mu p\u0159evisu celkov\u00e9 \u010d\u00e1stky po\u017eadovan\u00e9 v \u017d\u00e1dostech o podporu nad r\u00e1mec alokace V\u00fdzvy VII OP PIK Potenci\u00e1l, byla <strong>alokace<\/strong> t\u00e9to v\u00fdzvy <strong>nav\u00fd\u0161ena o 300 mil. K\u010d na 1,4 mld. K\u010d<\/strong>.<\/p>\n<p><strong>21. 12. 2020:\u00a0<\/strong>Z d\u016fvodu urychlen\u00ed \u010derp\u00e1n\u00ed finan\u010dn\u00edch prost\u0159edk\u016f v r\u00e1mci OP PIK bude Ministerstvo pr\u016fmyslu a obchodu jako \u0158\u00eddic\u00ed org\u00e1n OP PIK pr\u016fb\u011b\u017en\u011b vyd\u00e1vat <strong>Rozhodnut\u00ed o poskytnut\u00ed dotace u v\u0161ech projekt\u016f<\/strong>, kter\u00e9 z\u00edskaj\u00ed <strong>75 a v\u00edce bod\u016f po jednotliv\u00fdch d\u00edl\u010d\u00edch v\u00fdb\u011brov\u00fdch komis\u00edch<\/strong>.<\/p>\n<p><strong>11. 11. 2020:<\/strong> Ministerstvo pr\u016fmyslu a obchodu, \u0158\u00eddic\u00ed org\u00e1n OP PIK, rozhodlo <strong>o prodlou\u017een\u00ed term\u00ednu p\u0159\u00edjmu \u017e\u00e1dost\u00ed o podporu<\/strong> o dva t\u00fddny z\u00a023. 11. 2020 <strong>do 7 .12. 2020<\/strong>\u00a0vzhledem k\u00a0p\u0159ib\u00fdvaj\u00edc\u00edm \u017e\u00e1dostem o prodlou\u017een\u00ed term\u00ednu p\u0159\u00edjmu \u017e\u00e1dost\u00ed do <em>VII. v\u00fdzvy<\/em>\u00a0ze strany \u017eadatel\u016f o dotaci\u00a0z\u00a0d\u016fvodu aktu\u00e1ln\u00ed situace ohledn\u011b epidemie Covid-19 a jej\u00edm nep\u0159\u00edzniv\u00fdm vliv\u016fm na podnikatelsk\u00fd sektor.<\/p>\n<table class=\"call-detail\" style=\"height: 246px;\" width=\"659\">\n<tbody>\n<tr>\n<td style=\"width: 212px;\" rowspan=\"2\"><strong>Na co lze z\u00edskat podporu<\/strong>\u00a0(podporovan\u00e9 aktivity):<\/p>\n<ul>\n<li>zalo\u017een\u00ed nebo rozvoj center pr\u016fmyslov\u00e9ho v\u00fdzkumu, v\u00fdvoje a\u00a0inovac\u00ed spo\u010d\u00edvaj\u00edc\u00ed v\u00a0po\u0159\u00edzen\u00ed, stroj\u016f\/za\u0159\u00edzen\u00ed, nehmotn\u00e9ho majetku, novostaveb a jin\u00e9ho vybaven\u00ed centra nezbytn\u00e9ho pro zaji\u0161t\u011bn\u00ed aktivit tohoto centra<\/li>\n<\/ul>\n<p><strong>Kdo m\u016f\u017ee \u017e\u00e1dat<\/strong>\u00a0(p\u0159\u00edjemci podpory):<\/p>\n<ul>\n<li>mal\u00e9 a st\u0159edn\u00ed podniky<\/li>\n<li>velk\u00e9 podniky<\/li>\n<li>podniky vlastn\u011bn\u00e9 a\u017e ze\u00a0100 % ve\u0159ejn\u00fdm sektorem<\/li>\n<\/ul>\n<p><strong>FAQ:<\/strong><\/p>\n<ul>\n<li>\u010dasto kladen\u00e9 dotazy k programu Potenci\u00e1l k dispozici <a href=\"https:\/\/www.apiagentura.gov.cz\/cs\/radce\/faq\/faq-program-potencial\/\">ZDE<\/a><\/li>\n<\/ul>\n<p><strong>Syst\u00e9m sb\u011bru \u017e\u00e1dost\u00ed:<\/strong><\/p>\n<ul>\n<li>kolov\u00fd<\/li>\n<\/ul>\n<p>&nbsp;<\/td>\n<td style=\"width: 212px;\"><strong>Kolik lze z\u00edskat na jeden projekt\u00a0<\/strong>(forma a v\u00fd\u0161e podpory):<\/p>\n<ul>\n<li>dotace bude poskytov\u00e1na ve v\u00fd\u0161i 50 % celkov\u00fdch zp\u016fsobil\u00fdch v\u00fddaj\u016f bez ohledu na velikost podniku a\u00a0m\u00edsto realizace<\/li>\n<li>dotace na projekt je poskytov\u00e1na minim\u00e1ln\u011b ve v\u00fd\u0161i 2 mil. K\u010d a maxim\u00e1ln\u011b do v\u00fd\u0161e 50 mil. K\u010d<\/li>\n<\/ul>\n<\/td>\n<td style=\"width: 213px;\"><img loading=\"lazy\" decoding=\"async\" class=\"alignnone size-full wp-image-23679\" src=\"https:\/\/www.apiagentura.gov.cz\/wp-content\/uploads\/2020\/08\/potencial-768.png\" alt=\"\" width=\"768\" height=\"768\" srcset=\"https:\/\/apiagentura.gov.cz\/wp-content\/uploads\/2020\/08\/potencial-768.png 768w, https:\/\/apiagentura.gov.cz\/wp-content\/uploads\/2020\/08\/potencial-768-150x150.png 150w, https:\/\/apiagentura.gov.cz\/wp-content\/uploads\/2020\/08\/potencial-768-300x300.png 300w, https:\/\/apiagentura.gov.cz\/wp-content\/uploads\/2020\/08\/potencial-768-50x50.png 50w, https:\/\/apiagentura.gov.cz\/wp-content\/uploads\/2020\/08\/potencial-768-500x500.png 500w\" sizes=\"auto, (max-width: 768px) 100vw, 768px\" \/><\/td>\n<\/tr>\n<tr>\n<td style=\"width: 212px;\"><strong>Jak\u00e9 v\u00fddaje je mo\u017en\u00e9 podpo\u0159it\u00a0<\/strong>(zp\u016fsobil\u00e9 v\u00fddaje):<\/p>\n<ul>\n<li>dlouhodob\u00fd hmotn\u00fd majetek<\/li>\n<li>n\u00e1klady na investice do budov (novostavby a stavebn\u00ed \u00fapravy, resp. technick\u00e9 zhodnocen\u00ed m\u00edsta realizace)<\/li>\n<li>dlouhodob\u00fd nehmotn\u00fd majetek za p\u0159edpokladu, \u017ee tento majetek spl\u0148uje podm\u00ednky dan\u00e9 v\u00fdzvou<\/li>\n<\/ul>\n<\/td>\n<td style=\"width: 213px;\" rowspan=\"2\"><strong>Specifika a omezen\u00ed<\/strong>:<\/p>\n<ul>\n<li>projekt mus\u00ed b\u00fdt realizov\u00e1n na \u00fazem\u00ed \u010cR mimo NUTS II Praha, rozhodn\u00e9 je um\u00edst\u011bn\u00ed provozovny podniku, ve kter\u00e9 je projekt realizov\u00e1n<\/li>\n<li>shoda projektu s N\u00e1rodn\u00ed v\u00fdzkumnou a inova\u010dn\u00ed strategi\u00ed pro inteligentn\u00ed specializaci \u010cR bude ov\u011b\u0159ena v r\u00e1mci hodnocen\u00ed projektu<\/li>\n<li>ka\u017ed\u00fd \u017eadatel\/p\u0159\u00edjemce (1 I\u010c) je opr\u00e1vn\u011bn p\u0159edlo\u017eit maxim\u00e1ln\u011b jeden projekt<\/li>\n<li>minim\u00e1ln\u00ed v\u00fd\u0161e investice do dlouhodob\u00e9ho majetku \u010din\u00ed v p\u0159\u00edpad\u011b MSP 4 mil. K\u010d, v p\u0159\u00edpad\u011b velk\u00fdch podnik\u016f napl\u0148uj\u00edc\u00edch k\u00f3d intervence 063 a 065\u00a0 \u010din\u00ed 10 mil. K\u010d<\/li>\n<\/ul>\n<p>&nbsp;<\/td>\n<\/tr>\n<tr>\n<td style=\"width: 212px;\" colspan=\"2\"><img loading=\"lazy\" decoding=\"async\" class=\"alignnone size-large wp-image-23676\" src=\"https:\/\/www.apiagentura.gov.cz\/wp-content\/uploads\/2020\/08\/potenc-vii-1072x500-1024x478.png\" alt=\"\" width=\"1024\" height=\"478\" srcset=\"https:\/\/apiagentura.gov.cz\/wp-content\/uploads\/2020\/08\/potenc-vii-1072x500-1024x478.png 1024w, https:\/\/apiagentura.gov.cz\/wp-content\/uploads\/2020\/08\/potenc-vii-1072x500-300x140.png 300w, https:\/\/apiagentura.gov.cz\/wp-content\/uploads\/2020\/08\/potenc-vii-1072x500-768x358.png 768w, https:\/\/apiagentura.gov.cz\/wp-content\/uploads\/2020\/08\/potenc-vii-1072x500-150x70.png 150w, https:\/\/apiagentura.gov.cz\/wp-content\/uploads\/2020\/08\/potenc-vii-1072x500-500x233.png 500w, https:\/\/apiagentura.gov.cz\/wp-content\/uploads\/2020\/08\/potenc-vii-1072x500.png 1072w\" sizes=\"auto, (max-width: 1024px) 100vw, 1024px\" \/><\/td>\n<\/tr>\n<\/tbody>\n<\/table>\n<p><\/p>","protected":false},"excerpt":{"rendered":"<p>C\u00edlem v\u00fdzvy je podpora zav\u00e1d\u011bn\u00ed a\u00a0zvy\u0161ov\u00e1n\u00ed po\u010dtu spole\u010dnost\u00ed s\u00a0infrastrukturou pro v\u00fdzkum, v\u00fdvoj a\u00a0inova\u010dn\u00ed aktivity. D\u00e1le si pak v\u00fdzva, pota\u017emo cel\u00fd program klade za c\u00edl prohlouben\u00ed spolupr\u00e1ce spole\u010dnost\u00ed s\u00a0v\u00fdzkumn\u00fdmi a\u00a0v\u00fdvojov\u00fdmi organizacemi, tvorbu kvalifikovan\u00fdch pracovn\u00edch m\u00edst, a\u00a0t\u00edm rozvoj znalostn\u00ed ekonomiky, zlep\u0161en\u00ed podm\u00ednek pro zapojen\u00ed spole\u010dnost\u00ed do n\u00e1rodn\u00edch i\u00a0evropsk\u00fdch program\u016f v\u00fdzkumu a\u00a0v\u00fdvoje a\u00a0trval\u00e9 zvy\u0161ov\u00e1n\u00ed konkurenceschopnosti \u010desk\u00e9 ekonomiky.<\/p>\n","protected":false},"author":1,"featured_media":0,"parent":110,"menu_order":0,"comment_status":"closed","ping_status":"closed","template":"","meta":{"inline_featured_image":false,"footnotes":""},"class_list":["post-23678","page","type-page","status-publish","hentry"],"publishpress_future_action":{"enabled":false,"date":"2026-05-07 02:03:40","action":"change-status","newStatus":"draft","terms":[],"taxonomy":"","extraData":[]},"publishpress_future_workflow_manual_trigger":{"enabledWorkflows":[]},"_links":{"self":[{"href":"https:\/\/apiagentura.gov.cz\/cs\/wp-json\/wp\/v2\/pages\/23678","targetHints":{"allow":["GET"]}}],"collection":[{"href":"https:\/\/apiagentura.gov.cz\/cs\/wp-json\/wp\/v2\/pages"}],"about":[{"href":"https:\/\/apiagentura.gov.cz\/cs\/wp-json\/wp\/v2\/types\/page"}],"author":[{"embeddable":true,"href":"https:\/\/apiagentura.gov.cz\/cs\/wp-json\/wp\/v2\/users\/1"}],"replies":[{"embeddable":true,"href":"https:\/\/apiagentura.gov.cz\/cs\/wp-json\/wp\/v2\/comments?post=23678"}],"version-history":[{"count":0,"href":"https:\/\/apiagentura.gov.cz\/cs\/wp-json\/wp\/v2\/pages\/23678\/revisions"}],"up":[{"embeddable":true,"href":"https:\/\/apiagentura.gov.cz\/cs\/wp-json\/wp\/v2\/pages\/110"}],"wp:attachment":[{"href":"https:\/\/apiagentura.gov.cz\/cs\/wp-json\/wp\/v2\/media?parent=23678"}],"curies":[{"name":"wp","href":"https:\/\/api.w.org\/{rel}","templated":true}]}}