{"id":23754,"date":"2020-09-01T10:23:14","date_gmt":"2020-09-01T08:23:14","guid":{"rendered":"https:\/\/www.apiagentura.gov.cz\/?page_id=23754"},"modified":"2021-01-28T10:49:36","modified_gmt":"2021-01-28T09:49:36","slug":"inovace-vyzva-viii-inovacni-projekt","status":"publish","type":"page","link":"https:\/\/apiagentura.gov.cz\/cs\/programy-podpory\/inovace\/inovace-vyzva-viii-inovacni-projekt\/","title":{"rendered":"Inovace &#8211; V\u00fdzva VIII (inova\u010dn\u00ed projekt)"},"content":{"rendered":"<p><\/p>\n<h4>Ozn\u00e1men\u00ed pro \u017eadatele<\/h4>\n<p><strong>28. 1. 2020: <\/strong>Na z\u00e1klad\u011b rozhodnut\u00ed \u0158\u00eddic\u00edho org\u00e1nu OP PIK do\u0161lo k\u00a0<strong>prodlou\u017een\u00ed p\u0159\u00edjmu \u017e\u00e1dost\u00ed o podporu\u00a0do 30. dubna 2021<\/strong>. Z\u00e1rove\u0148 tak\u00e9 do\u0161lo k <strong>nav\u00fd\u0161en\u00ed alokace v\u00fdzvy<\/strong> o 1,5 mld. K\u010d, tedy celkov\u011b <strong>na 3 mld. K\u010d<\/strong>.<\/p>\n<p><strong>15. 10. 2020:<\/strong> Do\u0161lo k aktualizaci p\u0159\u00edlohy f &#8211; Pravidla pro \u017eadatele a p\u0159\u00edjemce, konkr\u00e9tn\u011b k dopln\u011bn\u00ed na\u00a0str. 9: <em>&#8222;Je mo\u017en\u00e9\u00a0akceptovat v\u00fdkazy za aktu\u00e1ln\u00ed obdob\u00ed, kdy nebylo pod\u00e1no da\u0148ov\u00e9 p\u0159izn\u00e1n\u00ed. V takov\u00e9m p\u0159\u00edpad\u011b \u017eadatel p\u0159ed vyd\u00e1n\u00edm RoPD dolo\u017e\u00ed, \u017ee da\u0148ov\u00e9 p\u0159izn\u00e1n\u00ed podal a na z\u00e1klad\u011b hodnot z finan\u010dn\u00edch v\u00fdkaz\u016f p\u0159edlo\u017een\u00fdch F\u00da nedoch\u00e1z\u00ed ke zm\u011bn\u011b bodov\u00e9ho hodnocen\u00ed v r\u00e1mci zjednodu\u0161en\u00e9ho ekonomick\u00e9ho hodnocen\u00ed.&#8220;<\/em><\/p>\n<table class=\"call-detail\" style=\"height: 233px;\" width=\"660\">\n<tbody>\n<tr>\n<td style=\"width: 212px;\" rowspan=\"2\"><strong>Na co lze z\u00edskat podporu<\/strong>\u00a0(podporovan\u00e9 aktivity):<\/p>\n<ul>\n<li>zv\u00fd\u0161en\u00ed technick\u00fdch a u\u017eitn\u00fdch hodnot v\u00fdrobk\u016f, technologi\u00ed a slu\u017eeb (produktov\u00e1 inovace)<\/li>\n<li>zv\u00fd\u0161en\u00ed efektivnosti proces\u016f v\u00fdroby a poskytov\u00e1n\u00ed slu\u017eeb (procesn\u00ed inovace)<\/li>\n<li>zaveden\u00ed nov\u00fdch metod organizace firemn\u00edch proces\u016f prost\u0159ednictv\u00edm zav\u00e1d\u011bn\u00ed nov\u00fdch informa\u010dn\u00edch syst\u00e9m\u016f integruj\u00edc\u00ed a automatizuj\u00edc\u00ed procesy uvnit\u0159 podniku zam\u011b\u0159en\u00e9 p\u0159edev\u0161\u00edm na propojen\u00ed v\u00fdzkumn\u00fdch a v\u00fdvojov\u00fdch ( aktivit, inovac\u00ed a v\u00fdroby (organiza\u010dn\u00ed inovace)<\/li>\n<li>zv\u00fd\u0161en\u00ed prodeje v\u00fdrobk\u016f a slu\u017eeb prost\u0159ednictv\u00edm v\u00fdznamn\u00e9 zm\u011bny v designu produktu nebo balen\u00ed nebo zaveden\u00ed nov\u00fdch prodejn\u00edch kan\u00e1l\u016f (marketingov\u00e1 inovace)<\/li>\n<\/ul>\n<p><strong>Kdo m\u016f\u017ee \u017e\u00e1dat<\/strong>\u00a0(p\u0159\u00edjemci podpory):<\/p>\n<ul>\n<li>mal\u00e9 a\u00a0st\u0159edn\u00ed podniky a\u00a0velk\u00e9 podniky<\/li>\n<li>podniky vlastn\u011bn\u00e9 a\u017e ze 100 % ve\u0159ejn\u00fdm sektorem<\/li>\n<\/ul>\n<p><strong>FAQ:<\/strong><\/p>\n<ul>\n<li>\u010dasto kladen\u00e9 dotazy k programu Inovace k dispozici <a href=\"https:\/\/www.apiagentura.gov.cz\/cs\/radce\/faq\/faq-program-inovace-inovacni-projekt\/\">ZDE<\/a><\/li>\n<\/ul>\n<p><strong>Syst\u00e9m sb\u011bru \u017e\u00e1dost\u00ed:<\/strong><\/p>\n<ul>\n<li>pr\u016fb\u011b\u017en\u00fd<\/li>\n<\/ul>\n<\/td>\n<td style=\"width: 213px;\"><strong>Kolik lze z\u00edskat na jeden projekt\u00a0<\/strong>(forma a v\u00fd\u0161e podpory):<\/p>\n<p>Dotace na projekt je poskytov\u00e1na minim\u00e1ln\u011b ve v\u00fd\u0161i 1 mil. K\u010d a\u00a0maxim\u00e1ln\u011b do v\u00fd\u0161e 75 mil. K\u010d.<\/p>\n<p>M\u00edra podpory:<\/p>\n<ul>\n<li>mal\u00fd podnik 45 % z prok\u00e1zan\u00fdch zp\u016fsobil\u00fdch v\u00fddaj\u016f<\/li>\n<li>st\u0159edn\u00ed podnik 35 % z prok\u00e1zan\u00fdch zp\u016fsobil\u00fdch v\u00fddaj\u016f<\/li>\n<li>velk\u00fd podnik 25 % z prok\u00e1zan\u00fdch zp\u016fsobil\u00fdch v\u00fddaj\u016f<\/li>\n<\/ul>\n<\/td>\n<td style=\"width: 213px;\"><img loading=\"lazy\" decoding=\"async\" class=\"alignnone size-full wp-image-23750\" src=\"https:\/\/www.apiagentura.gov.cz\/wp-content\/uploads\/2020\/09\/inovace-768.png\" alt=\"\" width=\"768\" height=\"768\" srcset=\"https:\/\/apiagentura.gov.cz\/wp-content\/uploads\/2020\/09\/inovace-768.png 768w, https:\/\/apiagentura.gov.cz\/wp-content\/uploads\/2020\/09\/inovace-768-150x150.png 150w, https:\/\/apiagentura.gov.cz\/wp-content\/uploads\/2020\/09\/inovace-768-300x300.png 300w, https:\/\/apiagentura.gov.cz\/wp-content\/uploads\/2020\/09\/inovace-768-50x50.png 50w, https:\/\/apiagentura.gov.cz\/wp-content\/uploads\/2020\/09\/inovace-768-500x500.png 500w\" sizes=\"auto, (max-width: 768px) 100vw, 768px\" \/><\/td>\n<\/tr>\n<tr>\n<td style=\"width: 213px;\"><strong>Jak\u00e9 v\u00fddaje je mo\u017en\u00e9 podpo\u0159it<\/strong>\u00a0(zp\u016fsobil\u00e9 v\u00fddaje):<\/p>\n<ul>\n<li>projektov\u00e1 dokumentace v\u010detn\u011b in\u017een\u00fdrsk\u00e9 \u010dinnosti<\/li>\n<li>stavby<\/li>\n<li>technologie<\/li>\n<li>software a data<\/li>\n<li>pr\u00e1va k u\u017e\u00edv\u00e1n\u00ed du\u0161evn\u00edho vlastnictv\u00ed<\/li>\n<li>certifikace produkt\u016f<\/li>\n<li>marketingov\u00e1 inovace<\/li>\n<\/ul>\n<\/td>\n<td style=\"width: 213px;\" rowspan=\"2\"><strong>Specifika a omezen\u00ed:<\/strong><\/p>\n<ul>\n<li>projekt mus\u00ed b\u00fdt realizov\u00e1n na \u00fazem\u00ed \u010cR mimo hlavn\u00edho m\u011bsta Prahy<\/li>\n<li>podpora m\u016f\u017ee b\u00fdt poskytnuta podnik\u016fm nespl\u0148uj\u00edc\u00edm definici mal\u00fdch a st\u0159edn\u00edch podnik\u016f dle p\u0159\u00edlohy \u010d. 1 Na\u0159\u00edzen\u00ed Komise (EU) \u010d. 651\/2014 pouze v p\u0159\u00edpad\u011b projekt\u016f s v\u00fdznamn\u00fdm pozitivn\u00edm dopadem na \u017eivotn\u00ed prost\u0159ed\u00ed (d\u00e1le definov\u00e1no V\u00fdzvou)<\/li>\n<li>shoda projektu s N\u00e1rodn\u00ed v\u00fdzkumnou a inova\u010dn\u00ed strategi\u00ed pro inteligentn\u00ed specializaci \u010cesk\u00e9 republiky<\/li>\n<li>jeden \u017eadatel (1 I\u010c) je opr\u00e1vn\u011bn p\u0159edlo\u017eit pouze jeden projekt<\/li>\n<li>V r\u00e1mci realizace projektu lze vyu\u017e\u00edt etapizaci. P\u0159\u00edjemce se \u0159\u00edd\u00ed Etapizac\u00ed projektu (spole\u010dn\u00e1 p\u0159\u00edloha dota\u010dn\u00edch program\u016f OP PIK \u2013 Obecn\u00e1 dokumentace) s v\u00fdjimkou maxim\u00e1ln\u00edho po\u010dtu etap. Max. po\u010det etap pro tuto V\u00fdzvu je 3.<\/li>\n<\/ul>\n<\/td>\n<\/tr>\n<tr>\n<td style=\"width: 212px;\" colspan=\"2\"><img loading=\"lazy\" decoding=\"async\" class=\"alignnone size-large wp-image-23764\" src=\"https:\/\/www.apiagentura.gov.cz\/wp-content\/uploads\/2020\/09\/ino-viii-1072x500-1024x478.png\" alt=\"\" width=\"1024\" height=\"478\" srcset=\"https:\/\/apiagentura.gov.cz\/wp-content\/uploads\/2020\/09\/ino-viii-1072x500-1024x478.png 1024w, https:\/\/apiagentura.gov.cz\/wp-content\/uploads\/2020\/09\/ino-viii-1072x500-300x140.png 300w, https:\/\/apiagentura.gov.cz\/wp-content\/uploads\/2020\/09\/ino-viii-1072x500-768x358.png 768w, https:\/\/apiagentura.gov.cz\/wp-content\/uploads\/2020\/09\/ino-viii-1072x500-150x70.png 150w, https:\/\/apiagentura.gov.cz\/wp-content\/uploads\/2020\/09\/ino-viii-1072x500-500x233.png 500w, https:\/\/apiagentura.gov.cz\/wp-content\/uploads\/2020\/09\/ino-viii-1072x500.png 1072w\" sizes=\"auto, (max-width: 1024px) 100vw, 1024px\" \/><\/td>\n<\/tr>\n<\/tbody>\n<\/table>\n<p><\/p>","protected":false},"excerpt":{"rendered":"<p>C\u00edlem v\u00fdzvy je pos\u00edlen\u00ed inova\u010dn\u00ed v\u00fdkonnosti dom\u00e1c\u00edch firem a zv\u00fd\u0161en\u00ed jejich konkurenceschopnosti prost\u0159ednictv\u00edm zv\u00fd\u0161en\u00ed vyu\u017e\u00edv\u00e1n\u00ed unik\u00e1tn\u00edch know-how z v\u011bt\u0161\u00ed \u010di men\u0161\u00ed \u010d\u00e1sti vznikl\u00fdch ve spolupr\u00e1ci s akademick\u00fdm a v\u00fdzkumn\u00fdm sektorem, roz\u0161\u00ed\u0159en\u00ed know-how firem pro vlastn\u00ed inovace, zv\u00fd\u0161en\u00ed efektivnosti intern\u00edch proces\u016f v oblasti \u0159\u00edzen\u00ed inovac\u00ed.<\/p>\n","protected":false},"author":1,"featured_media":0,"parent":112,"menu_order":0,"comment_status":"closed","ping_status":"closed","template":"","meta":{"inline_featured_image":false,"footnotes":""},"class_list":["post-23754","page","type-page","status-publish","hentry"],"publishpress_future_action":{"enabled":false,"date":"2026-05-02 07:59:54","action":"change-status","newStatus":"draft","terms":[],"taxonomy":"","extraData":[]},"publishpress_future_workflow_manual_trigger":{"enabledWorkflows":[]},"_links":{"self":[{"href":"https:\/\/apiagentura.gov.cz\/cs\/wp-json\/wp\/v2\/pages\/23754","targetHints":{"allow":["GET"]}}],"collection":[{"href":"https:\/\/apiagentura.gov.cz\/cs\/wp-json\/wp\/v2\/pages"}],"about":[{"href":"https:\/\/apiagentura.gov.cz\/cs\/wp-json\/wp\/v2\/types\/page"}],"author":[{"embeddable":true,"href":"https:\/\/apiagentura.gov.cz\/cs\/wp-json\/wp\/v2\/users\/1"}],"replies":[{"embeddable":true,"href":"https:\/\/apiagentura.gov.cz\/cs\/wp-json\/wp\/v2\/comments?post=23754"}],"version-history":[{"count":0,"href":"https:\/\/apiagentura.gov.cz\/cs\/wp-json\/wp\/v2\/pages\/23754\/revisions"}],"up":[{"embeddable":true,"href":"https:\/\/apiagentura.gov.cz\/cs\/wp-json\/wp\/v2\/pages\/112"}],"wp:attachment":[{"href":"https:\/\/apiagentura.gov.cz\/cs\/wp-json\/wp\/v2\/media?parent=23754"}],"curies":[{"name":"wp","href":"https:\/\/api.w.org\/{rel}","templated":true}]}}