{"id":24039,"date":"2020-10-01T11:33:37","date_gmt":"2020-10-01T09:33:37","guid":{"rendered":"https:\/\/www.apiagentura.gov.cz\/?page_id=24039"},"modified":"2021-10-14T10:41:13","modified_gmt":"2021-10-14T08:41:13","slug":"technologie-vyzva-xiii","status":"publish","type":"page","link":"https:\/\/apiagentura.gov.cz\/cs\/programy-podpory\/technologie\/technologie-vyzva-xiii\/","title":{"rendered":"Technologie &#8211; V\u00fdzva XIII"},"content":{"rendered":"<p><\/p>\n<h3><strong>Ozn\u00e1men\u00ed pro \u017eadatele:<\/strong><\/h3>\n<p><strong>14. 10. 2021:<\/strong> V\u00fdm\u011bna P\u0159\u00edlohy \u010d. 4 &#8211; Pravidla pro \u017eadatele a p\u0159\u00edjemce &#8211; zvl\u00e1\u0161tn\u00ed \u010d\u00e1st. D\u016fvodem aktualizace Pravidel je zm\u011bna procesu kontroly Ratingu, budou akceptov\u00e1ny i V\u00fdkazy za aktu\u00e1ln\u00ed obdob\u00ed, kdy nebylo pod\u00e1no da\u0148ov\u00e9 p\u0159izn\u00e1n\u00ed (DP). V t\u011bchto p\u0159\u00edpadech \u017eadatel p\u0159ed vyd\u00e1n\u00edm RoPD dolo\u017e\u00ed, \u017ee na Finan\u010dn\u00ed \u00fa\u0159ad DP podal a na z\u00e1klad\u011b hodnot z finan\u010dn\u00edch v\u00fdkaz\u016f nedoch\u00e1z\u00ed ke zm\u011bn\u011b bodov\u00e9ho hodnocen\u00ed v r\u00e1mci zjednodu\u0161en\u00e9ho ekonomick\u00e9ho hodnocen\u00ed.<\/p>\n<p><strong>15. 9. 2021: <\/strong>Rozhodnut\u00edm n\u00e1m\u011bstka ministra<strong>\u00a0do\u0161lo k nav\u00fd\u0161en\u00ed alokace z p\u016fvodn\u00ed 0,55 mld. K\u010d na 1,55 mld. K\u010d.<\/strong><\/p>\n<p><strong>19. 10. 2020:<\/strong>\u00a0Aktualizace\u00a0p\u0159\u00edlohy \u010d. 4. Pravidla pro \u017eadatele a p\u0159\u00edjemce. D\u016fvodem aktualizace \u00a0je zm\u011bna procesu kontroly Ratingu, budou akceptov\u00e1ny i V\u00fdkazy za aktu\u00e1ln\u00ed obdob\u00ed, kdy nebylo pod\u00e1no da\u0148ov\u00e9 p\u0159izn\u00e1n\u00ed (DP). V t\u011bchto p\u0159\u00edpadech \u017eadatel p\u0159ed vyd\u00e1n\u00edm RoPD dolo\u017e\u00ed, \u017ee na Finan\u010dn\u00ed \u00fa\u0159ad DP podal a na z\u00e1klad\u011b hodnot z finan\u010dn\u00edch v\u00fdkaz\u016f nedoch\u00e1z\u00ed ke zm\u011bn\u011b bodov\u00e9ho hodnocen\u00ed v r\u00e1mci zjednodu\u0161en\u00e9ho ekonomick\u00e9ho hodnocen\u00ed.<\/p>\n<p><strong>2. 10. 2020:<\/strong> V p\u0159\u00edloze \u010d. 4_Pravidla pro \u017eadatele a p\u0159\u00edjemce &#8211; Zvl\u00e1\u0161tn\u00ed \u010d\u00e1st, <strong>do\u0161lo k aktualizaci Podnikatelsk\u00e9 osnovy<\/strong>, kter\u00e1 byla dopln\u011bna o podkapitolu 2.1.1 v\u00e1zaj\u00edc\u00ed se na prok\u00e1z\u00e1n\u00ed podm\u00ednky spln\u011bn\u00ed definice po\u010d\u00e1te\u010dn\u00ed investice uveden\u00e9 v textu v\u00fdzvy kap.5.1 f).<\/p>\n<table class=\"call-detail\" style=\"height: 565px;\" width=\"598\">\n<tbody>\n<tr style=\"height: 276px;\">\n<td style=\"width: 192px; height: 377px;\" rowspan=\"2\"><strong>Na co lze z\u00edskat podporu\u00a0(podporovan\u00e9 aktivity):<\/strong><\/p>\n<ul>\n<li>projekty, kter\u00e9 maj\u00ed stanovenou strategii dal\u0161\u00edho rozvoje v oblasti digit\u00e1ln\u00ed transformace spole\u010dnosti prost\u0159ednictv\u00edm po\u0159\u00edzen\u00ed nov\u00fdch technologick\u00fdch za\u0159\u00edzen\u00ed a vybaven\u00ed, kter\u00e1 mus\u00ed b\u00fdt propojena se st\u00e1vaj\u00edc\u00edmi nebo nov\u011b po\u0159izovan\u00fdmi technologiemi informa\u010dn\u00edm syst\u00e9mem a jeho dal\u0161\u00edmi implementovan\u00fdmi moduly integruj\u00edc\u00ed v\u0161echny nebo v\u011bt\u0161inu oblast\u00ed podnikov\u00e9 \u010dinnosti<\/li>\n<\/ul>\n<p><strong>Kdo m\u016f\u017ee \u017e\u00e1dat\u00a0(p\u0159\u00edjemci podpory):<\/strong><\/p>\n<ul>\n<li>MSP<\/li>\n<\/ul>\n<p><strong>FAQ:<\/strong><\/p>\n<ul>\n<li>\u010dasto kladen\u00e9 dotazy programu technologie k dispozici\u00a0<a href=\"https:\/\/www.apiagentura.gov.cz\/cs\/radce\/faq\/faq-program-technologie\/\">ZDE<\/a><\/li>\n<\/ul>\n<p><strong>Syst\u00e9m sb\u011bru \u017e\u00e1dost\u00ed:<\/strong><\/p>\n<ul>\n<li>pr\u016fb\u011b\u017en\u00fd<\/li>\n<\/ul>\n<\/td>\n<td style=\"width: 192px; height: 276px;\"><strong>Kolik lze z\u00edskat na jeden projekt\u00a0(forma a v\u00fd\u0161e podpory):<\/strong><\/p>\n<ul>\n<li>m\u00edra podpory: max. 45 % zp\u016fsobil\u00fdch v\u00fddaj\u016f u mal\u00fdch podnik\u016f a max. 35 % zp\u016fsobil\u00fdch v\u00fddaj\u016f u st\u0159edn\u00edch podnik\u016f<\/li>\n<li>Dotace na projekt je poskytov\u00e1na minim\u00e1ln\u011b ve v\u00fd\u0161i 1 mil. K\u010d a maxim\u00e1ln\u011b do v\u00fd\u0161e 40 mil. K\u010d.<\/li>\n<\/ul>\n<\/td>\n<td style=\"width: 192px; height: 276px;\"><img loading=\"lazy\" decoding=\"async\" class=\"alignnone size-full wp-image-21018\" src=\"https:\/\/www.apiagentura.gov.cz\/wp-content\/uploads\/2020\/02\/technologie-768.png\" alt=\"\" width=\"768\" height=\"768\" srcset=\"https:\/\/apiagentura.gov.cz\/wp-content\/uploads\/2020\/02\/technologie-768.png 768w, https:\/\/apiagentura.gov.cz\/wp-content\/uploads\/2020\/02\/technologie-768-150x150.png 150w, https:\/\/apiagentura.gov.cz\/wp-content\/uploads\/2020\/02\/technologie-768-300x300.png 300w\" sizes=\"auto, (max-width: 768px) 100vw, 768px\" \/><\/td>\n<\/tr>\n<tr style=\"height: 101px;\">\n<td style=\"width: 192px; height: 101px;\"><strong>Jak\u00e9 v\u00fddaje je mo\u017en\u00e9 podpo\u0159it\u00a0(zp\u016fsobil\u00e9 v\u00fddaje):<\/strong><\/p>\n<ul>\n<li>Dlouhodob\u00fd hmotn\u00fd majetek<\/li>\n<li>Dlouhodob\u00fd nehmotn\u00fd majetek<\/li>\n<\/ul>\n<\/td>\n<td style=\"width: 192px; height: 289px;\" rowspan=\"2\"><strong>Specifika a omezen\u00ed:<\/strong><\/p>\n<ul>\n<li>projekt mus\u00ed b\u00fdt realizov\u00e1n na \u00fazem\u00ed \u010cR mimo NUTS 2 Praha<\/li>\n<li>Po\u010det projekt\u016f od jednoho \u017eadatele (1 I\u010c) v r\u00e1mci V\u00fdzvy je omezen na jednu aktivn\u00ed \u017e\u00e1dost<\/li>\n<li>Podporov\u00e1ny jsou projekty, jejich\u017e v\u00fdstupy se projev\u00ed v odv\u011btv\u00edch vymezen\u00fdch v P\u0159\u00edloze V\u00fdzvy \u010d. 2 Podporovan\u00e9 kategorie CZ-NACE, \u010c\u00e1st A.<\/li>\n<li>Podporov\u00e1ny nejsou projekty, jejich\u017e v\u00fdstupy se p\u0159\u00edmo projev\u00ed v n\u011bkter\u00e9m z odv\u011btv\u00ed uveden\u00fdch v P\u0159\u00edloze V\u00fdzvy \u010d. 2 P\u0159\u00edloha I Smlouvy o EU, \u010c\u00e1st B<\/li>\n<\/ul>\n<\/td>\n<\/tr>\n<tr style=\"height: 188px;\">\n<td style=\"width: 390px; height: 188px;\" colspan=\"2\"><img loading=\"lazy\" decoding=\"async\" class=\"alignnone wp-image-24049 size-full\" src=\"https:\/\/www.apiagentura.gov.cz\/wp-content\/uploads\/2020\/10\/web-vyzva-tech-xiii-1072x500.png\" alt=\"\" width=\"1072\" height=\"500\" srcset=\"https:\/\/apiagentura.gov.cz\/wp-content\/uploads\/2020\/10\/web-vyzva-tech-xiii-1072x500.png 1072w, https:\/\/apiagentura.gov.cz\/wp-content\/uploads\/2020\/10\/web-vyzva-tech-xiii-1072x500-300x140.png 300w, https:\/\/apiagentura.gov.cz\/wp-content\/uploads\/2020\/10\/web-vyzva-tech-xiii-1072x500-768x358.png 768w, https:\/\/apiagentura.gov.cz\/wp-content\/uploads\/2020\/10\/web-vyzva-tech-xiii-1072x500-1024x478.png 1024w, https:\/\/apiagentura.gov.cz\/wp-content\/uploads\/2020\/10\/web-vyzva-tech-xiii-1072x500-150x70.png 150w, https:\/\/apiagentura.gov.cz\/wp-content\/uploads\/2020\/10\/web-vyzva-tech-xiii-1072x500-500x233.png 500w\" sizes=\"auto, (max-width: 1072px) 100vw, 1072px\" \/><\/td>\n<\/tr>\n<\/tbody>\n<\/table>\n<p><\/p>","protected":false},"excerpt":{"rendered":"<p>C\u00edlem v\u00fdzvy programu Technologie je podporovat r\u016fst a posilov\u00e1n\u00ed konkurenceschopnosti mal\u00fdch a st\u0159edn\u00edch podnik\u016f prost\u0159ednictv\u00edm digit\u00e1ln\u00ed transformace, a p\u0159isp\u00edvat tak k rozvoji region\u016f.<\/p>\n","protected":false},"author":35,"featured_media":0,"parent":124,"menu_order":0,"comment_status":"closed","ping_status":"closed","template":"","meta":{"inline_featured_image":false,"footnotes":""},"class_list":["post-24039","page","type-page","status-publish","hentry"],"publishpress_future_action":{"enabled":false,"date":"2026-05-06 18:29:34","action":"change-status","newStatus":"draft","terms":[],"taxonomy":"","extraData":[]},"publishpress_future_workflow_manual_trigger":{"enabledWorkflows":[]},"_links":{"self":[{"href":"https:\/\/apiagentura.gov.cz\/cs\/wp-json\/wp\/v2\/pages\/24039","targetHints":{"allow":["GET"]}}],"collection":[{"href":"https:\/\/apiagentura.gov.cz\/cs\/wp-json\/wp\/v2\/pages"}],"about":[{"href":"https:\/\/apiagentura.gov.cz\/cs\/wp-json\/wp\/v2\/types\/page"}],"author":[{"embeddable":true,"href":"https:\/\/apiagentura.gov.cz\/cs\/wp-json\/wp\/v2\/users\/35"}],"replies":[{"embeddable":true,"href":"https:\/\/apiagentura.gov.cz\/cs\/wp-json\/wp\/v2\/comments?post=24039"}],"version-history":[{"count":0,"href":"https:\/\/apiagentura.gov.cz\/cs\/wp-json\/wp\/v2\/pages\/24039\/revisions"}],"up":[{"embeddable":true,"href":"https:\/\/apiagentura.gov.cz\/cs\/wp-json\/wp\/v2\/pages\/124"}],"wp:attachment":[{"href":"https:\/\/apiagentura.gov.cz\/cs\/wp-json\/wp\/v2\/media?parent=24039"}],"curies":[{"name":"wp","href":"https:\/\/api.w.org\/{rel}","templated":true}]}}