{"id":24249,"date":"2020-10-15T17:31:54","date_gmt":"2020-10-15T15:31:54","guid":{"rendered":"https:\/\/www.apiagentura.gov.cz\/?page_id=24249"},"modified":"2023-02-03T16:45:36","modified_gmt":"2023-02-03T15:45:36","slug":"sluzby-infrastruktury-vyzva-viii","status":"publish","type":"page","link":"https:\/\/apiagentura.gov.cz\/cs\/programy-podpory\/sluzby-infrastruktury\/sluzby-infrastruktury-vyzva-viii\/","title":{"rendered":"Slu\u017eby infrastruktury &#8211; V\u00fdzva VIII"},"content":{"rendered":"<p><\/p>\n<h3>Upozorn\u011bn\u00ed pro \u017eadatele a p\u0159\u00edjemce<\/h3>\n<p><strong>30. 1. 2023:<\/strong> Ministerstvo pr\u016fmyslu a obchodu dne 30. 1. 2023 uve\u0159ejnilo Metodick\u00fd pokyn \u010d. 39, kter\u00fdm se upravuje postup nav\u00fd\u0161en\u00ed poskytnut\u00e9 dotace v p\u0159\u00edpad\u011b nav\u00fd\u0161en\u00ed cen stavebn\u00edch prac\u00ed jako zp\u016fsobil\u00e9ho v\u00fddaje projektu u programu podpory Slu\u017eby infrastruktury. K tomuto kroku ministerstvo p\u0159istoupilo z d\u016fvodu v\u00fdrazn\u00e9ho r\u016fstu inflace, zejm\u00e9na zv\u00fd\u0161en\u00ed cen stavebn\u00edch materi\u00e1l\u016f a cen energi\u00ed s c\u00edlem umo\u017enit \u00fasp\u011b\u0161n\u00e9 dokon\u010den\u00ed investi\u010dn\u011b n\u00e1ro\u010dn\u00fdch projekt\u016f na podporu rozvoje region\u00e1ln\u00ed v\u00fdzkumn\u00e9 a inova\u010dn\u00ed infrastruktury.<\/p>\n<p><strong>12. 10. 2021:<\/strong><\/p>\n<p>Z\u00a0d\u016fvodu v\u00fdrazn\u011bj\u0161\u00edho p\u0159evisu kvalitn\u00edch projekt\u016f<strong>\u00a0\u0158\u00edd\u00edc\u00ed org\u00e1n OP PIK rozhodl o nav\u00fd\u0161en\u00ed alokace <\/strong>V\u00fdzvy VIII programu podpory Slu\u017eby infrastruktury<strong>\u00a0z\u00a0350 mil. na 457\u00a0mil. K\u010d<\/strong>.<\/p>\n<p><strong>14. 4. 2021:<\/strong><\/p>\n<p>Do\u0161lo k aktualizaci dokumentu\u00a0P\u0159\u00edloha \u010d. 1 \u2013 Pravidla pro \u017eadatele a p\u0159\u00edjemce \u2013 zvl\u00e1\u0161tn\u00ed \u010d\u00e1st.<\/p>\n<table class=\"call-detail\" style=\"height: 1033px; width: 363px;\" width=\"366\">\n<tbody>\n<tr style=\"height: 122px;\">\n<td style=\"width: 191.640625px; height: 858px;\" rowspan=\"2\"><strong>Na co lze z\u00edskat podporu\u00a0(podporovan\u00e9 aktivity):<\/strong><\/p>\n<ol style=\"list-style-type: upper-alpha;\">\n<li><span style=\"font-family: inherit; font-size: inherit;\">poskytov\u00e1n\u00ed slu\u017eeb inova\u010dn\u00edm podnik\u016fm (MSP)<\/span><\/li>\n<li><span style=\"font-family: inherit; font-size: inherit;\">provozov\u00e1n\u00ed inova\u010dn\u00ed infrastruktury<\/span><\/li>\n<li>roz\u0161\u00ed\u0159en\u00ed prostor inova\u010dn\u00ed infrastruktury, po\u0159\u00edzen\u00ed nov\u00e9ho vybaven\u00ed a zlep\u0161en\u00ed kapacit pro spole\u010dn\u00e9 vyu\u017e\u00edv\u00e1n\u00ed technologi\u00ed<\/li>\n<li><span style=\"font-family: inherit; font-size: inherit;\">v\u00fdstavba nov\u00e9 sd\u00edlen\u00e9 inova\u010dn\u00ed infrastruktury<\/span><\/li>\n<\/ol>\n<div class=\"layoutArea\">\n<div class=\"column\">\n<div class=\"page\" title=\"Page 3\">\n<div class=\"layoutArea\">\n<div class=\"column\">\n<p><strong style=\"font-family: inherit; font-size: inherit;\">Kdo m\u016f\u017ee \u017e\u00e1dat\u00a0(p\u0159\u00edjemci podpory):<\/strong><\/p>\n<ul>\n<li>MSP<\/li>\n<li>velk\u00e9 podniky<\/li>\n<\/ul>\n<\/div>\n<\/div>\n<\/div>\n<\/div>\n<\/div>\n<p><strong>FAQ:<\/strong><\/p>\n<ul>\n<li>\u010dasto kladen\u00e9 dotazy k programu Slu\u017eby infrastruktury k dispozici\u00a0<a href=\"https:\/\/www.apiagentura.gov.cz\/cs\/radce\/faq\/faq-program-sluzby-infrastruktury\/\">ZDE<\/a><\/li>\n<\/ul>\n<p><strong>Syst\u00e9m sb\u011bru \u017e\u00e1dost\u00ed:<\/strong><\/p>\n<ul>\n<li>kolov\u00fd<\/li>\n<\/ul>\n<\/td>\n<td style=\"width: 162.328125px; height: 122px;\"><strong>Kolik lze z\u00edskat na jeden projekt\u00a0(forma a v\u00fd\u0161e podpory):<\/strong><\/p>\n<ul>\n<li>m\u00edra dotace dle textu v\u00fdzvy<\/li>\n<\/ul>\n<p>Pro aktivitu A<\/p>\n<ul>\n<li>1 &#8211; 15 mil. K\u010d<\/li>\n<li><span style=\"font-family: inherit; font-size: inherit;\">50 &#8211; 250 tis. K\u010d na slu\u017eby pro kone\u010dn\u00e9ho p\u0159\u00edjemce &#8211; konkr\u00e9tn\u00edho MSP<\/span><\/li>\n<\/ul>\n<p><span style=\"font-family: inherit; font-size: inherit;\">Pro aktivitu B, C, D:<\/span><\/p>\n<ul>\n<li>1 &#8211; 30 mil. K\u010d pro projekty neobsahuj\u00edc\u00ed stavebn\u00ed pr\u00e1ce<\/li>\n<li><span style=\"font-family: inherit; font-size: inherit;\">5 &#8211; 150 mil. K\u010d pro projekty obsahuj\u00edc\u00ed stavebn\u00ed pr\u00e1ce<\/span><\/li>\n<\/ul>\n<\/td>\n<td style=\"width: 133.09375px; height: 122px;\"><img loading=\"lazy\" decoding=\"async\" class=\"alignnone size-full wp-image-21594\" src=\"https:\/\/www.apiagentura.gov.cz\/wp-content\/uploads\/2020\/03\/sluzby-infrastruktury-768.png\" alt=\"\" width=\"768\" height=\"768\" srcset=\"https:\/\/apiagentura.gov.cz\/wp-content\/uploads\/2020\/03\/sluzby-infrastruktury-768.png 768w, https:\/\/apiagentura.gov.cz\/wp-content\/uploads\/2020\/03\/sluzby-infrastruktury-768-150x150.png 150w, https:\/\/apiagentura.gov.cz\/wp-content\/uploads\/2020\/03\/sluzby-infrastruktury-768-300x300.png 300w, https:\/\/apiagentura.gov.cz\/wp-content\/uploads\/2020\/03\/sluzby-infrastruktury-768-50x50.png 50w, https:\/\/apiagentura.gov.cz\/wp-content\/uploads\/2020\/03\/sluzby-infrastruktury-768-500x500.png 500w\" sizes=\"auto, (max-width: 768px) 100vw, 768px\" \/><\/td>\n<\/tr>\n<tr style=\"height: 736px;\">\n<td style=\"width: 162.328125px; height: 736px;\"><strong>Jak\u00e9 v\u00fddaje je mo\u017en\u00e9 podpo\u0159it\u00a0(zp\u016fsobil\u00e9 v\u00fddaje):<\/strong><\/p>\n<p>Pro aktivitu A:<\/p>\n<div class=\"page\" title=\"Page 8\">\n<div class=\"layoutArea\">\n<div class=\"column\">\n<ul>\n<li>osobn\u00ed n\u00e1klady<\/li>\n<li><span style=\"font-family: inherit; font-size: inherit;\">n\u00e1kup extern\u00edch poradensk\u00fdch slu\u017eeb<\/span><\/li>\n<li><span style=\"font-family: inherit; font-size: inherit;\">marketing a propagace\u00a0<\/span><\/li>\n<li><span style=\"font-family: inherit; font-size: inherit;\">re\u017eijn\u00ed n\u00e1klady<\/span><\/li>\n<\/ul>\n<p>Pro aktivitu B, C, D:<\/p>\n<ul>\n<li>dlouhodob\u00fd hmotn\u00fd majetek<\/li>\n<li>dlouhodob\u00fd nehmotn\u00fd majetek<\/li>\n<li>provozn\u00ed n\u00e1klady (slu\u017eby poradc\u016f, expert\u016f, studie, \u0161kolen\u00ed apod.)<\/li>\n<li>n\u00e1klady na povinnou publicitu<\/li>\n<li>projektov\u00e1 dokumentace<\/li>\n<\/ul>\n<\/div>\n<\/div>\n<\/div>\n<\/td>\n<td style=\"width: 133.09375px; height: 911px;\" rowspan=\"2\"><strong>Specifika a omezen\u00ed:<\/strong><\/p>\n<div class=\"page\" title=\"Page 16\">\n<div class=\"layoutArea\">\n<div class=\"column\">\n<ul>\n<li>ka\u017ed\u00fd \u017eadatel o podporu (1I\u010c) je v t\u00e9to v\u00fdzv\u011b v r\u00e1mci podporovan\u00e9 aktivity A opr\u00e1vn\u011bn p\u0159edlo\u017eit maxim\u00e1ln\u011b jeden projekt. V r\u00e1mci aktivit B, C, D maxim\u00e1ln\u011b dva projekty<\/li>\n<li>projekt mus\u00ed b\u00fdt realizov\u00e1n na \u00fazem\u00ed \u010cR mimo \u00fazem\u00ed NUTS 2 Praha<\/li>\n<li><span style=\"font-family: inherit; font-size: inherit;\">\u017eadatelem mohou b\u00fdt i podniky vlastn\u011bn\u00e9 a\u017e ze 100 % ve\u0159ejn\u00fdm sektorem<\/span><\/li>\n<\/ul>\n<\/div>\n<\/div>\n<\/div>\n<\/td>\n<\/tr>\n<tr style=\"height: 175px;\">\n<td style=\"width: 359.96875px; height: 175px;\" colspan=\"2\"><img loading=\"lazy\" decoding=\"async\" class=\"alignnone size-full wp-image-24250\" src=\"https:\/\/www.apiagentura.gov.cz\/wp-content\/uploads\/2020\/10\/web-vyzva-si-viii-1072x500.png\" alt=\"\" width=\"1072\" height=\"500\" srcset=\"https:\/\/apiagentura.gov.cz\/wp-content\/uploads\/2020\/10\/web-vyzva-si-viii-1072x500.png 1072w, https:\/\/apiagentura.gov.cz\/wp-content\/uploads\/2020\/10\/web-vyzva-si-viii-1072x500-300x140.png 300w, https:\/\/apiagentura.gov.cz\/wp-content\/uploads\/2020\/10\/web-vyzva-si-viii-1072x500-768x358.png 768w, https:\/\/apiagentura.gov.cz\/wp-content\/uploads\/2020\/10\/web-vyzva-si-viii-1072x500-1024x478.png 1024w, https:\/\/apiagentura.gov.cz\/wp-content\/uploads\/2020\/10\/web-vyzva-si-viii-1072x500-150x70.png 150w, https:\/\/apiagentura.gov.cz\/wp-content\/uploads\/2020\/10\/web-vyzva-si-viii-1072x500-500x233.png 500w\" sizes=\"auto, (max-width: 1072px) 100vw, 1072px\" \/><\/td>\n<\/tr>\n<\/tbody>\n<\/table>\n<p><\/p>","protected":false},"excerpt":{"rendered":"<p>C\u00edlem v\u00fdzvy je prost\u0159ednictv\u00edm podpory zkvalit\u0148ovat slu\u017eby podp\u016frn\u00e9 inova\u010dn\u00ed infrastruktury, kter\u00e1 povede ke zv\u00fd\u0161en\u00ed intenzity spole\u010dn\u00fdch v\u00fdzkumn\u00fdch, v\u00fdvojov\u00fdch a inova\u010dn\u00edch aktivit mezi podnikatelsk\u00fdmi subjekty a mezi ve\u0159ejn\u00fdm a podnikov\u00fdm sektorem zam\u011b\u0159en\u00fdm zejm\u00e9na na realizaci nov\u00fdch technologi\u00ed a konkurenceschopn\u00fdch v\u00fdrobk\u016f a slu\u017eeb.<\/p>\n","protected":false},"author":35,"featured_media":0,"parent":120,"menu_order":0,"comment_status":"closed","ping_status":"closed","template":"","meta":{"inline_featured_image":false,"footnotes":""},"class_list":["post-24249","page","type-page","status-publish","hentry"],"publishpress_future_action":{"enabled":false,"date":"2026-05-07 03:27:20","action":"change-status","newStatus":"draft","terms":[],"taxonomy":"","extraData":[]},"publishpress_future_workflow_manual_trigger":{"enabledWorkflows":[]},"_links":{"self":[{"href":"https:\/\/apiagentura.gov.cz\/cs\/wp-json\/wp\/v2\/pages\/24249","targetHints":{"allow":["GET"]}}],"collection":[{"href":"https:\/\/apiagentura.gov.cz\/cs\/wp-json\/wp\/v2\/pages"}],"about":[{"href":"https:\/\/apiagentura.gov.cz\/cs\/wp-json\/wp\/v2\/types\/page"}],"author":[{"embeddable":true,"href":"https:\/\/apiagentura.gov.cz\/cs\/wp-json\/wp\/v2\/users\/35"}],"replies":[{"embeddable":true,"href":"https:\/\/apiagentura.gov.cz\/cs\/wp-json\/wp\/v2\/comments?post=24249"}],"version-history":[{"count":0,"href":"https:\/\/apiagentura.gov.cz\/cs\/wp-json\/wp\/v2\/pages\/24249\/revisions"}],"up":[{"embeddable":true,"href":"https:\/\/apiagentura.gov.cz\/cs\/wp-json\/wp\/v2\/pages\/120"}],"wp:attachment":[{"href":"https:\/\/apiagentura.gov.cz\/cs\/wp-json\/wp\/v2\/media?parent=24249"}],"curies":[{"name":"wp","href":"https:\/\/api.w.org\/{rel}","templated":true}]}}