{"id":24347,"date":"2020-10-29T13:48:29","date_gmt":"2020-10-29T12:48:29","guid":{"rendered":"https:\/\/www.apiagentura.gov.cz\/?page_id=24347"},"modified":"2021-01-28T10:58:59","modified_gmt":"2021-01-28T09:58:59","slug":"spoluprace-technologicke-platformy-vyzva-iv","status":"publish","type":"page","link":"https:\/\/apiagentura.gov.cz\/cs\/programy-podpory\/spoluprace\/spoluprace-technologicke-platformy-vyzva-iv\/","title":{"rendered":"Spolupr\u00e1ce &#8211; Technologick\u00e9 platformy &#8211; V\u00fdzva IV"},"content":{"rendered":"<p><\/p>\n<h4>Ozn\u00e1men\u00ed pro \u017eadatele<\/h4>\n<p><strong>28. 1. 2021:<\/strong>\u00a0S ohledem na aktu\u00e1ln\u00ed v\u00fdvoj virov\u00e9 n\u00e1kazy Covid-19 a jej\u00ed nep\u0159\u00edzniv\u00fd vliv na podnikatelsk\u00fd sektor rozhodlo Ministerstvo pr\u016fmyslu a obchodu o <strong>prodlou\u017een\u00ed term\u00ednu p\u0159\u00edjm\u016f \u017e\u00e1dost\u00ed do 1. 3. 2021.<\/strong><\/p>\n<table class=\"call-detail\" style=\"width: 382px; height: 234px;\">\n<tbody>\n<tr style=\"height: 78px;\">\n<td style=\"width: 126.296875px; height: 156px;\" rowspan=\"2\"><strong>Na co lze z\u00edskat podporu<\/strong>\u00a0(podporovan\u00e9 aktivity):<\/p>\n<div class=\"page\" title=\"Page 2\">\n<div class=\"layoutArea\">\n<div class=\"column\">\n<ul>\n<li>podpora rozvoje n\u00e1rodn\u00edch technologick\u00fdch platforem vedouc\u00ed k propojen\u00ed ve\u0159ejn\u00e9ho a soukrom\u00e9ho sektoru ve v\u00fdzkumu, v\u00fdvoji a inovac\u00edch v technologick\u00fdch oblastech v\u00fdznamn\u00fdch pro podnikatelskou sf\u00e9ru<\/li>\n<li>podporov\u00e1ny jsou koordina\u010dn\u00ed \u010dinnosti technologick\u00e9 platformy<\/li>\n<\/ul>\n<\/div>\n<\/div>\n<\/div>\n<p><strong>Kdo m\u016f\u017ee \u017e\u00e1dat<\/strong>\u00a0(p\u0159\u00edjemci podpory):<\/p>\n<ul>\n<li>MSP<\/li>\n<li>velk\u00e9 podniky<\/li>\n<\/ul>\n<p><strong>Syst\u00e9m sb\u011bru \u017e\u00e1dost\u00ed:<\/strong><\/p>\n<ul>\n<li>kolov\u00fd<\/li>\n<\/ul>\n<p><strong>FAQ:<\/strong><\/p>\n<ul>\n<li>\u010dasto kladen\u00e9 dotazy k programu Spolupr\u00e1ce \u2013 Technologick\u00e9 platformy k dispozici <a href=\"https:\/\/www.apiagentura.gov.cz\/cs\/radce\/faq\/faq-program-spoluprace-technologicke-platformy\/\">ZDE<\/a>.<\/li>\n<\/ul>\n<\/td>\n<td style=\"width: 95.1875px; height: 78px;\"><strong>Kolik lze z\u00edskat na jeden projekt<\/strong>\u00a0(forma a v\u00fd\u0161e podpory):<\/p>\n<div class=\"page\" title=\"Page 10\">\n<div class=\"layoutArea\">\n<div class=\"column\">\n<ul>\n<li>dotace bude poskytov\u00e1na do maxim\u00e1ln\u00ed v\u00fd\u0161e 75 % zp\u016fsobil\u00fdch v\u00fddaj\u016f<\/li>\n<li>minim\u00e1ln\u00ed v\u00fd\u0161e dotace na projekt je 500 tis. K\u010d, maxim\u00e1ln\u00ed 5 mil. K\u010d<\/li>\n<\/ul>\n<\/div>\n<\/div>\n<\/div>\n<\/td>\n<td style=\"width: 138.546875px; height: 78px;\"><img loading=\"lazy\" decoding=\"async\" class=\"alignnone size-full wp-image-22761\" src=\"https:\/\/www.apiagentura.gov.cz\/wp-content\/uploads\/2020\/06\/spoluprace-768.png\" alt=\"\" width=\"768\" height=\"768\" srcset=\"https:\/\/apiagentura.gov.cz\/wp-content\/uploads\/2020\/06\/spoluprace-768.png 768w, https:\/\/apiagentura.gov.cz\/wp-content\/uploads\/2020\/06\/spoluprace-768-150x150.png 150w, https:\/\/apiagentura.gov.cz\/wp-content\/uploads\/2020\/06\/spoluprace-768-300x300.png 300w, https:\/\/apiagentura.gov.cz\/wp-content\/uploads\/2020\/06\/spoluprace-768-50x50.png 50w, https:\/\/apiagentura.gov.cz\/wp-content\/uploads\/2020\/06\/spoluprace-768-500x500.png 500w\" sizes=\"auto, (max-width: 768px) 100vw, 768px\" \/><\/td>\n<\/tr>\n<tr style=\"height: 78px;\">\n<td style=\"width: 95.1875px; height: 78px;\"><strong>Jak\u00e9 v\u00fddaje je mo\u017en\u00e9 podpo\u0159it<\/strong>\u00a0(zp\u016fsobil\u00e9 v\u00fddaje):<\/p>\n<div class=\"page\" title=\"Page 7\">\n<div class=\"layoutArea\">\n<div class=\"column\">\n<ul>\n<li>mzdy a pojistn\u00e9<\/li>\n<li>hardware a software<\/li>\n<li>slu\u017eby poradc\u016f, expert\u016f, studie<\/li>\n<li>semin\u00e1\u0159e, konference<\/li>\n<li>marketing a propagace<\/li>\n<li>n\u00e1jem<\/li>\n<li>dodate\u010dn\u00e9 re\u017eijn\u00ed n\u00e1klady<\/li>\n<\/ul>\n<\/div>\n<\/div>\n<\/div>\n<\/td>\n<td style=\"width: 138.546875px; height: 156px;\" rowspan=\"2\"><strong>Specifika a omezen\u00ed:<\/strong><\/p>\n<ul>\n<li>projekt mus\u00ed b\u00fdt realizov\u00e1n na \u00fazem\u00ed \u010cR mimo NUTS 2 Praha a z\u00e1rove\u0148 v\u011bt\u0161ina \u010dlen\u016f technologick\u00e9 platformy mus\u00ed m\u00edt s\u00eddlo na \u00fazem\u00ed \u010cR mimo NUTS 2 Praha<\/li>\n<li><span style=\"font-family: inherit; font-size: inherit;\">\u017eadatelem mohou b\u00fdt i podniky vlastn\u011bn\u00e9 a\u017e ze 100 % ve\u0159ejn\u00fdm sektorem<\/span><\/li>\n<li>ka\u017ed\u00fd \u017eadatel (1 I\u010c) je v t\u00e9to V\u00fdzv\u011b opr\u00e1vn\u011bn p\u0159edlo\u017eit maxim\u00e1ln\u011b 1 projekt (tzn. 1 aktivn\u00ed \u017e\u00e1dost o podporu20, ve kter\u00e9 vystupuje jako p\u0159\u00edjemce)<\/li>\n<\/ul>\n<\/td>\n<\/tr>\n<tr style=\"height: 78px;\">\n<td style=\"width: 227.484375px; height: 78px;\" colspan=\"2\"><img loading=\"lazy\" decoding=\"async\" class=\"alignnone size-full wp-image-24340\" src=\"https:\/\/www.apiagentura.gov.cz\/wp-content\/uploads\/2020\/10\/web-vyzva-spolupr-iv-1072x500.png\" alt=\"\" width=\"1072\" height=\"500\" srcset=\"https:\/\/apiagentura.gov.cz\/wp-content\/uploads\/2020\/10\/web-vyzva-spolupr-iv-1072x500.png 1072w, https:\/\/apiagentura.gov.cz\/wp-content\/uploads\/2020\/10\/web-vyzva-spolupr-iv-1072x500-300x140.png 300w, https:\/\/apiagentura.gov.cz\/wp-content\/uploads\/2020\/10\/web-vyzva-spolupr-iv-1072x500-768x358.png 768w, https:\/\/apiagentura.gov.cz\/wp-content\/uploads\/2020\/10\/web-vyzva-spolupr-iv-1072x500-1024x478.png 1024w\" sizes=\"auto, (max-width: 1072px) 100vw, 1072px\" \/><\/td>\n<\/tr>\n<\/tbody>\n<\/table>\n<p><\/p>","protected":false},"excerpt":{"rendered":"<p>C\u00edlem v\u00fdzvy je podpora rozvoje inova\u010dn\u00edch s\u00edt\u00ed \u2013 technologick\u00fdch platforem jako n\u00e1stroje pro zv\u00fd\u0161en\u00ed intenzity spole\u010dn\u00fdch v\u00fdzkumn\u00fdch, v\u00fdvojov\u00fdch a inova\u010dn\u00edch aktivit mezi podnikatelsk\u00fdmi subjekty a v\u00fdzkumnou sf\u00e9rou.<\/p>\n","protected":false},"author":35,"featured_media":0,"parent":118,"menu_order":0,"comment_status":"closed","ping_status":"closed","template":"","meta":{"inline_featured_image":false,"footnotes":""},"class_list":["post-24347","page","type-page","status-publish","hentry"],"publishpress_future_action":{"enabled":false,"date":"2026-05-06 17:15:43","action":"change-status","newStatus":"draft","terms":[],"taxonomy":"","extraData":[]},"publishpress_future_workflow_manual_trigger":{"enabledWorkflows":[]},"_links":{"self":[{"href":"https:\/\/apiagentura.gov.cz\/cs\/wp-json\/wp\/v2\/pages\/24347","targetHints":{"allow":["GET"]}}],"collection":[{"href":"https:\/\/apiagentura.gov.cz\/cs\/wp-json\/wp\/v2\/pages"}],"about":[{"href":"https:\/\/apiagentura.gov.cz\/cs\/wp-json\/wp\/v2\/types\/page"}],"author":[{"embeddable":true,"href":"https:\/\/apiagentura.gov.cz\/cs\/wp-json\/wp\/v2\/users\/35"}],"replies":[{"embeddable":true,"href":"https:\/\/apiagentura.gov.cz\/cs\/wp-json\/wp\/v2\/comments?post=24347"}],"version-history":[{"count":0,"href":"https:\/\/apiagentura.gov.cz\/cs\/wp-json\/wp\/v2\/pages\/24347\/revisions"}],"up":[{"embeddable":true,"href":"https:\/\/apiagentura.gov.cz\/cs\/wp-json\/wp\/v2\/pages\/118"}],"wp:attachment":[{"href":"https:\/\/apiagentura.gov.cz\/cs\/wp-json\/wp\/v2\/media?parent=24347"}],"curies":[{"name":"wp","href":"https:\/\/api.w.org\/{rel}","templated":true}]}}