{"id":24573,"date":"2020-11-16T11:35:23","date_gmt":"2020-11-16T10:35:23","guid":{"rendered":"https:\/\/www.apiagentura.gov.cz\/?page_id=24573"},"modified":"2021-03-15T13:33:15","modified_gmt":"2021-03-15T12:33:15","slug":"proof-of-concept-vyzva-v","status":"publish","type":"page","link":"https:\/\/apiagentura.gov.cz\/cs\/programy-podpory\/proof-of-concept\/proof-of-concept-vyzva-v\/","title":{"rendered":"Proof of Concept &#8211; V\u00fdzva V"},"content":{"rendered":"<p><\/p>\n<table class=\"call-detail\" style=\"height: 256px; width: 683px;\" width=\"452\">\n<tbody>\n<tr>\n<td style=\"width: 174.1px;\" rowspan=\"2\">\n<div class=\"page\" title=\"Page 4\">\n<div class=\"layoutArea\">\n<div class=\"column\">\n<p>Tato v\u00fdzva je vyhl\u00e1\u0161ena jako <strong>synergick\u00e1 v\u00fdzva navazuj\u00edc\u00ed na v\u00fdzvy Opera\u010dn\u00edho programu V\u00fdzkum, v\u00fdvoj a vzd\u011bl\u00e1v\u00e1n\u00ed<\/strong> (OP VVV)<\/p>\n<\/div>\n<\/div>\n<\/div>\n<p><strong>Na co lze z\u00edskat podporu<\/strong>\u00a0(podporovan\u00e9 aktivity):<\/p>\n<p>a) aktivity souvisej\u00edc\u00ed s ov\u011b\u0159en\u00edm technick\u00e9 proveditelnosti a komer\u010dn\u00edho potenci\u00e1lu v\u00fdzkumu a v\u00fdvoje za \u00fa\u010delem zaveden\u00ed nov\u00e9ho produktu\/slu\u017eby na trh<\/p>\n<p>b) aktivity sm\u011b\u0159uj\u00edc\u00ed k dopracov\u00e1n\u00ed v\u00fdzkumu a v\u00fdvoje do fin\u00e1ln\u00ed f\u00e1ze a k p\u0159\u00edprav\u011b jeho komercializace<\/p>\n<p><strong>Kdo m\u016f\u017ee \u017e\u00e1dat<\/strong>\u00a0(p\u0159\u00edjemci podpory):<\/p>\n<ul>\n<li>mal\u00e9 a st\u0159edn\u00ed podniky<\/li>\n<\/ul>\n<p><strong>Syst\u00e9m sb\u011bru \u017e\u00e1dost\u00ed:<\/strong><\/p>\n<ul>\n<li>kolov\u00fd<\/li>\n<\/ul>\n<\/td>\n<td style=\"width: 139.65px;\"><strong>Kolik lze z\u00edskat na jeden projekt\u00a0<\/strong>(forma a v\u00fd\u0161e podpory):<\/p>\n<ul>\n<li>minim\u00e1ln\u011b 300 tis. K\u010d<\/li>\n<li>maxim\u00e1ln\u011b 5 mil. K\u010d pro aktivitu a) a 10 mil. K\u010d pro aktivitu b)<\/li>\n<\/ul>\n<p><strong>maxim\u00e1ln\u00ed m\u00edra podpory pro aktivitu a):<\/strong><\/p>\n<ul>\n<li>st\u0159edn\u00ed podniky 60% CZV projektu vymezen\u00fdch v\u00a0bod\u011b 5.2 a) V\u00fdzvy, resp. 70% pro mal\u00e9 podniky<\/li>\n<li>50% CZV projektu vymezen\u00fdch v\u00a0bod\u011b 5.2 b) a c) V\u00fdzvy<\/li>\n<\/ul>\n<p><strong>maxim\u00e1ln\u00ed m\u00edra podpory pro aktivitu b):<\/strong><\/p>\n<ul>\n<li>\u00a0st\u0159edn\u00ed podniky 35% CZV projektu vymezen\u00fdch v\u00a0bod\u011b 5.2 d) V\u00fdzvy, resp. 45% pro mal\u00e9 podniky<\/li>\n<li>\u00a050% CZV projektu vymezen\u00fdch v\u00a0bod\u011b 5.2 e), f) a g) V\u00fdzvy<\/li>\n<\/ul>\n<\/td>\n<td style=\"width: 347.25px;\"><img loading=\"lazy\" decoding=\"async\" class=\"alignnone size-full wp-image-19533\" src=\"https:\/\/www.apiagentura.gov.cz\/wp-content\/uploads\/2019\/11\/poc-768-1.png\" alt=\"\" width=\"768\" height=\"768\" srcset=\"https:\/\/apiagentura.gov.cz\/wp-content\/uploads\/2019\/11\/poc-768-1.png 768w, https:\/\/apiagentura.gov.cz\/wp-content\/uploads\/2019\/11\/poc-768-1-150x150.png 150w, https:\/\/apiagentura.gov.cz\/wp-content\/uploads\/2019\/11\/poc-768-1-300x300.png 300w\" sizes=\"auto, (max-width: 768px) 100vw, 768px\" \/><\/td>\n<\/tr>\n<tr>\n<td style=\"width: 139.65px;\"><strong>Jak\u00e9\u00a0v\u00fddaje je mo\u017en\u00e9 podpo\u0159it\u00a0<\/strong>(zp\u016fsobil\u00e9 v\u00fddaje):<\/p>\n<ul>\n<li>osobn\u00ed n\u00e1klady<\/li>\n<li>n\u00e1klady na n\u00e1stroje, p\u0159\u00edstroje a vybaven\u00ed v podob\u011b odpis\u016f dlouhodob\u00e9ho hmotn\u00e9ho<br \/>\na nehmotn\u00e9ho movit\u00e9ho majetku<\/li>\n<li>n\u00e1klady na vysl\u00e1n\u00ed vysoce kvalifikovan\u00fdch pracovn\u00edk\u016f z organizace pro v\u00fdzkum a \u0161\u00ed\u0159en\u00ed znalost\u00ed<\/li>\n<li>konzulta\u010dn\u00ed a extern\u00ed slu\u017eby<\/li>\n<li>dodate\u010dn\u00e9 re\u017eijn\u00ed a ostatn\u00ed provozn\u00ed n\u00e1klady<\/li>\n<li>n\u00e1klady na materi\u00e1l<\/li>\n<li>n\u00e1klady na z\u00edsk\u00e1n\u00ed a uzn\u00e1n\u00ed patent\u016f a dal\u0161\u00edch nehmotn\u00fdch aktiv<\/li>\n<li>n\u00e1klady na poradensk\u00e9 a podp\u016frn\u00e9 slu\u017eby v oblasti inovac\u00ed (pouze aktivita b)<\/li>\n<\/ul>\n<\/td>\n<td style=\"width: 347.25px;\" rowspan=\"2\"><b>Specifika a omezen\u00ed:<\/b><\/p>\n<ul>\n<li>projekt mus\u00ed b\u00fdt realizov\u00e1n na \u00fazem\u00ed \u010cR mimo NUTS 2 Praha<\/li>\n<li>ka\u017ed\u00fd \u017eadatel (1 I\u010c) je opr\u00e1vn\u011bn p\u0159edlo\u017eit maxim\u00e1ln\u011b 2 projekty<\/li>\n<li><span style=\"font-family: inherit; font-size: inherit;\">v\u0161echny projekty mus\u00ed navazovat na projekty podpo\u0159en\u00e9 v r\u00e1mci v\u00fdzev OP VVV P\u0159edaplika\u010dn\u00ed v\u00fdzkum, P\u0159edaplika\u010dn\u00ed v\u00fdzkum pro ITI, P\u0159edaplika\u010dn\u00ed v\u00fdzkum pro ITI II s c\u00edlem ov\u011b\u0159en\u00ed v\u00fdsledk\u016f p\u0159edaplika\u010dn\u00ed f\u00e1ze v\u00fdzkumu p\u0159ed jejich mo\u017en\u00fdm uplatn\u011bn\u00edm v praxi<\/span><\/li>\n<li>v\u00fdstup projektu aktivity a) je zpracovan\u00e1 studie proveditelnosti, m\u016f\u017ee dosp\u011bt i k negativn\u00edmu<br \/>\nz\u00e1v\u011bru ohledn\u011b dal\u0161\u00edho pokra\u010dov\u00e1n\u00ed pl\u00e1novan\u00fdch v\u00fdzkumn\u00fdch aktivit a zaveden\u00ed v\u00fdsledk\u016f VaVaI<br \/>\ndo praxe<\/li>\n<li>pro aktivitu b) \u017eadatel po konci projektu p\u0159edlo\u017e\u00ed z\u00e1v\u011bre\u010dnou zpr\u00e1vu o proveden\u00fdch \u010dinnostech v r\u00e1mci experiment\u00e1ln\u00edho v\u00fdvoje a zevrubn\u011b pop\u00ed\u0161e dosa\u017een\u00fd v\u00fdsledek projektu<\/li>\n<\/ul>\n<\/td>\n<\/tr>\n<tr>\n<td style=\"width: 319.75px;\" colspan=\"2\"><img loading=\"lazy\" decoding=\"async\" class=\"alignnone size-full wp-image-24588\" src=\"https:\/\/www.apiagentura.gov.cz\/wp-content\/uploads\/2020\/11\/poc-v-1072x500.png\" alt=\"\" width=\"1072\" height=\"500\" srcset=\"https:\/\/apiagentura.gov.cz\/wp-content\/uploads\/2020\/11\/poc-v-1072x500.png 1072w, https:\/\/apiagentura.gov.cz\/wp-content\/uploads\/2020\/11\/poc-v-1072x500-300x140.png 300w, https:\/\/apiagentura.gov.cz\/wp-content\/uploads\/2020\/11\/poc-v-1072x500-768x358.png 768w, https:\/\/apiagentura.gov.cz\/wp-content\/uploads\/2020\/11\/poc-v-1072x500-1024x478.png 1024w\" sizes=\"auto, (max-width: 1072px) 100vw, 1072px\" \/><\/td>\n<\/tr>\n<\/tbody>\n<\/table>\n<p><\/p>","protected":false},"excerpt":{"rendered":"<p>C\u00edlem v\u00fdzvy Proof of Concept je podpora aktivit, kter\u00e9 pomohou zajistit rozvoj transferu technologi\u00ed a znalost\u00ed mezi v\u00fdzkumn\u00fdmi organizacemi a podniky, kter\u00e9 mohou v\u00fdsledky v\u00fdzkumu uplatnit v praxi<\/p>\n","protected":false},"author":35,"featured_media":0,"parent":152,"menu_order":0,"comment_status":"closed","ping_status":"closed","template":"","meta":{"inline_featured_image":false,"footnotes":""},"class_list":["post-24573","page","type-page","status-publish","hentry"],"publishpress_future_action":{"enabled":false,"date":"2026-05-02 08:50:26","action":"change-status","newStatus":"draft","terms":[],"taxonomy":"","extraData":[]},"publishpress_future_workflow_manual_trigger":{"enabledWorkflows":[]},"_links":{"self":[{"href":"https:\/\/apiagentura.gov.cz\/cs\/wp-json\/wp\/v2\/pages\/24573","targetHints":{"allow":["GET"]}}],"collection":[{"href":"https:\/\/apiagentura.gov.cz\/cs\/wp-json\/wp\/v2\/pages"}],"about":[{"href":"https:\/\/apiagentura.gov.cz\/cs\/wp-json\/wp\/v2\/types\/page"}],"author":[{"embeddable":true,"href":"https:\/\/apiagentura.gov.cz\/cs\/wp-json\/wp\/v2\/users\/35"}],"replies":[{"embeddable":true,"href":"https:\/\/apiagentura.gov.cz\/cs\/wp-json\/wp\/v2\/comments?post=24573"}],"version-history":[{"count":0,"href":"https:\/\/apiagentura.gov.cz\/cs\/wp-json\/wp\/v2\/pages\/24573\/revisions"}],"up":[{"embeddable":true,"href":"https:\/\/apiagentura.gov.cz\/cs\/wp-json\/wp\/v2\/pages\/152"}],"wp:attachment":[{"href":"https:\/\/apiagentura.gov.cz\/cs\/wp-json\/wp\/v2\/media?parent=24573"}],"curies":[{"name":"wp","href":"https:\/\/api.w.org\/{rel}","templated":true}]}}