{"id":24706,"date":"2020-11-25T13:52:15","date_gmt":"2020-11-25T12:52:15","guid":{"rendered":"https:\/\/www.apiagentura.gov.cz\/?page_id=24706"},"modified":"2026-04-13T13:20:52","modified_gmt":"2026-04-13T11:20:52","slug":"op-tak","status":"publish","type":"page","link":"https:\/\/apiagentura.gov.cz\/cs\/op-tak\/","title":{"rendered":"OP TAK"},"content":{"rendered":"<p><\/p>\n<div id=\"pl-24706\" class=\"panel-layout\">\n<div id=\"pg-24706-0\" class=\"panel-grid panel-no-style\">\n<div id=\"pgc-24706-0-0\" class=\"panel-grid-cell\" data-weight=\"1\">\n<div id=\"panel-24706-0-0-0\" class=\"so-panel widget widget_sow-editor panel-first-child panel-last-child\" data-index=\"0\" data-style=\"{&quot;background_image_attachment&quot;:false,&quot;background_display&quot;:&quot;tile&quot;}\">\n<div class=\"so-widget-sow-editor so-widget-sow-editor-base\">\n<div class=\"siteorigin-widget-tinymce textwidget\">\n<h4><strong>Opera\u010dn\u00ed program Technologie a aplikace pro konkurenceschopnost<\/strong><\/h4>\n<\/div>\n<p>je st\u011b\u017eejn\u00edm programem pro podporu \u010desk\u00fdch podnikatel\u016f v <strong>programov\u00e9m obdob\u00ed 2021\u20132027<\/strong>.\u00a0Z\u00a0Evropsk\u00e9ho fondu pro region\u00e1ln\u00ed rozvoj (EFRR) je pro tento opera\u010dn\u00ed program p\u0159ipraveno celkem\u00a0<strong>3,2 mld. EUR, v\u00a0p\u0159epo\u010dtu cca 81,5 mld. K\u010d<\/strong>.<\/p>\n<p>Finan\u010dn\u00ed prost\u0159edky mohou \u017eadatel\u00e9 vyu\u017e\u00edt na spolufinancov\u00e1n\u00ed podnikatelsk\u00fdch projekt\u016f v oblasti<strong> v\u00fdzkumu, v\u00fdvoje a inovac\u00ed, digitalizace a digit\u00e1ln\u00ed infrastrukturu, rozvoje podnik\u00e1n\u00ed, chytr\u00e9 a udr\u017eiteln\u00e9 energetiky a cirkul\u00e1rn\u00ed ekonomiky.<\/strong><\/p>\n<p>\u0158\u00edd\u00edc\u00edm org\u00e1nem\u00a0OP TAK je\u00a0Ministerstvo pr\u016fmyslu a obchodu \u010cR (MPO).<strong>\u00a0Agentura pro podnik\u00e1n\u00ed a inovace\u00a0(API) pln\u00ed roli zprost\u0159edkuj\u00edc\u00edho subjektu.<\/strong><\/p>\n<p>Opera\u010dn\u00ed program se skl\u00e1d\u00e1 z 6 priorit, kter\u00e9 se d\u00e1le d\u011bl\u00ed na specifick\u00e9 c\u00edle v r\u00e1mci nich\u017e jsou definov\u00e1ny jednotliv\u00e9 <b><strong style=\"color: #000000;\"><a class=\"btn\" style=\"width: 200px; display: inline-block; text-align: center; padding: 2px;\" href=\"https:\/\/www.apiagentura.gov.cz\/cs\/podporovane-aktivity-optak\/\">Podporovan\u00e9 aktivity<\/a><\/strong><\/b><\/p>\n<p><b><strong style=\"color: #000000;\"><a class=\"btn\" style=\"width: 300px; display: inline-block; text-align: center; padding: 4px;\" href=\"https:\/\/www.apiagentura.gov.cz\/cs\/radce\/vsechny-vyzvy\/\">AKTU\u00c1LN\u011a OTEV\u0158EN\u00c9 V\u00ddZVY<\/a><\/strong><\/b><\/p>\n<p><a href=\"https:\/\/apiagentura.gov.cz\/wp-content\/uploads\/2026\/04\/web-celkova-alokace-op-tak-04-2026-2--.svg\"><img decoding=\"async\" class=\"alignnone size-full wp-image-45975\" src=\"https:\/\/apiagentura.gov.cz\/wp-content\/uploads\/2026\/04\/web-celkova-alokace-op-tak-04-2026-2--.svg\" alt=\"\" \/><\/a><\/p>\n<\/div>\n<\/div>\n<\/div>\n<\/div>\n<div id=\"pg-24706-1\" class=\"panel-grid panel-no-style\">\n<div id=\"pgc-24706-1-0\" class=\"panel-grid-cell\" data-weight=\"0.5\">\n<div id=\"panel-24706-1-0-0\" class=\"so-panel widget widget_sow-editor panel-first-child panel-last-child\" data-index=\"1\" data-style=\"{&quot;background_image_attachment&quot;:false,&quot;background_display&quot;:&quot;tile&quot;}\">\n<div class=\"so-widget-sow-editor so-widget-sow-editor-base\">\n<div class=\"siteorigin-widget-tinymce textwidget\">\n<ul>\n<li><strong>Priorita 1:<\/strong> Posilov\u00e1n\u00ed v\u00fdkonnosti podnik\u016f v\u00a0oblasti v\u00fdzkumu, v\u00fdvoje a inovac\u00ed a jejich digit\u00e1ln\u00ed transformace<\/li>\n<li><strong>Priorita 2: <\/strong>Rozvoj podnik\u00e1n\u00ed a konkurenceschopnosti MSP<\/li>\n<li><strong>Priorita 3:<\/strong>\u00a0Rozvoj digit\u00e1ln\u00ed infrastruktury<\/li>\n<li><strong>Priorita 4:<\/strong>\u00a0Posun k n\u00edzkouhl\u00edkov\u00e9mu hospod\u00e1\u0159stv\u00ed<\/li>\n<li><strong>Priorita 5: <\/strong>Efektivn\u011bj\u0161\u00ed nakl\u00e1d\u00e1n\u00ed se zdroji<\/li>\n<li><strong>Priorita STEP:<\/strong> V\u00fdvoj a v\u00fdroba kritick\u00fdch technologi\u00ed<\/li>\n<\/ul>\n<p>C\u00edlovou skupinou jsou p\u0159ednostn\u011b <strong>mal\u00e9 a st\u0159edn\u00ed podniky (MSP)<\/strong>, nicm\u00e9n\u011b specifick\u00e9 aktivity jsou mj. vhodn\u00e9 takt\u00e9\u017e pro velk\u00e9 podniky. Nov\u011b je mo\u017en\u00e9 rovn\u011b\u017e podpo\u0159it i kategorie podnik\u016f ozna\u010den\u00e9 jako mal\u00e1 spole\u010dnost se st\u0159edn\u00ed tr\u017en\u00ed kapitalizac\u00ed (small mid-caps) \u010di spole\u010dnost se st\u0159edn\u00ed tr\u017en\u00ed kapitalizac\u00ed (mid-caps).<\/p>\n<p>Podporovan\u00fdm \u00fazem\u00edm je <strong>cel\u00e1 \u010cR mimo regionu NUTS 2 Praha<\/strong> (<a href=\"https:\/\/www.apiagentura.gov.cz\/cs\/nova-mapa-regionalni-podpory\/\"><span style=\"color: #003366;\">nov\u00e1 mapa region\u00e1ln\u00ed podpory<\/span><\/a>)<\/p>\n<p>\u017d\u00e1dosti o podporu jsou pod\u00e1v\u00e1ny a administrov\u00e1ny v r\u00e1mci syst\u00e9mu MS2021+, konkr\u00e9tn\u011b v <a href=\"https:\/\/iskp21.mssf.cz\/\"><strong>port\u00e1lu<\/strong> <strong>IS KP21+<\/strong><\/a>.<\/p>\n<p>&nbsp;<\/p>\n<p><strong>Zaj\u00edm\u00e1 v\u00e1s v\u00edce o OP TAK?<\/strong> Obra\u0165te se na jednu z na\u0161ich <a href=\"https:\/\/www.apiagentura.gov.cz\/cs\/kontakty\/\">13 region\u00e1ln\u00edch kancel\u00e1\u0159\u00ed<\/a> po cel\u00e9 \u010cR nebo na Zelenou informa\u010dn\u00ed linku na \u010d\u00edsle +420 800 800 777 nebo e-mailu <a href=\"mailto:programy@apiagentura.gov.cz\">programy@apiagentura.gov.cz\u00a0<\/a><\/p>\n<\/div>\n<\/div>\n<\/div>\n<\/div>\n<\/div>\n<\/div>\n<p><\/p>","protected":false},"excerpt":{"rendered":"<p>Opera\u010dn\u00ed program Technologie a aplikace pro konkurenceschopnost je st\u011b\u017eejn\u00edm programem pro podporu \u010desk\u00fdch podnikatel\u016f v programov\u00e9m obdob\u00ed 2021\u20132027.\u00a0Z\u00a0Evropsk\u00e9ho fondu pro region\u00e1ln\u00ed rozvoj (EFRR) je pro tento opera\u010dn\u00ed program p\u0159ipraveno celkem\u00a03,2 mld. EUR, v\u00a0p\u0159epo\u010dtu cca 81,5 mld. K\u010d. Finan\u010dn\u00ed prost\u0159edky mohou \u017eadatel\u00e9 vyu\u017e\u00edt na spolufinancov\u00e1n\u00ed podnikatelsk\u00fdch projekt\u016f v oblasti v\u00fdzkumu, v\u00fdvoje a inovac\u00ed, digitalizace a digit\u00e1ln\u00ed [&hellip;]<\/p>\n","protected":false},"author":35,"featured_media":0,"parent":0,"menu_order":0,"comment_status":"closed","ping_status":"closed","template":"","meta":{"inline_featured_image":false,"footnotes":""},"class_list":["post-24706","page","type-page","status-publish","hentry"],"publishpress_future_action":{"enabled":false,"date":"2026-05-02 10:41:39","action":"change-status","newStatus":"draft","terms":[],"taxonomy":"","extraData":[]},"publishpress_future_workflow_manual_trigger":{"enabledWorkflows":[]},"_links":{"self":[{"href":"https:\/\/apiagentura.gov.cz\/cs\/wp-json\/wp\/v2\/pages\/24706","targetHints":{"allow":["GET"]}}],"collection":[{"href":"https:\/\/apiagentura.gov.cz\/cs\/wp-json\/wp\/v2\/pages"}],"about":[{"href":"https:\/\/apiagentura.gov.cz\/cs\/wp-json\/wp\/v2\/types\/page"}],"author":[{"embeddable":true,"href":"https:\/\/apiagentura.gov.cz\/cs\/wp-json\/wp\/v2\/users\/35"}],"replies":[{"embeddable":true,"href":"https:\/\/apiagentura.gov.cz\/cs\/wp-json\/wp\/v2\/comments?post=24706"}],"version-history":[{"count":4,"href":"https:\/\/apiagentura.gov.cz\/cs\/wp-json\/wp\/v2\/pages\/24706\/revisions"}],"predecessor-version":[{"id":45977,"href":"https:\/\/apiagentura.gov.cz\/cs\/wp-json\/wp\/v2\/pages\/24706\/revisions\/45977"}],"wp:attachment":[{"href":"https:\/\/apiagentura.gov.cz\/cs\/wp-json\/wp\/v2\/media?parent=24706"}],"curies":[{"name":"wp","href":"https:\/\/api.w.org\/{rel}","templated":true}]}}