{"id":24860,"date":"2020-12-08T12:55:46","date_gmt":"2020-12-08T11:55:46","guid":{"rendered":"https:\/\/www.apiagentura.gov.cz\/?page_id=24860"},"modified":"2021-02-24T19:08:19","modified_gmt":"2021-02-24T18:08:19","slug":"uspory-energie-s-epc-vyzva-vi","status":"publish","type":"page","link":"https:\/\/apiagentura.gov.cz\/cs\/programy-podpory\/uspory-energie\/uspory-energie-s-epc-vyzva-vi\/","title":{"rendered":"\u00daspory energie s EPC &#8211; V\u00fdzva VI"},"content":{"rendered":"<p><\/p>\n<h4>Upozorn\u011bn\u00ed pro \u017eadatele a p\u0159\u00edjemce<\/h4>\n<p style=\"text-align: justify;\"><strong>Dne 24. 2. 2021:\u00a0\u00a0<\/strong>S ohledem na dosud nevyu\u017eitou alokaci\u00a0VI. v\u00fdzvy programu \u00daspory energie s EPC, rozhodlo Ministerstvo pr\u016fmyslu a obchodu o prodlou\u017een\u00ed p\u0159\u00edjmu p\u0159edb\u011b\u017en\u00fdch \u017e\u00e1dost\u00ed do 31. 5. 2021 (14:00:00), a tak\u00e9 prodlou\u017een\u00ed p\u0159\u00edjmu \u017e\u00e1dost\u00ed do 30. 11. 2021 (23:59:59). Upozor\u0148ujeme, \u017ee se jedn\u00e1 v\u00fdhradn\u011b o posun term\u00ednu pro p\u0159ijet\u00ed \u017e\u00e1dost\u00ed. Ve\u0161ker\u00e9 dal\u0161\u00ed term\u00edny uveden\u00e9 ve v\u00fdzv\u011b z\u016fst\u00e1vaj\u00ed v\u00a0platnosti.<\/p>\n<table class=\"call-detail\" style=\"height: 1923px;\" width=\"827\">\n<tbody>\n<tr>\n<td style=\"width: 320.364px;\" rowspan=\"2\"><strong>Na co lze z\u00edskat podporu <\/strong>(podporovan\u00e9 aktivity):<\/p>\n<ul>\n<li>modernizace a rekonstrukce rozvod\u016f elekt\u0159iny, plynu a tepla v budov\u00e1ch a v energetick\u00fdch hospod\u00e1\u0159stv\u00edch v\u00fdrobn\u00edch z\u00e1vod\u016f za \u00fa\u010delem zv\u00fd\u0161en\u00ed \u00fa\u010dinnosti<\/li>\n<li>zav\u00e1d\u011bn\u00ed a modernizace syst\u00e9m\u016f m\u011b\u0159en\u00ed a regulace<\/li>\n<li>modernizace, rekonstrukce st\u00e1vaj\u00edc\u00edch za\u0159\u00edzen\u00ed na v\u00fdrobu energie pro vlastn\u00ed spot\u0159ebu vedouc\u00ed ke zv\u00fd\u0161en\u00ed jej\u00ed \u00fa\u010dinnosti<\/li>\n<li>modernizace soustav osv\u011btlen\u00ed budov a pr\u016fmyslov\u00fdch are\u00e1l\u016f<\/li>\n<li>realizace opat\u0159en\u00ed ke sni\u017eov\u00e1n\u00ed energetick\u00e9 n\u00e1ro\u010dnosti budov v podnikatelsk\u00e9m sektoru<\/li>\n<li>vyu\u017eit\u00ed odpadn\u00ed energie ve v\u00fdrobn\u00edch procesech<\/li>\n<li>sni\u017eov\u00e1n\u00ed energetick\u00e9 n\u00e1ro\u010dnosti\/zvy\u0161ov\u00e1n\u00ed energetick\u00e9 \u00fa\u010dinnosti v\u00fdrobn\u00edch a technologick\u00fdch proces\u016f mimo opat\u0159en\u00ed vyjmenovan\u00e9 v bod\u011b 3.2 d) v\u00fdzvy<\/li>\n<li>instalace OZE pro vlastn\u00ed spot\u0159ebu podniku<\/li>\n<li>instalace kogenera\u010dn\u00ed jednotky s vyu\u017eit\u00edm elektrick\u00e9 a tepeln\u00e9 energie, nebo chladu pro vlastn\u00ed spot\u0159ebu podniku s ohledem na jeho provozn\u00ed podm\u00ednky<\/li>\n<li>instalace akumulace elektrick\u00e9 energie<\/li>\n<\/ul>\n<p><strong>Kdo m\u016f\u017ee \u017e\u00e1dat\u00a0(p\u0159\u00edjemci podpory):<\/strong><\/p>\n<ul>\n<li>mal\u00e9 a st\u0159edn\u00ed podniky<\/li>\n<li>velk\u00e9 podniky<\/li>\n<\/ul>\n<p><strong>FAQ:\u00a0<\/strong><\/p>\n<ul>\n<li>\u010dasto kladen\u00e9 dotazy k programu \u00daspory energie k dispozici\u00a0<a href=\"https:\/\/www.apiagentura.gov.cz\/cs\/radce\/faq\/faq-program-uspory-energie\/\">ZDE<\/a><\/li>\n<\/ul>\n<p><strong>Syst\u00e9m sb\u011bru \u017e\u00e1dost\u00ed:<\/strong><\/p>\n<ul>\n<li>pr\u016fb\u011b\u017en\u00fd<\/li>\n<\/ul>\n<\/td>\n<td style=\"width: 251.273px;\"><strong>Kolik lze z\u00edskat na jeden projekt\u00a0<\/strong>(forma a v\u00fd\u0161e podpory):<\/p>\n<p>Minim\u00e1ln\u00ed v\u00fd\u0161e dotace na projekt je 500 tis. K\u010d.<\/p>\n<p>Maxim\u00e1ln\u00ed v\u00fd\u0161e dotace na projekt je 200 mil. K\u010d.<\/p>\n<p><strong>M\u00edra podpory:<\/strong><\/p>\n<ul>\n<li>mal\u00fd podnik a\u017e do v\u00fd\u0161e 50 % prok\u00e1zan\u00fdch zp\u016fsobil\u00fdch v\u00fddaj\u016f<\/li>\n<li>st\u0159edn\u00ed podnik a\u017e do v\u00fd\u0161e 40 % prok\u00e1zan\u00fdch zp\u016fsobil\u00fdch v\u00fddaj\u016f<\/li>\n<li>velk\u00fd podnik a\u017e do v\u00fd\u0161e 30 % prok\u00e1zan\u00fdch zp\u016fsobil\u00fdch v\u00fddaj\u016f<\/li>\n<\/ul>\n<\/td>\n<td style=\"width: 236px;\"><img loading=\"lazy\" decoding=\"async\" class=\"alignnone wp-image-24862 size-full\" src=\"https:\/\/www.apiagentura.gov.cz\/wp-content\/uploads\/2020\/12\/uspory-energie-epc-768.png\" alt=\"\" width=\"768\" height=\"768\" srcset=\"https:\/\/apiagentura.gov.cz\/wp-content\/uploads\/2020\/12\/uspory-energie-epc-768.png 768w, https:\/\/apiagentura.gov.cz\/wp-content\/uploads\/2020\/12\/uspory-energie-epc-768-150x150.png 150w, https:\/\/apiagentura.gov.cz\/wp-content\/uploads\/2020\/12\/uspory-energie-epc-768-300x300.png 300w\" sizes=\"auto, (max-width: 768px) 100vw, 768px\" \/><\/td>\n<\/tr>\n<tr>\n<td style=\"width: 251.273px;\"><strong>Jak\u00e9 v\u00fddaje je mo\u017en\u00e9 podpo\u0159it\u00a0<\/strong>(zp\u016fsobil\u00e9 v\u00fddaje):<\/p>\n<ul>\n<li>dlouhodob\u00fd hmotn\u00fd majetek.<\/li>\n<li>dlouhodob\u00fd nehmotn\u00fd majetek<\/li>\n<li>in\u017een\u00fdrsk\u00e1 \u010dinnost<\/li>\n<li>energetick\u00fd posudek<\/li>\n<li>projektov\u00e1 dokumentace<\/li>\n<li>n\u00e1klady na organizaci v\u00fdb\u011brov\u00e9ho \u0159\u00edzen\u00ed (de minimis)<\/li>\n<\/ul>\n<\/td>\n<td style=\"width: 236px;\" rowspan=\"2\"><strong>Specifika a omezen\u00ed:<\/strong><\/p>\n<ul>\n<li>datum ukon\u010den\u00ed p\u0159\u00edjmu p\u0159edb\u011b\u017en\u00fdch \u017e\u00e1dost\u00ed o podporu 31. 3. 2021 ve 14:00<\/li>\n<li>EPC \u2013 financov\u00e1n\u00ed energeticky \u00fasporn\u00fdch opat\u0159en\u00ed z budouc\u00edch \u00faspor \u2013 slu\u017eba spo\u010d\u00edvaj\u00edc\u00ed v n\u00e1vrhu, p\u0159\u00edprav\u011b a realizaci \u00fasporn\u00fdch opat\u0159en\u00ed s mo\u017enost\u00ed zaji\u0161t\u011bn\u00ed financov\u00e1n\u00ed realizace vedouc\u00ed k \u00faspor\u00e1m energie budov a technologick\u00fdch syst\u00e9m\u016f na principu garantovan\u00fdch budouc\u00edch \u00faspor vyu\u017eit\u00fdch na splacen\u00ed investi\u010dn\u00edch n\u00e1klad\u016f projektu (tzv. Energy Performance Contracting)<\/li>\n<li>v r\u00e1mci t\u00e9to v\u00fdzvy po\u010det \u017e\u00e1dost\u00ed na jeden ekonomick\u00fd subjekt (jedno I\u010c) nen\u00ed omezen<\/li>\n<li>projekt m\u016f\u017ee b\u00fdt realizov\u00e1n na \u00fazem\u00ed \u010cesk\u00e9 republiky, mimo NUTS 2 Praha<\/li>\n<\/ul>\n<\/td>\n<\/tr>\n<tr>\n<td style=\"width: 577.091px;\" colspan=\"2\"><img loading=\"lazy\" decoding=\"async\" class=\"alignnone wp-image-24861 size-full\" src=\"https:\/\/www.apiagentura.gov.cz\/wp-content\/uploads\/2020\/12\/web-vyzva-uei-vi-epc-1072x500.png\" alt=\"\" width=\"1072\" height=\"500\" srcset=\"https:\/\/apiagentura.gov.cz\/wp-content\/uploads\/2020\/12\/web-vyzva-uei-vi-epc-1072x500.png 1072w, https:\/\/apiagentura.gov.cz\/wp-content\/uploads\/2020\/12\/web-vyzva-uei-vi-epc-1072x500-300x140.png 300w, https:\/\/apiagentura.gov.cz\/wp-content\/uploads\/2020\/12\/web-vyzva-uei-vi-epc-1072x500-768x358.png 768w, https:\/\/apiagentura.gov.cz\/wp-content\/uploads\/2020\/12\/web-vyzva-uei-vi-epc-1072x500-1024x478.png 1024w\" sizes=\"auto, (max-width: 1072px) 100vw, 1072px\" \/><\/td>\n<\/tr>\n<\/tbody>\n<\/table>\n<p><\/p>","protected":false},"excerpt":{"rendered":"<p>C\u00edlem V\u00fdzvy je podpora sn\u00ed\u017een\u00ed energetick\u00e9 n\u00e1ro\u010dnosti podnikatelsk\u00e9ho sektoru. \u00da\u010delem programu je podpora opat\u0159en\u00ed p\u0159isp\u00edvaj\u00edc\u00ed k \u00faspo\u0159e kone\u010dn\u00e9 spot\u0159eby energie. Vnitrost\u00e1tn\u00ed orienta\u010dn\u00ed c\u00edl \u010cR je na z\u00e1klad\u011b sou\u010dasn\u00fdch anal\u00fdz stanoven ve v\u00fd\u0161i 51,1 PJ (14,196 TWh) \u00faspor v kone\u010dn\u00e9 spot\u0159eb\u011b energie.<\/p>\n","protected":false},"author":1,"featured_media":0,"parent":138,"menu_order":0,"comment_status":"closed","ping_status":"closed","template":"","meta":{"inline_featured_image":false,"footnotes":""},"class_list":["post-24860","page","type-page","status-publish","hentry"],"publishpress_future_action":{"enabled":false,"date":"2026-05-06 21:58:27","action":"change-status","newStatus":"draft","terms":[],"taxonomy":"","extraData":[]},"publishpress_future_workflow_manual_trigger":{"enabledWorkflows":[]},"_links":{"self":[{"href":"https:\/\/apiagentura.gov.cz\/cs\/wp-json\/wp\/v2\/pages\/24860","targetHints":{"allow":["GET"]}}],"collection":[{"href":"https:\/\/apiagentura.gov.cz\/cs\/wp-json\/wp\/v2\/pages"}],"about":[{"href":"https:\/\/apiagentura.gov.cz\/cs\/wp-json\/wp\/v2\/types\/page"}],"author":[{"embeddable":true,"href":"https:\/\/apiagentura.gov.cz\/cs\/wp-json\/wp\/v2\/users\/1"}],"replies":[{"embeddable":true,"href":"https:\/\/apiagentura.gov.cz\/cs\/wp-json\/wp\/v2\/comments?post=24860"}],"version-history":[{"count":0,"href":"https:\/\/apiagentura.gov.cz\/cs\/wp-json\/wp\/v2\/pages\/24860\/revisions"}],"up":[{"embeddable":true,"href":"https:\/\/apiagentura.gov.cz\/cs\/wp-json\/wp\/v2\/pages\/138"}],"wp:attachment":[{"href":"https:\/\/apiagentura.gov.cz\/cs\/wp-json\/wp\/v2\/media?parent=24860"}],"curies":[{"name":"wp","href":"https:\/\/api.w.org\/{rel}","templated":true}]}}