{"id":25488,"date":"2021-02-08T16:55:08","date_gmt":"2021-02-08T15:55:08","guid":{"rendered":"https:\/\/www.apiagentura.gov.cz\/?page_id=25488"},"modified":"2022-01-03T21:00:20","modified_gmt":"2022-01-03T20:00:20","slug":"poradenstvi-vyzva-ii-poradenske-sluzby-pro-msp","status":"publish","type":"page","link":"https:\/\/apiagentura.gov.cz\/cs\/programy-podpory\/poradenstvi\/poradenstvi-vyzva-ii-poradenske-sluzby-pro-msp\/","title":{"rendered":"Poradenstv\u00ed &#8211; V\u00fdzva II Poradensk\u00e9 slu\u017eby pro MSP"},"content":{"rendered":"<p><\/p>\n<h3><strong>Upozorn\u011bn\u00ed pro \u017eadatele a p\u0159\u00edjemce<\/strong><\/h3>\n<p><strong>30. 12. 2021:<\/strong> Do\u0161lo k aktualizaci dokumentu P\u0159\u00edloha \u010d. 6 &#8211; Vzor Rozhodnut\u00ed o poskytnut\u00ed dotace v souvislosti s novelizac\u00ed z\u00e1kona \u010d. 218\/2000 Sb., o rozpo\u010dtov\u00fdch pravidlech a o zm\u011bn\u011b n\u011bkter\u00fdch souvisej\u00edc\u00edch z\u00e1kon\u016f. Dokument je \u00fa\u010dinn\u00fd od 1. 1. 2022.<\/p>\n<p><strong>13. 9. 2021: <\/strong>Dovolujeme si informovat o up\u0159esn\u011bn\u00ed podm\u00ednek V\u00fdzvy a upozor\u0148ujeme na povinnost zachovat v\u00fdstupy projektu t\u00e9to V\u00fdzvy po dobu t\u0159\u00ed (3) let od p\u0159echodu projektu do centr\u00e1ln\u00edho stavu MS2014+: Projekt finan\u010dn\u011b ukon\u010den ze strany \u0158O, viz Hlava II., 4. \u010cl\u00e1nek, odstavec 4.5. Rozhodnut\u00ed o poskytnut\u00ed dotace (P\u0159\u00edloha \u010d. 6 V\u00fdzvy).<\/p>\n<p><strong>24. 6. 2021:<\/strong>\u00a0S ohledem na dosud nevyu\u017eitou alokaci\u00a0V\u00fdzvy II programu Poradenstv\u00ed, rozhodlo dne 23. 6. 2021 Ministerstvo pr\u016fmyslu a obchodu o prodlou\u017een\u00ed p\u0159\u00edjmu \u017e\u00e1dost\u00ed o podporu do 31. 12. 2021 (15:59:59). Upozor\u0148ujeme, \u017ee se jedn\u00e1 v\u00fdhradn\u011b o posun term\u00ednu pro p\u0159ijet\u00ed \u017e\u00e1dost\u00ed. Ve\u0161ker\u00e9 dal\u0161\u00ed term\u00edny uveden\u00e9 ve v\u00fdzv\u011b z\u016fst\u00e1vaj\u00ed v\u00a0platnosti.<\/p>\n<p><strong>15. 6. 2021:<\/strong>\u00a0Dne 6. 5. 2021\u00a0byla aktualizov\u00e1na Metodika hodnocen\u00ed vyu\u017e\u00edv\u00e1n\u00ed vody na \u00farovni podnik\u016f; v\u00a0textu metodiky na stran\u011b 14 byla upravena v\u011bta &#8222;Pro vody recyklovan\u00e9 je koeficient ohro\u017een\u00ed suchem definov\u00e1n jako jedna&#8220;.<\/p>\n<p style=\"text-align: justify;\"><strong>6. 5. 2021:<\/strong> Do\u0161lo k up\u0159esn\u011bn\u00ed podm\u00ednek V\u00fdzvy v\u00a0\u010dl\u00e1nku\u00a03.4.\u00a0C\u00edlov\u00e1 skupina. Byla odstran\u011bna v\u011bta: \u201e<em>\u017dadatelem mohou b\u00fdt i podniky vlastn\u011bn\u00e9 a\u017e z 100% ve\u0159ejn\u00fdm sektorem\u201c.\u00a0<\/em>K<em>\u00a0<\/em>odstran\u011bn\u00ed do\u0161lo\u00a0z d\u016fvodu, \u017ee\u00a0tuto\u00a0v\u011btu nebylo\u00a0mo\u017en\u00e9\u00a0s\u00a0ohledem na zapo\u010d\u00edt\u00e1v\u00e1n\u00ed ve\u0159ejn\u00fdch subjekt\u016f\u00a0naplnit tak, aby byla sou\u010dasn\u011b dodr\u017eena v\u011bta p\u0159edch\u00e1zej\u00edc\u00ed:\u00a0<em>\u201eC\u00edlovou skupinou jsou mal\u00e9 a st\u0159edn\u00ed podniky\u201c<\/em>.\u00a0V\u00fdzva je ur\u010den\u00e1 pouze pro \u017eadatele,\u00a0kte\u0159\u00ed\u00a0spl\u0148uj\u00ed\u00a0status MSP, jak je uvedeno v\u00a0\u010dl\u00e1nku\u00a04.\u00a0Vymezen\u00ed \u017eadatel\u016f a p\u0159\u00edjemc\u016f podpory.<\/p>\n<p style=\"text-align: justify;\"><strong>17. 3. 2021:\u00a0<\/strong>Byla aktualizov\u00e1na P\u0159\u00edloha \u010d. 7 &#8211; Metodika hodnocen\u00ed vyu\u017e\u00edv\u00e1n\u00ed vody na \u00farovni podnik\u016f, a to v\u00a0souladu s aplikac\u00ed Sucho v\u00a0krajin\u011b zve\u0159ejn\u011bn\u00e9\u00a0na webu M\u017dP (kapitola 3.3.2.1) &#8211;\u00a0<a id=\"LPlnk167218\" href=\"http:\/\/www.suchovkrajine.cz\/vodni-audit\/\" target=\"_blank\" rel=\"noopener noreferrer\">http:\/\/www.suchovkrajine.cz\/vodni-audit\/<\/a>.<\/p>\n<table class=\"call-detail\" style=\"height: 934px;\" width=\"598\">\n<tbody>\n<tr style=\"height: 711px;\">\n<td style=\"width: 192px; height: 746px;\" rowspan=\"2\"><strong>Na co lze z\u00edskat podporu (podporovan\u00e9 aktivity):<\/strong><\/p>\n<p>a) n\u00e1kup poradensk\u00fdch slu\u017eeb pro MSP, kter\u00e9 budou zac\u00edlen\u00e9 na z\u00edsk\u00e1n\u00ed nov\u00fdch certifik\u00e1t\u016f pot\u0159ebn\u00fdch pro podnik\u00e1n\u00ed a pr\u016fmysl<\/p>\n<p>b) n\u00e1kup poradensk\u00fdch slu\u017eeb pro MSP zac\u00edlen\u00fdch na zpracov\u00e1n\u00ed hodnocen\u00ed vodn\u00edho hospod\u00e1\u0159stv\u00ed<br \/>\npr\u016fmyslov\u00fdch podnik\u016f dle Metodiky hodnocen\u00ed vyu\u017e\u00edv\u00e1n\u00ed vody na \u00farovni podnik\u016f, kter\u00e9 povede k dosa\u017een\u00ed \u00faspory vody v r\u00e1mci podnikatelsk\u00e9 \u010dinnosti<\/p>\n<p><strong>Syst\u00e9m sb\u011bru \u017e\u00e1dost\u00ed:<\/strong><\/p>\n<ul>\n<li>pr\u016fb\u011b\u017en\u00fd<\/li>\n<\/ul>\n<p><strong>Kdo m\u016f\u017ee \u017e\u00e1dat (p\u0159\u00edjemci podpory):<\/strong><\/p>\n<ul>\n<li>mal\u00e9 a st\u0159edn\u00ed podniky<\/li>\n<\/ul>\n<p><strong>FAQ<\/strong><\/p>\n<ul>\n<li>\u010dasto kladen\u00e9 dotazy k programu Poradenstv\u00ed k dispozici <a href=\"https:\/\/www.apiagentura.gov.cz\/cs\/radce\/faq\/faq-program-poradenstvi\/\">ZDE<\/a><\/li>\n<\/ul>\n<\/td>\n<td style=\"width: 192px; height: 711px;\"><strong>Kolik lze z\u00edskat na jeden projekt (forma a v\u00fd\u0161e podpory):<\/strong><\/p>\n<p>Dotace na projekt je poskytov\u00e1na minim\u00e1ln\u011b ve v\u00fd\u0161i 50 000 K\u010d a maxim\u00e1ln\u011b do v\u00fd\u0161e 1 000 000 K\u010d.<\/p>\n<p>M\u00edra podpory:<\/p>\n<ul>\n<li>50 % z prok\u00e1zan\u00fdch zp\u016fsobil\u00fdch v\u00fddaj\u016f<\/li>\n<\/ul>\n<p>&nbsp;<\/td>\n<td style=\"width: 192px; height: 711px;\"><img loading=\"lazy\" decoding=\"async\" class=\"alignnone size-full wp-image-18037\" src=\"https:\/\/www.apiagentura.gov.cz\/wp-content\/uploads\/2019\/08\/poradenstvi-768.png\" alt=\"\" width=\"768\" height=\"768\" srcset=\"https:\/\/apiagentura.gov.cz\/wp-content\/uploads\/2019\/08\/poradenstvi-768.png 768w, https:\/\/apiagentura.gov.cz\/wp-content\/uploads\/2019\/08\/poradenstvi-768-150x150.png 150w, https:\/\/apiagentura.gov.cz\/wp-content\/uploads\/2019\/08\/poradenstvi-768-300x300.png 300w\" sizes=\"auto, (max-width: 768px) 100vw, 768px\" \/><\/td>\n<\/tr>\n<tr style=\"height: 35px;\">\n<td style=\"width: 192px; height: 35px;\"><strong>Jak\u00e9 v\u00fddaje je mo\u017en\u00e9 podpo\u0159it (zp\u016fsobil\u00e9 v\u00fddaje):<\/strong><\/p>\n<ul>\n<li>n\u00e1kup extern\u00edch poradensk\u00fdch slu\u017eeb<\/li>\n<\/ul>\n<p>a) kter\u00e9 usnadn\u00ed z\u00edsk\u00e1n\u00ed nov\u00fdch certifik\u00e1t\u016f pot\u0159ebn\u00fdch pro podnik\u00e1n\u00ed a pr\u016fmysl a zpracov\u00e1n\u00ed v\u00fdstupu ve form\u011b technick\u00e9 dokumentace<\/p>\n<p>b) zam\u011b\u0159en\u00fdch na zpracov\u00e1n\u00ed hodnocen\u00ed vodn\u00edho hospod\u00e1\u0159stv\u00ed pr\u016fmyslov\u00fdch podnik\u016f dle Metodiky hodnocen\u00ed vyu\u017e\u00edv\u00e1n\u00ed vody na \u00farovni podnik\u016f<\/td>\n<td style=\"width: 192px; height: 223px;\" rowspan=\"2\"><strong>Specifika a omezen\u00ed:<\/strong><\/p>\n<ul>\n<li>projekt mus\u00ed b\u00fdt realizov\u00e1n na \u00fazem\u00ed \u010cR mimo\u00a0NUTS II\u00a0Praha<\/li>\n<li>v\u00fddaje na n\u00e1kup certifik\u00e1t\u016f nebo v\u00fddaje spojen\u00e9 se z\u00edsk\u00e1n\u00edm zna\u010dky OHV nejsou zp\u016fsobil\u00fdmi v\u00fddaji<\/li>\n<li>v r\u00e1mci jednoho projektu (jedn\u00e9 p\u0159edlo\u017een\u00e9 \u017e\u00e1dosti) nem\u016f\u017ee \u017eadatel \u017e\u00e1dat o podporu sou\u010dasn\u011b na aktivitu a) i b)<\/li>\n<li>ka\u017ed\u00fd \u017eadatel je v t\u00e9to V\u00fdzv\u011b opr\u00e1vn\u011bn p\u0159edlo\u017eit maxim\u00e1ln\u011b 3 \u017e\u00e1dosti o podporu v r\u00e1mci aktivity a) a 2 \u017e\u00e1dosti o podporu v r\u00e1mci aktivity b), celkem tedy maxim\u00e1ln\u011b 5 aktivn\u00edch \u017e\u00e1dost\u00ed na jedno I\u010c<\/li>\n<li>v p\u0159\u00edpad\u011b, \u017ee \u017eadatel p\u0159edlo\u017e\u00ed v r\u00e1mci aktivity a) v\u00edce ne\u017e 1 \u017e\u00e1dost o podporu, p\u0159edm\u011bt certifikace, na n\u011bj\u017e bude \u010derp\u00e1na poradensk\u00e1 slu\u017eba, nesm\u00ed b\u00fdt v t\u011bchto \u017e\u00e1dostech toto\u017en\u00fd<\/li>\n<li>v p\u0159\u00edpad\u011b, \u017ee \u017eadatel p\u0159edlo\u017e\u00ed v r\u00e1mci aktivity b) v\u00edce ne\u017e 1 \u017e\u00e1dost o podporu,\u00a0mus\u00ed se jednat o \u017e\u00e1dosti s odli\u0161n\u00fdm m\u00edstem realizace projektu<\/li>\n<\/ul>\n<p style=\"text-align: justify;\">\n<\/td>\n<\/tr>\n<tr style=\"height: 188px;\">\n<td style=\"width: 390px; height: 188px;\" colspan=\"2\"><img loading=\"lazy\" decoding=\"async\" class=\"alignnone size-full wp-image-25450\" src=\"https:\/\/www.apiagentura.gov.cz\/wp-content\/uploads\/2021\/02\/web-vyzva-porad-ii-1072x500.png\" alt=\"\" width=\"1072\" height=\"500\" srcset=\"https:\/\/apiagentura.gov.cz\/wp-content\/uploads\/2021\/02\/web-vyzva-porad-ii-1072x500.png 1072w, https:\/\/apiagentura.gov.cz\/wp-content\/uploads\/2021\/02\/web-vyzva-porad-ii-1072x500-300x140.png 300w, https:\/\/apiagentura.gov.cz\/wp-content\/uploads\/2021\/02\/web-vyzva-porad-ii-1072x500-768x358.png 768w, https:\/\/apiagentura.gov.cz\/wp-content\/uploads\/2021\/02\/web-vyzva-porad-ii-1072x500-1024x478.png 1024w\" sizes=\"auto, (max-width: 1072px) 100vw, 1072px\" \/><\/td>\n<\/tr>\n<\/tbody>\n<\/table>\n<p><\/p>","protected":false},"excerpt":{"rendered":"<p>V\u00fdzva je zam\u011b\u0159ena na poskytov\u00e1n\u00ed poradensk\u00fdch slu\u017eeb pro za\u010d\u00ednaj\u00edc\u00ed a rozvojov\u00e9 mal\u00e9 a st\u0159edn\u00ed podniky. C\u00edlem v\u00fdzvy je podpo\u0159it rozvoj podnikatelsk\u00fdch aktivit a zv\u00fd\u0161it konkurenceschopnost MSP.<\/p>\n","protected":false},"author":1,"featured_media":0,"parent":126,"menu_order":0,"comment_status":"closed","ping_status":"closed","template":"","meta":{"inline_featured_image":false,"footnotes":""},"class_list":["post-25488","page","type-page","status-publish","hentry"],"publishpress_future_action":{"enabled":false,"date":"2026-05-02 07:40:52","action":"change-status","newStatus":"draft","terms":[],"taxonomy":"","extraData":[]},"publishpress_future_workflow_manual_trigger":{"enabledWorkflows":[]},"_links":{"self":[{"href":"https:\/\/apiagentura.gov.cz\/cs\/wp-json\/wp\/v2\/pages\/25488","targetHints":{"allow":["GET"]}}],"collection":[{"href":"https:\/\/apiagentura.gov.cz\/cs\/wp-json\/wp\/v2\/pages"}],"about":[{"href":"https:\/\/apiagentura.gov.cz\/cs\/wp-json\/wp\/v2\/types\/page"}],"author":[{"embeddable":true,"href":"https:\/\/apiagentura.gov.cz\/cs\/wp-json\/wp\/v2\/users\/1"}],"replies":[{"embeddable":true,"href":"https:\/\/apiagentura.gov.cz\/cs\/wp-json\/wp\/v2\/comments?post=25488"}],"version-history":[{"count":0,"href":"https:\/\/apiagentura.gov.cz\/cs\/wp-json\/wp\/v2\/pages\/25488\/revisions"}],"up":[{"embeddable":true,"href":"https:\/\/apiagentura.gov.cz\/cs\/wp-json\/wp\/v2\/pages\/126"}],"wp:attachment":[{"href":"https:\/\/apiagentura.gov.cz\/cs\/wp-json\/wp\/v2\/media?parent=25488"}],"curies":[{"name":"wp","href":"https:\/\/api.w.org\/{rel}","templated":true}]}}