{"id":2581,"date":"2016-10-24T17:29:57","date_gmt":"2016-10-24T16:29:57","guid":{"rendered":"https:\/\/www.apiagentura.gov.cz\/?page_id=2581"},"modified":"2021-03-15T15:59:27","modified_gmt":"2021-03-15T14:59:27","slug":"ict-a-sdilene-sluzby-vyzva-ii-aktivita-tvorba-novych-isict-reseni","status":"publish","type":"page","link":"https:\/\/apiagentura.gov.cz\/cs\/programy-podpory\/ict-a-sdilene-sluzby\/ict-a-sdilene-sluzby-vyzva-ii-aktivita-tvorba-novych-isict-reseni\/","title":{"rendered":"ICT a sd\u00edlen\u00e9 slu\u017eby &#8211; V\u00fdzva II &#8211; aktivita Tvorba nov\u00fdch IS\/ICT \u0159e\u0161en\u00ed"},"content":{"rendered":"<p><\/p>\n<h3 style=\"text-align: justify;\"><strong>Ozn\u00e1men\u00ed pro \u017eadatele<\/strong><\/h3>\n<p><strong>15. 3. 2021:<\/strong> Ministerstvo pr\u016fmyslu a obchodu aktualizovalo P\u0159\u00edlohu \u010d. 4 &#8211; Pravidla pro \u017eadatele a p\u0159\u00edjemce z OP PIK &#8211; zvl\u00e1\u0161tn\u00ed \u010d\u00e1st z d\u016fvodu up\u0159esn\u011bn\u00ed v\u00fdpo\u010dtu RPJ:<\/p>\n<ol>\n<li>str. 23\u00a0v p\u0159\u00edkladu byla\u00a0odstran\u011bna v\u011bta &#8222;Do RPJ se z\u00e1rove\u0148\u00a0<strong>nezapo\u010d\u00edt\u00e1vaj\u00ed<\/strong>\u00a0zam\u011bstnanci pracuj\u00edc\u00ed na dohodu o proveden\u00ed pr\u00e1ce nebo dohodu o proveden\u00ed \u010dinnosti&#8220;<\/li>\n<li>str. 24 P\u0159id\u00e1n odstavec: &#8222;V\u00a0p\u0159\u00edpad\u011b realizace v\u00edce projekt\u016f jedn\u00edm p\u0159\u00edjemcem ve\u00a0<strong>stejn\u00e9m m\u00edst\u011b realizace<\/strong>, kdy z\u00e1rove\u0148 doch\u00e1z\u00ed k\u00a0\u010dasov\u00e9mu p\u0159ekryvu projekt\u016f ve sledovan\u00e9m obdob\u00ed rozhodn\u00e9m pro v\u00fdpo\u010det RPJ.<\/li>\n<\/ol>\n<p>&nbsp;<\/p>\n<p style=\"text-align: justify;\">Z d\u016fvodu pot\u0159eby \u0158\u00eddic\u00edho org\u00e1nu sledovat a vyhodnocovat pln\u011bn\u00ed o\u010dek\u00e1van\u00fdch p\u0159\u00ednos\u016f projekt\u016f, kter\u00e9 p\u0159\u00edjemci dotace deklaruj\u00ed v r\u00e1mci p\u0159edkl\u00e1dan\u00fdch \u017e\u00e1dost\u00ed o podporu, doch\u00e1z\u00ed s\u00a0platnost\u00ed od 15. 1. 2020 k roz\u0161\u00ed\u0159en\u00ed po\u017eadovan\u00fdch informac\u00ed, kter\u00e9 p\u0159\u00edjemci dotace budou vykazovat v r\u00e1mci Zpr\u00e1v o udr\u017eitelnosti (ZoU). Jedn\u00e1 se zejm\u00e9na o n\u00e1sleduj\u00edc\u00ed informace v\u00e1zan\u00e9 k zrealizovan\u00e9mu projektu:<\/p>\n<ol style=\"text-align: justify;\">\n<li>Zv\u00fd\u0161en\u00ed\/zm\u011bna objemu v\u00fdvoje SW\/poskytovan\u00fdch slu\u017eeb<\/li>\n<li>Zv\u00fd\u0161en\u00ed pod\u00edlu exportu na v\u00fdkonech<\/li>\n<li>Zv\u00fd\u0161en\u00ed\/zm\u011bna po\u010dtu pracovn\u00edch m\u00edst v d\u016fsledku projektu<\/li>\n<li>Zv\u00fd\u0161en\u00ed\/zkvalitn\u011bn\u00ed portfolia poskytovan\u00e9ho SW\/poskytovan\u00fdch slu\u017eeb<\/li>\n<\/ol>\n<p style=\"text-align: justify;\">V\u00fd\u0161e zm\u00edn\u011bn\u00e9 informace, a\u0165 ji\u017e pozitivn\u00ed, nebo negativn\u00ed (obsah informace nebude m\u00edt dopad na realizovanou akci), je p\u0159\u00edjemce dotace povinen uv\u00e1d\u011bt do textov\u00e9 \u010d\u00e1sti zpr\u00e1vy. Z\u00e1rove\u0148 sv\u00e1 tvrzen\u00ed podlo\u017e\u00ed relevantn\u00edmi podklady, p\u0159\u00edpadn\u011b na n\u011b odk\u00e1\u017ee, pokud jsou tyto um\u00edst\u011bny nap\u0159. na ve\u0159ejn\u011b dostupn\u00fdch rejst\u0159\u00edc\u00edch. Odpov\u00eddaj\u00edc\u00edm zp\u016fsobem byla upravena <a href=\"https:\/\/www.apiagentura.gov.cz\/wp-content\/uploads\/2021\/03\/vyzva-ii-priloha-c-4-pravidla-pro-zadatele-a-prijemce-z-op-pik-zvlastni-cast.pdf\">Pravidla pro \u017eadatele a p\u0159\u00edjemce \u2013 zvl\u00e1\u0161tn\u00ed \u010d\u00e1st<\/a>.<\/p>\n<p>&nbsp;<\/p>\n<h3 style=\"text-align: justify;\">Z\u00e1kladn\u00ed charakteristiky:<\/h3>\n<p style=\"text-align: justify;\"><strong>Kdo m\u016f\u017ee \u017e\u00e1dat<\/strong>\u00a0(p\u0159\u00edjemci podpory):<\/p>\n<ul>\n<li style=\"text-align: justify;\">mal\u00e9, st\u0159edn\u00ed a velk\u00e9 podniky; c\u00edlov\u00e1 skupina p\u0159\u00edjemc\u016f je stanovena v textu v\u00fdzvy<\/li>\n<\/ul>\n<p style=\"text-align: justify;\"><strong>Kolik lze z\u00edskat na jeden projekt\u00a0<\/strong>(forma a v\u00fd\u0161e podpory):<\/p>\n<ul>\n<li style=\"text-align: justify;\">dotace 1mil. &#8211; 50mil. K\u010d<\/li>\n<li style=\"text-align: justify;\">max. v\u00fd\u0161e podpory: mal\u00fd podnik 45% ZV, st\u0159edn\u00ed podnik 35% ZV, velk\u00fd podnik 25% ZV<\/li>\n<\/ul>\n<p style=\"text-align: justify;\"><strong>Na co lze z\u00edskat podporu\u00a0<\/strong>(podporovan\u00e9 aktivity):<\/p>\n<ul>\n<li style=\"text-align: justify;\">tvorba nov\u00fdch IS\/ICT \u0159e\u0161en\u00ed \u2013 tzn. tvorba modern\u00edch digit\u00e1ln\u00edch slu\u017eeb, aplikac\u00ed a firmware nap\u0159. v oblasti komunikace, z\u00e1bavy, obchodov\u00e1n\u00ed, vzd\u011bl\u00e1v\u00e1n\u00ed, zdravotnictv\u00ed, p\u0159\u00edstupu k zam\u011bstn\u00e1n\u00ed nebo i v oblasti kulturn\u00edch a kreativn\u00edch pr\u016fmysl\u016f v\u010detn\u011b souvisej\u00edc\u00ed implementace<\/li>\n<\/ul>\n<p style=\"text-align: justify;\"><strong>Jak\u00e9 v\u00fddaje je mo\u017en\u00e9 podpo\u0159it\u00a0<\/strong>(zp\u016fsobil\u00e9 v\u00fddaje):<\/p>\n<ul>\n<li style=\"text-align: justify;\">osobn\u00ed n\u00e1klady (ve v\u00fd\u0161i minim\u00e1ln\u011b 50% v\u0161ech zp\u016fsobil\u00fdch v\u00fddaj\u016f), n\u00e1jemn\u00e9, slu\u017eby expert\u016f<\/li>\n<li style=\"text-align: justify;\">hardware, software a ostatn\u00ed v\u00fddaje souvisej\u00edc\u00ed s projektem v re\u017eimu de minimis<\/li>\n<\/ul>\n<p style=\"text-align: justify;\"><strong>Specifika a omezen\u00ed:<\/strong><\/p>\n<ul>\n<li style=\"text-align: justify;\">projekt mus\u00ed b\u00fdt realizov\u00e1n na \u00fazem\u00ed \u010cR mimo hlavn\u00edho m\u011bsta Prahy<\/li>\n<li style=\"text-align: justify;\">shoda projektu s N\u00e1rodn\u00ed v\u00fdzkumnou a inova\u010dn\u00ed strategi\u00ed pro inteligentn\u00ed specializaci \u010cesk\u00e9 republiky bude ov\u011b\u0159ena v r\u00e1mci hodnocen\u00ed projektu<\/li>\n<li style=\"text-align: justify;\">po\u010det projekt\u016f od jednoho \u017eadatele (1I\u010c) v r\u00e1mci V\u00fdzvy je omezen na 1 aktivn\u00ed \u017e\u00e1dost<\/li>\n<\/ul>\n<p style=\"text-align: justify;\"><strong>Syst\u00e9m sb\u011bru \u017e\u00e1dost\u00ed:<\/strong><\/p>\n<ul>\n<li style=\"text-align: justify;\">kolov\u00fd<\/li>\n<\/ul>\n<p><\/p>","protected":false},"excerpt":{"rendered":"<p>M\u00e1te v pl\u00e1nu vytvo\u0159it nov\u00e9 softwarov\u00e9 \u0159e\u0161en\u00ed? Potom je pro V\u00e1s ur\u010den program ICT a sd\u00edlen\u00e9 slu\u017eby.<\/p>\n","protected":false},"author":35,"featured_media":0,"parent":150,"menu_order":0,"comment_status":"closed","ping_status":"closed","template":"","meta":{"inline_featured_image":false,"footnotes":""},"class_list":["post-2581","page","type-page","status-publish","hentry"],"publishpress_future_action":{"enabled":false,"date":"2026-05-02 03:45:05","action":"change-status","newStatus":"draft","terms":[],"taxonomy":"","extraData":[]},"publishpress_future_workflow_manual_trigger":{"enabledWorkflows":[]},"_links":{"self":[{"href":"https:\/\/apiagentura.gov.cz\/cs\/wp-json\/wp\/v2\/pages\/2581","targetHints":{"allow":["GET"]}}],"collection":[{"href":"https:\/\/apiagentura.gov.cz\/cs\/wp-json\/wp\/v2\/pages"}],"about":[{"href":"https:\/\/apiagentura.gov.cz\/cs\/wp-json\/wp\/v2\/types\/page"}],"author":[{"embeddable":true,"href":"https:\/\/apiagentura.gov.cz\/cs\/wp-json\/wp\/v2\/users\/35"}],"replies":[{"embeddable":true,"href":"https:\/\/apiagentura.gov.cz\/cs\/wp-json\/wp\/v2\/comments?post=2581"}],"version-history":[{"count":0,"href":"https:\/\/apiagentura.gov.cz\/cs\/wp-json\/wp\/v2\/pages\/2581\/revisions"}],"up":[{"embeddable":true,"href":"https:\/\/apiagentura.gov.cz\/cs\/wp-json\/wp\/v2\/pages\/150"}],"wp:attachment":[{"href":"https:\/\/apiagentura.gov.cz\/cs\/wp-json\/wp\/v2\/media?parent=2581"}],"curies":[{"name":"wp","href":"https:\/\/api.w.org\/{rel}","templated":true}]}}