{"id":2638,"date":"2016-10-24T16:53:53","date_gmt":"2016-10-24T15:53:53","guid":{"rendered":"https:\/\/www.apiagentura.gov.cz\/?page_id=2638"},"modified":"2020-10-08T15:56:52","modified_gmt":"2020-10-08T13:56:52","slug":"spoluprace-klastry-vyzva-iii","status":"publish","type":"page","link":"https:\/\/apiagentura.gov.cz\/cs\/programy-podpory\/spoluprace\/spoluprace-klastry-vyzva-iii\/","title":{"rendered":"Spolupr\u00e1ce &#8211; Klastry &#8211; V\u00fdzva III"},"content":{"rendered":"<p><\/p>\n<h3>Ozn\u00e1men\u00ed pro \u017eadatele<\/h3>\n<p style=\"text-align: justify;\">Pokud jsou v\u00a0r\u00e1mci \u017d\u00e1dosti o platbu n\u00e1rokov\u00e1ny osobn\u00ed n\u00e1klady zam\u011bstnanc\u016f ve zp\u016fsobil\u00fdch v\u00fddaj\u00edch projektu, <strong>jsou \u017eadatel\u00e9 od <\/strong><strong>6.10.2020 povinni dolo\u017eit na z\u00e1klad\u011b v\u00fdzvy projektov\u00e9ho mana\u017eera vzorek mzdov\u00fdch list\u016f<\/strong> n\u00e1rokovan\u00fdch zam\u011bstnanc\u016f.\u00a0Jedn\u00e1 se o n\u00e1pravn\u00e9 opat\u0159en\u00ed pro sn\u00ed\u017een\u00ed chybovosti p\u0159i vypl\u0148ov\u00e1n\u00ed mzdov\u00e9 tabulky ze strany \u017eadatel\u016f.<\/p>\n<p>&nbsp;<\/p>\n<h3>Uplatn\u011bn\u00ed v\u00fdjimky dle ustanoven\u00ed \u00a7 29 Z\u00e1kona \u010d. 134\/2016 Sb. o zad\u00e1v\u00e1n\u00ed ve\u0159ejn\u00fdch zak\u00e1zek, nebo \u00a7 18 z\u00e1kona \u010d. 137\/2006 Sb.<\/h3>\n<p>Uplatn\u011bn\u00ed v\u00fdjimky dle ustanoven\u00ed \u00a7 29 Z\u00e1kona \u010d. 134\/2016 Sb. o zad\u00e1v\u00e1n\u00ed ve\u0159ejn\u00fdch zak\u00e1zek, nebo \u00a7 18 z\u00e1kona \u010d. 137\/2006 Sb., z\u00e1kon o ve\u0159ejn\u00fdch zak\u00e1zk\u00e1ch, se t\u00fdk\u00e1 po\u0159\u00edzen\u00ed slu\u017eeb pro \u00fa\u010dely projektu v\u00a0oblasti v\u00fdzkumu a v\u00fdvoje a umo\u017e\u0148uje \u017eadatel\u016fm o dotaci \/p\u0159\u00edjemc\u016fm dotace upustit od povinnosti vypsat v\u00fdb\u011brov\u00e9 \u0159\u00edzen\u00ed na po\u0159\u00edzen\u00ed v\u00fd\u0161e zm\u00edn\u011bn\u00fdch slu\u017eeb za p\u0159edpokladu spln\u011bn\u00ed podm\u00ednek uveden\u00fdch v \u00a7 29 Z\u00e1kona \u010d. 134\/2016 Sb. o zad\u00e1v\u00e1n\u00ed ve\u0159ejn\u00fdch zak\u00e1zek, resp. \u00a7 18 z\u00e1kona \u010d. 137\/2006 Sb., z\u00e1kon o ve\u0159ejn\u00fdch zak\u00e1zk\u00e1ch. V\u00fdb\u011br z\u00a0t\u011bchto 2 mo\u017enost\u00ed je podm\u00edn\u011bn dobou uzav\u0159en\u00ed smluvn\u00ed dokumentac\u00ed, tj. v\u00a0dob\u011b platnosti z\u00e1kona \u010d. 137\/2006, nebo z\u00e1kona \u010d. 134\/2016, proto\u017ee realizace n\u011bkter\u00fdch projekt\u016f z\u00a0d\u00e1le uveden\u00fdch program\u016f byla ji\u017e zah\u00e1jena. <strong>Ustanoven\u00ed \u0158\u00edd\u00edc\u00edho org\u00e1nu OP PIK tedy teoreticky mohou vyu\u017e\u00edt \u017eadatel\u00e9 o dotaci\/p\u0159\u00edjemci dotace v\u00a0programech Aplikace, Spolupr\u00e1ce \u2013 Klastry \u2013 kolektivn\u00ed v\u00fdzkum a Proof of Concept. D\u00e1le upozor\u0148ujeme na \u00fa\u010dinnost tohoto ozn\u00e1men\u00ed. Je ji t\u0159eba vn\u00edmat tak, \u017ee se vztahuje nejen na v\u0161echny \u017e\u00e1dost\u00ed o platbu (p\u0159\u00edjemce vyu\u017e\u00edv\u00e1 v\u00fdjimku) podan\u00e9 po 26. 3. 2018, ale i pro v\u0161echny ji\u017e podan\u00e9 \u00a0\u017e\u00e1dosti o platbu (p\u0159\u00edjemce vyu\u017e\u00edv\u00e1 v\u00fdjimku), kter\u00fdm nebyla \u017e\u00e1dost o platbu dosud schv\u00e1lena.<\/strong><\/p>\n<p>V\u00edce informac\u00ed naleznete v novince na webu <a href=\"https:\/\/www.apiagentura.gov.cz\/cs\/oznameni-zadatele-prijemce-dotace-programu-op-pik\/\">API<\/a>, p\u0159\u00edpadn\u011b v p\u016fvodn\u00ed zpr\u00e1v\u011b na webov\u00fdch str\u00e1nk\u00e1ch <a href=\"https:\/\/www.mpo.cz\/cz\/podnikani\/dotace-a-podpora-podnikani\/oppik-2014-2020\/evaluace-a-analyzy\/oznameni-pro-zadatele-prijemce-dotace-programu-op-pik---235228\/\">MPO<\/a>.<\/p>\n<hr \/>\n<h3>Z\u00e1kladn\u00ed charakteristiky:<\/h3>\n<p><strong>Kdo m\u016f\u017ee \u017e\u00e1dat<\/strong>\u00a0(p\u0159\u00edjemci podpory):<\/p>\n<ul>\n<li>podnikatelsk\u00e9 subjekty (spl\u0148uj\u00edc\u00ed definici klastru), v\u00fdzkumn\u00e9 organizace<\/li>\n<\/ul>\n<p><strong>Kolik lze z\u00edskat na jeden projekt<\/strong>\u00a0(forma a v\u00fd\u0161e podpory):<\/p>\n<ul>\n<li>M\u00edra podpory:<br \/>\n&#8211; pro aktivitu 3.1a)\u00a045% ze zp\u016fsobil\u00fdch v\u00fddaj\u016f pro mal\u00e9 podniky a 35% ze zp\u016fsobil\u00fdch v\u00fddaj\u016f pro\u00a0st\u0159edn\u00ed podniky pro kategorii experiment\u00e1ln\u00ed v\u00fdvoj,\u00a070% ze zp\u016fsobil\u00fdch v\u00fddaj\u016f pro mal\u00e9 podniky a 60% ze zp\u016fsobil\u00fdch v\u00fddaj\u016f pro\u00a0st\u0159edn\u00ed podniky pro kategorii pr\u016fmyslov\u00fd v\u00fdzkum<br \/>\n&#8211; pro aktivitu 3.1b), c) a d)\u00a050% ze zp\u016fsobil\u00fdch v\u00fddaj\u016f<\/li>\n<li>min. absolutn\u00ed dotace pro jeden projekt: 500 000 K\u010d<\/li>\n<li>max. absolutn\u00ed dotace pro jeden projekt v r\u00e1mci aktivity 3.1a)\u00a040 000 000 K\u010d pro excelentn\u00ed klastry\/ na 1 podprojekt max. 15 000 000 K\u010d,\u00a020 000 000 K\u010d pro rozvinut\u00e9 klastry\/ na 1 podprojekt max. 10 000 000 K\u010d<\/li>\n<li>max. absolutn\u00ed dotace pro jeden projekt v r\u00e1mci aktivity 3.1b)\u00a015 000 000 K\u010d pro excelentn\u00ed klastry, 10 000 000 K\u010d pro rozvinut\u00e9 klastry<\/li>\n<li>max. absolutn\u00ed dotace pro jeden projekt v r\u00e1mci aktivity 3.1c) a 3.1d)\u00a05 000 000 K\u010d pro excelentn\u00ed klastry, 4 000 000 pro rozvinut\u00e9 klastry, 3 000 000 pro\u00a0nezral\u00e9 klastry<\/li>\n<\/ul>\n<p><strong>Na co lze z\u00edskat podporu<\/strong>\u00a0(podporovan\u00e9 aktivity):<\/p>\n<ul>\n<li>3.1 a) kolektivn\u00ed v\u00fdzkum<\/li>\n<li>3.1 b) sd\u00edlen\u00e1 infrastruktura<\/li>\n<li>3.1 c) internacionalizace klastru<\/li>\n<li>3.1 d) rozvoj klastrov\u00e9 organizace<\/li>\n<\/ul>\n<p><strong>Jak\u00e9 v\u00fddaje je mo\u017en\u00e9 podpo\u0159it<\/strong> (zp\u016fsobil\u00e9 v\u00fddaje):<\/p>\n<ul>\n<li>pro aktivitu 3.1a)\u00a0mzdy a pojistn\u00e9, extern\u011b po\u0159izovan\u00e9 slu\u017eby ve v\u00fdzkumu a v\u00fdvoji (smluvn\u00ed v\u00fdzkum,\u00a0konzulta\u010dn\u00ed slu\u017eby), materi\u00e1l, dodate\u010dn\u00e9 re\u017eijn\u00ed n\u00e1klady<\/li>\n<li>pro aktivitu 3.1b) n\u00e1kup staveb, technick\u00e9 zhodnocen\u00ed staveb, stroje a za\u0159\u00edzen\u00ed v\u010detn\u011b hardware a s\u00edt\u00ed,\u00a0software a data, pr\u00e1va du\u0161evn\u00edho vlastnictv\u00ed, n\u00e1jem<\/li>\n<li>pro aktivitu 3.1c) mzdy a pojistn\u00e9, cestovn\u00e9, slu\u017eby poradc\u016f, expert\u016f, studie, marketing a propagace,\u00a0semin\u00e1\u0159e, konference.<\/li>\n<li>pro aktivitu 3.1d) mzdy a pojistn\u00e9, cestovn\u00e9, marketing a propagace, semin\u00e1\u0159e, konference, n\u00e1jem, spr\u00e1va<br \/>\nza\u0159\u00edzen\u00ed klastru, materi\u00e1l<\/li>\n<\/ul>\n<p><strong>Specifika a omezen\u00ed:<\/strong><\/p>\n<ul>\n<li>projekt mus\u00ed b\u00fdt realizov\u00e1n na \u00fazem\u00ed \u010cR mimo hlavn\u00edho m\u011bsta Prahy<\/li>\n<li>shoda projektu s N\u00e1rodn\u00ed v\u00fdzkumnou a inova\u010dn\u00ed strategi\u00ed pro inteligentn\u00ed specializaci \u010cesk\u00e9\u00a0republiky bude ov\u011b\u0159ena v r\u00e1mci hodnocen\u00ed projektu<\/li>\n<li>ka\u017ed\u00fd \u017eadatel (1 I\u010c) je v t\u00e9to V\u00fdzv\u011b opr\u00e1vn\u011bn p\u0159edlo\u017eit maxim\u00e1ln\u011b \u010dty\u0159i projekty (tzn. \u010dty\u0159i aktivn\u00ed \u017e\u00e1dosti, ve kter\u00fdch vystupuje jako p\u0159\u00edjemce), a to v\u017edy pouze 1 projekt na ka\u017edou podporovanou aktivitu; toto omezen\u00ed se nevztahuje na projekty pod\u00e1van\u00e9 p\u0159es mezin\u00e1rodn\u00ed s\u00ed\u0165 CORNET<\/li>\n<\/ul>\n<p><strong>Syst\u00e9m sb\u011bru \u017e\u00e1dost\u00ed:<\/strong><\/p>\n<ul>\n<li>kolov\u00fd<\/li>\n<\/ul>\n<p><\/p>","protected":false},"excerpt":{"rendered":"<p>C\u00edlem programu je podpo\u0159it rozvoj inova\u010dn\u00edch s\u00edt\u00ed \u2013 klastr\u016f jako n\u00e1stroje pro zv\u00fd\u0161en\u00ed intenzity spole\u010dn\u00fdch v\u00fdzkumn\u00fdch, v\u00fdvojov\u00fdch a inova\u010dn\u00edch aktivit mezi podnikatelsk\u00fdmi subjekty a v\u00fdzkumnou sf\u00e9rou.<\/p>\n","protected":false},"author":35,"featured_media":0,"parent":118,"menu_order":0,"comment_status":"closed","ping_status":"closed","template":"","meta":{"inline_featured_image":false,"footnotes":""},"class_list":["post-2638","page","type-page","status-publish","hentry"],"publishpress_future_action":{"enabled":false,"date":"2026-05-06 17:15:40","action":"change-status","newStatus":"draft","terms":[],"taxonomy":"","extraData":[]},"publishpress_future_workflow_manual_trigger":{"enabledWorkflows":[]},"_links":{"self":[{"href":"https:\/\/apiagentura.gov.cz\/cs\/wp-json\/wp\/v2\/pages\/2638","targetHints":{"allow":["GET"]}}],"collection":[{"href":"https:\/\/apiagentura.gov.cz\/cs\/wp-json\/wp\/v2\/pages"}],"about":[{"href":"https:\/\/apiagentura.gov.cz\/cs\/wp-json\/wp\/v2\/types\/page"}],"author":[{"embeddable":true,"href":"https:\/\/apiagentura.gov.cz\/cs\/wp-json\/wp\/v2\/users\/35"}],"replies":[{"embeddable":true,"href":"https:\/\/apiagentura.gov.cz\/cs\/wp-json\/wp\/v2\/comments?post=2638"}],"version-history":[{"count":0,"href":"https:\/\/apiagentura.gov.cz\/cs\/wp-json\/wp\/v2\/pages\/2638\/revisions"}],"up":[{"embeddable":true,"href":"https:\/\/apiagentura.gov.cz\/cs\/wp-json\/wp\/v2\/pages\/118"}],"wp:attachment":[{"href":"https:\/\/apiagentura.gov.cz\/cs\/wp-json\/wp\/v2\/media?parent=2638"}],"curies":[{"name":"wp","href":"https:\/\/api.w.org\/{rel}","templated":true}]}}