{"id":264,"date":"2016-07-12T11:07:45","date_gmt":"2016-07-12T10:07:45","guid":{"rendered":"http:\/\/www.ci-api.stage2.goodshape.cz\/?page_id=264"},"modified":"2023-04-04T10:29:16","modified_gmt":"2023-04-04T08:29:16","slug":"sluzby-infrastruktury-vyzva-i","status":"publish","type":"page","link":"https:\/\/apiagentura.gov.cz\/cs\/programy-podpory\/sluzby-infrastruktury\/sluzby-infrastruktury-vyzva-i\/","title":{"rendered":"Slu\u017eby infrastruktury \u2013 V\u00fdzva I"},"content":{"rendered":"<p><\/p>\n<p style=\"text-align: left;\">Tato v\u00fdzva je v MS2014+ rozd\u011blena na 6 d\u00edl\u010d\u00edch v\u00fdzev dle podporovan\u00fdch aktivit.<\/p>\n<ul style=\"text-align: left;\">\n<li style=\"text-align: justify;\">Slu\u017eby infrastruktury \u2014 Ve\u0159ejn\u00e1 podpora \u2014 aktivita b)<\/li>\n<li style=\"text-align: justify;\">Slu\u017eby infrastruktury \u2014 Neve\u0159ejn\u00e1 podpora \u2014 aktivita b)<\/li>\n<li style=\"text-align: justify;\">Slu\u017eby infrastruktury \u2014 Ve\u0159ejn\u00e1 podpora \u2014 aktivita c)<\/li>\n<li style=\"text-align: justify;\">Slu\u017eby infrastruktury \u2014 Neve\u0159ejn\u00e1 podpora \u2014 aktivita c)<\/li>\n<li style=\"text-align: justify;\">Slu\u017eby infrastruktury \u2014 Ve\u0159ejn\u00e1 podpora \u2014 aktivita d)<\/li>\n<li style=\"text-align: justify;\">Slu\u017eby infrastruktury \u2014 Neve\u0159ejn\u00e1 podpora \u2014 aktivita d)<\/li>\n<\/ul>\n<h3 style=\"text-align: left;\">Z\u00e1kladn\u00ed charakteristiky:<\/h3>\n<p style=\"text-align: left;\"><strong>Kdo m\u016f\u017ee \u017e\u00e1dat\u00a0(p\u0159\u00edjemci podpory):\u00a0\u00a0<\/strong><\/p>\n<ul style=\"text-align: left;\">\n<li style=\"text-align: justify;\">pr\u00e1vnick\u00e1 osoba, kter\u00e1 bude p\u016fsobit jako vlastn\u00edk\/provozovatel inova\u010dn\u00ed infrastruktury (v\u011bdeckotechnick\u00e9ho parku, inova\u010dn\u00edho centra nebo podnikatelsk\u00e9ho inkub\u00e1toru), dle podm\u00ednek programu bude v\u00e9st analytickou \u00fa\u010detn\u00ed evidenci ve vztahu ke zp\u016fsobil\u00fdm v\u00fddaj\u016fm projektu, nezbytnou pro prov\u00e1d\u011bn\u00ed audit\u016f a kontrol a ve sv\u00fdch stanov\u00e1ch m\u00e1 explicitn\u011b zakotveno, \u017ee byla z\u0159\u00edzena za \u00fa\u010delem podpo\u0159it intenzitu, kvalitu a rychlost \u0161\u00ed\u0159en\u00ed inovac\u00ed a transferu technologi\u00ed do hospod\u00e1\u0159sk\u00e9 praxe dan\u00e9ho regionu s d\u016frazem na progresivn\u00ed (hightech) technologie<\/li>\n<li style=\"text-align: justify;\">municipalita<\/li>\n<li style=\"text-align: justify;\">vysok\u00e1 \u0161kola, univerzita<\/li>\n<\/ul>\n<p style=\"text-align: left;\"><strong>Kolik lze z\u00edskat na jeden projekt\u00a0(forma a v\u00fd\u0161e podpory):<\/strong><\/p>\n<ul style=\"text-align: left;\">\n<li style=\"text-align: justify;\">dotace na projekt je poskytov\u00e1na ve v\u00fd\u0161i:<\/li>\n<\/ul>\n<p style=\"text-align: left; padding-left: 30px;\">&#8211; 1 -30 mil. K\u010d v p\u0159\u00edpad\u011b projekt\u016f neobsahuj\u00edc\u00edch stavebn\u00ed pr\u00e1ce<\/p>\n<p style=\"text-align: left; padding-left: 30px;\">&#8211; 5 &#8211; 300 mil. K\u010d v p\u0159\u00edpad\u011b projekt\u016f obsahuj\u00edc\u00edch stavebn\u00ed pr\u00e1ce<\/p>\n<ul style=\"text-align: left;\">\n<li style=\"text-align: justify;\">m\u00edra podpory<\/li>\n<\/ul>\n<p style=\"text-align: left; padding-left: 30px;\">&#8211; 50 % z prok\u00e1zan\u00fdch zp\u016fsobil\u00fdch v\u00fddaj\u016f<\/p>\n<p style=\"text-align: left; padding-left: 30px;\">&#8211; 75 % z prok\u00e1zan\u00fdch zp\u016fsobil\u00fdch v\u00fddaj\u016f dle R\u00e1mce mimo re\u017eim ve\u0159ejn\u00e9 podpory pro\u00a0 p\u0159\u00edjemce, kte\u0159\u00ed spl\u0148uj\u00ed podm\u00ednky bod\u016f 19 a 20 Sd\u011blen\u00ed Komise \u2013 R\u00e1mec pro st\u00e1tn\u00ed podporu v\u00fdzkumu, v\u00fdvoje a inovac\u00ed (2014\/C 198\/01)<\/p>\n<p style=\"text-align: left;\"><strong>Na co lze z\u00edskat podporu\u00a0(podporovan\u00e9 aktivity):<\/strong><\/p>\n<ul style=\"text-align: left;\">\n<li style=\"text-align: justify;\">aktivita b) provozov\u00e1n\u00ed inova\u010dn\u00ed infrastruktury &#8211; pouze v re\u017eimu de minimis<\/li>\n<li style=\"text-align: justify;\">aktivita c) roz\u0161\u00ed\u0159en\u00ed prostor inova\u010dn\u00ed infrastruktury, po\u0159\u00edzen\u00ed nov\u00e9ho vybaven\u00ed a zlep\u0161en\u00ed kapacit pro spole\u010dn\u00e9 vyu\u017e\u00edv\u00e1n\u00ed technologi\u00ed<\/li>\n<li style=\"text-align: justify;\">aktivita d) v\u00fdstavba nov\u00e9 sd\u00edlen\u00e9 inova\u010dn\u00ed infrastruktury v regionu, kde bude prok\u00e1z\u00e1n nedostatek vhodn\u00e9 v\u00fdzkumn\u00e9 nebo inova\u010dn\u00ed infrastruktury pro podnikatelsk\u00e9 subjekty<\/li>\n<\/ul>\n<p style=\"text-align: left;\"><strong>Jak\u00e9 v\u00fddaje je mo\u017en\u00e9 podpo\u0159it\u00a0(zp\u016fsobil\u00e9 v\u00fddaje):<\/strong><\/p>\n<ul style=\"text-align: left;\">\n<li style=\"text-align: justify;\">v\u00fddaje na po\u0159\u00edzen\u00ed dlouhodob\u00e9ho hmotn\u00e9ho majetku nap\u0159. n\u00e1kup pozemk\u016f, budov, stroj\u016f a jin\u00e9ho za\u0159\u00edzen\u00ed nezbytn\u00e9ho pro vybaven\u00ed inova\u010dn\u00ed infrastruktury za podm\u00ednky, \u017ee se jedn\u00e1 o odepisovateln\u00e1 aktiva (mimo pozemek)<\/li>\n<li style=\"text-align: justify;\">v\u00fddaje na po\u0159\u00edzen\u00ed dlouhodob\u00e9ho nehmotn\u00e9ho majetku (po\u0159\u00edzen\u00ed patent\u016f, licenc\u00ed a know-how nep\u0159esahuj\u00edc\u00ed cenu obvyklou stanovenou posudkem soudn\u00edho znalce, p\u0159i\u010dem\u017e posudek nesm\u00ed b\u00fdt ke dni po\u0159\u00edzen\u00ed majetku star\u0161\u00ed ne\u017e 3 m\u011bs\u00edc\u016f; software apod.)<\/li>\n<li style=\"text-align: justify;\">n\u00e1klady na po\u0159\u00edzen\u00ed dlouhodob\u00e9ho nehmotn\u00e9ho majetku do v\u00fd\u0161e 50 % celkov\u00fdch zp\u016fsobil\u00fdch v\u00fddaj\u016f na projekt<\/li>\n<li style=\"text-align: justify;\">provozn\u00ed n\u00e1klady, zejm\u00e9na slu\u017eby poradc\u016f, expert\u016f, studie, \u0161kolen\u00ed, semin\u00e1\u0159e, workshopy, propagace, s\u00ed\u0165ov\u00e9 neskladovateln\u00e9 dod\u00e1vky apod. n\u00e1klady na povinnou publicitu projektu jsou zp\u016fsobil\u00e9 pouze tehdy, pokud napl\u0148uj\u00ed znaky povinn\u00e9 publicity uveden\u00e9 v pravidlech ur\u010den\u00fdch poskytovatelem podpory<\/li>\n<\/ul>\n<p style=\"text-align: left;\"><strong>Specifika a omezen\u00ed:<\/strong><\/p>\n<ul style=\"text-align: left;\">\n<li style=\"text-align: justify;\">projekt mus\u00ed b\u00fdt realizov\u00e1n na \u00fazem\u00ed \u010cR mimo hlavn\u00edho m\u011bsta Prahy<\/li>\n<li style=\"text-align: justify;\">shoda projektu s N\u00e1rodn\u00ed RIS3 strategi\u00ed bude ov\u011b\u0159ena v r\u00e1mci hodnocen\u00ed projektu, a to z hlediska napl\u0148ov\u00e1n\u00ed krit\u00e9ri\u00ed pro hodnocen\u00ed definovan\u00fdch v t\u00e9to v\u00fdzv\u011b<\/li>\n<li style=\"text-align: justify;\">ka\u017ed\u00fd \u017eadatel (1 I\u010c) je v t\u00e9to v\u00fdzv\u011b opr\u00e1vn\u011bn p\u0159edlo\u017eit maxim\u00e1ln\u011b \u010dty\u0159i projekty (tzn. \u010dty\u0159i aktivn\u00ed \u017e\u00e1dosti o podporu, ve kter\u00fdch vystupuje jako p\u0159\u00edjemce)<\/li>\n<\/ul>\n<p style=\"text-align: left;\"><strong>Syst\u00e9m sb\u011bru \u017e\u00e1dost\u00ed:<\/strong><\/p>\n<ul>\n<li style=\"text-align: left;\">kolov\u00fd<\/li>\n<\/ul>\n<p><\/p>","protected":false},"excerpt":{"rendered":"<p>Hlavn\u00edm c\u00edlem programu podpory Slu\u017eby infrastruktury je zkvalit\u0148ovat slu\u017eby podp\u016frn\u00e9 inova\u010dn\u00ed infrastruktury, kter\u00e1 povede ke zv\u00fd\u0161en\u00ed intenzity spole\u010dn\u00fdch v\u00fdzkumn\u00fdch, v\u00fdvojov\u00fdch a inova\u010dn\u00edch aktivit mezi podnikatelsk\u00fdmi subjekty a mezi ve\u0159ejn\u00fdm a podnikov\u00fdm sektorem se zam\u011b\u0159en\u00edm zejm\u00e9na na realizaci nov\u00fdch technologi\u00ed a konkurenceschopn\u00fdch v\u00fdrobk\u016f a slu\u017eeb. Tyto aktivity povedou ke zlep\u0161en\u00ed mezisektorov\u00e9 spolupr\u00e1ce a podm\u00ednek pro rozvoj inova\u010dn\u00edch firem a konkuren\u010dn\u00ed v\u00fdhody jako z\u00e1sadn\u00edho prvku ovliv\u0148uj\u00edc\u00edho efektivitu cel\u00e9ho inova\u010dn\u00edho syst\u00e9mu v \u010cR.<\/p>\n","protected":false},"author":35,"featured_media":0,"parent":120,"menu_order":0,"comment_status":"closed","ping_status":"closed","template":"","meta":{"inline_featured_image":false,"footnotes":""},"class_list":["post-264","page","type-page","status-publish","hentry"],"publishpress_future_action":{"enabled":false,"date":"2026-05-06 23:35:17","action":"change-status","newStatus":"draft","terms":[],"taxonomy":"","extraData":[]},"publishpress_future_workflow_manual_trigger":{"enabledWorkflows":[]},"_links":{"self":[{"href":"https:\/\/apiagentura.gov.cz\/cs\/wp-json\/wp\/v2\/pages\/264","targetHints":{"allow":["GET"]}}],"collection":[{"href":"https:\/\/apiagentura.gov.cz\/cs\/wp-json\/wp\/v2\/pages"}],"about":[{"href":"https:\/\/apiagentura.gov.cz\/cs\/wp-json\/wp\/v2\/types\/page"}],"author":[{"embeddable":true,"href":"https:\/\/apiagentura.gov.cz\/cs\/wp-json\/wp\/v2\/users\/35"}],"replies":[{"embeddable":true,"href":"https:\/\/apiagentura.gov.cz\/cs\/wp-json\/wp\/v2\/comments?post=264"}],"version-history":[{"count":0,"href":"https:\/\/apiagentura.gov.cz\/cs\/wp-json\/wp\/v2\/pages\/264\/revisions"}],"up":[{"embeddable":true,"href":"https:\/\/apiagentura.gov.cz\/cs\/wp-json\/wp\/v2\/pages\/120"}],"wp:attachment":[{"href":"https:\/\/apiagentura.gov.cz\/cs\/wp-json\/wp\/v2\/media?parent=264"}],"curies":[{"name":"wp","href":"https:\/\/api.w.org\/{rel}","templated":true}]}}