{"id":26414,"date":"2021-05-26T22:53:44","date_gmt":"2021-05-26T20:53:44","guid":{"rendered":"https:\/\/www.apiagentura.gov.cz\/?page_id=26414"},"modified":"2021-10-22T12:15:51","modified_gmt":"2021-10-22T10:15:51","slug":"inovace-vyzva-ix-inovacni-projekt","status":"publish","type":"page","link":"https:\/\/apiagentura.gov.cz\/cs\/programy-podpory\/inovace\/inovace-vyzva-ix-inovacni-projekt\/","title":{"rendered":"Inovace &#8211; V\u00fdzva IX (inova\u010dn\u00ed projekt)"},"content":{"rendered":"<p><strong>Upozorn\u011bn\u00ed pro \u017eadatele:<\/strong><\/p>\n<p><strong>22. 10. 2021:\u00a0<\/strong>\u0158\u00eddic\u00ed org\u00e1n OP PIK ozn\u00e1mil, \u017ee do\u0161lo k\u00a0<strong>nav\u00fd\u0161en\u00ed alokace\u00a0<\/strong>V\u00fdzvy IX programu Inovace-Inova\u010dn\u00ed projekt\u00a0<strong>o 800 mil. K\u010d<\/strong>, celkov\u011b tedy\u00a0<strong>na \u010d\u00e1stku 1\u00a0800 mil. K\u010d<\/strong>. To umo\u017en\u00ed\u00a0<strong>v\u0161em<\/strong>\u00a0<strong>projekt\u016fm<\/strong>, je\u017e\u00a0ve v\u011bcn\u00e9m hodnocen\u00ed (bez zapo\u010dten\u00ed bod\u016f za finan\u010dn\u00ed rating)\u00a0<strong>z\u00edskaly 60 bod\u016f a v\u00edce<\/strong>, jejich\u00a0<strong>postoupen\u00ed<\/strong>\u00a0v\u00a0r\u00e1mci administrace\u00a0<strong>do f\u00e1ze p\u0159\u00edpravy \u017e\u00e1dosti pro vyd\u00e1n\u00ed Rozhodnut\u00ed o\u00a0poskytnut\u00ed dotace.\u00a0<\/strong>V\u011b\u0159\u00edme, \u017ee toto opat\u0159en\u00ed napom\u016f\u017ee urychlit realizaci projekt\u016f.<\/p>\n<p><strong>P\u0159edpokladem pro vyd\u00e1n\u00ed Rozhodnut\u00ed o poskytnut\u00ed dotace<\/strong>\u00a0je i nad\u00e1le<strong>\u00a0doporu\u010den\u00ed k\u00a0financov\u00e1n\u00ed\u00a0v\u00fdb\u011brovou komis\u00ed, kontrola transparentn\u00edho bal\u00ed\u010dku a velikosti podniku \u017eadatele<\/strong>; \u017e\u00e1dost o podporu mus\u00ed plnit v\u0161echny podm\u00ednky V\u00fdzvy IX.<\/p>\n<table class=\"call-detail\" style=\"height: 1720px;\" width=\"815\">\n<tbody>\n<tr style=\"height: 400px;\">\n<td style=\"width: 294.4px; height: 473px;\" rowspan=\"2\"><strong>Na co lze z\u00edskat podporu<\/strong>\u00a0(podporovan\u00e9 aktivity):<\/p>\n<ul>\n<li>zv\u00fd\u0161en\u00ed technick\u00fdch a\u00a0u\u017eitn\u00fdch hodnot v\u00fdrobk\u016f, technologi\u00ed a\u00a0slu\u017eeb (produktov\u00e1 inovace)<\/li>\n<li>zv\u00fd\u0161en\u00ed efektivnosti proces\u016f v\u00fdroby a\u00a0poskytov\u00e1n\u00ed slu\u017eeb (procesn\u00ed inovace)<\/li>\n<li>zaveden\u00ed nov\u00fdch metod organizace firemn\u00edch proces\u016f prost\u0159ednictv\u00edm zav\u00e1d\u011bn\u00ed nov\u00fdch informa\u010dn\u00edch syst\u00e9m\u016f integruj\u00edc\u00ed a\u00a0automatizuj\u00edc\u00ed procesy uvnit\u0159 podniku zam\u011b\u0159en\u00e9 p\u0159edev\u0161\u00edm na propojen\u00ed v\u00fdzkumn\u00fdch a\u00a0v\u00fdvojov\u00fdch aktivit, inovac\u00ed a\u00a0v\u00fdroby (organiza\u010dn\u00ed inovace)<\/li>\n<li>zv\u00fd\u0161en\u00ed prodeje v\u00fdrobk\u016f a\u00a0slu\u017eeb prost\u0159ednictv\u00edm v\u00fdznamn\u00e9 zm\u011bny v\u00a0designu produktu nebo balen\u00ed nebo zaveden\u00ed nov\u00fdch prodejn\u00edch kan\u00e1l\u016f (marketingov\u00e1 inovace)<\/li>\n<\/ul>\n<p><strong>Kdo m\u016f\u017ee \u017e\u00e1dat<\/strong>\u00a0(p\u0159\u00edjemci podpory):<\/p>\n<ul>\n<li>mal\u00e9 a st\u0159edn\u00ed podniky<\/li>\n<li>velk\u00e9 podniky<\/li>\n<\/ul>\n<p><strong>FAQ:<\/strong><\/p>\n<ul>\n<li>\u010dasto kladen\u00e9 dotazy k programu Inovace k dispozici\u00a0<a href=\"https:\/\/www.apiagentura.gov.cz\/cs\/radce\/faq\/faq-program-inovace-inovacni-projekt\/\">ZDE<\/a><\/li>\n<\/ul>\n<p><strong>Syst\u00e9m sb\u011bru \u017e\u00e1dost\u00ed:<\/strong><\/p>\n<ul>\n<li>kolov\u00fd<\/li>\n<\/ul>\n<\/td>\n<td style=\"width: 268px; height: 400px;\"><strong>Kolik lze z\u00edskat na jeden projekt\u00a0<\/strong>(forma a v\u00fd\u0161e podpory):<\/p>\n<p>Dotace na projekt je poskytov\u00e1na minim\u00e1ln\u011b ve v\u00fd\u0161i 1 mil. K\u010d a\u00a0maxim\u00e1ln\u011b do v\u00fd\u0161e 100 mil. K\u010d.<\/p>\n<p>M\u00edra podpory:<\/p>\n<ul>\n<li>mal\u00fd podnik 45 % z\u00a0prok\u00e1zan\u00fdch zp\u016fsobil\u00fdch v\u00fddaj\u016f<\/li>\n<li>st\u0159edn\u00ed\u00a0podnik 35 % z\u00a0prok\u00e1zan\u00fdch zp\u016fsobil\u00fdch v\u00fddaj\u016f<\/li>\n<li>velk\u00fd podnik 25 %\u00a0z\u00a0prok\u00e1zan\u00fdch zp\u016fsobil\u00fdch v\u00fddaj\u016f<\/li>\n<\/ul>\n<\/td>\n<td style=\"width: 232px; height: 400px;\"><img loading=\"lazy\" decoding=\"async\" class=\"alignnone wp-image-23750 size-full\" src=\"https:\/\/www.apiagentura.gov.cz\/wp-content\/uploads\/2020\/09\/inovace-768.png\" alt=\"\" width=\"768\" height=\"768\" srcset=\"https:\/\/apiagentura.gov.cz\/wp-content\/uploads\/2020\/09\/inovace-768.png 768w, https:\/\/apiagentura.gov.cz\/wp-content\/uploads\/2020\/09\/inovace-768-150x150.png 150w, https:\/\/apiagentura.gov.cz\/wp-content\/uploads\/2020\/09\/inovace-768-300x300.png 300w, https:\/\/apiagentura.gov.cz\/wp-content\/uploads\/2020\/09\/inovace-768-50x50.png 50w, https:\/\/apiagentura.gov.cz\/wp-content\/uploads\/2020\/09\/inovace-768-500x500.png 500w\" sizes=\"auto, (max-width: 768px) 100vw, 768px\" \/><\/td>\n<\/tr>\n<tr style=\"height: 73px;\">\n<td style=\"width: 268px; height: 73px;\"><strong>Jak\u00e9 v\u00fddaje je mo\u017en\u00e9 podpo\u0159it<\/strong>\u00a0(zp\u016fsobil\u00e9 v\u00fddaje):<\/p>\n<ul>\n<li>projektov\u00e1 dokumentace v\u010detn\u011b in\u017een\u00fdrsk\u00e9 \u010dinnosti<\/li>\n<li>stavby<\/li>\n<li>technologie<\/li>\n<li>software a\u00a0data<\/li>\n<li>pr\u00e1va k\u00a0u\u017e\u00edv\u00e1n\u00ed du\u0161evn\u00edho vlastnictv\u00ed<\/li>\n<li>certifikace produkt\u016f<\/li>\n<li>marketingov\u00e1 inovace<\/li>\n<\/ul>\n<\/td>\n<td style=\"width: 232px; height: 226px;\" rowspan=\"2\"><strong>Specifika a omezen\u00ed:<\/strong><\/p>\n<ul>\n<li>projekt mus\u00ed b\u00fdt realizov\u00e1n na \u00fazem\u00ed \u010cR mimo NUTS 2 hlavn\u00edho m\u011bsta Prahy<\/li>\n<li>podpora m\u016f\u017ee b\u00fdt poskytnuta podnik\u016fm nespl\u0148uj\u00edc\u00edm definici mal\u00fdch a\u00a0st\u0159edn\u00edch podnik\u016f dle p\u0159\u00edlohy \u010d. 1 Na\u0159\u00edzen\u00ed Komise (EU) \u010d. 651\/2014 pouze v\u00a0p\u0159\u00edpad\u011b projekt\u016f s\u00a0v\u00fdznamn\u00fdm pozitivn\u00edm dopadem na \u017eivotn\u00ed prost\u0159ed\u00ed (k\u00f3d intervence 065)<\/li>\n<li>pro MSP lze vyu\u017e\u00edt bodovou bonifikaci v r\u00e1mci hodnocen\u00ed, pokud bude projekt zam\u011b\u0159en na ob\u011bhov\u00e9 hospod\u00e1\u0159stv\u00ed<\/li>\n<li>shoda projektu s N\u00e1rodn\u00ed v\u00fdzkumnou a inova\u010dn\u00ed strategi\u00ed pro inteligentn\u00ed specializaci \u010cesk\u00e9 republiky<\/li>\n<li>\u017eadatel (1 I\u010c) je v t\u00e9to V\u00fdzv\u011b opr\u00e1vn\u011bn p\u0159edlo\u017eit maxim\u00e1ln\u011b dva projekty<\/li>\n<\/ul>\n<\/td>\n<\/tr>\n<tr style=\"height: 153px;\">\n<td style=\"width: 568px; height: 153px;\" colspan=\"2\"><img loading=\"lazy\" decoding=\"async\" class=\"alignnone wp-image-26415 size-full\" src=\"https:\/\/www.apiagentura.gov.cz\/wp-content\/uploads\/2021\/05\/web-vyzva-ino-ix-1072x500-002.png\" alt=\"\" width=\"1072\" height=\"500\" srcset=\"https:\/\/apiagentura.gov.cz\/wp-content\/uploads\/2021\/05\/web-vyzva-ino-ix-1072x500-002.png 1072w, https:\/\/apiagentura.gov.cz\/wp-content\/uploads\/2021\/05\/web-vyzva-ino-ix-1072x500-002-300x140.png 300w, https:\/\/apiagentura.gov.cz\/wp-content\/uploads\/2021\/05\/web-vyzva-ino-ix-1072x500-002-768x358.png 768w, https:\/\/apiagentura.gov.cz\/wp-content\/uploads\/2021\/05\/web-vyzva-ino-ix-1072x500-002-1024x478.png 1024w\" sizes=\"auto, (max-width: 1072px) 100vw, 1072px\" \/><\/td>\n<\/tr>\n<\/tbody>\n<\/table>\n<p><\/p>","protected":false},"excerpt":{"rendered":"<p>C\u00edlem programu a V\u00fdzvy je pos\u00edlen\u00ed inova\u010dn\u00ed v\u00fdkonnosti dom\u00e1c\u00edch firem a zv\u00fd\u0161en\u00ed jejich konkurenceschopnosti prost\u0159ednictv\u00edm zv\u00fd\u0161en\u00ed vyu\u017e\u00edv\u00e1n\u00ed unik\u00e1tn\u00edch know-how z v\u011bt\u0161\u00ed \u010di men\u0161\u00ed \u010d\u00e1sti vznikl\u00fdch ve spolupr\u00e1ci s akademick\u00fdm a v\u00fdzkumn\u00fdm sektorem, roz\u0161\u00ed\u0159en\u00ed know-how firem pro vlastn\u00ed inovace a zv\u00fd\u0161en\u00ed efektivnosti intern\u00edch proces\u016f v oblasti \u0159\u00edzen\u00ed inovac\u00ed.<\/p>\n","protected":false},"author":1,"featured_media":0,"parent":112,"menu_order":0,"comment_status":"closed","ping_status":"closed","template":"","meta":{"inline_featured_image":false,"footnotes":""},"class_list":["post-26414","page","type-page","status-publish","hentry"],"publishpress_future_action":{"enabled":false,"date":"2026-05-06 21:10:36","action":"change-status","newStatus":"draft","terms":[],"taxonomy":"","extraData":[]},"publishpress_future_workflow_manual_trigger":{"enabledWorkflows":[]},"_links":{"self":[{"href":"https:\/\/apiagentura.gov.cz\/cs\/wp-json\/wp\/v2\/pages\/26414","targetHints":{"allow":["GET"]}}],"collection":[{"href":"https:\/\/apiagentura.gov.cz\/cs\/wp-json\/wp\/v2\/pages"}],"about":[{"href":"https:\/\/apiagentura.gov.cz\/cs\/wp-json\/wp\/v2\/types\/page"}],"author":[{"embeddable":true,"href":"https:\/\/apiagentura.gov.cz\/cs\/wp-json\/wp\/v2\/users\/1"}],"replies":[{"embeddable":true,"href":"https:\/\/apiagentura.gov.cz\/cs\/wp-json\/wp\/v2\/comments?post=26414"}],"version-history":[{"count":0,"href":"https:\/\/apiagentura.gov.cz\/cs\/wp-json\/wp\/v2\/pages\/26414\/revisions"}],"up":[{"embeddable":true,"href":"https:\/\/apiagentura.gov.cz\/cs\/wp-json\/wp\/v2\/pages\/112"}],"wp:attachment":[{"href":"https:\/\/apiagentura.gov.cz\/cs\/wp-json\/wp\/v2\/media?parent=26414"}],"curies":[{"name":"wp","href":"https:\/\/api.w.org\/{rel}","templated":true}]}}