{"id":2652,"date":"2016-10-24T16:46:47","date_gmt":"2016-10-24T15:46:47","guid":{"rendered":"https:\/\/www.apiagentura.gov.cz\/?page_id=2652"},"modified":"2021-11-23T13:35:58","modified_gmt":"2021-11-23T12:35:58","slug":"partnerstvi-znalostniho-transferu-vyzva-ii","status":"publish","type":"page","link":"https:\/\/apiagentura.gov.cz\/cs\/programy-podpory\/partnerstvi-znalostniho-transferu\/partnerstvi-znalostniho-transferu-vyzva-ii\/","title":{"rendered":"Partnerstv\u00ed znalostn\u00edho transferu &#8211; V\u00fdzva II"},"content":{"rendered":"<p><\/p>\n<h3>Upozorn\u011bn\u00ed pro \u017eadatele<\/h3>\n<p>Pokud jsou v\u00a0r\u00e1mci \u017d\u00e1dosti o platbu n\u00e1rokov\u00e1ny osobn\u00ed n\u00e1klady zam\u011bstnanc\u016f ve zp\u016fsobil\u00fdch v\u00fddaj\u00edch projektu, <strong>jsou \u017eadatel\u00e9 od <\/strong><strong>6.10.2020 povinni dolo\u017eit na z\u00e1klad\u011b v\u00fdzvy projektov\u00e9ho mana\u017eera vzorek mzdov\u00fdch list\u016f<\/strong> n\u00e1rokovan\u00fdch zam\u011bstnanc\u016f.\u00a0Jedn\u00e1 se o n\u00e1pravn\u00e9 opat\u0159en\u00ed pro sn\u00ed\u017een\u00ed chybovosti p\u0159i vypl\u0148ov\u00e1n\u00ed mzdov\u00e9 tabulky ze strany \u017eadatel\u016f.<\/p>\n<p>&nbsp;<\/p>\n<p>V\u00e1\u017een\u00ed \u017eadatel\u00e9,<\/p>\n<p>p\u0159i vypl\u0148ov\u00e1n\u00ed Zpr\u00e1vy o realizaci\/Z\u00e1v\u011bre\u010dn\u00e9 zpr\u00e1vy o realizaci je nutn\u00e9 vyplnit indik\u00e1tor povinn\u00fd k\u00a0v\u00fdb\u011bru \u201e20000 Po\u010det podnik\u016f spolupracuj\u00edc\u00edch s v\u00fdzkumn\u00fdmi institucemi\u201c v\u017edy nenulov\u011b. V\u00a0p\u0159\u00edpad\u011b programu Partnerstv\u00ed znalostn\u00edho transferu bude v\u017edy dosa\u017een\u00e1 hodnota min. 1. Spolupr\u00e1ce podniku s\u00a0v\u00fdzkumnou instituc\u00ed vypl\u00fdv\u00e1 p\u0159\u00edmo z\u00a0tohoto programu.<\/p>\n<p>D\u011bkujeme za spolupr\u00e1ci<\/p>\n<hr \/>\n<h3 style=\"text-align: left;\">Z\u00e1kladn\u00ed charakteristiky:<\/h3>\n<p style=\"text-align: left;\"><strong>Kdo m\u016f\u017ee \u017e\u00e1dat<\/strong>\u00a0(p\u0159\u00edjemci podpory):<\/p>\n<ul>\n<li style=\"text-align: left;\">mal\u00e9 a st\u0159edn\u00ed podniky, v\u00fdzkumn\u00e9 organizace (partner\/znalostn\u00ed organizace zapojen\u00fd do realizace projektu)<\/li>\n<\/ul>\n<p style=\"text-align: left;\"><strong>Kolik lze z\u00edskat na jeden projekt\u00a0<\/strong>(forma a v\u00fd\u0161e podpory):<\/p>\n<ul>\n<li style=\"text-align: left;\">dotace 0,5 mil. &#8211; 3,5 mil. K\u010d<\/li>\n<li style=\"text-align: left;\">v p\u0159\u00edpad\u011b MSP bude poskytov\u00e1na dotace pouze v re\u017eimu de minimis<\/li>\n<li style=\"text-align: left;\">max. m\u00edra podpory: 70% ZV pro MSP a znalostn\u00ed organizace;\u00a0podnik d\u00e1le mus\u00ed znalostn\u00ed organizaci poskytnout finan\u010dn\u00ed p\u0159\u00edsp\u011bvek: 30% z jej\u00ed ZV<\/li>\n<\/ul>\n<p style=\"text-align: left;\"><strong>Na co lze z\u00edskat podporu<\/strong> (podporovan\u00e9 aktivity):<\/p>\n<ul>\n<li style=\"text-align: left;\">vytvo\u0159en\u00ed partnerstv\u00ed mezi mal\u00fdm a st\u0159edn\u00edm podnikem a organizac\u00ed pro v\u00fdzkum a \u0161\u00ed\u0159en\u00ed znalost\u00ed za \u00fa\u010delem transferu znalost\u00ed, souvisej\u00edc\u00edch technologi\u00ed a dovednost\u00ed, ke kter\u00fdm podnik nem\u00e1 p\u0159\u00edstup; znalostn\u00ed transfer je realizov\u00e1n za \u00fa\u010dasti absolventa magistersk\u00e9ho \u010di doktorsk\u00e9ho studia p\u0159\u00edmo v provozovn\u011b podniku za dohledu vybran\u00e9ho expertn\u00edho pracovi\u0161t\u011b<\/li>\n<li style=\"text-align: left;\">projekt mus\u00ed b\u00fdt zam\u011b\u0159en na minim\u00e1ln\u011b jednu z n\u00e1sleduj\u00edc\u00edch aktivit a mus\u00ed m\u00edt strategick\u00fd v\u00fdznam pro dal\u0161\u00ed rozvoj podniku:<\/li>\n<\/ul>\n<p style=\"text-align: left; padding-left: 30px;\">&#8211; zlep\u0161en\u00ed v\u00fdrobn\u00edch proces\u016f<\/p>\n<p style=\"text-align: left; padding-left: 30px;\">&#8211; v\u00fdvoj\/inovace nov\u00fdch produkt\u016f a slu\u017eeb nebo inovace procesu p\u0159i v\u00fdvoji a zav\u00e1d\u011bn\u00ed nov\u00fdch produkt\u016f a slu\u017eeb<\/p>\n<p style=\"text-align: left; padding-left: 30px;\">&#8211; zlep\u0161en\u00ed podnikov\u00fdch proces\u016f v\u010detn\u011b procesu produktov\u00e9 certifikace<\/p>\n<p style=\"text-align: left;\"><strong>Jak\u00e9 v\u00fddaje je mo\u017en\u00e9 podpo\u0159it\u00a0<\/strong>(zp\u016fsobil\u00e9 v\u00fddaje):<\/p>\n<ul>\n<li>pro MSP: hardware a s\u00edt\u011b, stroje a za\u0159\u00edzen\u00ed, software a data, mzdy a pojistn\u00e9, cestovn\u00e9<\/li>\n<li>pro znalostn\u00ed organizaci: mzdy a pojistn\u00e9, cestovn\u00e9, semin\u00e1\u0159e, workshopy, slu\u017eby expert\u016f,\u00a0p\u0159\u00edstup k informac\u00edm, datab\u00e1z\u00edm<\/li>\n<li>znalostn\u00ed organizace m\u016f\u017ee d\u00e1le uplatnit nep\u0159\u00edm\u00e9 (re\u017eijn\u00ed) n\u00e1klady pau\u0161\u00e1ln\u00ed sazbou ve v\u00fd\u0161i a\u017e 15\u00a0% rozpo\u010dtov\u00e9 polo\u017eky Mzdy a pojistn\u00e9 (nezahrnuje mzdy a pojistn\u00e9 MSP); zp\u016fsobil\u00e9 v\u00fddaje pro\u00a0nep\u0159\u00edm\u00e9 n\u00e1klady jsou: osobn\u00ed n\u00e1klady administrativn\u00edch pracovn\u00edk\u016f, n\u00e1klady na vyu\u017eit\u00ed\u00a0univerzitn\u00edch za\u0159\u00edzen\u00ed, \u00fa\u010detnictv\u00ed, telefonn\u00ed poplatky, s\u00ed\u0165ov\u00e9 dod\u00e1vky, spot\u0159ebn\u00ed materi\u00e1l, n\u00e1klady\u00a0na po\u0159\u00e1d\u00e1n\u00ed pracovn\u00edch setk\u00e1n\u00ed, povinn\u00e1 publicita<\/li>\n<\/ul>\n<p style=\"text-align: left;\"><strong>Specifika a omezen\u00ed:<\/strong><\/p>\n<ul>\n<li style=\"text-align: left;\">projekt mus\u00ed b\u00fdt realizov\u00e1n na \u00fazem\u00ed \u010cR mimo hlavn\u00edho m\u011bsta Prahy, rozhodn\u00e9 je um\u00edst\u011bn\u00ed\u00a0provozovny podniku, ve kter\u00e9 je projekt realizov\u00e1n<\/li>\n<li style=\"text-align: left;\">shoda projektu s N\u00e1rodn\u00ed v\u00fdzkumnou a inova\u010dn\u00ed strategi\u00ed pro inteligentn\u00ed specializaci \u010cesk\u00e9\u00a0republiky bude ov\u011b\u0159ena v r\u00e1mci hodnocen\u00ed projektu<\/li>\n<li style=\"text-align: left;\">ve\u0161ker\u00fd zisk z transferu znalost\u00ed prov\u00e1d\u011bn\u00e9ho organizac\u00ed pro v\u00fdzkum a \u0161\u00ed\u0159en\u00ed znalost\u00ed mus\u00ed b\u00fdt znovu\u00a0investov\u00e1n do prim\u00e1rn\u00ed \u010dinnosti t\u00e9to organizace<\/li>\n<li style=\"text-align: left;\">ka\u017ed\u00fd \u017eadatel (1 I\u010c) je v t\u00e9to V\u00fdzv\u011b opr\u00e1vn\u011bn p\u0159edlo\u017eit maxim\u00e1ln\u011b 1 projekt (tzn. 1 aktivn\u00ed \u017e\u00e1dost o\u00a0podporu, ve kter\u00e9 vystupuje jako p\u0159\u00edjemce); znalostn\u00ed organizace se m\u016f\u017ee \u00fa\u010dastnit v\u00edce partnerstv\u00ed\u00a0dle vlastn\u00edch kapacit.<\/li>\n<\/ul>\n<p style=\"text-align: left;\"><strong>Syst\u00e9m sb\u011bru \u017e\u00e1dost\u00ed:<\/strong><\/p>\n<ul>\n<li style=\"text-align: left;\">kolov\u00fd<\/li>\n<\/ul>\n<p><\/p>","protected":false},"excerpt":{"rendered":"<p>C\u00edlem programu je n\u00e1r\u016fst interakc\u00ed mezi podniky a organizacemi pro v\u00fdzkum a \u0161\u00ed\u0159en\u00ed znalost\u00ed a v\u011bt\u0161\u00ed otev\u0159en\u00ed vysok\u00fdch \u0161kol ke spolupr\u00e1ci s podnikatelskou sf\u00e9rou.<\/p>\n","protected":false},"author":35,"featured_media":0,"parent":116,"menu_order":0,"comment_status":"closed","ping_status":"closed","template":"","meta":{"inline_featured_image":false,"footnotes":""},"class_list":["post-2652","page","type-page","status-publish","hentry"],"publishpress_future_action":{"enabled":false,"date":"2026-05-02 07:49:50","action":"change-status","newStatus":"draft","terms":[],"taxonomy":"","extraData":[]},"publishpress_future_workflow_manual_trigger":{"enabledWorkflows":[]},"_links":{"self":[{"href":"https:\/\/apiagentura.gov.cz\/cs\/wp-json\/wp\/v2\/pages\/2652","targetHints":{"allow":["GET"]}}],"collection":[{"href":"https:\/\/apiagentura.gov.cz\/cs\/wp-json\/wp\/v2\/pages"}],"about":[{"href":"https:\/\/apiagentura.gov.cz\/cs\/wp-json\/wp\/v2\/types\/page"}],"author":[{"embeddable":true,"href":"https:\/\/apiagentura.gov.cz\/cs\/wp-json\/wp\/v2\/users\/35"}],"replies":[{"embeddable":true,"href":"https:\/\/apiagentura.gov.cz\/cs\/wp-json\/wp\/v2\/comments?post=2652"}],"version-history":[{"count":0,"href":"https:\/\/apiagentura.gov.cz\/cs\/wp-json\/wp\/v2\/pages\/2652\/revisions"}],"up":[{"embeddable":true,"href":"https:\/\/apiagentura.gov.cz\/cs\/wp-json\/wp\/v2\/pages\/116"}],"wp:attachment":[{"href":"https:\/\/apiagentura.gov.cz\/cs\/wp-json\/wp\/v2\/media?parent=2652"}],"curies":[{"name":"wp","href":"https:\/\/api.w.org\/{rel}","templated":true}]}}