{"id":26881,"date":"2021-07-29T12:52:59","date_gmt":"2021-07-29T10:52:59","guid":{"rendered":"https:\/\/www.apiagentura.gov.cz\/?page_id=26881"},"modified":"2021-10-27T17:10:07","modified_gmt":"2021-10-27T15:10:07","slug":"nemovitosti-vyzva-vi-pomoc-po-tornadu","status":"publish","type":"page","link":"https:\/\/apiagentura.gov.cz\/cs\/programy-podpory\/nemovitosti\/nemovitosti-vyzva-vi-pomoc-po-tornadu\/","title":{"rendered":"Nemovitosti &#8211; V\u00fdzva VI Pomoc po torn\u00e1du"},"content":{"rendered":"<p><\/p>\n<h4>Upozorn\u011bn\u00ed pro \u017eadatele a p\u0159\u00edjemce<\/h4>\n<p><strong>27. 10. 2021: Ministerstvo pr\u016fmyslu a obchodu rozhodlo\u00a0<\/strong>na z\u00e1klad\u011b informac\u00ed od podnikatel\u016f posti\u017een\u00fdch z\u00e1sahem torn\u00e1da v \u010dervnu 2021, kte\u0159\u00ed v n\u011bkter\u00fdch p\u0159\u00edpadech bohu\u017eel st\u00e1le nedisponuj\u00ed p\u0159\u00edslu\u0161n\u00fdmi podklady k pod\u00e1n\u00ed \u017e\u00e1dosti o podporu do <strong>aktivity b)<\/strong> program Nemovitosti \u2013 V\u00fdzva VI Pomoc po torn\u00e1du<strong>, o prodlou\u017een\u00ed p\u0159\u00edjmu \u017e\u00e1dost\u00ed v t\u00e9to aktivit\u011b, a to do 15. listopadu do 16:00 hod.<\/strong><\/p>\n<p><strong>7. 10. 2021:\u00a0<\/strong>Ke spln\u011bn\u00ed povinnosti \u017eadatele dle V\u00fdzvy\u00a0<strong>p\u0159edlo\u017eit vy\u010d\u00edslen\u00ed \u0161kody nez\u00e1visl\u00fdm odborn\u00edkem<\/strong>\u00a0uznan\u00fdm p\u0159\u00edslu\u0161n\u00fdm vnitrost\u00e1tn\u00edm org\u00e1nem, nebo poji\u0161\u0165ovnou (vy\u010d\u00edslen\u00ed \u0161kody poji\u0161\u0165ovnou, vyj\u00e1d\u0159en\u00ed znalce v oboru ekonomiky apod.) sestavilo Ministerstvo pr\u016fmyslu a obchodu ve spolupr\u00e1ci s Asociac\u00ed znalc\u016f a odhadc\u016f \u010cesk\u00e9 republiky, z.s. <strong>Metodiku ocen\u011bn\u00ed p\u0159edb\u011b\u017en\u00fdch n\u00e1klad\u016f na obnovu nemovit\u00e9ho majetku mal\u00fdch a st\u0159edn\u00edch firem<\/strong> v\u010detn\u011b <strong>Vzorov\u00e9ho odborn\u00e9ho posudku<\/strong>.<\/p>\n<p><strong>11. 8. 2021:<\/strong>\u00a0Ministerstvo pr\u016fmyslu a obchodu ozn\u00e1milo, \u017ee\u00a0<strong>\u017e\u00e1dosti<\/strong>\u00a0o podporu ve V\u00fdzv\u011b VI \u2013 Nemovitosti \u2013 Pomoc po torn\u00e1du\u00a0<strong>budou<\/strong>\u00a0<strong>v\u00a0MS2014+<\/strong>\u00a0<strong>zp\u0159\u00edstupn\u011bny dne 12. 8. 2021 v\u00a010:00<\/strong>.<\/p>\n<table class=\"call-detail\" style=\"height: 1609px;\" width=\"757\">\n<tbody>\n<tr style=\"height: 464px;\">\n<td style=\"width: 244.667px; height: 1293px;\" rowspan=\"2\"><strong>Na co lze z\u00edskat podporu\u00a0<\/strong>(podporovan\u00e9 aktivity):<\/p>\n<p><strong>aktivita a)<\/strong><\/p>\n<ul>\n<li>kompenzace \u0161kod, kter\u00e9 byly zp\u016fsobeny torn\u00e1dem na dlouhodob\u00e9m majetku pro \u00fa\u010dely podpory obnovy podnikatelsk\u00e9 \u010dinnosti<\/li>\n<\/ul>\n<p><strong>aktivita b)<\/strong><\/p>\n<ul>\n<li>rekonstrukce a v\u00fdrazn\u00e9 roz\u0161\u00ed\u0159en\u00ed technicky z\u00e1sadn\u011b nevyhovuj\u00edc\u00edho objektu na podnikatelsk\u00fd objekt<\/li>\n<\/ul>\n<p><strong>Kdo m\u016f\u017ee \u017e\u00e1dat\u00a0(p\u0159\u00edjemci podpory):<\/strong><\/p>\n<ul>\n<li>mal\u00e9 a st\u0159edn\u00ed podniky<\/li>\n<\/ul>\n<p><strong>FAQ:\u00a0<\/strong><\/p>\n<ul>\n<li>\u010dasto kladen\u00e9 dotazy k programu Nemovitosti k dispozici <a href=\"https:\/\/www.apiagentura.gov.cz\/cs\/radce\/faq\/faq-program-nemovitosti\/\">ZDE<\/a><\/li>\n<\/ul>\n<p><strong>Syst\u00e9m sb\u011bru \u017e\u00e1dost\u00ed:<\/strong><\/p>\n<ul>\n<li>pr\u016fb\u011b\u017en\u00fd<\/li>\n<\/ul>\n<\/td>\n<td style=\"width: 244.667px; height: 464px;\"><strong>Kolik lze z\u00edskat na jeden projekt\u00a0<\/strong>(forma a v\u00fd\u0161e podpory):<\/p>\n<ul>\n<li>dotace na projekt je poskytov\u00e1na minim\u00e1ln\u011b ve v\u00fd\u0161i 1 mil. K\u010d a maxim\u00e1ln\u011b do v\u00fd\u0161e 35 mil. K\u010d.<\/li>\n<\/ul>\n<p><strong>M\u00edra podpory:<\/strong><\/p>\n<p><strong>aktivita a) <\/strong><\/p>\n<ul>\n<li>a\u017e 100 % zp\u016fsobil\u00fdch v\u00fddaj\u016f pon\u00ed\u017een\u00fdch o pojistn\u00e1 pln\u011bn\u00ed<strong><br \/>\n<\/strong><\/li>\n<\/ul>\n<p><strong>aktivita b)<br \/>\n<\/strong><\/p>\n<ul>\n<li>mal\u00fd podnik 45 % ZV a st\u0159edn\u00ed podnik 35 % ZV pon\u00ed\u017een\u00fdch o p\u0159\u00edpadnou n\u00e1hradu \u0161kody dle aktivity a)<\/li>\n<\/ul>\n<\/td>\n<td style=\"width: 245.667px; height: 464px;\"><img loading=\"lazy\" decoding=\"async\" class=\"alignnone wp-image-18038 size-full\" src=\"https:\/\/www.apiagentura.gov.cz\/wp-content\/uploads\/2019\/08\/nemovitosti-768.png\" alt=\"\" width=\"768\" height=\"768\" srcset=\"https:\/\/apiagentura.gov.cz\/wp-content\/uploads\/2019\/08\/nemovitosti-768.png 768w, https:\/\/apiagentura.gov.cz\/wp-content\/uploads\/2019\/08\/nemovitosti-768-150x150.png 150w, https:\/\/apiagentura.gov.cz\/wp-content\/uploads\/2019\/08\/nemovitosti-768-300x300.png 300w\" sizes=\"auto, (max-width: 768px) 100vw, 768px\" \/><\/td>\n<\/tr>\n<tr style=\"height: 829px;\">\n<td style=\"width: 244.667px; height: 829px;\"><strong>Jak\u00e9 v\u00fddaje je mo\u017en\u00e9 podpo\u0159it\u00a0<\/strong>(zp\u016fsobil\u00e9 v\u00fddaje):<\/p>\n<p><strong>aktivita a)<\/strong><\/p>\n<ul>\n<li>n\u00e1klady souvisej\u00edc\u00ed se \u0161kodou vzniklou v p\u0159\u00edm\u00e9m d\u016fsledku p\u0159\u00edrodn\u00ed pohromy, kter\u00e9 ocen\u00ed nez\u00e1visl\u00fd odborn\u00edk uznan\u00fd p\u0159\u00edslu\u0161n\u00fdm vnitrost\u00e1tn\u00edm org\u00e1nem nebo poji\u0161\u0165ovnou<\/li>\n<\/ul>\n<p><strong>aktivita b:<\/strong><\/p>\n<ul>\n<li>dlouhodob\u00fd hmotn\u00fd majetek (\u00fapravy pozemk\u016f, rekonstrukce objekt\u016f, modernizace, v\u00fdstavba \u010di odstran\u011bn\u00ed stavby, in\u017een\u00fdrsk\u00e9 s\u00edt\u011b, komunikace ke stavb\u00e1m a dal\u0161\u00ed)<\/li>\n<li>ostatn\u00ed n\u00e1klady souvisej\u00edc\u00ed se stavbou (slu\u017eby expert\u016f, projektov\u00e1 a in\u017een\u00fdrsk\u00e1 \u010dinnost)<\/li>\n<\/ul>\n<\/td>\n<td style=\"width: 245.667px; height: 1145px;\" rowspan=\"2\"><strong>Specifika a omezen\u00ed:<\/strong><\/p>\n<ul>\n<li>p\u0159ed pod\u00e1n\u00edm \u017e\u00e1dosti o podporu je vy\u017eadov\u00e1n z\u00e1pis do Evidence skute\u010dn\u00fdch majitel\u016f<\/li>\n<li>datum ukon\u010den\u00ed p\u0159\u00edjmu \u017e\u00e1dost\u00ed o podporu aktivity a) <strong>31. 12. 2021, 10:00<\/strong><\/li>\n<li>datum ukon\u010den\u00ed p\u0159\u00edjmu \u017e\u00e1dost\u00ed o podporu aktivity b) <strong>15. 11. 2021, 16:00<\/strong><\/li>\n<li>m\u00edsto realizace projektu bylo p\u0159\u00edmo a prokazateln\u011b posti\u017eeno z\u00e1sahem torn\u00e1da na \u00fazem\u00ed \u010cesk\u00e9 republiky ve dnech 24. 6. 2021<\/li>\n<li>\u017eadatel mus\u00ed m\u00edt nabyt\u00e1 vlastnick\u00e1 pr\u00e1va k\u00a0nemovitostem a pozemk\u016fm, kde bude projekt realizov\u00e1n<\/li>\n<li>m\u00edsto realizace projektu m\u016f\u017ee b\u00fdt pouze jedno na jeden projekt<\/li>\n<li>ka\u017ed\u00fd \u017eadatel (1 I\u010c) je v t\u00e9to V\u00fdzv\u011b opr\u00e1vn\u011bn p\u0159edlo\u017eit maxim\u00e1ln\u011b 2 projekty\u00a0tzn. dv\u011b aktivn\u00ed \u017d\u00e1dosti o podporu do ka\u017ed\u00e9 aktivity<\/li>\n<li><strong>aktivita a<\/strong> &#8211; do 2 let od z\u00edsk\u00e1n\u00ed dotace mus\u00ed b\u00fdt ze strany \u017eadatele obnovena provozovna v m\u00edst\u011b p\u016fvodn\u00ed realizace nebo v r\u00e1mci stejn\u00e9ho NUTS 2<\/li>\n<li><strong>aktivita b<\/strong> &#8211; p\u016fvodn\u00ed provozovna, kter\u00e1 byla v\u00fdznamnou m\u011brou zasa\u017eena \u017eivelnou pohromou, m\u016f\u017ee b\u00fdt v r\u00e1mci projektu roz\u0161\u00ed\u0159ena za podm\u00ednky, \u017ee dojde k nav\u00fd\u0161en\u00ed p\u016fvodn\u00ed podlahov\u00e9 plochy a kubatury minim\u00e1ln\u011b o 20 %, av\u0161ak maxim\u00e1ln\u011b o 200 %<\/li>\n<\/ul>\n<\/td>\n<\/tr>\n<tr style=\"height: 316px;\">\n<td style=\"width: 495.333px; height: 316px;\" colspan=\"2\"><img loading=\"lazy\" decoding=\"async\" class=\"alignnone wp-image-26906 size-full\" src=\"https:\/\/www.apiagentura.gov.cz\/wp-content\/uploads\/2021\/08\/web-vyzva-nem-vi-1072x500.png\" alt=\"\" width=\"1072\" height=\"500\" srcset=\"https:\/\/apiagentura.gov.cz\/wp-content\/uploads\/2021\/08\/web-vyzva-nem-vi-1072x500.png 1072w, https:\/\/apiagentura.gov.cz\/wp-content\/uploads\/2021\/08\/web-vyzva-nem-vi-1072x500-300x140.png 300w, https:\/\/apiagentura.gov.cz\/wp-content\/uploads\/2021\/08\/web-vyzva-nem-vi-1072x500-768x358.png 768w, https:\/\/apiagentura.gov.cz\/wp-content\/uploads\/2021\/08\/web-vyzva-nem-vi-1072x500-1024x478.png 1024w\" sizes=\"auto, (max-width: 1072px) 100vw, 1072px\" \/><\/td>\n<\/tr>\n<\/tbody>\n<\/table>\n<p><\/p>","protected":false},"excerpt":{"rendered":"<p>V\u00fdzva c\u00edl\u00ed v\u00fdhradn\u011b na podporu podnikatelsk\u00fdch subjekt\u016f posti\u017een\u00fdch z\u00e1sahem torn\u00e1da na \u00fazem\u00ed \u010cesk\u00e9 republiky dne 24. \u010dervna 2021. Podpora p\u0159edstavuje finan\u010dn\u00ed p\u0159\u00edsp\u011bvek (dotaci) na kompenzaci \u0161kod, kter\u00e9 byly zp\u016fsobeny torn\u00e1dem na dlouhodob\u00e9m majetku podnikatelsk\u00e9ho subjektu a na podporu obnovy podnikatelsk\u00e9 \u010dinnosti.<\/p>\n","protected":false},"author":1,"featured_media":0,"parent":130,"menu_order":0,"comment_status":"closed","ping_status":"closed","template":"","meta":{"inline_featured_image":false,"footnotes":""},"class_list":["post-26881","page","type-page","status-publish","hentry"],"publishpress_future_action":{"enabled":false,"date":"2026-05-02 07:45:07","action":"change-status","newStatus":"draft","terms":[],"taxonomy":"","extraData":[]},"publishpress_future_workflow_manual_trigger":{"enabledWorkflows":[]},"_links":{"self":[{"href":"https:\/\/apiagentura.gov.cz\/cs\/wp-json\/wp\/v2\/pages\/26881","targetHints":{"allow":["GET"]}}],"collection":[{"href":"https:\/\/apiagentura.gov.cz\/cs\/wp-json\/wp\/v2\/pages"}],"about":[{"href":"https:\/\/apiagentura.gov.cz\/cs\/wp-json\/wp\/v2\/types\/page"}],"author":[{"embeddable":true,"href":"https:\/\/apiagentura.gov.cz\/cs\/wp-json\/wp\/v2\/users\/1"}],"replies":[{"embeddable":true,"href":"https:\/\/apiagentura.gov.cz\/cs\/wp-json\/wp\/v2\/comments?post=26881"}],"version-history":[{"count":0,"href":"https:\/\/apiagentura.gov.cz\/cs\/wp-json\/wp\/v2\/pages\/26881\/revisions"}],"up":[{"embeddable":true,"href":"https:\/\/apiagentura.gov.cz\/cs\/wp-json\/wp\/v2\/pages\/130"}],"wp:attachment":[{"href":"https:\/\/apiagentura.gov.cz\/cs\/wp-json\/wp\/v2\/media?parent=26881"}],"curies":[{"name":"wp","href":"https:\/\/api.w.org\/{rel}","templated":true}]}}