{"id":26969,"date":"2021-08-10T11:47:51","date_gmt":"2021-08-10T09:47:51","guid":{"rendered":"https:\/\/www.apiagentura.gov.cz\/?page_id=26969"},"modified":"2022-02-16T12:18:52","modified_gmt":"2022-02-16T11:18:52","slug":"ict-a-sdilene-sluzby-vyzva-v-digitalni-podnik","status":"publish","type":"page","link":"https:\/\/apiagentura.gov.cz\/cs\/programy-podpory\/ict-a-sdilene-sluzby\/ict-a-sdilene-sluzby-vyzva-v-digitalni-podnik\/","title":{"rendered":"ICT a sd\u00edlen\u00e9 slu\u017eby &#8211; V\u00fdzva V Digit\u00e1ln\u00ed podnik"},"content":{"rendered":"<p><\/p>\n<h4>Upozorn\u011bn\u00ed pro \u017eadatele a p\u0159\u00edjemce:<\/h4>\n<p><strong>Dne 16. 2. 2022: <\/strong>Ministerstvo pr\u016fmyslu a obchodu ozn\u00e1milo, \u017ee dne 9. 2. 2022 do\u0161lo rozhodnut\u00edm n\u00e1m\u011bstka ministra k\u00a0<strong>nav\u00fd\u0161en\u00ed alokace<\/strong>\u00a0z p\u016fvodn\u00ed 300 mil. K\u010d\u00a0<strong>na<\/strong>\u00a0<strong>700 mil. K\u010d ve V\u00fdzv\u011b V Digit\u00e1ln\u00ed podnik <\/strong>programu podpory <strong>ICT a sd\u00edlen\u00e9 slu\u017eby.<\/strong><\/p>\n<p><strong>Dne 29. 9. 2021:\u00a0<\/strong>Ministerstvo pr\u016fmyslu a obchodu\u00a0ozn\u00e1milo, \u017ee\u00a0<strong>dne 1. 10. 2021 v 16:00 hod. zastav\u00ed<\/strong>\u00a0v souladu s vyhl\u00e1\u0161enou\u00a0<strong>V\u00fdzvou V &#8211; Digit\u00e1ln\u00ed podnik programu podpory ICT a sd\u00edlen\u00e9 slu\u017eby p\u0159\u00edjem pln\u00fdch \u017e\u00e1dost\u00ed o podporu<\/strong>\u00a0z d\u016fvodu dosa\u017een\u00ed dvojn\u00e1sobku po\u017eadovan\u00e9 dotace v p\u0159ijat\u00fdch \u017e\u00e1dostech o podporu.<\/p>\n<p><strong>Dne 9. 9. 2021:<\/strong>\u00a0MPO aktualizovalo dokument ICT a sd\u00edlen\u00e9 slu\u017eby \u2013 V\u00fdzva V z d\u016fvodu zp\u0159esn\u011bn\u00ed bod\u016f v kap. 5.3 k) a q).<\/p>\n<table class=\"call-detail\" style=\"height: 1355px;\" width=\"1349\">\n<tbody>\n<tr style=\"height: 87px;\">\n<td style=\"width: 442.281px; height: 174px;\" rowspan=\"2\"><strong>Na co lze z\u00edskat podporu<\/strong>\u00a0(podporovan\u00e9 aktivity):<\/p>\n<ul>\n<li>podpora digit\u00e1ln\u00ed transformace firmy<\/li>\n<li>logistick\u00e9 a skladov\u00e9 technologie<\/li>\n<li>vnitropodnikov\u00e1 konektivita<\/li>\n<li>kybernetick\u00e1 bezpe\u010dnost<\/li>\n<li>kancel\u00e1\u0159sk\u00e9 aplikace a jednoduch\u00e9 (z\u00e1kladn\u00ed) \u00fa\u010detn\u00ed programy, nebo aplikace pro da\u0148ovou evidenci, podnikov\u00fd informa\u010dn\u00ed syst\u00e9m s omezenou funkcionalitou<\/li>\n<\/ul>\n<p><strong>Kdo m\u016f\u017ee \u017e\u00e1dat<\/strong>\u00a0(p\u0159\u00edjemci podpory):<\/p>\n<ul>\n<li>mal\u00e9 a st\u0159edn\u00ed podniky<\/li>\n<\/ul>\n<p><strong>FAQ:<\/strong><\/p>\n<ul>\n<li>\u010dasto kladen\u00e9 dotazy k programu\u00a0ICT a sd\u00edlen\u00e9 slu\u017eby k dispozici <a href=\"https:\/\/www.apiagentura.gov.cz\/cs\/radce\/faq\/faq-program-ict-a-sdilene-sluzby-digitalni-podnik\/\">ZDE<\/a><\/li>\n<\/ul>\n<p><strong>Syst\u00e9m sb\u011bru \u017e\u00e1dost\u00ed:<\/strong><\/p>\n<ul>\n<li>pr\u016fb\u011b\u017en\u00fd<\/li>\n<\/ul>\n<\/td>\n<td style=\"width: 442.281px; height: 87px;\"><strong>Kolik lze z\u00edskat na jeden projekt\u00a0<\/strong>(forma a v\u00fd\u0161e podpory):<\/p>\n<ul>\n<li>dotace na projekt a jednoho \u017eadatele je poskytov\u00e1na minim\u00e1ln\u011b ve v\u00fd\u0161i 1 mil. K\u010d a maxim\u00e1ln\u011b do v\u00fd\u0161e 10 mil. K\u010d<\/li>\n<li>m\u00edra podpory je definov\u00e1na velikost\u00ed podniku a regionem realizace dle tabulky v bod\u011b 7.1. V\u00fdzvy<\/li>\n<\/ul>\n<\/td>\n<td style=\"width: 442.438px; height: 87px;\"><img loading=\"lazy\" decoding=\"async\" class=\"alignnone size-full wp-image-18048\" src=\"https:\/\/www.apiagentura.gov.cz\/wp-content\/uploads\/2019\/08\/ict-768.png\" alt=\"\" width=\"768\" height=\"768\" srcset=\"https:\/\/apiagentura.gov.cz\/wp-content\/uploads\/2019\/08\/ict-768.png 768w, https:\/\/apiagentura.gov.cz\/wp-content\/uploads\/2019\/08\/ict-768-150x150.png 150w, https:\/\/apiagentura.gov.cz\/wp-content\/uploads\/2019\/08\/ict-768-300x300.png 300w\" sizes=\"auto, (max-width: 768px) 100vw, 768px\" \/><\/td>\n<\/tr>\n<tr style=\"height: 87px;\">\n<td style=\"width: 442.281px; height: 87px;\"><strong>Jak\u00e9 v\u00fddaje je mo\u017en\u00e9 podpo\u0159it\u00a0<\/strong>(zp\u016fsobil\u00e9 v\u00fddaje):<\/p>\n<ul>\n<li><strong>dlouhodob\u00fd hmotn\u00fd majetek<\/strong><\/li>\n<\/ul>\n<p>po\u0159\u00edzen\u00ed a implementace HW, informa\u010dn\u00edch a komunika\u010dn\u00edch s\u00edt\u00ed a ostatn\u00edch stroj\u016f a za\u0159\u00edzen\u00ed, slu\u017eby poradc\u016f, expert\u016f, studie a jin\u00e9 souvisej\u00edc\u00ed n\u00e1klady<\/p>\n<ul>\n<li><strong>dlouhodob\u00fd nehmotn\u00fd majetek<\/strong><\/li>\n<\/ul>\n<p>po\u0159\u00edzen\u00ed a implementace SW, pr\u00e1v du\u0161evn\u00edho vlastnictv\u00ed a jin\u00e9 souvisej\u00edc\u00ed n\u00e1klady<\/p>\n<ul>\n<li><strong>ostatn\u00ed v\u00fddaje neinvesti\u010dn\u00ed (de minimis)<\/strong><\/li>\n<\/ul>\n<p>ostatn\u00ed software, kter\u00fd je poskytov\u00e1n v r\u00e1mci cloudov\u00fdch slu\u017eeb, SaaS, poplatky za p\u0159ipojen\u00ed do online ulo\u017ei\u0161\u0165 a obdobn\u00fdch syst\u00e9m\u016f<\/td>\n<td style=\"width: 442.438px; height: 174px;\" rowspan=\"2\"><strong>Specifika a omezen\u00ed:<\/strong><\/p>\n<ul>\n<li>V\u00fdzva V je prvn\u00ed v\u00fdzvou programu ICT a sd\u00edlen\u00e9 slu\u017eby, kter\u00e1 je zam\u011b\u0159ena na podporu p\u0159\u00edm\u00fdch investic do digitalizace a souvisejc\u00edh slu\u017eeb<\/li>\n<li>Nejsou podporov\u00e1ny v\u00fdrobn\u00ed technologie (stroje, linky 3D tisk\u00e1rny)<\/li>\n<li>V\u00fddaje na n\u00e1kup z\u00e1kladn\u00edho SW nesm\u00ed p\u0159ekro\u010dit 10 % celkov\u00fdch zp\u016fsobil\u00fdch v\u00fddaj\u016f<\/li>\n<li>projekt mus\u00ed b\u00fdt realizov\u00e1n na \u00fazem\u00ed \u010cR mimo NUTS II Praha<\/li>\n<li>po\u010det projekt\u016f od jednoho \u017eadatele (1 I\u010c) v r\u00e1mci V\u00fdzvy je omezen na 1 aktivn\u00ed \u017e\u00e1dost<\/li>\n<\/ul>\n<\/td>\n<\/tr>\n<tr style=\"height: 87px;\">\n<td style=\"width: 890.562px; height: 87px;\" colspan=\"2\"><img loading=\"lazy\" decoding=\"async\" class=\"alignnone size-full wp-image-26993\" src=\"https:\/\/www.apiagentura.gov.cz\/wp-content\/uploads\/2021\/08\/web-vyzva-ict-v-1072x500.png\" alt=\"\" width=\"1072\" height=\"500\" srcset=\"https:\/\/apiagentura.gov.cz\/wp-content\/uploads\/2021\/08\/web-vyzva-ict-v-1072x500.png 1072w, https:\/\/apiagentura.gov.cz\/wp-content\/uploads\/2021\/08\/web-vyzva-ict-v-1072x500-300x140.png 300w, https:\/\/apiagentura.gov.cz\/wp-content\/uploads\/2021\/08\/web-vyzva-ict-v-1072x500-768x358.png 768w, https:\/\/apiagentura.gov.cz\/wp-content\/uploads\/2021\/08\/web-vyzva-ict-v-1072x500-1024x478.png 1024w\" sizes=\"auto, (max-width: 1072px) 100vw, 1072px\" \/><\/td>\n<\/tr>\n<\/tbody>\n<\/table>\n<p><\/p>","protected":false},"excerpt":{"rendered":"<p>C\u00edlem V\u00fdzvy je podpo\u0159it zvy\u0161ov\u00e1n\u00ed digit\u00e1ln\u00ed \u00farovn\u011b mal\u00fdch a st\u0159edn\u00edch podnik\u016f p\u016fsob\u00edc\u00edch na \u010desk\u00fdch trz\u00edch prost\u0159ednictv\u00edm podpory n\u00e1kupu a zav\u00e1d\u011bn\u00ed pokro\u010dil\u00fdch nev\u00fdrobn\u00edch digit\u00e1ln\u00edch technologi\u00ed, kter\u00e9 pomohou zajistit z\u00e1sadn\u00ed zm\u011bnu celkov\u00e9ho v\u00fdrobn\u00edho postupu, zalo\u017een\u00ed nov\u00e9 provozovny, roz\u0161\u00ed\u0159en\u00ed kapacity st\u00e1vaj\u00edc\u00ed provozovny, roz\u0161\u00ed\u0159en\u00ed v\u00fdrobn\u00edho sortimentu st\u00e1vaj\u00edc\u00ed provozovny nebo kombinac\u00ed v\u00fd\u0161e uveden\u00fdch aktivit prost\u0159ednictv\u00edm podpory automatizace, digitalizace dat a efektivn\u011bj\u0161\u00edho propojen\u00ed a \u0159\u00edzen\u00ed firemn\u00edch proces\u016f.<\/p>\n","protected":false},"author":1,"featured_media":0,"parent":150,"menu_order":0,"comment_status":"closed","ping_status":"closed","template":"","meta":{"inline_featured_image":false,"footnotes":""},"class_list":["post-26969","page","type-page","status-publish","hentry"],"publishpress_future_action":{"enabled":false,"date":"2026-05-02 06:19:12","action":"change-status","newStatus":"draft","terms":[],"taxonomy":"","extraData":[]},"publishpress_future_workflow_manual_trigger":{"enabledWorkflows":[]},"_links":{"self":[{"href":"https:\/\/apiagentura.gov.cz\/cs\/wp-json\/wp\/v2\/pages\/26969","targetHints":{"allow":["GET"]}}],"collection":[{"href":"https:\/\/apiagentura.gov.cz\/cs\/wp-json\/wp\/v2\/pages"}],"about":[{"href":"https:\/\/apiagentura.gov.cz\/cs\/wp-json\/wp\/v2\/types\/page"}],"author":[{"embeddable":true,"href":"https:\/\/apiagentura.gov.cz\/cs\/wp-json\/wp\/v2\/users\/1"}],"replies":[{"embeddable":true,"href":"https:\/\/apiagentura.gov.cz\/cs\/wp-json\/wp\/v2\/comments?post=26969"}],"version-history":[{"count":0,"href":"https:\/\/apiagentura.gov.cz\/cs\/wp-json\/wp\/v2\/pages\/26969\/revisions"}],"up":[{"embeddable":true,"href":"https:\/\/apiagentura.gov.cz\/cs\/wp-json\/wp\/v2\/pages\/150"}],"wp:attachment":[{"href":"https:\/\/apiagentura.gov.cz\/cs\/wp-json\/wp\/v2\/media?parent=26969"}],"curies":[{"name":"wp","href":"https:\/\/api.w.org\/{rel}","templated":true}]}}