{"id":30033,"date":"2022-07-22T10:08:12","date_gmt":"2022-07-22T08:08:12","guid":{"rendered":"https:\/\/www.apiagentura.gov.cz\/?page_id=30033"},"modified":"2023-01-11T13:09:20","modified_gmt":"2023-01-11T12:09:20","slug":"partnerstvi-znalostniho-transferu-optak","status":"publish","type":"page","link":"https:\/\/apiagentura.gov.cz\/cs\/podporovane-aktivity-optak\/partnerstvi-znalostniho-transferu-optak\/","title":{"rendered":"Partnerstv\u00ed znalostn\u00edho transferu"},"content":{"rendered":"","protected":false},"excerpt":{"rendered":"<p>transfer znalost\u00ed mezi podniky a v\u00fdzkumn\u00fdmi organizacemi<\/p>\n","protected":false},"author":16,"featured_media":30034,"parent":30013,"menu_order":6,"comment_status":"closed","ping_status":"closed","template":"","meta":{"inline_featured_image":false,"footnotes":""},"class_list":["post-30033","page","type-page","status-publish","has-post-thumbnail","hentry"],"publishpress_future_action":{"enabled":false,"date":"2026-05-02 04:59:09","action":"change-status","newStatus":"draft","terms":[],"taxonomy":"","extraData":[]},"publishpress_future_workflow_manual_trigger":{"enabledWorkflows":[]},"_links":{"self":[{"href":"https:\/\/apiagentura.gov.cz\/cs\/wp-json\/wp\/v2\/pages\/30033","targetHints":{"allow":["GET"]}}],"collection":[{"href":"https:\/\/apiagentura.gov.cz\/cs\/wp-json\/wp\/v2\/pages"}],"about":[{"href":"https:\/\/apiagentura.gov.cz\/cs\/wp-json\/wp\/v2\/types\/page"}],"author":[{"embeddable":true,"href":"https:\/\/apiagentura.gov.cz\/cs\/wp-json\/wp\/v2\/users\/16"}],"replies":[{"embeddable":true,"href":"https:\/\/apiagentura.gov.cz\/cs\/wp-json\/wp\/v2\/comments?post=30033"}],"version-history":[{"count":0,"href":"https:\/\/apiagentura.gov.cz\/cs\/wp-json\/wp\/v2\/pages\/30033\/revisions"}],"up":[{"embeddable":true,"href":"https:\/\/apiagentura.gov.cz\/cs\/wp-json\/wp\/v2\/pages\/30013"}],"wp:featuredmedia":[{"embeddable":true,"href":"https:\/\/apiagentura.gov.cz\/cs\/wp-json\/wp\/v2\/media\/30034"}],"wp:attachment":[{"href":"https:\/\/apiagentura.gov.cz\/cs\/wp-json\/wp\/v2\/media?parent=30033"}],"curies":[{"name":"wp","href":"https:\/\/api.w.org\/{rel}","templated":true}]}}