{"id":30069,"date":"2022-07-22T10:25:40","date_gmt":"2022-07-22T08:25:40","guid":{"rendered":"https:\/\/www.apiagentura.gov.cz\/?page_id=30069"},"modified":"2024-12-10T09:58:57","modified_gmt":"2024-12-10T08:58:57","slug":"obnovitelne-zdroje-energie","status":"publish","type":"page","link":"https:\/\/apiagentura.gov.cz\/cs\/podporovane-aktivity-optak\/obnovitelne-zdroje-energie\/","title":{"rendered":"Obnoviteln\u00e9 zdroje energie"},"content":{"rendered":"","protected":false},"excerpt":{"rendered":"<p>v\u00fdstavba sol\u00e1rn\u00edch, v\u011btrn\u00fdch a mal\u00fdch vodn\u00edch elektr\u00e1ren, podpora tepeln\u00fdch \u010derpadel a vtl\u00e1\u010den\u00ed biometanu<\/p>\n","protected":false},"author":16,"featured_media":30070,"parent":30013,"menu_order":20,"comment_status":"closed","ping_status":"closed","template":"","meta":{"inline_featured_image":false,"footnotes":""},"class_list":["post-30069","page","type-page","status-publish","has-post-thumbnail","hentry"],"publishpress_future_action":{"enabled":false,"date":"2026-05-02 04:59:06","action":"change-status","newStatus":"draft","terms":[],"taxonomy":"","extraData":[]},"publishpress_future_workflow_manual_trigger":{"enabledWorkflows":[]},"_links":{"self":[{"href":"https:\/\/apiagentura.gov.cz\/cs\/wp-json\/wp\/v2\/pages\/30069","targetHints":{"allow":["GET"]}}],"collection":[{"href":"https:\/\/apiagentura.gov.cz\/cs\/wp-json\/wp\/v2\/pages"}],"about":[{"href":"https:\/\/apiagentura.gov.cz\/cs\/wp-json\/wp\/v2\/types\/page"}],"author":[{"embeddable":true,"href":"https:\/\/apiagentura.gov.cz\/cs\/wp-json\/wp\/v2\/users\/16"}],"replies":[{"embeddable":true,"href":"https:\/\/apiagentura.gov.cz\/cs\/wp-json\/wp\/v2\/comments?post=30069"}],"version-history":[{"count":0,"href":"https:\/\/apiagentura.gov.cz\/cs\/wp-json\/wp\/v2\/pages\/30069\/revisions"}],"up":[{"embeddable":true,"href":"https:\/\/apiagentura.gov.cz\/cs\/wp-json\/wp\/v2\/pages\/30013"}],"wp:featuredmedia":[{"embeddable":true,"href":"https:\/\/apiagentura.gov.cz\/cs\/wp-json\/wp\/v2\/media\/30070"}],"wp:attachment":[{"href":"https:\/\/apiagentura.gov.cz\/cs\/wp-json\/wp\/v2\/media?parent=30069"}],"curies":[{"name":"wp","href":"https:\/\/api.w.org\/{rel}","templated":true}]}}