{"id":30132,"date":"2022-07-24T15:21:31","date_gmt":"2022-07-24T13:21:31","guid":{"rendered":"https:\/\/www.apiagentura.gov.cz\/?page_id=30132"},"modified":"2023-06-12T11:26:33","modified_gmt":"2023-06-12T09:26:33","slug":"inovace-vyzva-i-op-tak","status":"publish","type":"page","link":"https:\/\/apiagentura.gov.cz\/cs\/podporovane-aktivity-optak\/inovace-optak\/inovace-vyzva-i-op-tak\/","title":{"rendered":"Inovace &#8211; v\u00fdzva I"},"content":{"rendered":"<p><strong>Upozorn\u011bn\u00ed pro \u017eadatele a p\u0159\u00edjemce:<\/strong><\/p>\n<p><strong>12. 6. 2023:<\/strong> \u0158\u00eddic\u00ed org\u00e1n OP TAK ozn\u00e1mil, \u017ee u aktivity Inovace \u2013 v\u00fdzva I. bude zah\u00e1jeno vyd\u00e1v\u00e1n\u00ed Rozhodnut\u00ed o poskytnut\u00ed dotace u projekt\u016f, kter\u00e9 v r\u00e1mci v\u011bcn\u00e9ho hodnocen\u00ed z\u00edskaly <strong>60 a v\u00edce bod\u016f<\/strong> a byly doporu\u010deny k financov\u00e1n\u00ed v\u00fdb\u011brovou komis\u00ed. Bodov\u00e1 hranice je v souladu s Modelem hodnocen\u00ed v\u00fdzvy I Inovace.<\/p>\n<p><strong>20. 3. 2023:<\/strong> \u0158\u00eddic\u00ed org\u00e1n OP TAK ozn\u00e1mil, \u017ee u aktivity Inovace \u2013 v\u00fdzva I bude zah\u00e1jeno vyd\u00e1v\u00e1n\u00ed Rozhodnut\u00ed o poskytnut\u00ed dotace u projekt\u016f, kter\u00e9 v r\u00e1mci v\u011bcn\u00e9ho hodnocen\u00ed z\u00edskaly <strong>70\u00a0a v\u00edce bod\u016f<\/strong>\u00a0a byly doporu\u010deny k financov\u00e1n\u00ed\u00a0v\u00fdb\u011brovou komis\u00ed.<\/p>\n<p>C\u00edlem v\u00fdzvy I Inovace je podpora inova\u010dn\u00ed v\u00fdkonnosti dom\u00e1c\u00edch firem a pos\u00edlen\u00ed jejich konkurenceschopnosti, proto se \u0158\u00eddic\u00ed org\u00e1n rozhodl pro stanoven\u00ed bodov\u00e9 hranice, aby umo\u017enil co nejrychlej\u0161\u00ed realizaci projekt\u016f.<\/p>\n<p><strong>19. 10. 2022:<\/strong> Aktualizace P\u0159\u00edru\u010dky pro pod\u00e1n\u00ed \u017e\u00e1dosti o podporu \u2013 postup vypln\u011bn\u00ed z\u00e1lo\u017eky RIS3 v ISKP21+.<\/p>\n<table class=\"call-detail\" style=\"height: 1104px; width: 100%;\" width=\"\">\n<tbody>\n<tr style=\"height: 458px;\">\n<td style=\"width: 33.3333%; height: 674px;\" rowspan=\"2\"><strong>Na co lze z\u00edskat podporu<\/strong>\u00a0(podporovan\u00e9 aktivity):<\/p>\n<ul>\n<li><strong>Produktov\u00e1 inovace<\/strong> &#8211; zv\u00fd\u0161en\u00ed technick\u00fdch a u\u017eitn\u00fdch hodnot v\u00fdrobk\u016f, technologi\u00ed a slu\u017eeb.<\/li>\n<li><strong>Procesn\u00ed inovace<\/strong> &#8211; zv\u00fd\u0161en\u00ed efektivnosti proces\u016f v\u00fdroby a poskytov\u00e1n\u00ed slu\u017eeb.<\/li>\n<\/ul>\n<p><strong>Kdo m\u016f\u017ee \u017e\u00e1dat<\/strong>\u00a0(p\u0159\u00edjemci podpory):<\/p>\n<ul>\n<li>mal\u00e9 a st\u0159edn\u00ed podniky<\/li>\n<li>small mid-caps (velk\u00e9 podniky s max. 499 zam\u011bstnanci)<\/li>\n<\/ul>\n<p><strong>Syst\u00e9m sb\u011bru \u017e\u00e1dost\u00ed:<\/strong><\/p>\n<ul>\n<li>kolov\u00fd<\/li>\n<\/ul>\n<\/td>\n<td style=\"width: 33.3333%; height: 458px;\"><strong>Kolik lze z\u00edskat na jeden projekt\u00a0<\/strong>(forma a v\u00fd\u0161e podpory):<\/p>\n<ul>\n<li>dotace na projekt je poskytov\u00e1na minim\u00e1ln\u011b ve v\u00fd\u0161i <strong>1 mil. K\u010d<\/strong> a maxim\u00e1ln\u011b do v\u00fd\u0161e <strong>40 mil. K\u010d<\/strong><\/li>\n<\/ul>\n<p><strong>M\u00edra podpory:<\/strong><\/p>\n<ul>\n<li><strong>20 &#8211; 60 %<\/strong> Celkov\u00fdch zp\u016fsobil\u00fdch v\u00fddaj\u016f<\/li>\n<li>konkr\u00e9tn\u00ed m\u00edru podpory definuje region\u00e1ln\u00ed mapa podpory &#8211; v\u00edce viz kap. 9.1 v\u00fdzvy<\/li>\n<\/ul>\n<\/td>\n<td style=\"width: 33.3333%; height: 458px;\"><img loading=\"lazy\" decoding=\"async\" class=\"alignnone wp-image-30020 size-full\" src=\"https:\/\/www.apiagentura.gov.cz\/wp-content\/uploads\/2022\/07\/optak-aktivita-1-inovace-660x660-1.png\" alt=\"\" width=\"660\" height=\"660\" srcset=\"https:\/\/apiagentura.gov.cz\/wp-content\/uploads\/2022\/07\/optak-aktivita-1-inovace-660x660-1.png 660w, https:\/\/apiagentura.gov.cz\/wp-content\/uploads\/2022\/07\/optak-aktivita-1-inovace-660x660-1-300x300.png 300w, https:\/\/apiagentura.gov.cz\/wp-content\/uploads\/2022\/07\/optak-aktivita-1-inovace-660x660-1-150x150.png 150w\" sizes=\"auto, (max-width: 660px) 100vw, 660px\" \/><\/td>\n<\/tr>\n<tr style=\"height: 216px;\">\n<td style=\"width: 33.3333%; height: 216px;\"><strong>Jak\u00e9 v\u00fddaje je mo\u017en\u00e9 podpo\u0159it<\/strong>\u00a0(zp\u016fsobil\u00e9 v\u00fddaje):<\/p>\n<ul>\n<li>projektov\u00e1 dokumentace v\u010detn\u011b in\u017een\u00fdrsk\u00e9 \u010dinnosti*<\/li>\n<li>stavby<\/li>\n<li>technologie<\/li>\n<li>software a data<\/li>\n<li>pr\u00e1va k u\u017e\u00edv\u00e1n\u00ed du\u0161evn\u00edho vlastnictv\u00ed*<\/li>\n<li>certifikace produkt\u016f*<\/li>\n<\/ul>\n<p>*<span style=\"font-family: inherit; font-size: inherit;\">podpora v re\u017eimu<\/span>\u00a0<a style=\"font-family: inherit; font-size: inherit;\" href=\"https:\/\/www.apiagentura.gov.cz\/cs\/radce\/faq\/slovnicek-pojmu-d\/\">de minimis<\/a><\/td>\n<td style=\"width: 33.3333%; height: 646px;\" rowspan=\"2\"><strong>Specifika a omezen\u00ed:<\/strong><\/p>\n<ul>\n<li>Projekt mus\u00ed b\u00fdt realizov\u00e1n na \u00fazem\u00ed \u010cR mimo NUTS 2 Praha.<\/li>\n<li>V projektech mus\u00ed b\u00fdt vyu\u017eity v\u00fdsledky v\u00fdzkumu a v\u00fdvoje (vlastn\u00edho, vznikl\u00e9 ve spolupr\u00e1ci nebo v podob\u011b transferu technologie).<\/li>\n<li>V\u00fddaje na dlouhodob\u00fd nehmotn\u00fd majetek mohou tvo\u0159it max. 50 % v\u00fddaj\u016f na dlouhodob\u00fd hmotn\u00fd majetek.<\/li>\n<li>V\u00fddaje na stavbu mohou tvo\u0159it max. 20 % v\u00fddaj\u016f na technologie.<\/li>\n<li>Podporov\u00e1ny jsou inovace technologick\u00e9 \u00farovn\u011b p\u0159ipravenosti &#8211; TRL 5 a vy\u0161\u0161\u00ed.<\/li>\n<li>Po\u010det \u017e\u00e1dost\u00ed na jedno I\u010c nen\u00ed omezen.<\/li>\n<\/ul>\n<\/td>\n<\/tr>\n<tr style=\"height: 430px;\">\n<td style=\"width: 66.6666%; height: 430px;\" colspan=\"2\"><img loading=\"lazy\" decoding=\"async\" class=\"alignnone wp-image-30447 size-full\" src=\"https:\/\/www.apiagentura.gov.cz\/wp-content\/uploads\/2022\/08\/web-vyzva-optak-ino-i.png\" alt=\"\" width=\"1072\" height=\"500\" srcset=\"https:\/\/apiagentura.gov.cz\/wp-content\/uploads\/2022\/08\/web-vyzva-optak-ino-i.png 1072w, https:\/\/apiagentura.gov.cz\/wp-content\/uploads\/2022\/08\/web-vyzva-optak-ino-i-300x140.png 300w, https:\/\/apiagentura.gov.cz\/wp-content\/uploads\/2022\/08\/web-vyzva-optak-ino-i-1024x478.png 1024w, https:\/\/apiagentura.gov.cz\/wp-content\/uploads\/2022\/08\/web-vyzva-optak-ino-i-768x358.png 768w\" sizes=\"auto, (max-width: 1072px) 100vw, 1072px\" \/><\/td>\n<\/tr>\n<\/tbody>\n<\/table>\n<p><\/p>","protected":false},"excerpt":{"rendered":"<p>C\u00edlem v\u00fdzvy je pos\u00edlen\u00ed inova\u010dn\u00ed v\u00fdkonnosti dom\u00e1c\u00edch firem a zv\u00fd\u0161en\u00ed jejich konkurenceschopnosti prost\u0159ednictv\u00edm zv\u00fd\u0161en\u00ed vyu\u017e\u00edv\u00e1n\u00ed unik\u00e1tn\u00edch know-how.<\/p>\n","protected":false},"author":1,"featured_media":0,"parent":30018,"menu_order":0,"comment_status":"closed","ping_status":"closed","template":"","meta":{"inline_featured_image":false,"footnotes":""},"class_list":["post-30132","page","type-page","status-publish","hentry"],"publishpress_future_action":{"enabled":false,"date":"2026-05-02 06:18:52","action":"change-status","newStatus":"draft","terms":[],"taxonomy":"","extraData":[]},"publishpress_future_workflow_manual_trigger":{"enabledWorkflows":[]},"_links":{"self":[{"href":"https:\/\/apiagentura.gov.cz\/cs\/wp-json\/wp\/v2\/pages\/30132","targetHints":{"allow":["GET"]}}],"collection":[{"href":"https:\/\/apiagentura.gov.cz\/cs\/wp-json\/wp\/v2\/pages"}],"about":[{"href":"https:\/\/apiagentura.gov.cz\/cs\/wp-json\/wp\/v2\/types\/page"}],"author":[{"embeddable":true,"href":"https:\/\/apiagentura.gov.cz\/cs\/wp-json\/wp\/v2\/users\/1"}],"replies":[{"embeddable":true,"href":"https:\/\/apiagentura.gov.cz\/cs\/wp-json\/wp\/v2\/comments?post=30132"}],"version-history":[{"count":0,"href":"https:\/\/apiagentura.gov.cz\/cs\/wp-json\/wp\/v2\/pages\/30132\/revisions"}],"up":[{"embeddable":true,"href":"https:\/\/apiagentura.gov.cz\/cs\/wp-json\/wp\/v2\/pages\/30018"}],"wp:attachment":[{"href":"https:\/\/apiagentura.gov.cz\/cs\/wp-json\/wp\/v2\/media?parent=30132"}],"curies":[{"name":"wp","href":"https:\/\/api.w.org\/{rel}","templated":true}]}}