{"id":30217,"date":"2022-08-03T11:22:48","date_gmt":"2022-08-03T09:22:48","guid":{"rendered":"https:\/\/www.apiagentura.gov.cz\/?page_id=30217"},"modified":"2026-04-10T14:14:50","modified_gmt":"2026-04-10T12:14:50","slug":"vyber-dodavatele-op-tak","status":"publish","type":"page","link":"https:\/\/apiagentura.gov.cz\/cs\/metodika-op-tak\/vyber-dodavatele-op-tak\/","title":{"rendered":"V\u00fdb\u011br dodavatele (OP TAK)"},"content":{"rendered":"<p><\/p>\n<p style=\"text-align: justify;\">Uskute\u010dn\u011bn\u00ed v\u00fdb\u011brov\u00e9ho \u0159\u00edzen\u00ed slou\u017e\u00ed k zaji\u0161t\u011bn\u00ed hospod\u00e1rn\u00e9ho, efektivn\u00edho a \u00fa\u010deln\u00e9ho vyu\u017eit\u00ed poskytnut\u00fdch ve\u0159ejn\u00fdch finan\u010dn\u00edch prost\u0159edk\u016f. Realizace v\u00fdb\u011brov\u00fdch \u0159\u00edzen\u00ed na zak\u00e1zky, na kter\u00e9 bude poskytnuta podpora, podl\u00e9h\u00e1 pravidl\u016fm Opera\u010dn\u00edho programu Technologie a aplikace pro konkurenceschopnost. \u017dadatel\u00e9 a p\u0159\u00edjemci dotace z OP TAK maj\u00ed <strong>povinnost postupovat<\/strong> p\u0159i v\u00fdb\u011bru dodavatele <strong>podle Pravidel pro v\u00fdb\u011br dodavatel\u016f (PpVD), \u010di podle z\u00e1kona \u010d. 134\/2016 Sb., o zad\u00e1v\u00e1n\u00ed ve\u0159ejn\u00fdch zak\u00e1zek.<\/strong><\/p>\n<p><strong><a class=\"btn\" href=\"https:\/\/zakazky.agentura-api.org\/\">DATAB\u00c1ZE VE\u0158EJN\u00ddCH ZAK\u00c1ZEK<\/a><\/strong><\/p>\n<p style=\"text-align: justify;\">Zde uv\u00e1d\u011bn\u00e9 informace jsou pouze z\u00e1kladn\u00edm r\u00e1mcem. Detailn\u00ed informace o jednotliv\u00fdch v\u00fdb\u011brov\u00fdch \u0159\u00edzen\u00edch v\u00a0rozsahu stanoven\u00e9m Pravidly pro v\u00fdb\u011br dodavatel\u016f, naleznete na profilech p\u0159\u00edslu\u0161n\u00fdch zadavatel\u016f. Informace zve\u0159ejn\u011bn\u00e9 na jednotliv\u00fdch profilech jsou pro zpracov\u00e1n\u00ed nab\u00eddek z\u00e1vazn\u00e9.<\/p>\n<p style=\"text-align: justify;\">V\u00fdb\u011brov\u00e1 \u0159\u00edzen\u00ed se na webov\u00fdch str\u00e1nk\u00e1ch datab\u00e1ze mus\u00ed zve\u0159ej\u0148ovat nejpozd\u011bji n\u00e1sleduj\u00edc\u00ed den po zah\u00e1jen\u00ed v\u00fdb\u011brov\u00e9ho \u0159\u00edzen\u00ed. Pokud jsou informace na port\u00e1lu zve\u0159ejn\u011bny pozd\u011bji, k poru\u0161en\u00ed Pravidel pro v\u00fdb\u011br dodavatele nedojde, prodlou\u017e\u00ed-li zadavatel lh\u016ftu pro pod\u00e1n\u00ed nab\u00eddek minim\u00e1ln\u011b o stejn\u00fd po\u010det dn\u00ed, kter\u00fd odpov\u00edd\u00e1 zpo\u017ed\u011bn\u00ed, v souladu s ustanoven\u00edm bodu 5.3.2. Pravidel.<\/p>\n<p style=\"text-align: justify;\">Pro dotazy kontaktujte Zelenou linku Agentury pro podnik\u00e1n\u00ed a inovace: <strong>+420 800 800 777<\/strong>, <a href=\"mailto:programy@apiagentura.gov.cz\"><span style=\"text-decoration: underline;\">programy@apiagentura.gov.cz<\/span><\/a>.<\/p>\n<p>&nbsp;<\/p>\n<p>UPOZORN\u011aN\u00cd: <strong>Datab\u00e1ze nepodporuje prohl\u00ed\u017ee\u010d Internet Explorer.<\/strong> Doporu\u010dujeme u\u017eivatel\u016fm otev\u00edrat webov\u00e9 str\u00e1nky datab\u00e1ze prost\u0159ednictv\u00edm prohl\u00ed\u017ee\u010de Google Chrome.<\/p>\n<p><strong><a class=\"btn\" href=\"https:\/\/apiagentura.gov.cz\/wp-content\/uploads\/2025\/11\/faq-ppvd-ciste-listopad-2025.pdf\">FAQ &#8211; v\u00fdb\u011br dodavatele v OP TAK<\/a><\/strong><\/p>\n<p>&nbsp;<\/p>\n<p><span style=\"color: #002e60;\"><strong>\u010cl\u00e1nky k v\u00fdb\u011bru dodavatele dle PpVD v OP TAK<\/strong><\/span><\/p>\n<ul>\n<li><a href=\"https:\/\/www.apiagentura.gov.cz\/cs\/kdy-ma-prijemce-dotace-v-op-tak-povinnost-postupovat-dle-pravidel-pro-vyber-dodavatelu\/\" data-auth=\"Verified\" data-linkindex=\"0\">Kdy m\u00e1 p\u0159\u00edjemce dotace v OP TAK povinnost postupovat dle Pravidel pro v\u00fdb\u011br dodavatel\u016f<\/a><\/li>\n<li><a href=\"https:\/\/www.apiagentura.gov.cz\/cs\/vybrane-vyjimky-z-postupu-dle-pravidel-pro-vyber-dodavatelu-v-op-tak\/\">Vybran\u00e9 v\u00fdjimky z postup\u016f dle Pravidel pro v\u00fdb\u011br dodavatel\u016f v OP TAK<\/a><\/li>\n<li><a href=\"https:\/\/www.apiagentura.gov.cz\/cs\/kvalifikace-u-vyberovych-rizeni-dle-pravidel-pro-vyber-dodavatelu-v-op-tak\/\">Kvalifikace u v\u00fdb\u011brov\u00fdch \u0159\u00edzen\u00ed dle Pravidel pro v\u00fdb\u011br dodavatel\u016f v OP TAK<\/a><\/li>\n<li><a href=\"https:\/\/www.apiagentura.gov.cz\/cs\/administrace-vyberovych-a-zadavacich-rizeni-v-iskp21-v-podminkach-op-tak\/\">Administrace v\u00fdb\u011brov\u00fdch a zad\u00e1vac\u00edch \u0159\u00edzen\u00ed v ISKP21+ v podm\u00ednk\u00e1ch OP TAK<\/a><\/li>\n<li><a href=\"https:\/\/www.apiagentura.gov.cz\/cs\/povinnost-zverejnovat-vyberova-rizeni-na-certifikovanem-profilu-zadavatele\/\">Povinnost zve\u0159ej\u0148ovat v\u00fdb\u011brov\u00e1 \u0159\u00edzen\u00ed na certifikovan\u00e9m profilu zadavatele<\/a><\/li>\n<li><a href=\"https:\/\/apiagentura.gov.cz\/cs\/zadavani-dotovanych-zakazek\/\">Zad\u00e1v\u00e1n\u00ed dotovan\u00fdch zak\u00e1zek<\/a><\/li>\n<li><a href=\"https:\/\/apiagentura.gov.cz\/cs\/zadavani-zakazky-dle-pravidel-pro-vyber-dodavatelu-v-op-tak-v-uzavrene-vyzve\/\">Zad\u00e1v\u00e1n\u00ed zak\u00e1zek dle PpVD v uzav\u0159en\u00e9 v\u00fdzv\u011b<\/a><\/li>\n<\/ul>\n<p>&nbsp;<\/p>\n<p><span style=\"color: #002e60;\"><strong>Vyhla\u0161uji zak\u00e1zku dle ZZVZ nebo PpVD?<\/strong><\/span><\/p>\n<p><a href=\"https:\/\/apiagentura.gov.cz\/wp-content\/uploads\/2025\/12\/diagram-zzvz-ppvd-cista-leden-2026.jpg\"><img loading=\"lazy\" decoding=\"async\" class=\"alignnone wp-image-44970 size-large\" src=\"https:\/\/apiagentura.gov.cz\/wp-content\/uploads\/2025\/12\/diagram-zzvz-ppvd-cista-leden-2026-724x1024.jpg\" alt=\"\" width=\"724\" height=\"1024\" srcset=\"https:\/\/apiagentura.gov.cz\/wp-content\/uploads\/2025\/12\/diagram-zzvz-ppvd-cista-leden-2026-724x1024.jpg 724w, https:\/\/apiagentura.gov.cz\/wp-content\/uploads\/2025\/12\/diagram-zzvz-ppvd-cista-leden-2026-212x300.jpg 212w, https:\/\/apiagentura.gov.cz\/wp-content\/uploads\/2025\/12\/diagram-zzvz-ppvd-cista-leden-2026-768x1086.jpg 768w, https:\/\/apiagentura.gov.cz\/wp-content\/uploads\/2025\/12\/diagram-zzvz-ppvd-cista-leden-2026-1086x1536.jpg 1086w, https:\/\/apiagentura.gov.cz\/wp-content\/uploads\/2025\/12\/diagram-zzvz-ppvd-cista-leden-2026.jpg 1414w\" sizes=\"auto, (max-width: 724px) 100vw, 724px\" \/><\/a><\/p>","protected":false},"excerpt":{"rendered":"<p>Uskute\u010dn\u011bn\u00ed v\u00fdb\u011brov\u00e9ho \u0159\u00edzen\u00ed slou\u017e\u00ed k zaji\u0161t\u011bn\u00ed hospod\u00e1rn\u00e9ho, efektivn\u00edho a \u00fa\u010deln\u00e9ho vyu\u017eit\u00ed poskytnut\u00fdch ve\u0159ejn\u00fdch finan\u010dn\u00edch prost\u0159edk\u016f. Realizace v\u00fdb\u011brov\u00fdch \u0159\u00edzen\u00ed na zak\u00e1zky, na kter\u00e9 bude poskytnuta podpora, podl\u00e9h\u00e1 pravidl\u016fm Opera\u010dn\u00edho programu Technologie a aplikace pro konkurenceschopnost. \u017dadatel\u00e9 a p\u0159\u00edjemci dotace z OP TAK maj\u00ed povinnost postupovat p\u0159i v\u00fdb\u011bru dodavatele podle Pravidel pro v\u00fdb\u011br dodavatel\u016f (PpVD), \u010di podle [&hellip;]<\/p>\n","protected":false},"author":35,"featured_media":0,"parent":30215,"menu_order":0,"comment_status":"closed","ping_status":"closed","template":"","meta":{"inline_featured_image":false,"footnotes":""},"class_list":["post-30217","page","type-page","status-publish","hentry"],"publishpress_future_action":{"enabled":false,"date":"2026-05-06 17:33:50","action":"change-status","newStatus":"draft","terms":[],"taxonomy":"","extraData":[]},"publishpress_future_workflow_manual_trigger":{"enabledWorkflows":[]},"_links":{"self":[{"href":"https:\/\/apiagentura.gov.cz\/cs\/wp-json\/wp\/v2\/pages\/30217","targetHints":{"allow":["GET"]}}],"collection":[{"href":"https:\/\/apiagentura.gov.cz\/cs\/wp-json\/wp\/v2\/pages"}],"about":[{"href":"https:\/\/apiagentura.gov.cz\/cs\/wp-json\/wp\/v2\/types\/page"}],"author":[{"embeddable":true,"href":"https:\/\/apiagentura.gov.cz\/cs\/wp-json\/wp\/v2\/users\/35"}],"replies":[{"embeddable":true,"href":"https:\/\/apiagentura.gov.cz\/cs\/wp-json\/wp\/v2\/comments?post=30217"}],"version-history":[{"count":1,"href":"https:\/\/apiagentura.gov.cz\/cs\/wp-json\/wp\/v2\/pages\/30217\/revisions"}],"predecessor-version":[{"id":45934,"href":"https:\/\/apiagentura.gov.cz\/cs\/wp-json\/wp\/v2\/pages\/30217\/revisions\/45934"}],"up":[{"embeddable":true,"href":"https:\/\/apiagentura.gov.cz\/cs\/wp-json\/wp\/v2\/pages\/30215"}],"wp:attachment":[{"href":"https:\/\/apiagentura.gov.cz\/cs\/wp-json\/wp\/v2\/media?parent=30217"}],"curies":[{"name":"wp","href":"https:\/\/api.w.org\/{rel}","templated":true}]}}