{"id":30219,"date":"2022-08-03T11:38:03","date_gmt":"2022-08-03T09:38:03","guid":{"rendered":"https:\/\/www.apiagentura.gov.cz\/?page_id=30219"},"modified":"2026-04-10T14:22:01","modified_gmt":"2026-04-10T12:22:01","slug":"velikost-podniku-op-tak","status":"publish","type":"page","link":"https:\/\/apiagentura.gov.cz\/cs\/metodika-op-tak\/velikost-podniku-op-tak\/","title":{"rendered":"Velikost podniku (OP TAK)"},"content":{"rendered":"<p>Pokud se podnik (fyzick\u00e1 \u010di pr\u00e1vnick\u00e1 osoba) rozhodne podat \u017e\u00e1dost o dotaci v\u00a0r\u00e1mci OP TAK, mus\u00ed posoudit, zda jako \u017eadatel spl\u0148uje podm\u00ednku velikosti podniku, kterou podporuje dan\u00e1 V\u00fdzva.<\/p>\n<p>Z\u00e1kladn\u00edmi krit\u00e9rii pro stanoven\u00ed velikosti podniku jsou\u00a0<strong>po\u010det zam\u011bstnanc\u016f, velikost ro\u010dn\u00edho obratu a bilan\u010dn\u00ed suma ro\u010dn\u00ed rozvahy<\/strong>\u00a0(velikost aktiv).<\/p>\n<p>Velikost podniku odv\u00edjej\u00edc\u00ed se od t\u011bchto krit\u00e9ri\u00ed se d\u011bl\u00ed n\u00e1sledovn\u011b:<\/p>\n<ul>\n<li><strong>MSP<\/strong> (mikropodnik, mal\u00fd, st\u0159edn\u00ed podnik),<\/li>\n<li><strong>small mid-cap<\/strong> (mal\u00e1 spole\u010dnost se st\u0159edn\u00ed tr\u017en\u00ed kapitalizac\u00ed) \u2013 krit\u00e9riem je <strong>pouze po\u010det zam\u011bstnanc\u016f,<\/strong><\/li>\n<li><strong>mid-cap<\/strong> (spole\u010dnost se st\u0159edn\u00ed tr\u017en\u00ed kapitalizac\u00ed) \u2013 krit\u00e9riem je <strong>pouze po\u010det zam\u011bstnanc\u016f,<\/strong><\/li>\n<li><strong>velk\u00fd podnik.<\/strong><\/li>\n<\/ul>\n<p>Zp\u016fsob stanoven\u00ed velikosti podniku, relevantn\u00ed \u00fadaje a posuzovan\u00e1 \u00fa\u010detn\u00ed\/zda\u0148ovac\u00ed obdob\u00ed jsou vymezeny v\u00a0d\u00e1le uveden\u00fdch dokumentech.<\/p>","protected":false},"excerpt":{"rendered":"<p>Pokud se podnik (fyzick\u00e1 \u010di pr\u00e1vnick\u00e1 osoba) rozhodne podat \u017e\u00e1dost o dotaci v\u00a0r\u00e1mci OP TAK, mus\u00ed posoudit, zda jako \u017eadatel spl\u0148uje podm\u00ednku velikosti podniku, kterou podporuje dan\u00e1 V\u00fdzva. Z\u00e1kladn\u00edmi krit\u00e9rii pro stanoven\u00ed velikosti podniku jsou\u00a0po\u010det zam\u011bstnanc\u016f, velikost ro\u010dn\u00edho obratu a bilan\u010dn\u00ed suma ro\u010dn\u00ed rozvahy\u00a0(velikost aktiv). Velikost podniku odv\u00edjej\u00edc\u00ed se od t\u011bchto krit\u00e9ri\u00ed se d\u011bl\u00ed n\u00e1sledovn\u011b: [&hellip;]<\/p>\n","protected":false},"author":35,"featured_media":0,"parent":30215,"menu_order":0,"comment_status":"closed","ping_status":"closed","template":"","meta":{"inline_featured_image":false,"footnotes":""},"class_list":["post-30219","page","type-page","status-publish","hentry"],"publishpress_future_action":{"enabled":false,"date":"2026-05-01 22:00:37","action":"change-status","newStatus":"draft","terms":[],"taxonomy":"","extraData":[]},"publishpress_future_workflow_manual_trigger":{"enabledWorkflows":[]},"_links":{"self":[{"href":"https:\/\/apiagentura.gov.cz\/cs\/wp-json\/wp\/v2\/pages\/30219","targetHints":{"allow":["GET"]}}],"collection":[{"href":"https:\/\/apiagentura.gov.cz\/cs\/wp-json\/wp\/v2\/pages"}],"about":[{"href":"https:\/\/apiagentura.gov.cz\/cs\/wp-json\/wp\/v2\/types\/page"}],"author":[{"embeddable":true,"href":"https:\/\/apiagentura.gov.cz\/cs\/wp-json\/wp\/v2\/users\/35"}],"replies":[{"embeddable":true,"href":"https:\/\/apiagentura.gov.cz\/cs\/wp-json\/wp\/v2\/comments?post=30219"}],"version-history":[{"count":1,"href":"https:\/\/apiagentura.gov.cz\/cs\/wp-json\/wp\/v2\/pages\/30219\/revisions"}],"predecessor-version":[{"id":45477,"href":"https:\/\/apiagentura.gov.cz\/cs\/wp-json\/wp\/v2\/pages\/30219\/revisions\/45477"}],"up":[{"embeddable":true,"href":"https:\/\/apiagentura.gov.cz\/cs\/wp-json\/wp\/v2\/pages\/30215"}],"wp:attachment":[{"href":"https:\/\/apiagentura.gov.cz\/cs\/wp-json\/wp\/v2\/media?parent=30219"}],"curies":[{"name":"wp","href":"https:\/\/api.w.org\/{rel}","templated":true}]}}