{"id":3026,"date":"2016-11-14T07:12:55","date_gmt":"2016-11-14T06:12:55","guid":{"rendered":"https:\/\/www.apiagentura.gov.cz\/?page_id=3026"},"modified":"2021-11-23T13:57:54","modified_gmt":"2021-11-23T12:57:54","slug":"potencial-vyzva-iii","status":"publish","type":"page","link":"https:\/\/apiagentura.gov.cz\/cs\/programy-podpory\/potencial\/potencial-vyzva-iii\/","title":{"rendered":"Potenci\u00e1l &#8211; V\u00fdzva III"},"content":{"rendered":"<p><\/p>\n<h3>Upozorn\u011bn\u00ed\u00a0pro \u017eadatele<\/h3>\n<p>\u0158\u00eddic\u00ed org\u00e1n OP PIK (\u0158O) informuje o zm\u011bn\u011b III. V\u00fdzvy programu podpory OP PIK Potenci\u00e1l. <strong>Zm\u011bna se t\u00fdk\u00e1 nav\u00fd\u0161en\u00ed alokace ur\u010den\u00e9 pro projekty velk\u00fdch podnik\u016f, kter\u00e9 splnily minim\u00e1ln\u00ed bodovou hranici pro poskytnut\u00ed podpory (60 bod\u016f), ale nebyly doporu\u010deny k financov\u00e1n\u00ed z d\u016fvodu vy\u010derp\u00e1n\u00ed alokace ur\u010den\u00e9 velk\u00fdm podnik\u016fm.\u00a0<\/strong>Z d\u016fvodu zachov\u00e1n\u00ed transparentnosti a rovn\u00e9ho p\u0159\u00edstupu k \u017eadatel\u016fm o dotaci budou pro v\u0161echny potenci\u00e1ln\u00ed z\u00e1jemce platit <strong>stejn\u00e9 podm\u00ednky pro vyd\u00e1n\u00ed Rozhodnut\u00ed o poskytnut\u00ed dotace<\/strong> \u2013 po\u017eadavek na dolo\u017een\u00ed v\u0161ech povinn\u00fdch p\u0159\u00edloha (zejm\u00e9na stavebn\u00edho povolen\u00ed) s nabyt\u00edm pr\u00e1vn\u00ed moci k 31. lednu 2018 s nejzaz\u0161\u00edm term\u00ednem pro p\u0159edlo\u017een\u00ed do 28. \u00fanora 2018.<\/p>\n<hr \/>\n<h3>Upozorn\u011bn\u00ed\u00a0pro \u017eadatele<\/h3>\n<p>Ministerstvo pr\u016fmyslu a obchodu jako <strong>\u0158\u00eddic\u00ed org\u00e1n OP PIK (\u0158O) informuje o zm\u011bn\u011b III. V\u00fdzvy programu OPPIK Potenci\u00e1l.<\/strong> V sou\u010dasnosti doch\u00e1z\u00ed u velk\u00fdch podnik\u016f k n\u011bkolikan\u00e1sobn\u00e9mu p\u0159evisu celkov\u00e9 \u010d\u00e1stky po\u017eadovan\u00e9 v \u017d\u00e1dostech o podporu nad r\u00e1mec alokace V\u00fdzvy III OPPIK Potenci\u00e1l, ur\u010den\u00e9 pro velk\u00e9 podniky (250 mil. K\u010d). V souladu s Opera\u010dn\u00edm manu\u00e1lem OPPIK proto <strong>\u0158O navy\u0161uje \u010d\u00e1st alokace V\u00fdzvy III programu Potenci\u00e1l<\/strong>, ur\u010denou pro velk\u00e9 podniky, <strong>o 250 mil. K\u010d, p\u0159i\u010dem\u017e celkov\u00e1 v\u00fd\u0161e alokace (2 500 mil. K\u010d) se nem\u011bn\u00ed.<\/strong> Vzhledem k n\u00edzk\u00e9mu po\u010dtu podan\u00fdch projekt\u016f ze strany MSP nebude m\u00edt nav\u00fd\u0161en\u00ed pod\u00edlu alokace pro velk\u00e9 podniky vliv na mno\u017estv\u00ed podpo\u0159en\u00fdch projekt\u016f MSP. Nav\u00fd\u0161en\u00edm podpory pro velk\u00e9 podniky ve V\u00fdzv\u011b III programu Potenci\u00e1l o 250 mil. K\u010d nedojde k p\u0159ekro\u010den\u00ed 20% hranice celkov\u00e9 alokace v PO1, ur\u010den\u00e9 pro velk\u00e9 podniky.<\/p>\n<hr \/>\n<h3>Upozorn\u011bn\u00ed\u00a0pro \u017eadatele<\/h3>\n<p><strong>\u0158\u00eddic\u00ed org\u00e1n OP PIK si dovoluje informovat<\/strong>, \u017ee v sou\u010dasn\u00e9 dob\u011b je v aktu\u00e1ln\u011b vyhl\u00e1\u0161en\u00e9 III. V\u00fdzv\u011b programu OPPIK Potenci\u00e1l ze strany velk\u00fdch podnik\u016f pod\u00e1no ji\u017e 20 projekt\u016f a celkov\u00e1 v\u00fd\u0161e po\u017eadovan\u00e9 dotace \u010din\u00ed 531.023.412,- K\u010d. Dle textu t\u00e9to v\u00fdzvy je mo\u017en\u00e9 podporu pro velk\u00e9 podniky poskytnout maxim\u00e1ln\u011b <strong>do v\u00fd\u0161e 10 % alokace na tuto v\u00fdzvu<\/strong>, jej\u00ed\u017e celkov\u00e1 \u010d\u00e1stka je 2.500.000.000,-K\u010d, tak\u017ee alokace pro velk\u00e9 podniky ji\u017e byla <strong>dvojn\u00e1sobn\u011b p\u0159esa\u017eena.<\/strong><\/p>\n<hr \/>\n<h3>Z\u00e1kladn\u00ed charakteristiky:<\/h3>\n<p><strong>Kdo m\u016f\u017ee \u017e\u00e1dat<\/strong>\u00a0(p\u0159\u00edjemci podpory):<\/p>\n<ul>\n<li>mal\u00e9, st\u0159edn\u00ed a velk\u00e9 podniky; typy podporovan\u00fdch pr\u00e1vn\u00edch forem stanovuje text V\u00fdzvy<\/li>\n<\/ul>\n<p><strong>Kolik lze z\u00edskat na jeden projekt<\/strong>\u00a0(forma a v\u00fd\u0161e podpory):<\/p>\n<ul>\n<li>m\u00edra podpory:\u00a0max. v\u00fd\u0161e 50 % celkov\u00fdch zp\u016fsobil\u00fdch v\u00fddaj\u016f bez ohledu na velikost podniku a\u00a0m\u00edsto realizace<\/li>\n<li>dotace na projekt je poskytov\u00e1na minim\u00e1ln\u011b ve v\u00fd\u0161i 2 mil. K\u010d a\u00a0maxim\u00e1ln\u011b do v\u00fd\u0161e 75 mil. K\u010d<\/li>\n<\/ul>\n<p><strong>Na co lze z\u00edskat podporu\u00a0<\/strong>(podporovan\u00e9 aktivity):<\/p>\n<ul>\n<li>zalo\u017een\u00ed nebo rozvoj center pr\u016fmyslov\u00e9ho v\u00fdzkumu, v\u00fdvoje a\u00a0inovac\u00ed spo\u010d\u00edvaj\u00edc\u00ed v\u00a0po\u0159\u00edzen\u00ed pozemk\u016f, budov, stroj\u016f\/za\u0159\u00edzen\u00ed a\u00a0jin\u00e9ho vybaven\u00ed centra nezbytn\u00e9ho pro zaji\u0161t\u011bn\u00ed aktivit tohoto centra<\/li>\n<\/ul>\n<p><strong>Jak\u00e9 v\u00fddaje je mo\u017en\u00e9 podpo\u0159it\u00a0<\/strong>(zp\u016fsobil\u00e9 v\u00fddaje):<\/p>\n<ul>\n<li>v\u00fddaje na po\u0159\u00edzen\u00ed pro \u010dinnost VaV nezbytn\u00e9ho dlouhodob\u00e9ho hmotn\u00e9ho majetku, n\u00e1kup pozemk\u016f, budov, stroj\u016f a\u00a0jin\u00e9ho za\u0159\u00edzen\u00ed nezbytn\u00e9ho pro vybaven\u00ed v\u00fdzkumn\u00e9 infrastruktury za podm\u00ednky, \u017ee se jedn\u00e1 o\u00a0odepisovateln\u00e1 aktiva (mimo pozemek)<\/li>\n<li>dlouhodob\u00fd hmotn\u00fd majetek (n\u00e1kup pozemk\u016f, budov, novostavby \u010di technick\u00e9 zhodnocen\u00ed budov, n\u00e1kup stroj\u016f a jin\u00e9ho za\u0159\u00edzen\u00ed nezbytn\u00e9ho pro vybaven\u00ed centra pro VaV)<\/li>\n<li>n\u00e1klady na povinnou publicitu projektu jsou zp\u016fsobil\u00e9 pouze tehdy, pokud napl\u0148uj\u00ed znaky povinn\u00e9 publicity uveden\u00e9 v\u00a0pravidlech ur\u010den\u00fdch spr\u00e1vcem programu<\/li>\n<\/ul>\n<p><strong>Specifika a omezen\u00ed:<\/strong><\/p>\n<ul>\n<li>projekt mus\u00ed b\u00fdt realizov\u00e1n na \u00fazem\u00ed \u010cR mimo hlavn\u00edho m\u011bsta Prahy<\/li>\n<li>shoda projektu s\u00a0N\u00e1rodn\u00ed v\u00fdzkumnou a\u00a0inova\u010dn\u00ed strategi\u00ed pro inteligentn\u00ed specializaci \u010cesk\u00e9 republiky bude ov\u011b\u0159ena v\u00a0r\u00e1mci hodnocen\u00ed projektu; pro ov\u011b\u0159en\u00ed bude \u017eadatel pou\u017e\u00edvat p\u0159\u00edlohu v\u00fdzvy s n\u00e1zvem \u201ePodkladov\u00fd materi\u00e1l pro implementaci N\u00e1rodn\u00ed RIS3 strategie\u201c<\/li>\n<li>ka\u017ed\u00fd \u017eadatel (1 I\u010c) je v t\u00e9to V\u00fdzv\u011b opr\u00e1vn\u011bn p\u0159edlo\u017eit maxim\u00e1ln\u011b jeden projekt (tzn. jednu aktivn\u00ed \u017e\u00e1dosti o podporu, ve kter\u00e9 vystupuje jako p\u0159\u00edjemce)<\/li>\n<li>minim\u00e1ln\u00ed v\u00fd\u0161e investice do dlouhodob\u00e9ho majetku, vyu\u017e\u00edvan\u00e9ho pro \u00fa\u010dely zaji\u0161t\u011bn\u00ed aktivit projektu, \u010din\u00ed pro MSP 4 mil. K\u010d, v p\u0159\u00edpad\u011b velk\u00fdch podnik\u016f 10 mil. K\u010d<\/li>\n<li>p\u0159\u00edjemce je povinen umo\u017enit p\u0159\u00edstup k v\u00fdzkumn\u00e9 infrastruktu\u0159e v\u00edce u\u017eivatel\u016fm za transparentn\u00edch a nediskrimina\u010dn\u00edch podm\u00ednek<\/li>\n<\/ul>\n<p><strong>Syst\u00e9m sb\u011bru \u017e\u00e1dost\u00ed:<\/strong><\/p>\n<ul>\n<li>kolov\u00fd<\/li>\n<\/ul>\n<p><\/p>","protected":false},"excerpt":{"rendered":"<p>Rozhodli jste se zav\u00e9st \u010di roz\u0161\u00ed\u0159it vlastn\u00ed v\u00fdzkumn\u00e9 a v\u00fdvojov\u00e9 kapacity a za\u0159adit se tak do skupiny podnikatelsk\u00fdch subjekt\u016f, kter\u00e9 prov\u00e1d\u011bj\u00ed vlastn\u00ed v\u00fdzkum a v\u00fdvoj? Jestli\u017ee ano, pak je program Potenci\u00e1l ur\u010den pr\u00e1v\u011b v\u00e1m.<\/p>\n","protected":false},"author":35,"featured_media":0,"parent":110,"menu_order":0,"comment_status":"closed","ping_status":"closed","template":"","meta":{"inline_featured_image":false,"footnotes":""},"class_list":["post-3026","page","type-page","status-publish","hentry"],"publishpress_future_action":{"enabled":false,"date":"2026-05-07 12:43:11","action":"change-status","newStatus":"draft","terms":[],"taxonomy":"","extraData":[]},"publishpress_future_workflow_manual_trigger":{"enabledWorkflows":[]},"_links":{"self":[{"href":"https:\/\/apiagentura.gov.cz\/cs\/wp-json\/wp\/v2\/pages\/3026","targetHints":{"allow":["GET"]}}],"collection":[{"href":"https:\/\/apiagentura.gov.cz\/cs\/wp-json\/wp\/v2\/pages"}],"about":[{"href":"https:\/\/apiagentura.gov.cz\/cs\/wp-json\/wp\/v2\/types\/page"}],"author":[{"embeddable":true,"href":"https:\/\/apiagentura.gov.cz\/cs\/wp-json\/wp\/v2\/users\/35"}],"replies":[{"embeddable":true,"href":"https:\/\/apiagentura.gov.cz\/cs\/wp-json\/wp\/v2\/comments?post=3026"}],"version-history":[{"count":0,"href":"https:\/\/apiagentura.gov.cz\/cs\/wp-json\/wp\/v2\/pages\/3026\/revisions"}],"up":[{"embeddable":true,"href":"https:\/\/apiagentura.gov.cz\/cs\/wp-json\/wp\/v2\/pages\/110"}],"wp:attachment":[{"href":"https:\/\/apiagentura.gov.cz\/cs\/wp-json\/wp\/v2\/media?parent=3026"}],"curies":[{"name":"wp","href":"https:\/\/api.w.org\/{rel}","templated":true}]}}