{"id":3028,"date":"2016-11-14T07:02:39","date_gmt":"2016-11-14T06:02:39","guid":{"rendered":"https:\/\/www.apiagentura.gov.cz\/?page_id=3028"},"modified":"2019-06-21T08:53:00","modified_gmt":"2019-06-21T06:53:00","slug":"smart-grids-ii-vyzva-ii","status":"publish","type":"page","link":"https:\/\/apiagentura.gov.cz\/cs\/programy-podpory\/smart-grids-ii\/smart-grids-ii-vyzva-ii\/","title":{"rendered":"Smart grids II &#8211; V\u00fdzva II"},"content":{"rendered":"<p><\/p>\n<h3 style=\"text-align: left;\">Z\u00e1kladn\u00ed charakteristiky:<\/h3>\n<p style=\"text-align: left;\"><strong>Kdo m\u016f\u017ee \u017e\u00e1dat\u00a0<\/strong>(p\u0159\u00edjemci podpory):<\/p>\n<ul>\n<li style=\"text-align: left;\">podnikatelsk\u00fd subjekt (provozovatel p\u0159enosov\u00e9 soustavy)<\/li>\n<\/ul>\n<p style=\"text-align: left;\"><strong>Kolik lze z\u00edskat na jeden projekt\u00a0<\/strong>(forma a v\u00fd\u0161e podpory):<\/p>\n<ul>\n<li style=\"text-align: left;\">m\u00edra podpory: podpora je poskytov\u00e1na a\u017e do v\u00fd\u0161e 40 % ZV<\/li>\n<li style=\"text-align: left;\">dotace na projekt je poskytov\u00e1na minim\u00e1ln\u011b ve v\u00fd\u0161i 10 mil. K\u010d a maxim\u00e1ln\u011b do v\u00fd\u0161e 500 mil. K\u010d<\/li>\n<\/ul>\n<p style=\"text-align: left;\"><strong>Na co lze z\u00edskat podporu<\/strong>\u00a0(podporovan\u00e9 aktivity):<\/p>\n<ul>\n<li style=\"text-align: left;\">v\u00fdstavba, pos\u00edlen\u00ed, modernizace a rekonstrukce veden\u00ed p\u0159enosov\u00e9 soustavy a transformoven v\u010detn\u011b modernizace \u0159\u00edd\u00edc\u00edch a komunika\u010dn\u00edch syst\u00e9m\u016f (v souladu s konceptem chytr\u00fdch s\u00edt\u00ed)<\/li>\n<\/ul>\n<p style=\"text-align: left;\"><strong>Jak\u00e9 v\u00fddaje je mo\u017en\u00e9 podpo\u0159it\u00a0<\/strong>(zp\u016fsobil\u00e9 v\u00fddaje):<\/p>\n<ul>\n<li style=\"text-align: left;\">dlouhodob\u00fd hmotn\u00fd majetek<\/li>\n<li style=\"text-align: left;\">dlouhodob\u00fd nehmotn\u00fd majetek (pokud je nezbytn\u00fd k \u0159\u00e1dn\u00e9mu provozov\u00e1n\u00ed dlouhodob\u00e9ho hmotn\u00e9ho majetku)<\/li>\n<li style=\"text-align: left;\">zp\u016fsobil\u00e9 v\u00fddaje jsou p\u0159esn\u011b vymezeny v P\u0159\u00edloze \u010d. 2 \u010c\u00e1st A V\u00fdzvy<\/li>\n<\/ul>\n<p style=\"text-align: left;\"><strong>Specifika a omezen\u00ed:<\/strong><\/p>\n<ul>\n<li style=\"text-align: left;\">projekt mus\u00ed b\u00fdt realizov\u00e1n na \u00fazem\u00ed \u010cR mimo hlavn\u00edho m\u011bsta Prahy<\/li>\n<li style=\"text-align: left;\">\u017eadatel mus\u00ed jednozna\u010dn\u011b prok\u00e1zat vlastnick\u00e1 nebo jin\u00e1 pr\u00e1va k\u00a0nemovitostem a\u00a0pozemk\u016fm, kde bude projekt realizov\u00e1n, dolo\u017een\u00edm, \u017ee je dr\u017eitelem licence na p\u0159enos elekt\u0159iny vydanou Energetick\u00fdm regula\u010dn\u00edm \u00fa\u0159adem v souladu s \u00a7 5 z\u00e1kona \u010d. 458\/2000 Sb., o podm\u00ednk\u00e1ch podnik\u00e1n\u00ed a o v\u00fdkonu st\u00e1tn\u00ed spr\u00e1vy v energetick\u00fdch odv\u011btv\u00edch (energetick\u00fd z\u00e1kon)<\/li>\n<\/ul>\n<p style=\"text-align: left;\"><strong>Syst\u00e9m sb\u011bru \u017e\u00e1dost\u00ed:<\/strong><\/p>\n<ul>\n<li style=\"text-align: left;\">kontinu\u00e1ln\u00ed<\/li>\n<\/ul>\n<p><\/p>","protected":false},"excerpt":{"rendered":"<p>C\u00edlem V\u00fdzvy II programu Smart grids II je zlep\u0161en\u00ed kvality, spolehlivosti, bezpe\u010dnosti a udr\u017eitelnosti dod\u00e1vek elekt\u0159iny kone\u010dn\u00fdm z\u00e1kazn\u00edk\u016fm za sou\u010dasn\u00e9 minimalizace \u00fazk\u00fdch profil\u016f a integrace decentralizovan\u00fdch zdroj\u016f energie.<\/p>\n","protected":false},"author":35,"featured_media":0,"parent":146,"menu_order":0,"comment_status":"closed","ping_status":"closed","template":"","meta":{"inline_featured_image":false,"footnotes":""},"class_list":["post-3028","page","type-page","status-publish","hentry"],"publishpress_future_action":{"enabled":false,"date":"2026-05-02 07:40:19","action":"change-status","newStatus":"draft","terms":[],"taxonomy":"","extraData":[]},"publishpress_future_workflow_manual_trigger":{"enabledWorkflows":[]},"_links":{"self":[{"href":"https:\/\/apiagentura.gov.cz\/cs\/wp-json\/wp\/v2\/pages\/3028","targetHints":{"allow":["GET"]}}],"collection":[{"href":"https:\/\/apiagentura.gov.cz\/cs\/wp-json\/wp\/v2\/pages"}],"about":[{"href":"https:\/\/apiagentura.gov.cz\/cs\/wp-json\/wp\/v2\/types\/page"}],"author":[{"embeddable":true,"href":"https:\/\/apiagentura.gov.cz\/cs\/wp-json\/wp\/v2\/users\/35"}],"replies":[{"embeddable":true,"href":"https:\/\/apiagentura.gov.cz\/cs\/wp-json\/wp\/v2\/comments?post=3028"}],"version-history":[{"count":0,"href":"https:\/\/apiagentura.gov.cz\/cs\/wp-json\/wp\/v2\/pages\/3028\/revisions"}],"up":[{"embeddable":true,"href":"https:\/\/apiagentura.gov.cz\/cs\/wp-json\/wp\/v2\/pages\/146"}],"wp:attachment":[{"href":"https:\/\/apiagentura.gov.cz\/cs\/wp-json\/wp\/v2\/media?parent=3028"}],"curies":[{"name":"wp","href":"https:\/\/api.w.org\/{rel}","templated":true}]}}