{"id":30312,"date":"2022-08-10T14:51:29","date_gmt":"2022-08-10T12:51:29","guid":{"rendered":"https:\/\/www.apiagentura.gov.cz\/?page_id=30312"},"modified":"2026-03-19T13:13:16","modified_gmt":"2026-03-19T12:13:16","slug":"is-kp21","status":"publish","type":"page","link":"https:\/\/apiagentura.gov.cz\/cs\/is-kp21\/","title":{"rendered":"IS KP21+"},"content":{"rendered":"<p><\/p>\n<p style=\"text-align: justify;\">\u017d\u00e1dost o podporu z OP TAK je pod\u00e1v\u00e1na <strong>pouze elektronicky<\/strong> prost\u0159ednictv\u00edm internetov\u00e9ho port\u00e1lu, tzv. <strong>Informa\u010dn\u00edho syst\u00e9mu koncov\u00e9ho p\u0159\u00edjemce (IS KP21+)<\/strong>. Aplikace je krom\u011b samotn\u00e9ho pod\u00e1n\u00ed \u017e\u00e1dosti o podporu ur\u010dena pro spr\u00e1vu projektu po celou dobu jeho \u017eivotn\u00edho cyklu. IS KP21+ je sou\u010d\u00e1st\u00ed <strong>jednotn\u00e9ho monitorovac\u00edho syst\u00e9mu MS2021+<\/strong> pro administraci evropsk\u00fdch dotac\u00ed.<\/p>\n<p style=\"text-align: center;\"><strong><a class=\"btn\" href=\"https:\/\/iskp21.mssf.cz\/\">Vstup do aplikace IS KP21+<\/a>\u00a0\u00a0\u00a0\u00a0 \u00a0\u00a0 \u00a0\u00a0<a class=\"btn\" href=\"https:\/\/www.apiagentura.gov.cz\/cs\/videonavody-is-kp21\/\">Videon\u00e1vody IS KP21+<\/a>\u00a0 \u00a0 \u00a0 \u00a0 \u00a0 <a class=\"btn\" href=\"https:\/\/iskp21.mssf.cz\/domu.aspx?ShowPage=FAQ\">FAQ<\/a><\/strong><\/p>\n<p><\/p>","protected":false},"excerpt":{"rendered":"<p>\u017d\u00e1dost o podporu z OP TAK je pod\u00e1v\u00e1na pouze elektronicky prost\u0159ednictv\u00edm internetov\u00e9ho port\u00e1lu, tzv. Informa\u010dn\u00edho syst\u00e9mu koncov\u00e9ho p\u0159\u00edjemce (IS KP21+). Aplikace je krom\u011b samotn\u00e9ho pod\u00e1n\u00ed \u017e\u00e1dosti o podporu ur\u010dena pro spr\u00e1vu projektu po celou dobu jeho \u017eivotn\u00edho cyklu. IS KP21+ je sou\u010d\u00e1st\u00ed jednotn\u00e9ho monitorovac\u00edho syst\u00e9mu MS2021+ pro administraci evropsk\u00fdch dotac\u00ed. Vstup do aplikace IS KP21+\u00a0\u00a0\u00a0\u00a0 [&hellip;]<\/p>\n","protected":false},"author":35,"featured_media":0,"parent":0,"menu_order":0,"comment_status":"closed","ping_status":"closed","template":"","meta":{"inline_featured_image":false,"footnotes":""},"class_list":["post-30312","page","type-page","status-publish","hentry"],"publishpress_future_action":{"enabled":false,"date":"2026-05-11 12:22:15","action":"change-status","newStatus":"draft","terms":[],"taxonomy":"","extraData":[]},"publishpress_future_workflow_manual_trigger":{"enabledWorkflows":[]},"_links":{"self":[{"href":"https:\/\/apiagentura.gov.cz\/cs\/wp-json\/wp\/v2\/pages\/30312","targetHints":{"allow":["GET"]}}],"collection":[{"href":"https:\/\/apiagentura.gov.cz\/cs\/wp-json\/wp\/v2\/pages"}],"about":[{"href":"https:\/\/apiagentura.gov.cz\/cs\/wp-json\/wp\/v2\/types\/page"}],"author":[{"embeddable":true,"href":"https:\/\/apiagentura.gov.cz\/cs\/wp-json\/wp\/v2\/users\/35"}],"replies":[{"embeddable":true,"href":"https:\/\/apiagentura.gov.cz\/cs\/wp-json\/wp\/v2\/comments?post=30312"}],"version-history":[{"count":1,"href":"https:\/\/apiagentura.gov.cz\/cs\/wp-json\/wp\/v2\/pages\/30312\/revisions"}],"predecessor-version":[{"id":45328,"href":"https:\/\/apiagentura.gov.cz\/cs\/wp-json\/wp\/v2\/pages\/30312\/revisions\/45328"}],"wp:attachment":[{"href":"https:\/\/apiagentura.gov.cz\/cs\/wp-json\/wp\/v2\/media?parent=30312"}],"curies":[{"name":"wp","href":"https:\/\/api.w.org\/{rel}","templated":true}]}}