{"id":30397,"date":"2022-08-15T11:54:47","date_gmt":"2022-08-15T09:54:47","guid":{"rendered":"https:\/\/www.apiagentura.gov.cz\/?page_id=30397"},"modified":"2024-12-19T15:07:08","modified_gmt":"2024-12-19T14:07:08","slug":"proof-of-concept-vyzva-i","status":"publish","type":"page","link":"https:\/\/apiagentura.gov.cz\/cs\/podporovane-aktivity-optak\/proof-of-concept-optak\/proof-of-concept-vyzva-i\/","title":{"rendered":"Proof of Concept &#8211; v\u00fdzva I"},"content":{"rendered":"<p><strong>Upozorn\u011bn\u00ed pro \u017eadatele a p\u0159\u00edjemce:<\/strong><\/p>\n<p><strong>28. 11. 2022:<\/strong> Ministerstvo pr\u016fmyslu a obchodu jako \u0158\u00eddic\u00ed org\u00e1n OP TAK (\u0158O) informovalo o zm\u011bn\u011b I. V\u00fdzvy aktivity OP TAK Proof of Concept. Vzhledem k p\u0159ib\u00fdvaj\u00edc\u00edm \u017e\u00e1dostem o prodlou\u017een\u00ed term\u00ednu p\u0159\u00edjmu \u017e\u00e1dost\u00ed do I. V\u00fdzvy Proof of Concept ze strany \u017eadatel\u016f o dotaci, bude <strong>term\u00edn prodlou\u017een o jeden m\u011bs\u00edc z 30. 11. 2022 do 30. 12. 2022 v \u010dase 10:00<\/strong>.<\/p>\n<p><strong>19. 10. 2022:<\/strong> Aktualizace P\u0159\u00edru\u010dky pro pod\u00e1n\u00ed \u017e\u00e1dosti o podporu \u2013 postup vypln\u011bn\u00ed z\u00e1lo\u017eky RIS3 v ISKP21+.<\/p>\n<table class=\"call-detail\" style=\"height: 278px;\" width=\"\">\n<tbody>\n<tr>\n<td style=\"width: 33.3333%;\" rowspan=\"2\"><strong>Na co lze z\u00edskat podporu<\/strong>\u00a0(podporovan\u00e9 aktivity):<\/p>\n<h4>Aktivita A<\/h4>\n<ul>\n<li>aktivity souvisej\u00edc\u00ed s ov\u011b\u0159en\u00edm technick\u00e9 proveditelnosti a komer\u010dn\u00edho potenci\u00e1lu v\u00fdzkumu a v\u00fdvoje s c\u00edlem zaveden\u00ed nov\u00e9ho produktu\/technologie\/slu\u017eby na trh<\/li>\n<\/ul>\n<h4>Aktivita B<\/h4>\n<ul>\n<li>aktivity sm\u011b\u0159uj\u00edc\u00ed k dopracov\u00e1n\u00ed v\u00fdzkumu a v\u00fdvoje do fin\u00e1ln\u00ed f\u00e1ze a k p\u0159\u00edprav\u011b jeho komercializace<\/li>\n<\/ul>\n<p><strong>Kdo m\u016f\u017ee \u017e\u00e1dat<\/strong>\u00a0(p\u0159\u00edjemci podpory):<\/p>\n<ul>\n<li>mal\u00e9 a st\u0159edn\u00ed podniky<\/li>\n<\/ul>\n<p><strong>Syst\u00e9m sb\u011bru \u017e\u00e1dost\u00ed:<\/strong><\/p>\n<ul>\n<li>kolov\u00fd<\/li>\n<\/ul>\n<\/td>\n<td style=\"width: 33.3333%;\"><strong>Kolik lze z\u00edskat na jeden projekt\u00a0<\/strong>(forma a v\u00fd\u0161e podpory):<\/p>\n<ul>\n<li>minim\u00e1ln\u011b ve v\u00fd\u0161i <strong>500 tis. K\u010d<\/strong><\/li>\n<li>maxim\u00e1ln\u011b do v\u00fd\u0161e <strong>5 mil. K\u010d<\/strong> (aktivita A)<\/li>\n<li>maxim\u00e1ln\u011b do v\u00fd\u0161e <strong>20 mil. K\u010d<\/strong> (aktivita B)<\/li>\n<\/ul>\n<p><strong>M\u00edra podpory:<\/strong><\/p>\n<ul>\n<li><strong>35 % &#8211; 70 %<\/strong> celkov\u00fdch zp\u016fsobil\u00fdch v\u00fddaj\u016f<\/li>\n<\/ul>\n<p>V\u00edce o m\u00ed\u0159e podpory viz kap. 9.1 v\u00fdzvy<\/td>\n<td style=\"width: 33.3333%;\"><img loading=\"lazy\" decoding=\"async\" class=\"alignnone size-full wp-image-30392\" src=\"https:\/\/www.apiagentura.gov.cz\/wp-content\/uploads\/2022\/08\/optak-aktivita-1-proof-of-concept-660x660-1.png\" alt=\"\" width=\"660\" height=\"660\" srcset=\"https:\/\/apiagentura.gov.cz\/wp-content\/uploads\/2022\/08\/optak-aktivita-1-proof-of-concept-660x660-1.png 660w, https:\/\/apiagentura.gov.cz\/wp-content\/uploads\/2022\/08\/optak-aktivita-1-proof-of-concept-660x660-1-300x300.png 300w, https:\/\/apiagentura.gov.cz\/wp-content\/uploads\/2022\/08\/optak-aktivita-1-proof-of-concept-660x660-1-150x150.png 150w\" sizes=\"auto, (max-width: 660px) 100vw, 660px\" \/><\/td>\n<\/tr>\n<tr>\n<td style=\"width: 33.3333%;\"><strong>Jak\u00e9\u00a0v\u00fddaje je mo\u017en\u00e9 podpo\u0159it\u00a0<\/strong>(zp\u016fsobil\u00e9 v\u00fddaje):<\/p>\n<h4>Aktivita A + B<\/h4>\n<ul>\n<li>osobn\u00ed n\u00e1klady<\/li>\n<li>n\u00e1klady na konzulta\u010dn\u00ed a odborn\u00e9 slu\u017eby<\/li>\n<li>n\u00e1klady na materi\u00e1l<\/li>\n<li>dodate\u010dn\u00e9 re\u017eijn\u00ed a ostatn\u00ed provozn\u00ed n\u00e1klady<\/li>\n<li>odpisy<\/li>\n<\/ul>\n<h4>Aktivita B<\/h4>\n<ul>\n<li>n\u00e1klady na vysl\u00e1n\u00ed vysoce kvalifikovan\u00fdch pracovn\u00edk\u016f z organizace pro v\u00fdzkum a \u0161\u00ed\u0159en\u00ed znalost\u00ed, kte\u0159\u00ed u p\u0159\u00edjemce podpory pracuj\u00ed na \u010dinnostech v oblasti v\u00fdzkumu, v\u00fdvoje a inovac\u00ed<\/li>\n<li>n\u00e1klady na z\u00edsk\u00e1n\u00ed a uzn\u00e1n\u00ed patent\u016f a dal\u0161\u00edch nehmotn\u00fdch aktiv<\/li>\n<li>n\u00e1klady na poradensk\u00e9 a podp\u016frn\u00e9 slu\u017eby v oblasti inovac\u00ed<\/li>\n<\/ul>\n<\/td>\n<td style=\"width: 33.3333%;\" rowspan=\"2\"><b>Specifika a omezen\u00ed:<\/b><\/p>\n<ul>\n<li>Projekt mus\u00ed b\u00fdt realizov\u00e1n na \u00fazem\u00ed \u010cR mimo NUTS 2 Praha.<\/li>\n<li>\u017dadatel m\u016f\u017ee m\u00edt uzav\u0159en\u00e9 pouze jedno \u00fa\u010detn\u00ed obdob\u00ed.<\/li>\n<li>V\u00fdstupem projektu aktivity A je studie proveditelnosti, kter\u00e1 bude slou\u017eit jako<br \/>\npodklad pro realizaci dal\u0161\u00ed mo\u017en\u00e9 f\u00e1ze v\u00fdzkumn\u00e9ho projektu a p\u0159\u00edpravu v\u00fdzkumn\u00fdch \u010dinnost\u00ed.<\/li>\n<li>V\u00fdstupem projektu aktivity B je z\u00e1v\u011bre\u010dn\u00e1 zpr\u00e1va o proveden\u00fdch \u010dinnostech obsahuj\u00edc\u00ed detailn\u00ed pl\u00e1n komercializace, kter\u00fd ov\u011b\u0159\u00ed konkr\u00e9tn\u00ed bari\u00e9ry a mo\u017enosti vedouc\u00ed ke zv\u00fd\u0161en\u00ed profitability projektu.<\/li>\n<li>Po\u010det \u017e\u00e1dost\u00ed na jedno I\u010c nen\u00ed omezen.<\/li>\n<\/ul>\n<\/td>\n<\/tr>\n<tr>\n<td style=\"width: 33.3333%;\" colspan=\"2\"><img loading=\"lazy\" decoding=\"async\" class=\"alignnone size-full wp-image-30400\" src=\"https:\/\/www.apiagentura.gov.cz\/wp-content\/uploads\/2022\/08\/web-vyzva-optak-poc-i.png\" alt=\"\" width=\"1072\" height=\"500\" srcset=\"https:\/\/apiagentura.gov.cz\/wp-content\/uploads\/2022\/08\/web-vyzva-optak-poc-i.png 1072w, https:\/\/apiagentura.gov.cz\/wp-content\/uploads\/2022\/08\/web-vyzva-optak-poc-i-300x140.png 300w, https:\/\/apiagentura.gov.cz\/wp-content\/uploads\/2022\/08\/web-vyzva-optak-poc-i-1024x478.png 1024w, https:\/\/apiagentura.gov.cz\/wp-content\/uploads\/2022\/08\/web-vyzva-optak-poc-i-768x358.png 768w\" sizes=\"auto, (max-width: 1072px) 100vw, 1072px\" \/><\/td>\n<\/tr>\n<\/tbody>\n<\/table>\n<p><\/p>","protected":false},"excerpt":{"rendered":"<p>C\u00edlem v\u00fdzvy je podpora aktivit, kter\u00e9 pomohou zajistit rozvoj transferu technologi\u00ed a znalost\u00ed mezi v\u00fdzkumn\u00fdmi organizacemi a podniky, za \u00fa\u010delem uplatn\u011bn\u00ed v\u00fdsledk\u016f v\u00fdzkumu a v\u00fdvoje v praxi.<\/p>\n","protected":false},"author":1,"featured_media":0,"parent":30030,"menu_order":0,"comment_status":"closed","ping_status":"closed","template":"","meta":{"inline_featured_image":false,"footnotes":""},"class_list":["post-30397","page","type-page","status-publish","hentry"],"publishpress_future_action":{"enabled":false,"date":"2026-05-02 13:33:38","action":"change-status","newStatus":"draft","terms":[],"taxonomy":"","extraData":[]},"publishpress_future_workflow_manual_trigger":{"enabledWorkflows":[]},"_links":{"self":[{"href":"https:\/\/apiagentura.gov.cz\/cs\/wp-json\/wp\/v2\/pages\/30397","targetHints":{"allow":["GET"]}}],"collection":[{"href":"https:\/\/apiagentura.gov.cz\/cs\/wp-json\/wp\/v2\/pages"}],"about":[{"href":"https:\/\/apiagentura.gov.cz\/cs\/wp-json\/wp\/v2\/types\/page"}],"author":[{"embeddable":true,"href":"https:\/\/apiagentura.gov.cz\/cs\/wp-json\/wp\/v2\/users\/1"}],"replies":[{"embeddable":true,"href":"https:\/\/apiagentura.gov.cz\/cs\/wp-json\/wp\/v2\/comments?post=30397"}],"version-history":[{"count":0,"href":"https:\/\/apiagentura.gov.cz\/cs\/wp-json\/wp\/v2\/pages\/30397\/revisions"}],"up":[{"embeddable":true,"href":"https:\/\/apiagentura.gov.cz\/cs\/wp-json\/wp\/v2\/pages\/30030"}],"wp:attachment":[{"href":"https:\/\/apiagentura.gov.cz\/cs\/wp-json\/wp\/v2\/media?parent=30397"}],"curies":[{"name":"wp","href":"https:\/\/api.w.org\/{rel}","templated":true}]}}