{"id":30475,"date":"2022-08-15T16:10:12","date_gmt":"2022-08-15T14:10:12","guid":{"rendered":"https:\/\/www.apiagentura.gov.cz\/?page_id=30475"},"modified":"2026-03-05T11:54:51","modified_gmt":"2026-03-05T10:54:51","slug":"aplikace-vyzva-i-op-tak","status":"publish","type":"page","link":"https:\/\/apiagentura.gov.cz\/cs\/podporovane-aktivity-optak\/aplikace-optak\/aplikace-vyzva-i-op-tak\/","title":{"rendered":"Aplikace &#8211; v\u00fdzva I"},"content":{"rendered":"<p><strong>Upozorn\u011bn\u00ed pro \u017eadatele a p\u0159\u00edjemce:<\/strong><\/p>\n<p><strong>5. 3. 2026:<\/strong> MPO zve\u0159ejnilo podklady k povinnosti p\u0159\u00edjemc\u016f zpracovat informace o v\u00fdstupech projektu v Rejst\u0159\u00edku informac\u00ed o v\u00fdsledc\u00edch (sou\u010d\u00e1st Informa\u010dn\u00edho syst\u00e9mu v\u00fdzkumu, v\u00fdvoje a inovac\u00ed (IS VaVaI), kter\u00fd shroma\u017e\u010fuje informace o v\u00fdzkumu, v\u00fdvoji a inovac\u00edch).<\/p>\n<p><span data-olk-copy-source=\"MessageBody\"><strong>10. 7. 2025:<\/strong> \u0158\u00edd\u00edc\u00ed org\u00e1n OP TAK vydal nov\u00fd informa\u010dn\u00ed dokumentu pro p\u0159\u00edjemce dotace s n\u00e1zvem <strong>P\u0159ehled nej\u010dast\u011bj\u0161\u00edch \u017e\u00e1dost\u00ed o zm\u011bnu v aktivit\u011b Aplikace<\/strong>. Pros\u00edme p\u0159\u00edjemce o vyu\u017e\u00edv\u00e1n\u00ed a aplikov\u00e1n\u00ed dokumentu pro uleh\u010den\u00ed cel\u00e9ho procesu administrace \u017e\u00e1dosti o zm\u011bnu.<\/span><\/p>\n<p class=\"x_MsoNormal\" data-olk-copy-source=\"MessageBody\"><strong>13. 6. 2025:<\/strong> Ministerstvo pr\u016fmyslu a obchodu jako \u0158\u00edd\u00edc\u00ed org\u00e1n OP TAK informuje o <strong>aktualizaci p\u0159\u00edlohy \u010d. 2 Pravidla pro \u017eadatele a p\u0159\u00edjemce v OP TAK zvl\u00e1\u0161tn\u00ed \u010d\u00e1st<\/strong> \u2013 p\u0159ehled zm\u011bn je uveden v tabulce dokumentu \u201eP\u0159ehled proveden\u00fdch zm\u011bn\u201c. Do\u0161lo <strong>zejm\u00e9na k aktualizaci kapitoly \u010d. 6 (Oponentn\u00ed \u0159\u00edzen\u00ed)<\/strong>, jej\u00edm\u017e c\u00edlem je v\u00fdrazn\u00e9 administrativn\u00ed uleh\u010den\u00ed a zrychlen\u00ed procesu oponentn\u00edho \u0159\u00edzen\u00ed. <strong>P\u0159\u00edjemci maj\u00ed mo\u017enost si po\u017e\u00e1dat o aktualizaci Pp\u017dP skrze \u017e\u00e1dosti o zm\u011bnu v ISKP21+.<\/strong><\/p>\n<p><strong>5. 3. 2025:<\/strong> Upozor\u0148ujeme p\u0159\u00edjemce, \u017ee pro V\u00fdzvu Aplikace \u2013 v\u00fdzva I plat\u00ed P\u0159\u00edloha \u010d. <strong>4<\/strong> Pravidel pro \u017eadatele a p\u0159\u00edjemce \u2013 obecn\u00e1 \u010d\u00e1st \u2013 Mzdov\u00e1 tabulka pro OP TAK \u2013 Aplikace \u2013 s \u00fa\u010dinnost\u00ed od 1.11.2024 zve\u0159ejn\u011bnou <a href=\"https:\/\/apiagentura.gov.cz\/cs\/metodika-op-tak\/\">zde<\/a> (s limitem 9. decil).<\/p>\n<p><strong>13. 6. 2024:<\/strong> Ministerstvo pr\u016fmyslu a obchodu <strong>rozhodlo o nav\u00fd\u0161en\u00ed alokace pro v\u00fdzvy I Aplikace.\u00a0 <\/strong>V n\u00e1vaznosti na toto rozhodnut\u00ed bude mo\u017en\u00e9 postoupit v r\u00e1mci administrace do f\u00e1ze p\u0159\u00edpravy \u017e\u00e1dosti pro vyd\u00e1n\u00ed Rozhodnut\u00ed o poskytnut\u00ed dotace v\u0161echny projekty, kter\u00e9 byly doporu\u010deny k financov\u00e1n\u00ed V\u00fdb\u011brovou komis\u00ed. D\u00edky nav\u00fd\u0161en\u00ed pl\u00e1novan\u00e9 alokace v\u00fdzvy \u0158\u00edd\u00edc\u00ed org\u00e1n m\u016f\u017ee podpo\u0159it inovativn\u00ed projekty v \u0161ir\u0161\u00ed m\u00ed\u0159e a p\u0159isp\u011bt tak k dal\u0161\u00edmu rozvoji a r\u016fstu.<\/p>\n<p><strong>30. 4. 2024:<\/strong> Ministerstvo pr\u016fmyslu a obchodu informovalo, \u017ee ve v\u00fdzv\u011b Aplikace I. bude zah\u00e1jeno vyd\u00e1v\u00e1n\u00ed <strong>Rozhodnut\u00ed o poskytnut\u00ed dotace u projekt\u016f<\/strong>,\u00a0kter\u00e9 v r\u00e1mci\u00a0v\u011bcn\u00e9ho hodnocen\u00ed z\u00edskaly\u00a0<strong>71\u00a0a v\u00edce bod\u016f a byly doporu\u010deny k financov\u00e1n\u00ed\u00a0v\u00fdb\u011brovou komis\u00ed<\/strong>. S\u00a0ohledem na postupn\u00e9 vypo\u0159\u00e1d\u00e1v\u00e1n\u00ed \u017e\u00e1dost\u00ed o p\u0159ezkum je mo\u017en\u00e9, \u017ee tato bodov\u00e1 hranice se je\u0161t\u011b sn\u00ed\u017e\u00ed.<\/p>\n<p><strong>16. 4. 2024:<\/strong> Ministerstvo pr\u016fmyslu a obchodu informovalo o zve\u0159ejn\u011bn\u00ed p\u0159\u00edlohy <strong>Formul\u00e1\u0159 \u017e\u00e1dosti o zm\u011bnu<\/strong> a aktualizaci p\u0159\u00edlohy <strong>Aktualizovan\u00fd seznam pracovn\u00edch pozic<\/strong>. \u0158O \u017e\u00e1d\u00e1 p\u0159\u00edjemce, kte\u0159\u00ed pl\u00e1nuj\u00ed podat \u017e\u00e1dost o zm\u011bnu, o vyu\u017eit\u00ed zve\u0159ejn\u011bn\u00fdch dokument\u016f.<\/p>\n<p><strong>30. 1. 2024:<\/strong> Ministerstvo pr\u016fmyslu a obchodu informovalo o aktualizaci <strong>p\u0159\u00edlohy \u010d. 2 Pravidla pro \u017eadatele a p\u0159\u00edjemce v OP TAK zvl\u00e1\u0161tn\u00ed \u010d\u00e1st<\/strong> \u2013 p\u0159ehled zm\u011bn je uveden v tabulce dokumentu \u201eP\u0159ehled proveden\u00fdch zm\u011bn.<\/p>\n<p><strong>17. 1. 2024:<\/strong> Ministerstvo pr\u016fmyslu a obchodu informovalo o pokroku v r\u00e1mci v\u011bcn\u00e9ho hodnocen\u00ed podan\u00fdch \u017e\u00e1dost\u00ed o podporu ve v\u00fdzv\u011b Aplikace I (OP TAK). V r\u00e1mci opera\u010dn\u00edho programu Podnik\u00e1n\u00ed a inovace pro konkurenceschopnost (OP PIK) se ji\u017e poda\u0159ilo ukon\u010dit v\u011bt\u0161inu oponentn\u00edch \u0159\u00edzen\u00ed, co\u017e umo\u017e\u0148uje zam\u011b\u0159it ve\u0161ker\u00e9 kapacity a \u00fasil\u00ed k <strong>dokon\u010den\u00ed v\u011bcn\u00e9ho hodnocen\u00ed<\/strong> <strong>200 zbyl\u00fdch \u017e\u00e1dost\u00ed o podporu ve v\u00fdzv\u011b Aplikace I OP TAK, a u podpo\u0159en\u00fdch projekt\u016f (kter\u00e9 z\u00edskaly 76 a v\u00edce bod\u016f) ji\u017e vyd\u00e1vat Rozhodnut\u00ed o poskytnut\u00ed dotace<\/strong>. \u0158O d\u00e1le po\u010d\u00edt\u00e1 s mo\u017enost\u00ed nav\u00fd\u0161en\u00ed alokace v\u00fdzvy.<\/p>\n<p><strong>17. 10. 2023:<\/strong> Ministerstvo pr\u016fmyslu a obchodu jako \u0158\u00edd\u00edc\u00ed org\u00e1n OP TAK informovalo o <strong>aktualizaci p\u0159\u00edlohy \u010d. 2 Pravidla pro \u017eadatele a p\u0159\u00edjemce v\u00a0OP TAK zvl\u00e1\u0161tn\u00ed \u010d\u00e1st &#8211;<\/strong> p\u0159ehled zm\u011bn je uveden v\u00a0tabulce dokumentu \u201eP\u0159ehled proveden\u00fdch zm\u011bn\u201c a o vyd\u00e1n\u00ed P\u0159\u00edlohy \u010d. 6 \u2013 Vzoru Rozhodnut\u00ed o poskytnut\u00ed podpory a \u010destn\u00fdch prohl\u00e1\u0161en\u00ed k\u00a0RoPD.<\/p>\n<p><strong>22. 3. 2023:<\/strong> Z d\u016fvodu podpory podnikatel\u016fm ve zt\u00ed\u017een\u00fdch ekonomick\u00fdm podm\u00ednk\u00e1ch a urychlen\u00ed realizace projekt\u016f \u0158\u00eddic\u00ed org\u00e1n OP TAK ozn\u00e1mil, \u017ee u aktivity Aplikace \u2013 v\u00fdzva I bude zah\u00e1jeno vyd\u00e1v\u00e1n\u00ed <strong>Rozhodnut\u00ed o poskytnut\u00ed dotace<\/strong> u projekt\u016f, kter\u00e9 v r\u00e1mci v\u011bcn\u00e9ho hodnocen\u00ed z\u00edskaly <strong>80 a v\u00edce bod\u016f<\/strong> a byly doporu\u010deny k financov\u00e1n\u00ed v\u00fdb\u011brovou komis\u00ed.<\/p>\n<p><strong>31. 1. 2023:<\/strong> Ministerstvo pr\u016fmyslu a obchodu jako \u0158\u00eddic\u00ed org\u00e1n OP TAK informovalo o <strong>zm\u011bn\u011b harmonogramu Aplikace \u2013 v\u00fdzva I a\u00a0prodlou\u017een\u00ed doby p\u0159\u00edjmu \u017e\u00e1dost\u00ed o podporu<\/strong>\u00a0<strong>do 28. 2. 2023; 14:00:00<\/strong>.<\/p>\n<p><strong>10. 1. 2023:<\/strong> Ministerstvo pr\u016fmyslu a obchodu jako \u0158\u00edd\u00edc\u00ed org\u00e1n OP TAK informovalo o <strong>aktualizaci p\u0159\u00edlohy v\u00fdzvy \u010d. 11 \u2013 \u010cestn\u00e9ho prohl\u00e1\u0161en\u00ed \u2013 zapojen\u00ed do programu podpory TREND<\/strong>. Aktualizac\u00ed se zjednodu\u0161uje dolo\u017een\u00ed nepodpo\u0159en\u00ed n\u00e1vrh\u016f projekt\u016f v sout\u011b\u017ei TREND. Na z\u00e1klad\u011b dotaz\u016f byl vypracov\u00e1n <strong>n\u00e1vod na vypln\u011bn\u00ed \u010destn\u00e9ho prohl\u00e1\u0161en\u00ed<\/strong>. Pros\u00edme \u017eadatele o vyu\u017e\u00edvan\u00ed nov\u00e9 verze \u010destn\u00e9ho prohl\u00e1\u0161en\u00ed. V\u00a0p\u0159\u00edpad\u011b, \u017ee ji\u017e byla \u017e\u00e1dost o podporu pod\u00e1na nebo ji\u017e bylo vypln\u011bno \u010destn\u00e9 prohl\u00e1\u0161en\u00ed, nen\u00ed pot\u0159eba ho m\u011bnit, akceptov\u00e1ny budou ob\u011b verze.<\/p>\n<p><strong>23. 11. 2022:<\/strong> Ministerstvo pr\u016fmyslu a obchodu jako \u0158\u00edd\u00edc\u00ed org\u00e1n OP TAK informovalo o<strong>\u00a0aktualizaci p\u0159\u00edlohy v\u00fdzvy \u2013 Tabulky rozpo\u010dtov\u00fdch polo\u017eek, <\/strong>z\u00a0d\u016fvodu opravy informace k\u00a0mo\u017en\u00e9 v\u00fd\u0161i odpis\u016f a zaokrouhlov\u00e1n\u00ed. Pros\u00edme \u017eadatele o vyu\u017e\u00edvan\u00ed nov\u00e9 verze tabulky.<\/p>\n<p><strong>18. 10. 2022:<\/strong> Aktualizace P\u0159\u00edru\u010dky pro pod\u00e1n\u00ed \u017e\u00e1dosti o podporu \u2013 postup vypln\u011bn\u00ed z\u00e1lo\u017eky RIS3 v ISKP21+.<\/p>\n<p><strong>11. 10. 2022:<\/strong> Ministerstvo pr\u016fmyslu a obchodu jako \u0158\u00edd\u00edc\u00ed org\u00e1n OP TAK informovalo o<strong>\u00a0aktualizaci p\u0159\u00edlohy v\u00fdzvy \u2013 Tabulky rozpo\u010dtov\u00fdch polo\u017eek,\u00a0<\/strong>z\u00a0d\u016fvodu \u00fapravy podm\u00edn\u011bn\u00e9ho form\u00e1tov\u00e1n\u00ed na posledn\u00edm list\u011b\u00a0\u201eRozpo\u010det\u201c. Pros\u00edme \u017eadatele o vyu\u017e\u00edvan\u00ed nov\u00e9 verze tabulky.<\/p>\n<p><strong>26. 9. 2022:<\/strong> Ministerstvo pr\u016fmyslu a obchodu jako \u0158\u00edd\u00edc\u00ed org\u00e1n OP TAK informovalo o<strong>\u00a0zm\u011bn\u011b harmonogramu Aplikace<\/strong> \u2013 v\u00fdzvy I a<strong>\u00a0prodlou\u017een\u00ed doby p\u0159\u00edjmu \u017e\u00e1dost\u00ed o podporu<\/strong>, a to z p\u016fvodn\u00edho term\u00ednu 30. 11. 2022; 14:00:00\u00a0<strong>do 31. 1. 2023; 14:00:00<\/strong>.<\/p>\n<table class=\"call-detail\" style=\"height: 278px;\" width=\"\">\n<tbody>\n<tr style=\"height: 81px;\">\n<td style=\"width: 33.3333%; height: 81px;\" rowspan=\"2\"><strong>Na co lze z\u00edskat podporu<\/strong>\u00a0(podporovan\u00e9 aktivity):<\/p>\n<ul>\n<li><span style=\"font-family: inherit; font-size: inherit;\">realizace pr\u016fmyslov\u00e9ho v\u00fdzkumu a experiment\u00e1ln\u00edho v\u00fdvoje<\/span><\/li>\n<\/ul>\n<p><strong>Pr\u016fmyslov\u00fd v\u00fdzkum<\/strong><\/p>\n<ul>\n<li>Pl\u00e1novit\u00fd v\u00fdzkum nebo kritick\u00e9 \u0161et\u0159en\u00ed zam\u011b\u0159en\u00e9 na z\u00edsk\u00e1n\u00ed nov\u00fdch poznatk\u016f a dovednost\u00ed pro v\u00fdvoj nov\u00fdch nebo zdokonalen\u00ed st\u00e1vaj\u00edc\u00edch v\u00fdrobk\u016f, postup\u016f nebo slu\u017eeb.<\/li>\n<\/ul>\n<p><strong>Experiment\u00e1ln\u00ed v\u00fdvoj<\/strong><\/p>\n<ul>\n<li>Z\u00edsk\u00e1v\u00e1n\u00ed, spojov\u00e1n\u00ed, formov\u00e1n\u00ed a pou\u017e\u00edv\u00e1n\u00ed st\u00e1vaj\u00edc\u00edch v\u011bdeck\u00fdch, technologick\u00fdch, obchodn\u00edch a jin\u00fdch p\u0159\u00edslu\u0161n\u00fdch poznatk\u016f a dovednost\u00ed za \u00fa\u010delem v\u00fdvoje nov\u00fdch nebo zdokonalen\u00fdch v\u00fdrobk\u016f, postup\u016f \u010di slu\u017eeb.<\/li>\n<\/ul>\n<p><strong>Kdo m\u016f\u017ee \u017e\u00e1dat<\/strong>\u00a0(p\u0159\u00edjemci podpory):<\/p>\n<ul>\n<li>podnikaj\u00edc\u00ed fyzick\u00e9 a pr\u00e1vnick\u00e9 osoby<\/li>\n<li>v\u00fdzkumn\u00e9 organizace<\/li>\n<\/ul>\n<p><strong>Syst\u00e9m sb\u011bru \u017e\u00e1dost\u00ed:<\/strong><\/p>\n<ul>\n<li>kolov\u00fd<\/li>\n<\/ul>\n<\/td>\n<td style=\"width: 33.3333%; height: 81px;\"><strong>Kolik lze z\u00edskat na jeden projekt\u00a0<\/strong>(forma a v\u00fd\u0161e podpory):<\/p>\n<ul>\n<li>dotace na projekt je poskytov\u00e1na minim\u00e1ln\u011b ve v\u00fd\u0161i <strong>2\u00a0mil. K\u010d <\/strong>a maxim\u00e1ln\u011b do v\u00fd\u0161e <strong>125<\/strong><strong> mil. K\u010d<\/strong><\/li>\n<\/ul>\n<p><strong>M\u00edra podpory:<\/strong><\/p>\n<ul>\n<li><strong>25 &#8211; 85 %<\/strong> celkov\u00fdch zp\u016fsobil\u00fdch v\u00fddaj\u016f<\/li>\n<\/ul>\n<p><em>konkr\u00e9tn\u00ed m\u00edra podpory viz kap. 9.1 v\u00fdzvy.<\/em><\/td>\n<td style=\"width: 33.3333%; height: 81px;\"><img loading=\"lazy\" decoding=\"async\" class=\"alignnone size-full wp-image-30399\" src=\"https:\/\/www.apiagentura.gov.cz\/wp-content\/uploads\/2022\/08\/optak-aktivita-1-aplikace-660x660-1.png\" alt=\"\" width=\"660\" height=\"660\" srcset=\"https:\/\/apiagentura.gov.cz\/wp-content\/uploads\/2022\/08\/optak-aktivita-1-aplikace-660x660-1.png 660w, https:\/\/apiagentura.gov.cz\/wp-content\/uploads\/2022\/08\/optak-aktivita-1-aplikace-660x660-1-300x300.png 300w, https:\/\/apiagentura.gov.cz\/wp-content\/uploads\/2022\/08\/optak-aktivita-1-aplikace-660x660-1-150x150.png 150w\" sizes=\"auto, (max-width: 660px) 100vw, 660px\" \/><\/td>\n<\/tr>\n<tr style=\"height: 81px;\">\n<td style=\"width: 33.3333%; height: 81px;\"><strong>Jak\u00e9 v\u00fddaje je mo\u017en\u00e9 podpo\u0159it\u00a0<\/strong>(zp\u016fsobil\u00e9 v\u00fddaje):<\/p>\n<ul>\n<li>osobn\u00ed n\u00e1klady<\/li>\n<li>n\u00e1klady na n\u00e1stroje, p\u0159\u00edstroje a vybaven\u00ed po\u0159\u00edzen\u00fdch od t\u0159et\u00edch stran v podob\u011b odpis\u016f dlouhodob\u00e9ho hmotn\u00e9ho movit\u00e9ho majetku<\/li>\n<li>n\u00e1klady na smluvn\u00ed v\u00fdzkum<\/li>\n<li>n\u00e1klady na poradensk\u00e9 slu\u017eby VaV<\/li>\n<li>dodate\u010dn\u00e9 re\u017eijn\u00ed a ostatn\u00ed provozn\u00ed n\u00e1klady v\u010detn\u011b n\u00e1klad\u016f na materi\u00e1l, komponenty a dod\u00e1vky<\/li>\n<\/ul>\n<\/td>\n<td style=\"width: 33.3333%; height: 81px;\" rowspan=\"2\"><strong>Specifika a omezen\u00ed:<\/strong><\/p>\n<ul>\n<li>Projekt mus\u00ed b\u00fdt realizov\u00e1n na \u00fazem\u00ed \u010cR mimo NUTS 2 Praha.<\/li>\n<li>Podporovan\u00fdmi v\u00fdstupy projektu jsou poloprovoz, ov\u011b\u0159en\u00e1 technologie, u\u017eitn\u00fd vzor, pr\u016fmyslov\u00fd vzor, prototyp, funk\u010dn\u00ed vzorek nebo software.<\/li>\n<li>Velk\u00fd podnik (v\u010detn\u011b mid-caps a small mid-caps), je opr\u00e1vn\u011bn p\u0159edlo\u017eit maxim\u00e1ln\u011b 2 projekty (tzn. dv\u011b \u017e\u00e1dosti o podporu, ve kter\u00e9 vystupuje jako \u017eadatel nebo partner).*<\/li>\n<li>Mal\u00fd a st\u0159edn\u00ed podnik je opr\u00e1vn\u011bn p\u0159edlo\u017eit maxim\u00e1ln\u011b 3 projekty.*<\/li>\n<li>V p\u0159\u00edpad\u011b \u00fa\u010dasti velk\u00e9ho podniku s po\u010dtem zam\u011bstnanc\u016f vy\u0161\u0161\u00edm ne\u017e 3000, mus\u00ed v\u017edy projekt realizovat ve spolupr\u00e1ci s mal\u00fdm \u010di st\u0159edn\u00edm podnikem (MSP se mus\u00ed v\u017edy pod\u00edlet minim\u00e1ln\u011b 30% na celkov\u00fdch zp\u016fsobil\u00fdch v\u00fddaj\u00edch projektu) a z\u00e1rove\u0148 plnit definici \u00fa\u010dinn\u00e9 spolupr\u00e1ce. V r\u00e1mci konsorcia je d\u00e1le podporov\u00e1na i \u00fa\u010dast v\u00fdzkumn\u00fdch organizac\u00ed.<\/li>\n<li>Nejzaz\u0161\u00ed datum pro ukon\u010den\u00ed fyzick\u00e9 realizace projektu je 31. 12. 2026.<\/li>\n<\/ul>\n<p><em>*nevztahuje se na v\u00fdzkumn\u00e9 <\/em><em>organizace vystupuj\u00edc\u00ed v roli partnera <\/em><em>projektu.<\/em><\/td>\n<\/tr>\n<tr style=\"height: 81px;\">\n<td style=\"width: 33.3333%; height: 81px;\" colspan=\"2\"><img loading=\"lazy\" decoding=\"async\" class=\"alignnone size-full wp-image-30477\" src=\"https:\/\/www.apiagentura.gov.cz\/wp-content\/uploads\/2022\/08\/web-vyzva-optak-apl-i.png\" alt=\"\" width=\"1072\" height=\"500\" srcset=\"https:\/\/apiagentura.gov.cz\/wp-content\/uploads\/2022\/08\/web-vyzva-optak-apl-i.png 1072w, https:\/\/apiagentura.gov.cz\/wp-content\/uploads\/2022\/08\/web-vyzva-optak-apl-i-300x140.png 300w, https:\/\/apiagentura.gov.cz\/wp-content\/uploads\/2022\/08\/web-vyzva-optak-apl-i-1024x478.png 1024w, https:\/\/apiagentura.gov.cz\/wp-content\/uploads\/2022\/08\/web-vyzva-optak-apl-i-768x358.png 768w\" sizes=\"auto, (max-width: 1072px) 100vw, 1072px\" \/><\/td>\n<\/tr>\n<\/tbody>\n<\/table>\n<p><\/p>","protected":false},"excerpt":{"rendered":"<p>C\u00edlem v\u00fdzvy je z\u00edsk\u00e1v\u00e1n\u00ed nov\u00fdch znalost\u00ed pot\u0159ebn\u00fdch pro v\u00fdvoj nov\u00fdch produkt\u016f, materi\u00e1l\u016f, technologi\u00ed a slu\u017eeb prost\u0159ednictv\u00edm realizace projekt\u016f pr\u016fmyslov\u00e9ho v\u00fdzkumu a experiment\u00e1ln\u00edho v\u00fdvoje.<\/p>\n","protected":false},"author":1,"featured_media":0,"parent":30015,"menu_order":0,"comment_status":"closed","ping_status":"closed","template":"","meta":{"inline_featured_image":false,"footnotes":""},"class_list":["post-30475","page","type-page","status-publish","hentry"],"publishpress_future_action":{"enabled":false,"date":"2026-05-06 11:36:20","action":"change-status","newStatus":"draft","terms":[],"taxonomy":"","extraData":[]},"publishpress_future_workflow_manual_trigger":{"enabledWorkflows":[]},"_links":{"self":[{"href":"https:\/\/apiagentura.gov.cz\/cs\/wp-json\/wp\/v2\/pages\/30475","targetHints":{"allow":["GET"]}}],"collection":[{"href":"https:\/\/apiagentura.gov.cz\/cs\/wp-json\/wp\/v2\/pages"}],"about":[{"href":"https:\/\/apiagentura.gov.cz\/cs\/wp-json\/wp\/v2\/types\/page"}],"author":[{"embeddable":true,"href":"https:\/\/apiagentura.gov.cz\/cs\/wp-json\/wp\/v2\/users\/1"}],"replies":[{"embeddable":true,"href":"https:\/\/apiagentura.gov.cz\/cs\/wp-json\/wp\/v2\/comments?post=30475"}],"version-history":[{"count":2,"href":"https:\/\/apiagentura.gov.cz\/cs\/wp-json\/wp\/v2\/pages\/30475\/revisions"}],"predecessor-version":[{"id":45567,"href":"https:\/\/apiagentura.gov.cz\/cs\/wp-json\/wp\/v2\/pages\/30475\/revisions\/45567"}],"up":[{"embeddable":true,"href":"https:\/\/apiagentura.gov.cz\/cs\/wp-json\/wp\/v2\/pages\/30015"}],"wp:attachment":[{"href":"https:\/\/apiagentura.gov.cz\/cs\/wp-json\/wp\/v2\/media?parent=30475"}],"curies":[{"name":"wp","href":"https:\/\/api.w.org\/{rel}","templated":true}]}}