{"id":3054,"date":"2016-11-14T07:36:38","date_gmt":"2016-11-14T06:36:38","guid":{"rendered":"https:\/\/www.apiagentura.gov.cz\/?page_id=3054"},"modified":"2020-07-01T11:05:01","modified_gmt":"2020-07-01T09:05:01","slug":"technologie-vyzva-iv","status":"publish","type":"page","link":"https:\/\/apiagentura.gov.cz\/cs\/programy-podpory\/technologie\/technologie-vyzva-iv\/","title":{"rendered":"Technologie &#8211; V\u00fdzva IV"},"content":{"rendered":"<p><\/p>\n<h3>Upozorn\u011bn\u00ed pro p\u0159\u00edjemce<\/h3>\n<p style=\"text-align: justify;\">V souvislosti se snahou o eliminaci ekonomick\u00fdch dopad\u016f epidemie COVID-19 byla<strong> zavedena opat\u0159en\u00ed\u00a0t\u00fdkaj\u00edc\u00ed se vykazov\u00e1n\u00ed indik\u00e1tor\u016f povinn\u00fdch k napln\u011bn\u00ed, tzn. indik\u00e1tor\u016f 21404 Zm\u011bna tr\u017eeb p\u0159\u00edjemce v souvislosti s podporou a 10401 Po\u010det vytvo\u0159en\u00fdch pracovn\u00edch m\u00edst, programu Technologie OP\u00a0PIK. <\/strong>V\u00edce informac\u00ed <a href=\"https:\/\/www.apiagentura.gov.cz\/cs\/informace-o-opatreni-pro-zmirneni-ocekavanych-negativnich-ekonomickych-dopadu-epidemie-covid-pro-vyzvy-programu-podpory-technologie\/\">ZDE<\/a>.<\/p>\n<p>&nbsp;<\/p>\n<h3>Upozorn\u011bn\u00ed pro \u017eadatele<\/h3>\n<p>\u0158\u00eddic\u00ed org\u00e1n OP PIK si dovoluje informovat, \u017ee v sou\u010dasn\u00e9 dob\u011b <strong>p\u0159ekro\u010dil p\u0159\u00edjem \u017d\u00e1dost\u00ed o podporu podan\u00fdch do V\u00fdzvy IV programu Technologie v\u00fd\u0161i pl\u00e1novan\u00e9 alokace 1,8 mld. K\u010d.<\/strong> Dal\u0161\u00ed p\u0159ijat\u00e9 \u017d\u00e1dosti o podporu budou \u0159azeny do tzv. z\u00e1sobn\u00edku projekt\u016f a budou hodnoceny postupn\u011b do v\u00fd\u0161e disponibiln\u00edch prost\u0159edk\u016f alokovan\u00fdch na tuto V\u00fdzvu. P\u0159\u00edjem \u017d\u00e1dost\u00ed o podporu bude zastaven p\u0159i dosa\u017een\u00ed <strong>dvojn\u00e1sobku po\u017eadovan\u00e9 dotace<\/strong> v p\u0159ijat\u00fdch \u017d\u00e1dostech o podporu, tj. <strong>3,6 mld. K\u010d,<\/strong> nejpozd\u011bji v\u0161ak <strong>28. 2. 2017 v 8:00.<\/strong><\/p>\n<hr \/>\n<h3>Upozorn\u011bn\u00ed pro \u017eadatele<\/h3>\n<p>V\u00e1\u017een\u00ed \u017eadatel\u00e9 o dotaci,<\/p>\n<p>v\u00a0souvislosti s\u00a0pl\u00e1novan\u00fdm zah\u00e1jen\u00edm p\u0159\u00edjmu \u017d\u00e1dost\u00ed o podporu k\u00a09. 12. 2016 do programu Technologie si V\u00e1s dovolujeme upozornit na technick\u00e9 nastaven\u00ed v syst\u00e9mu IS KP14+, ve kter\u00e9m je automaticky nastavena mo\u017enost Automatick\u00e9ho pod\u00e1v\u00e1n\u00ed \u017e\u00e1dost\u00ed o podporu. <strong>Podm\u00ednky IV. a V. v\u00fdzvy programu Technologie v\u0161ak zakazuj\u00ed automatick\u00e9 pod\u00e1v\u00e1n\u00ed z\u00a0d\u016fvodu zachov\u00e1n\u00ed rovn\u00e9ho p\u0159\u00edstupu a omezen\u00e9 alokace dan\u00fdch v\u00fdzev.<\/strong> Berte pros\u00edm na v\u011bdom\u00ed, \u017ee <strong>pokud \u017eadatel zvol\u00ed typ pod\u00e1n\u00ed \u201eautomatick\u00e9\u201c, bude takto podan\u00e1 \u017e\u00e1dost bez dal\u0161\u00edho hodnocen\u00ed vy\u0159azena.<\/strong><\/p>\n<hr \/>\n<h3>Upozorn\u011bn\u00ed pro \u017eadatele<\/h3>\n<p>Vzhledem k technick\u00e9 \u00faprav\u011b v aplikaci IS KP14+ nesm\u00ed b\u00fdt p\u0159i pod\u00e1v\u00e1n\u00ed \u017d\u00e1dosti o podporu za\u0161krtnuta &#8222;Ve\u0159ejn\u00e1 podpora&#8220; na z\u00e1lo\u017ece Projekt v Dopl\u0148kov\u00fdch informac\u00edch, jinak by nebylo mo\u017en\u00e9 prov\u00e9st rozpad financov\u00e1n\u00ed.<\/p>\n<hr \/>\n<h3>Z\u00e1kladn\u00ed charakteristiky:<\/h3>\n<p><strong>Kdo m\u016f\u017ee \u017e\u00e1dat<\/strong>\u00a0(p\u0159\u00edjemci podpory):<\/p>\n<ul>\n<li>podnikaj\u00edc\u00ed fyzick\u00e1 a pr\u00e1vnick\u00e1 osoba, kter\u00e1 spl\u0148uje definici mal\u00e9ho podniku; podporovan\u00e9 pr\u00e1vn\u00ed formy jsou stanoveny V\u00fdzvou<\/li>\n<\/ul>\n<p><strong>Kolik lze z\u00edskat na jeden projekt<\/strong>\u00a0(forma a v\u00fd\u0161e podpory):<\/p>\n<ul>\n<li>m\u00edra podpory: max. 45 % zp\u016fsobil\u00fdch v\u00fddaj\u016f<\/li>\n<li>dotace na projekt je poskytov\u00e1na minim\u00e1ln\u011b ve v\u00fd\u0161i 1 mil. K\u010d a maxim\u00e1ln\u011b do v\u00fd\u0161e 20 mil. K\u010d<\/li>\n<\/ul>\n<p><strong>Na co lze z\u00edskat podporu\u00a0<\/strong>(podporovan\u00e9 aktivity):<\/p>\n<ul>\n<li>po\u0159\u00edzen\u00ed nov\u00fdch stroj\u016f, technologick\u00fdch za\u0159\u00edzen\u00ed a vybaven\u00ed; podporu nelze poskytnout na prostou obnovu st\u00e1vaj\u00edc\u00edho strojn\u00edho za\u0159\u00edzen\u00ed s nulov\u00fdm stupn\u011bm inovace<\/li>\n<\/ul>\n<p><strong>Jak\u00e9 v\u00fddaje je mo\u017en\u00e9 podpo\u0159it\u00a0<\/strong>(zp\u016fsobil\u00e9 v\u00fddaje):<\/p>\n<ul>\n<li>dlouhodob\u00fd hmotn\u00fd majetek (hmotn\u00fd majetek u p\u0159\u00edjemc\u016f vedouc\u00edch da\u0148ovou evidenci) &#8211; n\u00e1kup stroj\u016f, za\u0159\u00edzen\u00ed, technologi\u00ed, HW a vybaven\u00ed, kter\u00e9 nebyly p\u0159edm\u011btem odpisu, v\u010detn\u011b nezbytn\u00e9ho software zaji\u0161\u0165uj\u00edc\u00edho jejich funk\u010dnost<\/li>\n<li>dlouhodob\u00fd nehmotn\u00fd majetek &#8211; n\u00e1klady na po\u0159\u00edzen\u00ed patentov\u00fdch licenc\u00ed nezbytn\u00fdch pro \u0159\u00e1dn\u00fd provoz stroj\u016f a za\u0159\u00edzen\u00ed a n\u00e1klady na SW s vazbou na po\u0159\u00edzen\u00e9 stroje, za\u0159\u00edzen\u00ed a v\u00fdstupy v r\u00e1mci p\u0159edm\u011btn\u00e9ho projektu<\/li>\n<li>v\u00fddaje na po\u0159\u00edzen\u00ed stroj\u016f a za\u0159\u00edzen\u00ed a provozn\u00edch soubor\u016f; d\u00e1le v\u00fddaje na po\u0159\u00edzen\u00ed hardwarov\u00e9ho vybaven\u00ed a lok\u00e1ln\u00edch s\u00edt\u00ed v\u010detn\u011b souvisej\u00edc\u00edho software, pokud je tento software sou\u010d\u00e1st\u00ed po\u0159izovac\u00ed ceny technologie<\/li>\n<\/ul>\n<p><strong>FAQ:<\/strong><\/p>\n<ul>\n<li>\u010dasto kladen\u00e9 dotazy k programu Technologie k dispozici <a href=\"https:\/\/www.apiagentura.gov.cz\/cs\/radce\/faq\/faq-program-technologie\/\">ZDE<\/a>.<\/li>\n<\/ul>\n<p><strong>Specifika a omezen\u00ed:<\/strong><\/p>\n<ul>\n<li>projekt bude realizov\u00e1n v hospod\u00e1\u0159sky probl\u00e9mov\u00fdch regionech definovan\u00fdch usnesen\u00edm vl\u00e1dy \u010cR \u010d. 344\/2013 nebo \u010d. 952\/2013, ve smyslu usnesen\u00ed vl\u00e1dy \u010cR \u010d. 826\/2015, kter\u00e9 z\u00e1rove\u0148 vykazuj\u00ed pod\u00edl nezam\u011bstnan\u00fdch osob vy\u0161\u0161\u00ed, ne\u017e je pr\u016fm\u011brn\u00fd pod\u00edl za \u010cR (posuzov\u00e1no dle \u00fadaj\u016f zve\u0159ejn\u011bn\u00fdch MPSV za posledn\u00ed m\u011bs\u00edc p\u0159ed vyhl\u00e1\u0161en\u00edm v\u00fdzvy)<\/li>\n<li>ka\u017ed\u00fd \u017eadatel (1 I\u010c) je v t\u00e9to V\u00fdzv\u011b opr\u00e1vn\u011bn p\u0159edlo\u017eit maxim\u00e1ln\u011b 1 projekt (tzn. jednu aktivn\u00ed \u017e\u00e1dost o podporu, ve kter\u00e9 vystupuje jako p\u0159\u00edjemce)<\/li>\n<li>automaticky pod\u00e1van\u00e9 \u017e\u00e1dosti nebudou z d\u016fvodu zachov\u00e1n\u00ed rovn\u00e9ho p\u0159\u00edstupu a omezen\u00e9 alokace v\u00fdzev akceptov\u00e1ny; pokud \u017eadatel zvol\u00ed typ pod\u00e1n\u00ed \u201eautomatick\u00e9\u201c, bude takto podan\u00e1 \u017e\u00e1dost bez dal\u0161\u00edho hodnocen\u00ed vy\u0159azena<\/li>\n<\/ul>\n<p><strong>Syst\u00e9m sb\u011bru \u017e\u00e1dost\u00ed:<\/strong><\/p>\n<ul>\n<li>kontinu\u00e1ln\u00ed<\/li>\n<\/ul>\n<p><\/p>","protected":false},"excerpt":{"rendered":"<p>C\u00edlem IV. V\u00fdzvy programu Technologie je podpora r\u016fstu a posilov\u00e1n\u00ed konkurenceschopnosti mal\u00fdch podnik\u016f a p\u0159isp\u00edvat tak k rozvoji region\u016f a zvy\u0161ov\u00e1n\u00ed zam\u011bstnanosti.<\/p>\n","protected":false},"author":35,"featured_media":0,"parent":124,"menu_order":0,"comment_status":"closed","ping_status":"closed","template":"","meta":{"inline_featured_image":false,"footnotes":""},"class_list":["post-3054","page","type-page","status-publish","hentry"],"publishpress_future_action":{"enabled":false,"date":"2026-05-07 22:16:29","action":"change-status","newStatus":"draft","terms":[],"taxonomy":"","extraData":[]},"publishpress_future_workflow_manual_trigger":{"enabledWorkflows":[]},"_links":{"self":[{"href":"https:\/\/apiagentura.gov.cz\/cs\/wp-json\/wp\/v2\/pages\/3054","targetHints":{"allow":["GET"]}}],"collection":[{"href":"https:\/\/apiagentura.gov.cz\/cs\/wp-json\/wp\/v2\/pages"}],"about":[{"href":"https:\/\/apiagentura.gov.cz\/cs\/wp-json\/wp\/v2\/types\/page"}],"author":[{"embeddable":true,"href":"https:\/\/apiagentura.gov.cz\/cs\/wp-json\/wp\/v2\/users\/35"}],"replies":[{"embeddable":true,"href":"https:\/\/apiagentura.gov.cz\/cs\/wp-json\/wp\/v2\/comments?post=3054"}],"version-history":[{"count":0,"href":"https:\/\/apiagentura.gov.cz\/cs\/wp-json\/wp\/v2\/pages\/3054\/revisions"}],"up":[{"embeddable":true,"href":"https:\/\/apiagentura.gov.cz\/cs\/wp-json\/wp\/v2\/pages\/124"}],"wp:attachment":[{"href":"https:\/\/apiagentura.gov.cz\/cs\/wp-json\/wp\/v2\/media?parent=3054"}],"curies":[{"name":"wp","href":"https:\/\/api.w.org\/{rel}","templated":true}]}}