{"id":3066,"date":"2016-11-14T07:58:31","date_gmt":"2016-11-14T06:58:31","guid":{"rendered":"https:\/\/www.apiagentura.gov.cz\/?page_id=3066"},"modified":"2020-07-01T11:05:11","modified_gmt":"2020-07-01T09:05:11","slug":"technologie-vyzva-v-pro-zacinajici-podniky","status":"publish","type":"page","link":"https:\/\/apiagentura.gov.cz\/cs\/programy-podpory\/technologie\/technologie-vyzva-v-pro-zacinajici-podniky\/","title":{"rendered":"Technologie &#8211; V\u00fdzva V (pro za\u010d\u00ednaj\u00edc\u00ed podniky)"},"content":{"rendered":"<p><\/p>\n<h3>Upozorn\u011bn\u00ed pro p\u0159\u00edjemce<\/h3>\n<p style=\"text-align: justify;\">V souvislosti se snahou o eliminaci ekonomick\u00fdch dopad\u016f epidemie COVID-19 byla<strong> zavedena opat\u0159en\u00ed\u00a0t\u00fdkaj\u00edc\u00ed se vykazov\u00e1n\u00ed indik\u00e1tor\u016f povinn\u00fdch k napln\u011bn\u00ed, tzn. indik\u00e1tor\u016f 21404 Zm\u011bna tr\u017eeb p\u0159\u00edjemce v souvislosti s podporou a 10401 Po\u010det vytvo\u0159en\u00fdch pracovn\u00edch m\u00edst, programu Technologie OP\u00a0PIK. <\/strong>V\u00edce informac\u00ed <a href=\"https:\/\/www.apiagentura.gov.cz\/cs\/informace-o-opatreni-pro-zmirneni-ocekavanych-negativnich-ekonomickych-dopadu-epidemie-covid-pro-vyzvy-programu-podpory-technologie\/\">ZDE<\/a>.<\/p>\n<p>&nbsp;<\/p>\n<h3>Ozn\u00e1men\u00ed pro p\u0159\u00edjemce<\/h3>\n<p>V\u00e1\u017een\u00ed p\u0159\u00edjemci,<\/p>\n<p>za \u00fa\u010delem spr\u00e1vn\u00e9ho vykazov\u00e1n\u00ed hodnoty n\u00e1r\u016fstu tr\u017eeb u indik\u00e1toru povinn\u00e9ho k napln\u011bn\u00ed <strong>21404 Zm\u011bna tr\u017eeb p\u0159\u00edjemce v souvislosti s podporou,<\/strong> se <strong>up\u0159es\u0148uje v\u00fdklad definice<\/strong> tohoto indik\u00e1toru, kter\u00fd je uveden v kapitole Popis indik\u00e1tor\u016f v dokumentu Pravidla pro \u017eadatele a p\u0159\u00edjemce z OPPIK \u2013 zvl\u00e1\u0161tn\u00ed \u010d\u00e1st, Program podpory Technologie a to tak, \u017ee <strong>u projekt\u016f s CZ NACE 46 a 47 (velko- a maloobchod) je indik\u00e1tor 21404 vykazov\u00e1n za prodej zbo\u017e\u00ed a u v\u0161ech ostatn\u00edch projekt\u016f s podporovan\u00fdm CZ-NACE je hodnota vykazov\u00e1na za prodej v\u00fdrobk\u016f a slu\u017eeb<\/strong>.<\/p>\n<hr \/>\n<h3>Upozorn\u011bn\u00ed pro \u017eadatele<\/h3>\n<p>V\u00e1\u017een\u00ed \u017eadatel\u00e9 o dotaci,<\/p>\n<p>v\u00a0souvislosti s\u00a0pl\u00e1novan\u00fdm zah\u00e1jen\u00edm p\u0159\u00edjmu \u017d\u00e1dost\u00ed o podporu k\u00a09. 12. 2016 do programu Technologie si V\u00e1s dovolujeme upozornit na technick\u00e9 nastaven\u00ed v syst\u00e9mu IS KP14+, ve kter\u00e9m je automaticky nastavena mo\u017enost Automatick\u00e9ho pod\u00e1v\u00e1n\u00ed \u017e\u00e1dost\u00ed o podporu. <strong>Podm\u00ednky IV. a V. v\u00fdzvy programu Technologie v\u0161ak zakazuj\u00ed automatick\u00e9 pod\u00e1v\u00e1n\u00ed z\u00a0d\u016fvodu zachov\u00e1n\u00ed rovn\u00e9ho p\u0159\u00edstupu a omezen\u00e9 alokace dan\u00fdch v\u00fdzev.<\/strong> Berte pros\u00edm na v\u011bdom\u00ed, \u017ee <strong>pokud \u017eadatel zvol\u00ed typ pod\u00e1n\u00ed \u201eautomatick\u00e9\u201c, bude takto podan\u00e1 \u017e\u00e1dost bez dal\u0161\u00edho hodnocen\u00ed vy\u0159azena.<\/strong><\/p>\n<hr \/>\n<h3>Upozorn\u011bn\u00ed pro \u017eadatele<\/h3>\n<p>Vzhledem k technick\u00e9 \u00faprav\u011b v aplikaci \u00a0IS KP14+ nesm\u00ed b\u00fdt p\u0159i pod\u00e1v\u00e1n\u00ed \u017d\u00e1dosti o podporu za\u0161krtnuta &#8222;Ve\u0159ejn\u00e1 podpora&#8220; na z\u00e1lo\u017ece Projekt v Dopl\u0148kov\u00fdch informac\u00edch, jinak by nebylo mo\u017en\u00e9 prov\u00e9st rozpad financov\u00e1n\u00ed.<\/p>\n<p>&nbsp;<\/p>\n<hr \/>\n<h3><\/h3>\n<h3>Z\u00e1kladn\u00ed charakteristiky:<\/h3>\n<p><strong>Kdo m\u016f\u017ee \u017e\u00e1dat<\/strong>\u00a0(p\u0159\u00edjemci podpory):<\/p>\n<ul>\n<li>podnikaj\u00edc\u00ed fyzick\u00e1 nebo pr\u00e1vnick\u00e1 osoba, kter\u00e1 spl\u0148uje definici mal\u00e9ho podniku vymezenou v Doporu\u010den\u00ed 2003\/361\/ES; typy podporovan\u00fdch pr\u00e1vn\u00edch forem stanovuje V\u00fdzva<\/li>\n<\/ul>\n<p><strong>Kolik lze z\u00edskat na jeden projekt<\/strong>\u00a0(forma a v\u00fd\u0161e podpory):<\/p>\n<ul>\n<li>m\u00edra podpory: max. 45 % zp\u016fsobil\u00fdch v\u00fddaj\u016f<\/li>\n<li>dotace na projekt je poskytov\u00e1na minim\u00e1ln\u011b ve v\u00fd\u0161i 100 tis. K\u010d a maxim\u00e1ln\u011b do v\u00fd\u0161e 225 tis. K\u010d<\/li>\n<\/ul>\n<p><strong>Na co lze z\u00edskat podporu\u00a0<\/strong>(podporovan\u00e9 aktivity):<\/p>\n<ul>\n<li>podnikatelsk\u00e9 z\u00e1m\u011bry nov\u00fdch za\u010d\u00ednaj\u00edc\u00edch mal\u00fdch podnik\u016f s podnikatelskou histori\u00ed max. 3 roky, a to na po\u0159\u00edzen\u00ed nov\u00fdch stroj\u016f, technologick\u00fdch za\u0159\u00edzen\u00ed a vybaven\u00ed; podporu nelze poskytnout na prostou obnovu st\u00e1vaj\u00edc\u00edho strojn\u00edho za\u0159\u00edzen\u00ed<\/li>\n<\/ul>\n<p><strong>Jak\u00e9 v\u00fddaje je mo\u017en\u00e9 podpo\u0159it\u00a0<\/strong>(zp\u016fsobil\u00e9 v\u00fddaje):<\/p>\n<ul>\n<li>dlouhodob\u00fd hmotn\u00fd majetek (hmotn\u00fd majetek u p\u0159\u00edjemc\u016f podpory vedouc\u00edch da\u0148ovou evidenci)<\/li>\n<li>dlouhodob\u00fd nehmotn\u00fd majetek &#8211; n\u00e1klady na po\u0159\u00edzen\u00ed patentov\u00fdch licenc\u00ed nezbytn\u00fdch pro \u0159\u00e1dn\u00fd provoz stroj\u016f a za\u0159\u00edzen\u00ed a SW s vazbou na stroje a za\u0159\u00edzen\u00ed a v\u00fdstupy po\u0159\u00edzen\u00e9 v r\u00e1mci p\u0159edm\u011btn\u00e9ho projektu<\/li>\n<li>drobn\u00fd hmotn\u00fd a nehmotn\u00fd majetek (modern\u00ed ICT technologie, zejm\u00e9na dotykov\u00e1 za\u0159\u00edzen\u00ed \u2013 tablety, software), a to jen v p\u0159\u00edpad\u011b, \u017ee p\u0159edm\u011btem projektu je n\u00e1kup dlouhodob\u00e9ho hmotn\u00e9ho \u010di nehmotn\u00e9ho majetku<\/li>\n<\/ul>\n<p><strong>Specifika a omezen\u00ed:<\/strong><\/p>\n<ul>\n<li>projekt mus\u00ed b\u00fdt realizov\u00e1n na \u00fazem\u00ed \u010cR mimo hlavn\u00edho m\u011bsta Prahy<\/li>\n<li>ka\u017ed\u00fd \u017eadatel (1 I\u010c) je v t\u00e9to V\u00fdzv\u011b opr\u00e1vn\u011bn p\u0159edlo\u017eit maxim\u00e1ln\u011b 1 projekt (tzn. jednu aktivn\u00ed \u017e\u00e1dost o podporu, ve kter\u00e9 vystupuje jako p\u0159\u00edjemce)<\/li>\n<li>automaticky pod\u00e1van\u00e9 \u017e\u00e1dosti nebudou z d\u016fvodu zachov\u00e1n\u00ed rovn\u00e9ho p\u0159\u00edstupu a omezen\u00e9 alokace v\u00fdzev akceptov\u00e1ny; pokud \u017eadatel zvol\u00ed typ pod\u00e1n\u00ed \u201eautomatick\u00e9\u201c, bude takto podan\u00e1 \u017e\u00e1dost vy\u0159azena z hodnocen\u00ed<\/li>\n<\/ul>\n<p><strong>Syst\u00e9m sb\u011bru \u017e\u00e1dost\u00ed:<\/strong><\/p>\n<ul>\n<li>kontinu\u00e1ln\u00ed<\/li>\n<\/ul>\n<p><\/p>","protected":false},"excerpt":{"rendered":"<p>Hlavn\u00edm c\u00edlem V. V\u00fdzvy programu Technologie je podporovat zvy\u0161ov\u00e1n\u00ed po\u010dtu realizovan\u00fdch nov\u00fdch podnikatelsk\u00fdch z\u00e1m\u011br\u016f za\u010d\u00ednaj\u00edc\u00edch mal\u00fdch podnik\u016f, p\u0159isp\u00edvaj\u00edc\u00edch rozvoji region\u016f a zvy\u0161ov\u00e1n\u00ed zam\u011bstnanosti.<\/p>\n","protected":false},"author":35,"featured_media":0,"parent":124,"menu_order":0,"comment_status":"closed","ping_status":"closed","template":"","meta":{"inline_featured_image":false,"footnotes":""},"class_list":["post-3066","page","type-page","status-publish","hentry"],"publishpress_future_action":{"enabled":false,"date":"2026-05-02 06:18:52","action":"change-status","newStatus":"draft","terms":[],"taxonomy":"","extraData":[]},"publishpress_future_workflow_manual_trigger":{"enabledWorkflows":[]},"_links":{"self":[{"href":"https:\/\/apiagentura.gov.cz\/cs\/wp-json\/wp\/v2\/pages\/3066","targetHints":{"allow":["GET"]}}],"collection":[{"href":"https:\/\/apiagentura.gov.cz\/cs\/wp-json\/wp\/v2\/pages"}],"about":[{"href":"https:\/\/apiagentura.gov.cz\/cs\/wp-json\/wp\/v2\/types\/page"}],"author":[{"embeddable":true,"href":"https:\/\/apiagentura.gov.cz\/cs\/wp-json\/wp\/v2\/users\/35"}],"replies":[{"embeddable":true,"href":"https:\/\/apiagentura.gov.cz\/cs\/wp-json\/wp\/v2\/comments?post=3066"}],"version-history":[{"count":0,"href":"https:\/\/apiagentura.gov.cz\/cs\/wp-json\/wp\/v2\/pages\/3066\/revisions"}],"up":[{"embeddable":true,"href":"https:\/\/apiagentura.gov.cz\/cs\/wp-json\/wp\/v2\/pages\/124"}],"wp:attachment":[{"href":"https:\/\/apiagentura.gov.cz\/cs\/wp-json\/wp\/v2\/media?parent=3066"}],"curies":[{"name":"wp","href":"https:\/\/api.w.org\/{rel}","templated":true}]}}