{"id":31706,"date":"2022-11-23T15:00:58","date_gmt":"2022-11-23T14:00:58","guid":{"rendered":"https:\/\/www.apiagentura.gov.cz\/?page_id=31706"},"modified":"2025-02-17T11:37:50","modified_gmt":"2025-02-17T10:37:50","slug":"videonavody-is-kp21","status":"publish","type":"page","link":"https:\/\/apiagentura.gov.cz\/cs\/videonavody-is-kp21\/","title":{"rendered":"Videon\u00e1vody IS KP21+"},"content":{"rendered":"<div id=\"pl-31706\"  class=\"panel-layout\" ><div id=\"pg-31706-0\"  class=\"panel-grid panel-no-style\" ><div id=\"pgc-31706-0-0\"  class=\"panel-grid-cell\" ><div id=\"panel-31706-0-0-0\" class=\"so-panel widget widget_sow-editor panel-first-child panel-last-child\" data-index=\"0\" ><div\n\t\t\t\n\t\t\tclass=\"so-widget-sow-editor so-widget-sow-editor-base\"\n\t\t\t\n\t\t>\n<div class=\"siteorigin-widget-tinymce textwidget\">\n\t<p>Pro usnadn\u011bn\u00ed pr\u00e1ce s aplikac\u00ed IS KP21+ p\u0159ipravilo Ministerstvo pro m\u00edstn\u00ed rozvoj (MMR) pro \u017eadatele o podporu nejen z OP TAK \u00favodn\u00ed video n\u00e1vod, ve kter\u00e9m p\u0159edstavuje z\u00e1kladn\u00ed prvky ovl\u00e1d\u00e1n\u00ed.<\/p>\n<\/div>\n<\/div><\/div><\/div><\/div><div id=\"pg-31706-1\"  class=\"panel-grid panel-no-style\" ><div id=\"pgc-31706-1-0\"  class=\"panel-grid-cell\" ><div id=\"panel-31706-1-0-0\" class=\"so-panel widget widget_media_video panel-first-child panel-last-child\" data-index=\"1\" ><h3 class=\"widget-title\">Extern\u00ed u\u017eivatelsk\u00fd \u00fa\u010det a p\u0159ihl\u00e1\u0161en\u00ed<\/h3><div style=\"width:100%;\" class=\"wp-video\"><video class=\"wp-video-shortcode\" id=\"video-31706-1\" preload=\"metadata\" controls=\"controls\"><source type=\"video\/youtube\" src=\"https:\/\/www.youtube.com\/watch?v=lQUQb6_bznE&#038;_=1\" \/><a href=\"https:\/\/www.youtube.com\/watch?v=lQUQb6_bznE\">https:\/\/www.youtube.com\/watch?v=lQUQb6_bznE<\/a><\/video><\/div><\/div><\/div><div id=\"pgc-31706-1-1\"  class=\"panel-grid-cell\" ><div id=\"panel-31706-1-1-0\" class=\"so-panel widget widget_media_video panel-first-child panel-last-child\" data-index=\"2\" ><h3 class=\"widget-title\">Finan\u010dn\u00ed data projektu<\/h3><div style=\"width:100%;\" class=\"wp-video\"><video class=\"wp-video-shortcode\" id=\"video-31706-2\" preload=\"metadata\" controls=\"controls\"><source type=\"video\/youtube\" src=\"https:\/\/www.youtube.com\/watch?v=KgjIXX7YXoY&#038;list=PLuWPLtLR0T318xLgjQ1t1uZe9NocwzDFh&#038;index=12&#038;_=2\" \/><a href=\"https:\/\/www.youtube.com\/watch?v=KgjIXX7YXoY&#038;list=PLuWPLtLR0T318xLgjQ1t1uZe9NocwzDFh&#038;index=12\">https:\/\/www.youtube.com\/watch?v=KgjIXX7YXoY&#038;list=PLuWPLtLR0T318xLgjQ1t1uZe9NocwzDFh&#038;index=12<\/a><\/video><\/div><\/div><\/div><div id=\"pgc-31706-1-2\"  class=\"panel-grid-cell\" ><div id=\"panel-31706-1-2-0\" class=\"so-panel widget widget_media_video panel-first-child panel-last-child\" data-index=\"3\" ><h3 class=\"widget-title\">\u017d\u00e1dost o podporu<\/h3><div style=\"width:100%;\" class=\"wp-video\"><video class=\"wp-video-shortcode\" id=\"video-31706-3\" preload=\"metadata\" controls=\"controls\"><source type=\"video\/youtube\" src=\"https:\/\/www.youtube.com\/watch?v=gP_l4Q39B6g&#038;_=3\" \/><a href=\"https:\/\/www.youtube.com\/watch?v=gP_l4Q39B6g\">https:\/\/www.youtube.com\/watch?v=gP_l4Q39B6g<\/a><\/video><\/div><\/div><\/div><\/div><div id=\"pg-31706-2\"  class=\"panel-grid panel-no-style\" ><div id=\"pgc-31706-2-0\"  class=\"panel-grid-cell\" ><div id=\"panel-31706-2-0-0\" class=\"so-panel widget widget_media_video panel-first-child panel-last-child\" data-index=\"4\" ><h3 class=\"widget-title\">Ve\u0159ejn\u00e1 podpora<\/h3><div style=\"width:100%;\" class=\"wp-video\"><video class=\"wp-video-shortcode\" id=\"video-31706-4\" preload=\"metadata\" controls=\"controls\"><source type=\"video\/youtube\" src=\"https:\/\/www.youtube.com\/watch?v=vVoGzEjM1-4&#038;_=4\" \/><a href=\"https:\/\/www.youtube.com\/watch?v=vVoGzEjM1-4\">https:\/\/www.youtube.com\/watch?v=vVoGzEjM1-4<\/a><\/video><\/div><\/div><\/div><div id=\"pgc-31706-2-1\"  class=\"panel-grid-cell\" ><div id=\"panel-31706-2-1-0\" class=\"so-panel widget widget_media_video panel-first-child panel-last-child\" data-index=\"5\" ><h3 class=\"widget-title\">\u017d\u00e1dost o platbu<\/h3><div style=\"width:100%;\" class=\"wp-video\"><video class=\"wp-video-shortcode\" id=\"video-31706-5\" preload=\"metadata\" controls=\"controls\"><source type=\"video\/youtube\" src=\"https:\/\/www.youtube.com\/watch?v=kgxSIzryWm8&#038;_=5\" \/><a href=\"https:\/\/www.youtube.com\/watch?v=kgxSIzryWm8\">https:\/\/www.youtube.com\/watch?v=kgxSIzryWm8<\/a><\/video><\/div><\/div><\/div><div id=\"pgc-31706-2-2\"  class=\"panel-grid-cell\" ><div id=\"panel-31706-2-2-0\" class=\"so-panel widget widget_media_video panel-first-child panel-last-child\" data-index=\"6\" ><h3 class=\"widget-title\">Ve\u0159ejn\u00e9 zak\u00e1zky<\/h3><div style=\"width:100%;\" class=\"wp-video\"><video class=\"wp-video-shortcode\" id=\"video-31706-6\" preload=\"metadata\" controls=\"controls\"><source type=\"video\/youtube\" src=\"https:\/\/www.youtube.com\/watch?v=KzQQ4cmFxro&#038;_=6\" \/><a href=\"https:\/\/www.youtube.com\/watch?v=KzQQ4cmFxro\">https:\/\/www.youtube.com\/watch?v=KzQQ4cmFxro<\/a><\/video><\/div><\/div><\/div><\/div><div id=\"pg-31706-3\"  class=\"panel-grid panel-no-style\" ><div id=\"pgc-31706-3-0\"  class=\"panel-grid-cell\" ><div id=\"panel-31706-3-0-0\" class=\"so-panel widget widget_media_video panel-first-child panel-last-child\" data-index=\"7\" ><h3 class=\"widget-title\">Ovl\u00e1d\u00e1n\u00ed<\/h3><div style=\"width:100%;\" class=\"wp-video\"><video class=\"wp-video-shortcode\" id=\"video-31706-7\" preload=\"metadata\" controls=\"controls\"><source type=\"video\/youtube\" src=\"https:\/\/www.youtube.com\/watch?v=E6VcP0O9mkU&#038;list=PLuWPLtLR0T33TGay-7bHuUqhNONpuq1iI&#038;index=8&#038;_=7\" \/><a href=\"https:\/\/www.youtube.com\/watch?v=E6VcP0O9mkU&#038;list=PLuWPLtLR0T33TGay-7bHuUqhNONpuq1iI&#038;index=8\">https:\/\/www.youtube.com\/watch?v=E6VcP0O9mkU&#038;list=PLuWPLtLR0T33TGay-7bHuUqhNONpuq1iI&#038;index=8<\/a><\/video><\/div><\/div><\/div><div id=\"pgc-31706-3-1\"  class=\"panel-grid-cell\" ><div id=\"panel-31706-3-1-0\" class=\"so-panel widget widget_media_video panel-first-child panel-last-child\" data-index=\"8\" ><h3 class=\"widget-title\">Elektronick\u00fd podpis<\/h3><div style=\"width:100%;\" class=\"wp-video\"><video class=\"wp-video-shortcode\" id=\"video-31706-8\" preload=\"metadata\" controls=\"controls\"><source type=\"video\/youtube\" src=\"https:\/\/www.youtube.com\/watch?v=7jJ3II4IEDs&#038;_=8\" \/><a href=\"https:\/\/www.youtube.com\/watch?v=7jJ3II4IEDs\">https:\/\/www.youtube.com\/watch?v=7jJ3II4IEDs<\/a><\/video><\/div><\/div><\/div><div id=\"pgc-31706-3-2\"  class=\"panel-grid-cell\" ><div id=\"panel-31706-3-2-0\" class=\"so-panel widget widget_media_video panel-first-child panel-last-child\" data-index=\"9\" ><h3 class=\"widget-title\">Intern\u00ed depe\u0161e<\/h3><div style=\"width:100%;\" class=\"wp-video\"><video class=\"wp-video-shortcode\" id=\"video-31706-9\" preload=\"metadata\" controls=\"controls\"><source type=\"video\/youtube\" src=\"https:\/\/www.youtube.com\/watch?v=qgFyAXzezMo&#038;_=9\" \/><a href=\"https:\/\/www.youtube.com\/watch?v=qgFyAXzezMo\">https:\/\/www.youtube.com\/watch?v=qgFyAXzezMo<\/a><\/video><\/div><\/div><\/div><\/div><div id=\"pg-31706-4\"  class=\"panel-grid panel-no-style\" ><div id=\"pgc-31706-4-0\"  class=\"panel-grid-cell\" ><div id=\"panel-31706-4-0-0\" class=\"so-panel widget widget_media_video panel-first-child panel-last-child\" data-index=\"10\" ><h3 class=\"widget-title\">Pr\u00e1ce s Dokumenty<\/h3><div style=\"width:100%;\" class=\"wp-video\"><video class=\"wp-video-shortcode\" id=\"video-31706-10\" preload=\"metadata\" controls=\"controls\"><source type=\"video\/youtube\" src=\"https:\/\/www.youtube.com\/watch?v=Z8A26Kp0SRQ&#038;_=10\" \/><a href=\"https:\/\/www.youtube.com\/watch?v=Z8A26Kp0SRQ\">https:\/\/www.youtube.com\/watch?v=Z8A26Kp0SRQ<\/a><\/video><\/div><\/div><\/div><div id=\"pgc-31706-4-1\"  class=\"panel-grid-cell\" ><div id=\"panel-31706-4-1-0\" class=\"so-panel widget widget_media_video panel-first-child panel-last-child\" data-index=\"11\" ><h3 class=\"widget-title\">Hodnocen\u00ed \u017e\u00e1dosti<\/h3><div style=\"width:100%;\" class=\"wp-video\"><video class=\"wp-video-shortcode\" id=\"video-31706-11\" preload=\"metadata\" controls=\"controls\"><source type=\"video\/youtube\" src=\"https:\/\/www.youtube.com\/watch?v=gtL0wPBq3l4&#038;_=11\" \/><a href=\"https:\/\/www.youtube.com\/watch?v=gtL0wPBq3l4\">https:\/\/www.youtube.com\/watch?v=gtL0wPBq3l4<\/a><\/video><\/div><\/div><\/div><div id=\"pgc-31706-4-2\"  class=\"panel-grid-cell\" ><div id=\"panel-31706-4-2-0\" class=\"so-panel widget widget_media_video panel-first-child panel-last-child\" data-index=\"12\" ><h3 class=\"widget-title\">Zpr\u00e1vy projektu, \u017e\u00e1dost o zm\u011bnu<\/h3><div style=\"width:100%;\" class=\"wp-video\"><video class=\"wp-video-shortcode\" id=\"video-31706-12\" preload=\"metadata\" controls=\"controls\"><source type=\"video\/youtube\" src=\"https:\/\/www.youtube.com\/watch?v=80lkSEnuN8o&#038;list=PLuWPLtLR0T318xLgjQ1t1uZe9NocwzDFh&#038;index=13&#038;_=12\" \/><a href=\"https:\/\/www.youtube.com\/watch?v=80lkSEnuN8o&#038;list=PLuWPLtLR0T318xLgjQ1t1uZe9NocwzDFh&#038;index=13\">https:\/\/www.youtube.com\/watch?v=80lkSEnuN8o&#038;list=PLuWPLtLR0T318xLgjQ1t1uZe9NocwzDFh&#038;index=13<\/a><\/video><\/div><\/div><\/div><\/div><div id=\"pg-31706-5\"  class=\"panel-grid panel-no-style\" ><div id=\"pgc-31706-5-0\"  class=\"panel-grid-cell\" ><div id=\"panel-31706-5-0-0\" class=\"so-panel widget widget_sow-editor panel-first-child panel-last-child\" data-index=\"13\" ><div\n\t\t\t\n\t\t\tclass=\"so-widget-sow-editor so-widget-sow-editor-base\"\n\t\t\t\n\t\t>\n<div class=\"siteorigin-widget-tinymce textwidget\">\n\t<p><em>API nenese odpov\u011bdnost za p\u0159\u00edpadn\u00e9 pozd\u011bj\u0161\u00ed zm\u011bny v\u00a0aplikaci IS KP21+. <\/em><\/p>\n<\/div>\n<\/div><\/div><\/div><\/div><div id=\"pg-31706-6\"  class=\"panel-grid panel-no-style\" ><div id=\"pgc-31706-6-0\"  class=\"panel-grid-cell\" ><div id=\"panel-31706-6-0-0\" class=\"so-panel widget widget_sow-editor panel-first-child panel-last-child\" data-index=\"14\" ><div\n\t\t\t\n\t\t\tclass=\"so-widget-sow-editor so-widget-sow-editor-base\"\n\t\t\t\n\t\t><h3 class=\"widget-title\">Pr\u016fvodce MS2021+ pro za\u010d\u00e1te\u010dn\u00edky<\/h3>\n<div class=\"siteorigin-widget-tinymce textwidget\">\n\t<p>Praktick\u00e1 uk\u00e1zka pod\u00e1n\u00ed \u017e\u00e1dosti o podporu v syst\u00e9mu IS KP21+ v r\u00e1mci OP TAK<\/p>\n<\/div>\n<\/div><\/div><\/div><\/div><div id=\"pg-31706-7\"  class=\"panel-grid panel-no-style\" ><div id=\"pgc-31706-7-0\"  class=\"panel-grid-cell\" ><div id=\"panel-31706-7-0-0\" class=\"so-panel widget widget_media_video panel-first-child panel-last-child\" data-index=\"15\" ><div style=\"width:100%;\" class=\"wp-video\"><video class=\"wp-video-shortcode\" id=\"video-31706-13\" preload=\"metadata\" controls=\"controls\"><source type=\"video\/youtube\" src=\"https:\/\/www.youtube.com\/watch?v=VEMHgzawxMY&#038;_=13\" \/><a href=\"https:\/\/www.youtube.com\/watch?v=VEMHgzawxMY\">https:\/\/www.youtube.com\/watch?v=VEMHgzawxMY<\/a><\/video><\/div><\/div><\/div><div id=\"pgc-31706-7-1\"  class=\"panel-grid-cell panel-grid-cell-empty panel-grid-cell-mobile-last\" ><\/div><div id=\"pgc-31706-7-2\"  class=\"panel-grid-cell panel-grid-cell-empty\" ><\/div><\/div><div id=\"pg-31706-8\"  class=\"panel-grid panel-no-style\" ><div id=\"pgc-31706-8-0\"  class=\"panel-grid-cell\" ><div id=\"panel-31706-8-0-0\" class=\"so-panel widget widget_sow-editor panel-first-child\" data-index=\"16\" ><div\n\t\t\t\n\t\t\tclass=\"so-widget-sow-editor so-widget-sow-editor-base\"\n\t\t\t\n\t\t>\n<div class=\"siteorigin-widget-tinymce textwidget\">\n\t<\/div>\n<\/div><\/div><div id=\"panel-31706-8-0-2\" class=\"so-panel widget widget_sow-slider panel-last-child\" data-index=\"18\" ><div\n\t\t\t\n\t\t\tclass=\"so-widget-sow-slider so-widget-sow-slider-default-6d39609536fd-31706\"\n\t\t\t\n\t\t>\t\t\t\t<div class=\"sow-slider-base\" style=\"display: none\" tabindex=\"0\">\n\t\t\t\t\t<ul\n\t\t\t\t\tclass=\"sow-slider-images\"\n\t\t\t\t\tdata-settings=\"{&quot;pagination&quot;:true,&quot;speed&quot;:400,&quot;timeout&quot;:8000,&quot;paused&quot;:false,&quot;pause_on_hover&quot;:false,&quot;swipe&quot;:true,&quot;nav_always_show_desktop&quot;:&quot;&quot;,&quot;nav_always_show_mobile&quot;:&quot;&quot;,&quot;breakpoint&quot;:&quot;780px&quot;,&quot;unmute&quot;:false,&quot;anchor&quot;:null}\"\n\t\t\t\t\t\t\t\t\t\tdata-anchor-id=\"\"\n\t\t\t\t><\/ul>\t\t\t\t<ol class=\"sow-slider-pagination\">\n\t\t\t\t\t\t\t\t\t<\/ol>\n\n\t\t\t\t<div class=\"sow-slide-nav sow-slide-nav-next\">\n\t\t\t\t\t<a href=\"#\" data-goto=\"next\" aria-label=\"Next slide\" data-action=\"next\">\n\t\t\t\t\t\t<em class=\"sow-sld-icon-thin-right\"><\/em>\n\t\t\t\t\t<\/a>\n\t\t\t\t<\/div>\n\n\t\t\t\t<div class=\"sow-slide-nav sow-slide-nav-prev\">\n\t\t\t\t\t<a href=\"#\" data-goto=\"previous\" aria-label=\"Previous slide\" data-action=\"prev\">\n\t\t\t\t\t\t<em class=\"sow-sld-icon-thin-left\"><\/em>\n\t\t\t\t\t<\/a>\n\t\t\t\t<\/div>\n\t\t\t\t<\/div><\/div><\/div><\/div><div id=\"pgc-31706-8-1\"  class=\"panel-grid-cell panel-grid-cell-empty panel-grid-cell-mobile-last\" ><\/div><div id=\"pgc-31706-8-2\"  class=\"panel-grid-cell panel-grid-cell-empty\" ><\/div><\/div><\/div>","protected":false},"excerpt":{"rendered":"<p>Pro usnadn\u011bn\u00ed pr\u00e1ce s aplikac\u00ed IS KP21+ p\u0159ipravilo Ministerstvo pro m\u00edstn\u00ed rozvoj (MMR) pro \u017eadatele o podporu nejen z OP TAK \u00favodn\u00ed video n\u00e1vod, ve kter\u00e9m p\u0159edstavuje z\u00e1kladn\u00ed prvky ovl\u00e1d\u00e1n\u00ed.<\/p>\n","protected":false},"author":1,"featured_media":0,"parent":0,"menu_order":0,"comment_status":"closed","ping_status":"closed","template":"","meta":{"inline_featured_image":false,"footnotes":""},"class_list":["post-31706","page","type-page","status-publish","hentry"],"publishpress_future_action":{"enabled":false,"date":"2026-05-06 18:30:04","action":"change-status","newStatus":"draft","terms":[],"taxonomy":"","extraData":[]},"publishpress_future_workflow_manual_trigger":{"enabledWorkflows":[]},"_links":{"self":[{"href":"https:\/\/apiagentura.gov.cz\/cs\/wp-json\/wp\/v2\/pages\/31706","targetHints":{"allow":["GET"]}}],"collection":[{"href":"https:\/\/apiagentura.gov.cz\/cs\/wp-json\/wp\/v2\/pages"}],"about":[{"href":"https:\/\/apiagentura.gov.cz\/cs\/wp-json\/wp\/v2\/types\/page"}],"author":[{"embeddable":true,"href":"https:\/\/apiagentura.gov.cz\/cs\/wp-json\/wp\/v2\/users\/1"}],"replies":[{"embeddable":true,"href":"https:\/\/apiagentura.gov.cz\/cs\/wp-json\/wp\/v2\/comments?post=31706"}],"version-history":[{"count":0,"href":"https:\/\/apiagentura.gov.cz\/cs\/wp-json\/wp\/v2\/pages\/31706\/revisions"}],"wp:attachment":[{"href":"https:\/\/apiagentura.gov.cz\/cs\/wp-json\/wp\/v2\/media?parent=31706"}],"curies":[{"name":"wp","href":"https:\/\/api.w.org\/{rel}","templated":true}]}}