{"id":31962,"date":"2023-01-09T12:23:28","date_gmt":"2023-01-09T11:23:28","guid":{"rendered":"https:\/\/www.apiagentura.gov.cz\/?page_id=31962"},"modified":"2025-06-25T15:34:36","modified_gmt":"2025-06-25T13:34:36","slug":"spoluprace-klastry-vyzva-i","status":"publish","type":"page","link":"https:\/\/apiagentura.gov.cz\/cs\/podporovane-aktivity-optak\/spoluprace-optak\/spoluprace-klastry-vyzva-i\/","title":{"rendered":"Spolupr\u00e1ce \u2013 klastry &#8211; v\u00fdzva I"},"content":{"rendered":"<p><strong>Upozorn\u011bn\u00ed pro \u017eadatele a p\u0159\u00edjemce:<\/strong><\/p>\n<p><strong>6. 4. 2023:<\/strong> V souladu s Metodikou osobn\u00edch n\u00e1klad\u016f byla do soubor\u016f V\u00fdzvy vlo\u017eena Povinn\u00e1 p\u0159\u00edloha podnikatelsk\u00e9ho z\u00e1m\u011bru definuj\u00edc\u00ed zam\u011bstnance, jejich\u017e mzda vstupuje do zp\u016fsobil\u00fdch v\u00fddaj\u016f projektu. Upozor\u0148ujeme \u017eadatele na dokl\u00e1d\u00e1n\u00ed p\u0159\u00edlohy ji\u017e v r\u00e1mci pod\u00e1n\u00ed \u017e\u00e1dosti o podporu.<\/p>\n<table class=\"call-detail\" style=\"height: 72px; width: 65.6522%;\" width=\"749\">\n<tbody>\n<tr style=\"height: 24px;\">\n<td style=\"width: 32.1165%; height: 48px;\" rowspan=\"2\"><strong>Na co lze z\u00edskat podporu<\/strong> (podporovan\u00e9 aktivity):<\/p>\n<p><strong>A.<\/strong> kolektivn\u00ed v\u00fdzkum<\/p>\n<p><strong>B.<\/strong> sd\u00edlen\u00e1 infrastruktura<\/p>\n<p><strong>C.<\/strong> rozvoj inova\u010dn\u00edho klastru<\/p>\n<p><strong>Kdo m\u016f\u017ee \u017e\u00e1dat<\/strong>\u00a0(p\u0159\u00edjemci podpory):<\/p>\n<ul>\n<li>Mal\u00e9 a st\u0159edn\u00ed podniky (MSP)<\/li>\n<li>V\u00fdzkumn\u00e9 organizace<\/li>\n<\/ul>\n<p><strong>Syst\u00e9m sb\u011bru \u017e\u00e1dost\u00ed:<\/strong><\/p>\n<ul>\n<li>kolov\u00fd<\/li>\n<\/ul>\n<\/td>\n<td style=\"width: 33.4705%; height: 24px;\"><strong>Kolik lze z\u00edskat na jeden projekt\u00a0<\/strong>(forma a v\u00fd\u0161e podpory):<\/p>\n<ul>\n<li><strong>1 &#8211; 40 mil. K\u010d<\/strong> (dle zvolen\u00e9 aktivity a za\u0159azen\u00ed klastru).<\/li>\n<\/ul>\n<p><strong>M\u00edra podpory:<\/strong><\/p>\n<p><span style=\"text-decoration: underline;\">Aktivita A:<\/span><\/p>\n<ul>\n<li><strong>35 &#8211; 70 %<\/strong> z celkov\u00fdch zp\u016fsobil\u00fdch v\u00fddaj\u016f.<\/li>\n<\/ul>\n<p><span style=\"text-decoration: underline;\">Aktivita B a C:<\/span><\/p>\n<ul>\n<li>A\u017e <strong>50 %<\/strong> z celkov\u00fdch zp\u016fsobil\u00fdch v\u00fddaj\u016f.<\/li>\n<\/ul>\n<\/td>\n<td style=\"width: 33.0634%; height: 24px;\"><img loading=\"lazy\" decoding=\"async\" class=\"alignnone size-full wp-image-30037\" src=\"https:\/\/www.apiagentura.gov.cz\/wp-content\/uploads\/2022\/07\/optak-aktivita-1-spoluprace-660x660-1.png\" alt=\"\" width=\"660\" height=\"660\" srcset=\"https:\/\/apiagentura.gov.cz\/wp-content\/uploads\/2022\/07\/optak-aktivita-1-spoluprace-660x660-1.png 660w, https:\/\/apiagentura.gov.cz\/wp-content\/uploads\/2022\/07\/optak-aktivita-1-spoluprace-660x660-1-300x300.png 300w, https:\/\/apiagentura.gov.cz\/wp-content\/uploads\/2022\/07\/optak-aktivita-1-spoluprace-660x660-1-150x150.png 150w\" sizes=\"auto, (max-width: 660px) 100vw, 660px\" \/><\/td>\n<\/tr>\n<tr style=\"height: 24px;\">\n<td style=\"width: 33.4705%; height: 24px;\"><strong>Specifika a omezen\u00ed:<\/strong><\/p>\n<ul>\n<li>Projekt mus\u00ed b\u00fdt realizov\u00e1n na<strong> \u00fazem\u00ed \u010cR mimo NUTS II Praha.<\/strong><\/li>\n<li>Ka\u017ed\u00fd \u017eadatel (<strong>1 I\u010c<\/strong>) je v t\u00e9to V\u00fdzv\u011b opr\u00e1vn\u011bn p\u0159edlo\u017eit <strong>1 projekt<\/strong> na ka\u017edou podporovanou aktivitu.<\/li>\n<li>Nezral\u00fd klastr: minim\u00e1ln\u011b 10 MSP.<\/li>\n<li>Rozvinut\u00fd klastr: minim\u00e1ln\u011b 15 MSP.<\/li>\n<li>Excelentn\u00ed klastr: minim\u00e1ln\u011b 20 MSP<\/li>\n<li>\u010clenem klastru mus\u00ed b\u00fdt <strong>alespo\u0148 1 organizace pro v\u00fdzkum a \u0161\u00ed\u0159en\u00ed znalost\u00ed.<\/strong><\/li>\n<\/ul>\n<\/td>\n<td style=\"width: 33.0634%; height: 48px;\" rowspan=\"2\"><strong>Jak\u00e9 v\u00fddaje je mo\u017en\u00e9 podpo\u0159it\u00a0<\/strong>(zp\u016fsobil\u00e9 v\u00fddaje):<\/p>\n<p><span style=\"text-decoration: underline;\">Pro aktivitu A a C:<\/span><\/p>\n<ul>\n<li>osobn\u00ed n\u00e1klady<\/li>\n<li>slu\u017eby<\/li>\n<li>re\u017eijn\u00ed n\u00e1klady<\/li>\n<\/ul>\n<p><span style=\"text-decoration: underline;\">pro aktivitu C nav\u00edc:<\/span><\/p>\n<ul>\n<li>marketing a propagace<\/li>\n<li>semin\u00e1\u0159e, konference<\/li>\n<li>n\u00e1jemn\u00e9<\/li>\n<li>z\u00edsk\u00e1n\u00ed zn\u00e1mky excelence ESCA<\/li>\n<\/ul>\n<p><span style=\"text-decoration: underline;\">Pro aktivitu B:<\/span><\/p>\n<ul>\n<li>hmotn\u00fd a nehmotn\u00fd majetek<\/li>\n<li>stavby a jejich technick\u00e9 zhodnocen\u00ed<\/li>\n<li>stoje a za\u0159\u00edzen\u00ed<\/li>\n<li>HW s SW<\/li>\n<li>pr\u00e1va du\u0161evn\u00edho vlastnictv\u00ed<\/li>\n<li>n\u00e1jemn\u00e9<\/li>\n<\/ul>\n<\/td>\n<\/tr>\n<tr style=\"height: 24px;\">\n<td style=\"width: 65.587%; height: 24px;\" colspan=\"2\"><img loading=\"lazy\" decoding=\"async\" class=\"alignnone size-full wp-image-32054\" src=\"https:\/\/www.apiagentura.gov.cz\/wp-content\/uploads\/2023\/01\/web-vyzva-optak-s-klastry-i.png\" alt=\"\" width=\"1072\" height=\"500\" srcset=\"https:\/\/apiagentura.gov.cz\/wp-content\/uploads\/2023\/01\/web-vyzva-optak-s-klastry-i.png 1072w, https:\/\/apiagentura.gov.cz\/wp-content\/uploads\/2023\/01\/web-vyzva-optak-s-klastry-i-300x140.png 300w, https:\/\/apiagentura.gov.cz\/wp-content\/uploads\/2023\/01\/web-vyzva-optak-s-klastry-i-1024x478.png 1024w, https:\/\/apiagentura.gov.cz\/wp-content\/uploads\/2023\/01\/web-vyzva-optak-s-klastry-i-768x358.png 768w\" sizes=\"auto, (max-width: 1072px) 100vw, 1072px\" \/><\/td>\n<\/tr>\n<\/tbody>\n<\/table>\n<p><\/p>","protected":false},"excerpt":{"rendered":"<p>C\u00edlem v\u00fdzvy Spolupr\u00e1ce \u2013 Klastry je rozvoj inova\u010dn\u00edch klastr\u016f jako n\u00e1stroje pro zv\u00fd\u0161en\u00ed intenzity spole\u010dn\u00fdch v\u00fdzkumn\u00fdch, v\u00fdvojov\u00fdch a inova\u010dn\u00edch aktivit mezi podnikatelsk\u00fdmi subjekty a v\u00fdzkumnou sf\u00e9rou.<\/p>\n","protected":false},"author":1,"featured_media":0,"parent":30036,"menu_order":0,"comment_status":"closed","ping_status":"closed","template":"","meta":{"inline_featured_image":false,"footnotes":""},"class_list":["post-31962","page","type-page","status-publish","hentry"],"publishpress_future_action":{"enabled":false,"date":"2026-05-06 13:57:36","action":"change-status","newStatus":"draft","terms":[],"taxonomy":"","extraData":[]},"publishpress_future_workflow_manual_trigger":{"enabledWorkflows":[]},"_links":{"self":[{"href":"https:\/\/apiagentura.gov.cz\/cs\/wp-json\/wp\/v2\/pages\/31962","targetHints":{"allow":["GET"]}}],"collection":[{"href":"https:\/\/apiagentura.gov.cz\/cs\/wp-json\/wp\/v2\/pages"}],"about":[{"href":"https:\/\/apiagentura.gov.cz\/cs\/wp-json\/wp\/v2\/types\/page"}],"author":[{"embeddable":true,"href":"https:\/\/apiagentura.gov.cz\/cs\/wp-json\/wp\/v2\/users\/1"}],"replies":[{"embeddable":true,"href":"https:\/\/apiagentura.gov.cz\/cs\/wp-json\/wp\/v2\/comments?post=31962"}],"version-history":[{"count":0,"href":"https:\/\/apiagentura.gov.cz\/cs\/wp-json\/wp\/v2\/pages\/31962\/revisions"}],"up":[{"embeddable":true,"href":"https:\/\/apiagentura.gov.cz\/cs\/wp-json\/wp\/v2\/pages\/30036"}],"wp:attachment":[{"href":"https:\/\/apiagentura.gov.cz\/cs\/wp-json\/wp\/v2\/media?parent=31962"}],"curies":[{"name":"wp","href":"https:\/\/api.w.org\/{rel}","templated":true}]}}