{"id":31976,"date":"2023-01-09T16:27:22","date_gmt":"2023-01-09T15:27:22","guid":{"rendered":"https:\/\/www.apiagentura.gov.cz\/?page_id=31976"},"modified":"2025-04-30T15:05:15","modified_gmt":"2025-04-30T13:05:15","slug":"technologicke-platformy-vyzva-i","status":"publish","type":"page","link":"https:\/\/apiagentura.gov.cz\/cs\/podporovane-aktivity-optak\/technologicke-platformy-optak\/technologicke-platformy-vyzva-i\/","title":{"rendered":"Technologick\u00e9 platformy &#8211; v\u00fdzva I"},"content":{"rendered":"<p><strong>Upozorn\u011bn\u00ed pro \u017eadatele a p\u0159\u00edjemce:<\/strong><\/p>\n<p><strong>6. 4. 2023: <\/strong>V\u00a0souladu s\u00a0Metodikou osobn\u00edch n\u00e1klad\u016f byla do soubor\u016f V\u00fdzvy vlo\u017eena Povinn\u00e1 p\u0159\u00edloha podnikatelsk\u00e9ho z\u00e1m\u011bru definuj\u00edc\u00ed zam\u011bstnance, jejich\u017e mzda vstupuje do zp\u016fsobil\u00fdch v\u00fddaj\u016f projektu. Upozor\u0148ujeme \u017eadatele na dokl\u00e1d\u00e1n\u00ed p\u0159\u00edlohy ji\u017e v\u00a0r\u00e1mci pod\u00e1n\u00ed \u017e\u00e1dosti o podporu.<\/p>\n<table class=\"call-detail\" style=\"height: 72px; width: 105.294%;\" width=\"749\">\n<tbody>\n<tr style=\"height: 24px;\">\n<td style=\"width: 33.3333%; height: 48px;\" rowspan=\"2\"><strong>Na co lze z\u00edskat podporu<\/strong> (podporovan\u00e9 aktivity):<\/p>\n<ul>\n<li>Vytvo\u0159en\u00ed <strong>Ak\u010dn\u00edho pl\u00e1nu<\/strong> pro digit\u00e1ln\u00ed a zelenou transformaci pr\u016fmyslu.<\/li>\n<li>Nav\u00e1z\u00e1n\u00ed hlub\u0161\u00ed spolupr\u00e1ce technologick\u00fdch platforem (TP) na evropsk\u00e9 \u00farovni.<\/li>\n<li>Koordinace \u010desk\u00fdch podnikatelsk\u00fdch subjekt\u016f a organizac\u00ed pro v\u00fdzkum a \u0161\u00ed\u0159en\u00ed znalost\u00ed v p\u0159\u00edstupu do programu <strong>Horizon Europe<\/strong> a dal\u0161\u00edch evropsk\u00fdch program\u016f.<\/li>\n<\/ul>\n<ol>\n<li style=\"list-style-type: none;\"><\/li>\n<\/ol>\n<p><strong>Kdo m\u016f\u017ee \u017e\u00e1dat<\/strong>\u00a0(p\u0159\u00edjemci podpory):<\/p>\n<ul>\n<li>Mal\u00e9 a st\u0159edn\u00ed podniky (MSP)<\/li>\n<li>Velk\u00e9 podniky<\/li>\n<\/ul>\n<p><strong>Syst\u00e9m sb\u011bru \u017e\u00e1dost\u00ed:<\/strong><\/p>\n<ul>\n<li>kolov\u00fd<\/li>\n<\/ul>\n<\/td>\n<td style=\"width: 33.3333%; height: 24px;\"><strong>Kolik lze z\u00edskat na jeden projekt\u00a0<\/strong>(forma a v\u00fd\u0161e podpory):<\/p>\n<ul>\n<li>Minim\u00e1ln\u00ed v\u00fd\u0161e na projekt je <strong>500 000 tis. K\u010d<\/strong> a maxim\u00e1ln\u00ed\u00a0 v\u00fd\u0161e <strong>5 mil. K\u010d.<\/strong><\/li>\n<\/ul>\n<p><strong>M\u00edra podpory:<\/strong><\/p>\n<ul>\n<li>Maxim\u00e1ln\u011b <strong>75 %<\/strong> zp\u016fsobil\u00fdch v\u00fddaj\u016f<\/li>\n<\/ul>\n<p><a href=\"#_ftnref1\" name=\"_ftn1\"><\/a><\/td>\n<td style=\"width: 33.3333%; height: 24px;\"><img loading=\"lazy\" decoding=\"async\" class=\"alignnone size-full wp-image-32024\" src=\"https:\/\/www.apiagentura.gov.cz\/wp-content\/uploads\/2023\/01\/optak-aktivita-1-technologicke-platformy-660x660-1.png\" alt=\"\" width=\"660\" height=\"660\" srcset=\"https:\/\/apiagentura.gov.cz\/wp-content\/uploads\/2023\/01\/optak-aktivita-1-technologicke-platformy-660x660-1.png 660w, https:\/\/apiagentura.gov.cz\/wp-content\/uploads\/2023\/01\/optak-aktivita-1-technologicke-platformy-660x660-1-300x300.png 300w, https:\/\/apiagentura.gov.cz\/wp-content\/uploads\/2023\/01\/optak-aktivita-1-technologicke-platformy-660x660-1-150x150.png 150w\" sizes=\"auto, (max-width: 660px) 100vw, 660px\" \/><\/td>\n<\/tr>\n<tr style=\"height: 24px;\">\n<td style=\"width: 33.3333%; height: 24px;\"><strong>Jak\u00e9 v\u00fddaje je mo\u017en\u00e9 podpo\u0159it\u00a0<\/strong>(zp\u016fsobil\u00e9 v\u00fddaje)<\/p>\n<ul>\n<li>osobn\u00ed n\u00e1klady<\/li>\n<li>HW a SW<\/li>\n<li>slu\u017eby poradc\u016f, expert\u016f a studie<\/li>\n<li>semin\u00e1\u0159e, konference.<\/li>\n<li>marketing a propagace.<\/li>\n<li>n\u00e1jemn\u00e9<\/li>\n<li>re\u017eijn\u00ed n\u00e1klady<\/li>\n<\/ul>\n<\/td>\n<td style=\"width: 33.3333%; height: 48px;\" rowspan=\"2\"><strong>Specifika a omezen\u00ed:<\/strong><\/p>\n<ul>\n<li>Projekt mus\u00ed b\u00fdt realizov\u00e1n na <strong>\u00fazem\u00ed \u010cR mimo NUTS 2 Praha.<\/strong><\/li>\n<li>Dotace je poskytov\u00e1na v re\u017eimu <em>de minimis<\/em>, tj. max. 200 tis. EUR za 3 po sob\u011b jdouc\u00ed \u00fa\u010detn\u00ed obdob\u00ed.<\/li>\n<li>Ak\u010dn\u00ed pl\u00e1n pro digit\u00e1ln\u00ed a zelenou transformaci bude zpracov\u00e1n a p\u0159edlo\u017een za obdob\u00ed 1,5 roku od data skute\u010dn\u00e9ho zah\u00e1jen\u00ed projektu.<\/li>\n<li>TP zajist\u00ed ve\u0159ejn\u00e9 p\u0159edstaven\u00ed ak\u010dn\u00edho pl\u00e1nu v pr\u016fb\u011bhu realizace projektu.<\/li>\n<li>Horizon Europe je Grantov\u00fd program Evropsk\u00e9 unie pro v\u00fdzkum a inovace pro obdob\u00ed 2021-2027.<!--EndFragment --><\/li>\n<\/ul>\n<\/td>\n<\/tr>\n<tr style=\"height: 24px;\">\n<td style=\"width: 33.3333%; height: 24px;\" colspan=\"2\"><img loading=\"lazy\" decoding=\"async\" class=\"alignnone size-full wp-image-32056\" src=\"https:\/\/www.apiagentura.gov.cz\/wp-content\/uploads\/2023\/01\/web-vyzva-optak-tp-i.png\" alt=\"\" width=\"1072\" height=\"500\" srcset=\"https:\/\/apiagentura.gov.cz\/wp-content\/uploads\/2023\/01\/web-vyzva-optak-tp-i.png 1072w, https:\/\/apiagentura.gov.cz\/wp-content\/uploads\/2023\/01\/web-vyzva-optak-tp-i-300x140.png 300w, https:\/\/apiagentura.gov.cz\/wp-content\/uploads\/2023\/01\/web-vyzva-optak-tp-i-1024x478.png 1024w, https:\/\/apiagentura.gov.cz\/wp-content\/uploads\/2023\/01\/web-vyzva-optak-tp-i-768x358.png 768w\" sizes=\"auto, (max-width: 1072px) 100vw, 1072px\" \/><\/td>\n<\/tr>\n<\/tbody>\n<\/table>\n<p><\/p>","protected":false},"excerpt":{"rendered":"<p>C\u00edlem v\u00fdzvy je podpora aktivit, kter\u00e9 pomohou podpo\u0159it rozvoj inova\u010dn\u00edch s\u00edt\u00ed \u2013 technologick\u00fdch platforem jako n\u00e1stroje pro zv\u00fd\u0161en\u00ed intenzity spole\u010dn\u00fdch v\u00fdzkumn\u00fdch, v\u00fdvojov\u00fdch a inova\u010dn\u00edch aktivit mezi podnikatelsk\u00fdmi subjekty a v\u00fdzkumnou sf\u00e9rou.<\/p>\n","protected":false},"author":1,"featured_media":0,"parent":32023,"menu_order":0,"comment_status":"closed","ping_status":"closed","template":"","meta":{"inline_featured_image":false,"footnotes":""},"class_list":["post-31976","page","type-page","status-publish","hentry"],"publishpress_future_action":{"enabled":false,"date":"2026-05-06 13:57:36","action":"change-status","newStatus":"draft","terms":[],"taxonomy":"","extraData":[]},"publishpress_future_workflow_manual_trigger":{"enabledWorkflows":[]},"_links":{"self":[{"href":"https:\/\/apiagentura.gov.cz\/cs\/wp-json\/wp\/v2\/pages\/31976","targetHints":{"allow":["GET"]}}],"collection":[{"href":"https:\/\/apiagentura.gov.cz\/cs\/wp-json\/wp\/v2\/pages"}],"about":[{"href":"https:\/\/apiagentura.gov.cz\/cs\/wp-json\/wp\/v2\/types\/page"}],"author":[{"embeddable":true,"href":"https:\/\/apiagentura.gov.cz\/cs\/wp-json\/wp\/v2\/users\/1"}],"replies":[{"embeddable":true,"href":"https:\/\/apiagentura.gov.cz\/cs\/wp-json\/wp\/v2\/comments?post=31976"}],"version-history":[{"count":0,"href":"https:\/\/apiagentura.gov.cz\/cs\/wp-json\/wp\/v2\/pages\/31976\/revisions"}],"up":[{"embeddable":true,"href":"https:\/\/apiagentura.gov.cz\/cs\/wp-json\/wp\/v2\/pages\/32023"}],"wp:attachment":[{"href":"https:\/\/apiagentura.gov.cz\/cs\/wp-json\/wp\/v2\/media?parent=31976"}],"curies":[{"name":"wp","href":"https:\/\/api.w.org\/{rel}","templated":true}]}}