{"id":31979,"date":"2023-01-09T17:11:11","date_gmt":"2023-01-09T16:11:11","guid":{"rendered":"https:\/\/www.apiagentura.gov.cz\/?page_id=31979"},"modified":"2024-06-11T15:08:57","modified_gmt":"2024-06-11T13:08:57","slug":"inovacni-vouchery-vyzva-ii","status":"publish","type":"page","link":"https:\/\/apiagentura.gov.cz\/cs\/podporovane-aktivity-optak\/inovacni-vouchery-optak\/inovacni-vouchery-vyzva-ii\/","title":{"rendered":"Inova\u010dn\u00ed vouchery &#8211; v\u00fdzva II"},"content":{"rendered":"<p><strong>Upozorn\u011bn\u00ed pro \u017eadatele a p\u0159\u00edjemce:<\/strong><\/p>\n<p><strong>11. 6. 2024:<\/strong> Ministerstvo pr\u016fmyslu a obchodu informovalo, \u017ee <strong>navy\u0161uje alokaci t\u00e9to v\u00fdzvy o 10 648 498,50 K\u010d na celkovou sumu 160 648 498,50 K\u010d (z p\u016fvodn\u00ed sumy 150 mil. K\u010d). <\/strong>Nav\u00fd\u0161en\u00ed alokace umo\u017en\u00ed podpo\u0159it \u017e\u00e1dosti o podporu spl\u0148uj\u00edc\u00ed podm\u00ednky p\u0159ijatelnosti a form\u00e1ln\u00ed n\u00e1le\u017eitosti podan\u00e9 v\u00a0prodlou\u017een\u00e9m term\u00ednu (z\u00a01.2.2024 do 31.5.2024).<\/p>\n<p style=\"text-align: justify;\"><strong>13. 12. 2023:<\/strong> Aktivita Inova\u010dn\u00ed vouchery je v r\u00e1mci OP TAK vyhla\u0161ov\u00e1na v re\u017eimu de minimis. Evropsk\u00e1 komise k dne\u0161n\u00edmu dni nep\u0159ijala kone\u010dn\u00e9 zn\u011bn\u00ed novely Na\u0159\u00edzen\u00ed Komise (EU) \u010d. 1407\/2013 ze dne 18. prosince 2013 o pou\u017eit\u00ed \u010dl\u00e1nk\u016f 107 a 108 Smlouvy o fungov\u00e1n\u00ed Evropsk\u00e9 unie na podporu de minimis (d\u00e1le jen \u201eNa\u0159\u00edzen\u00ed\u201c), kter\u00e9 by dle aktu\u00e1ln\u00edch informac\u00ed \u00daOHS m\u011blo b\u00fdt p\u0159ijato v prosinci tohoto roku a b\u00fdt \u00fa\u010dinn\u00e9 od 1. 1. 2024.<br \/>\nNovela Na\u0159\u00edzen\u00ed mj. navy\u0161uje limit podpory de minimis, ale tak\u00e9 stanovuje nov\u00e9 povinnosti a mechanismy v\u00fdpo\u010dtu limitu podpory de minimis. P\u0159edev\u0161\u00edm se dle posledn\u00edho n\u00e1vrhu Na\u0159\u00edzen\u00ed m\u00e1 zm\u011bnit po\u010d\u00edt\u00e1n\u00ed t\u0159\u00edlet\u00e9ho rozhodn\u00e9ho obdob\u00ed a nov\u011b m\u00e1 tak\u00e9 existovat povinnost u poskytnut\u00fdch podpor evidovat klasifikaci ekonomick\u00fdch \u010dinnost\u00ed (NACE).<\/p>\n<p style=\"text-align: justify;\">Proto\u017ee dosud nen\u00ed zn\u00e1mo fin\u00e1ln\u00ed zn\u011bn\u00ed Na\u0159\u00edzen\u00ed, nebylo mo\u017en\u00e9 zah\u00e1jit \u00fapravy registru de minimis a souvisej\u00edc\u00ed nezbytn\u00e9 \u00fapravy n\u00e1rodn\u00edho pr\u00e1vn\u00edho p\u0159edpisu. Dle vyj\u00e1d\u0159en\u00ed \u00daOHS bude pr\u00e1ce na \u00faprav\u00e1ch zah\u00e1jena neprodlen\u011b po p\u0159ijet\u00ed novelizovan\u00e9ho Na\u0159\u00edzen\u00ed. Do doby, ne\u017e budou uveden\u00e9 \u00fapravy provedeny, sou\u010dasn\u00e1 podoba registru de minimis neumo\u017en\u00ed od 1. 1. 2024 prov\u00e9st z\u00e1znamy podpor de minimis tak, aby byly v souladu s nov\u00fdm Na\u0159\u00edzen\u00edm, tedy ani poskytovat nav\u00fd\u0161en\u00e9 limity podpory de minimis.<br \/>\nBude nutno vyu\u017e\u00edt p\u0159echodn\u00e1 ustanoven\u00ed novelizovan\u00e9ho Na\u0159\u00edzen\u00ed a poskytovat podpory de minimis podle st\u00e1vaj\u00edc\u00edho Na\u0159\u00edzen\u00ed, v\u010d. st\u00e1vaj\u00edc\u00edch limit\u016f, a to do doby, ne\u017e budou provedeny nezbytn\u00e9 \u00fapravy, maxim\u00e1ln\u011b v\u0161ak do 30. 6. 2024.<\/p>\n<p style=\"text-align: justify;\"><strong>S ohledem na v\u00fd\u0161e uveden\u00e9 skute\u010dnosti se \u0158\u00edd\u00edc\u00ed org\u00e1n rozhodl prodlou\u017eit lh\u016ftu pro p\u0159\u00edjem \u017e\u00e1dost\u00ed u v\u00fdzvy II. Inova\u010dn\u00ed vouchery do 31. 5. 2024.<\/strong><\/p>\n<p><strong>30. 5. 2024<\/strong>: V souvislosti se zm\u011bnou na\u0159\u00edzen\u00ed de minimis (Na\u0159\u00edzen\u00ed Komise (EU) \u010d. 2023\/2831 ze dne 13. prosince 2023 o pou\u017eit\u00ed \u010dl\u00e1nk\u016f 107 a 108 Smlouvy o fungov\u00e1n\u00ed Evropsk\u00e9 unie na podporu de minimis) a spu\u0161t\u011bn\u00edm upraven\u00e9ho centr\u00e1ln\u00edho registru podpor mal\u00e9ho rozsahu k 1.6.2024 <strong>bylo aktualizov\u00e1no Rozhodnut\u00ed o poskytnut\u00ed dotace<\/strong>\u00a0a <strong>Prohl\u00e1\u0161en\u00ed k de minimis<\/strong>.<\/p>\n<table class=\"call-detail\" style=\"height: 1165px; width: 67.3243%;\" width=\"749\">\n<tbody>\n<tr style=\"height: 448px;\">\n<td style=\"width: 33.3333%; height: 928px;\" rowspan=\"2\"><strong>Na co lze z\u00edskat podporu<\/strong>\u00a0(podporovan\u00e9 aktivity):<\/p>\n<ul>\n<li>N\u00e1kup poradensk\u00fdch, expertn\u00edch a podp\u016frn\u00fdch slu\u017eeb v oblasti inovac\u00ed od organizac\u00ed pro v\u00fdzkum a \u0161\u00ed\u0159en\u00ed znalost\u00ed nebo akreditovan\u00fdch laborato\u0159\u00ed s c\u00edlem zah\u00e1jen\u00ed \u010di zintenzivn\u011bn\u00ed inova\u010dn\u00edch aktivit mal\u00fdch a st\u0159edn\u00edch podnik\u016f.<\/li>\n<\/ul>\n<p><strong>Kdo m\u016f\u017ee \u017e\u00e1dat<\/strong>\u00a0(p\u0159\u00edjemci podpory):<\/p>\n<ul>\n<li>mal\u00e9 a st\u0159edn\u00ed podniky (MSP)<\/li>\n<\/ul>\n<p><strong>Syst\u00e9m sb\u011bru \u017e\u00e1dost\u00ed:<\/strong><\/p>\n<ul>\n<li>pr\u016fb\u011b\u017en\u00fd<\/li>\n<\/ul>\n<\/td>\n<td style=\"width: 33.3333%; height: 448px;\"><strong>Kolik lze z\u00edskat na jeden projekt\u00a0<\/strong>(forma a v\u00fd\u0161e podpory):<\/p>\n<ul>\n<li>Dotace na projekt je poskytov\u00e1na minim\u00e1ln\u011b ve v\u00fd\u0161i <strong>50 000. K\u010d<\/strong> a maxim\u00e1ln\u011b do v\u00fd\u0161e <strong>1 mil. K\u010d.<\/strong><\/li>\n<\/ul>\n<p><strong>M\u00edra podpory:<\/strong><\/p>\n<ul>\n<li><strong>50 &#8211; 75 %<\/strong> z prok\u00e1zan\u00fdch zp\u016fsobil\u00fdch v\u00fddaj\u016f (ZV):<\/li>\n<\/ul>\n<p>a) 75 % v p\u0159\u00edpad\u011b, \u017ee ZV = 66 667 &#8211; 499 999 K\u010d<\/p>\n<p>b) 50 % v p\u0159\u00edpad\u011b, \u017ee ZV = 500 000 &#8211; 1 999 999 K\u010d<\/td>\n<td style=\"width: 33.3333%; height: 448px;\"><img loading=\"lazy\" decoding=\"async\" class=\"alignnone size-full wp-image-30493\" src=\"https:\/\/www.apiagentura.gov.cz\/wp-content\/uploads\/2022\/08\/optak-aktivita-1-inovacni-vouchery-660x660-1.png\" alt=\"\" width=\"660\" height=\"660\" srcset=\"https:\/\/apiagentura.gov.cz\/wp-content\/uploads\/2022\/08\/optak-aktivita-1-inovacni-vouchery-660x660-1.png 660w, https:\/\/apiagentura.gov.cz\/wp-content\/uploads\/2022\/08\/optak-aktivita-1-inovacni-vouchery-660x660-1-300x300.png 300w, https:\/\/apiagentura.gov.cz\/wp-content\/uploads\/2022\/08\/optak-aktivita-1-inovacni-vouchery-660x660-1-150x150.png 150w\" sizes=\"auto, (max-width: 660px) 100vw, 660px\" \/><\/td>\n<\/tr>\n<tr style=\"height: 480px;\">\n<td style=\"width: 33.3333%; height: 480px;\"><strong>Jak\u00e9 v\u00fddaje je mo\u017en\u00e9 podpo\u0159it\u00a0<\/strong>(zp\u016fsobil\u00e9 v\u00fddaje):<\/p>\n<ul>\n<li>M\u011b\u0159en\u00ed, diagnostika, testov\u00e1n\u00ed, zkou\u0161ky, rozbory, anal\u00fdzy, ov\u011b\u0159ov\u00e1n\u00ed, certifikace v\u00fdrobku a slu\u017eeb.<\/li>\n<li>Zpracov\u00e1n\u00ed nov\u00fdch syst\u00e9m\u016f, technologick\u00fdch postup\u016f nebo nap\u0159. unik\u00e1tn\u00edch konstruk\u010dn\u00edch \u0159e\u0161en\u00ed.<\/li>\n<li>V\u00fddaje souvisej\u00edc\u00ed s v\u00fdvojem (nap\u0159. SW, HW, materi\u00e1lu, za\u0159\u00edzen\u00ed, prototypu, funk\u010dn\u00edho vzorku) nebo zav\u00e1d\u011bn\u00edm nov\u00e9ho produktu \u010di slu\u017eby.<\/li>\n<li>Tvorba nov\u00fdch metod \u010di proces\u016f.<\/li>\n<\/ul>\n<\/td>\n<td style=\"width: 33.3333%; height: 717px;\" rowspan=\"2\"><strong>Specifika a omezen\u00ed:<\/strong><\/p>\n<ul>\n<li>Projekt mus\u00ed b\u00fdt realizov\u00e1n <strong>na \u00fazem\u00ed \u010cR mimo NUTS II Praha.<\/strong><\/li>\n<li>Dotace je poskytov\u00e1na v re\u017eimu <em>de minimis<\/em>, tj. max. 200 tis. EUR za 3 po sob\u011b jdouc\u00ed \u00fa\u010detn\u00ed obdob\u00ed.<\/li>\n<li>\u017dadatel mus\u00ed m\u00edt uzav\u0159en\u00e1 min. 2 \u00fa\u010detn\u00ed obdob\u00ed.<\/li>\n<\/ul>\n<\/td>\n<\/tr>\n<tr style=\"height: 237px;\">\n<td style=\"width: 66.6666%; height: 237px;\" colspan=\"2\"><img loading=\"lazy\" decoding=\"async\" class=\"alignnone size-full wp-image-32058\" src=\"https:\/\/www.apiagentura.gov.cz\/wp-content\/uploads\/2023\/01\/web-vyzva-optak-iv-ii.png\" alt=\"\" width=\"1072\" height=\"500\" srcset=\"https:\/\/apiagentura.gov.cz\/wp-content\/uploads\/2023\/01\/web-vyzva-optak-iv-ii.png 1072w, https:\/\/apiagentura.gov.cz\/wp-content\/uploads\/2023\/01\/web-vyzva-optak-iv-ii-300x140.png 300w, https:\/\/apiagentura.gov.cz\/wp-content\/uploads\/2023\/01\/web-vyzva-optak-iv-ii-1024x478.png 1024w, https:\/\/apiagentura.gov.cz\/wp-content\/uploads\/2023\/01\/web-vyzva-optak-iv-ii-768x358.png 768w\" sizes=\"auto, (max-width: 1072px) 100vw, 1072px\" \/><\/td>\n<\/tr>\n<\/tbody>\n<\/table>\n<p><\/p>","protected":false},"excerpt":{"rendered":"<p>C\u00edlem V\u00fdzvy je rozvoj komunikace a sd\u00edlen\u00ed poznatk\u016f a know-how mezi podnikovou a v\u00fdzkumnou sf\u00e9rou, kter\u00e9 mohou podnikatelsk\u00e9 subjekty vyu\u017e\u00edt pro zah\u00e1jen\u00ed \u010di zintenzivn\u011bn\u00ed vlastn\u00edch inova\u010dn\u00edch aktivit.<\/p>\n","protected":false},"author":1,"featured_media":0,"parent":30024,"menu_order":0,"comment_status":"closed","ping_status":"closed","template":"","meta":{"inline_featured_image":false,"footnotes":""},"class_list":["post-31979","page","type-page","status-publish","hentry"],"publishpress_future_action":{"enabled":false,"date":"2026-05-02 06:19:13","action":"change-status","newStatus":"draft","terms":[],"taxonomy":"","extraData":[]},"publishpress_future_workflow_manual_trigger":{"enabledWorkflows":[]},"_links":{"self":[{"href":"https:\/\/apiagentura.gov.cz\/cs\/wp-json\/wp\/v2\/pages\/31979","targetHints":{"allow":["GET"]}}],"collection":[{"href":"https:\/\/apiagentura.gov.cz\/cs\/wp-json\/wp\/v2\/pages"}],"about":[{"href":"https:\/\/apiagentura.gov.cz\/cs\/wp-json\/wp\/v2\/types\/page"}],"author":[{"embeddable":true,"href":"https:\/\/apiagentura.gov.cz\/cs\/wp-json\/wp\/v2\/users\/1"}],"replies":[{"embeddable":true,"href":"https:\/\/apiagentura.gov.cz\/cs\/wp-json\/wp\/v2\/comments?post=31979"}],"version-history":[{"count":0,"href":"https:\/\/apiagentura.gov.cz\/cs\/wp-json\/wp\/v2\/pages\/31979\/revisions"}],"up":[{"embeddable":true,"href":"https:\/\/apiagentura.gov.cz\/cs\/wp-json\/wp\/v2\/pages\/30024"}],"wp:attachment":[{"href":"https:\/\/apiagentura.gov.cz\/cs\/wp-json\/wp\/v2\/media?parent=31979"}],"curies":[{"name":"wp","href":"https:\/\/api.w.org\/{rel}","templated":true}]}}