{"id":31983,"date":"2023-01-09T17:34:21","date_gmt":"2023-01-09T16:34:21","guid":{"rendered":"https:\/\/www.apiagentura.gov.cz\/?page_id=31983"},"modified":"2025-04-30T14:56:33","modified_gmt":"2025-04-30T12:56:33","slug":"partnerstvi-znalostniho-transferu-vyzva-i","status":"publish","type":"page","link":"https:\/\/apiagentura.gov.cz\/cs\/podporovane-aktivity-optak\/partnerstvi-znalostniho-transferu-optak\/partnerstvi-znalostniho-transferu-vyzva-i\/","title":{"rendered":"Partnerstv\u00ed znalostn\u00edho transferu &#8211; v\u00fdzva I"},"content":{"rendered":"<p><strong>Upozorn\u011bn\u00ed pro \u017eadatele a p\u0159\u00edjemce:<\/strong><\/p>\n<p><strong>6. 4. 2023:<\/strong> V\u00a0souladu s\u00a0Metodikou osobn\u00edch n\u00e1klad\u016f byla do soubor\u016f V\u00fdzvy vlo\u017eena Povinn\u00e1 p\u0159\u00edloha podnikatelsk\u00e9ho z\u00e1m\u011bru definuj\u00edc\u00ed zam\u011bstnance, jejich\u017e mzda vstupuje do zp\u016fsobil\u00fdch v\u00fddaj\u016f projektu. Upozor\u0148ujeme \u017eadatele na dokl\u00e1d\u00e1n\u00ed p\u0159\u00edlohy ji\u017e v\u00a0r\u00e1mci pod\u00e1n\u00ed \u017e\u00e1dosti o podporu.<\/p>\n<table class=\"call-detail\" style=\"height: 72px; width: 38.0182%;\" width=\"749\">\n<tbody>\n<tr style=\"height: 24px;\">\n<td style=\"width: 33.3333%; height: 48px;\" rowspan=\"2\"><strong>Na co lze z\u00edskat podporu<\/strong>\u00a0(podporovan\u00e9 aktivity):<\/p>\n<ul>\n<li>vytvo\u0159en\u00ed partnerstv\u00ed mezi mal\u00fdm a st\u0159edn\u00edm podnikem a organizac\u00ed pro v\u00fdzkum a \u0161\u00ed\u0159en\u00ed znalost\u00ed\u00a0 za \u00fa\u010delem transferu znalost\u00ed, souvisej\u00edc\u00edch technologi\u00ed a dovednost\u00ed, ke kter\u00fdm podnik nem\u00e1 p\u0159\u00edstup, a to konkr\u00e9tn\u011b:<\/li>\n<\/ul>\n<p><strong>a)<\/strong> zav\u00e1d\u011bn\u00edm pokro\u010dil\u00fdch technologi\u00ed v podniku<\/p>\n<p><strong>b)<\/strong> v\u00fdvojem\/inovacemi nov\u00fdch produkt\u016f a slu\u017eeb nebo inovace procesu p\u0159i v\u00fdvoji a zav\u00e1d\u011bn\u00ed nov\u00fdch produkt\u016f a slu\u017eeb v\u010detn\u011b designu<\/p>\n<p><strong>c)<\/strong> zlep\u0161en\u00edm v\u00fdrobn\u00edch a\/nebo podnikov\u00fdch proces\u016f v\u010detn\u011b procesu produktov\u00e9 certifikace.<\/p>\n<p><strong>Kdo m\u016f\u017ee \u017e\u00e1dat<\/strong>\u00a0(p\u0159\u00edjemci podpory):<\/p>\n<ul>\n<li>mal\u00e9 a st\u0159edn\u00ed podniky (MSP)<\/li>\n<li>znalostn\u00ed organizace<\/li>\n<\/ul>\n<p><strong>Syst\u00e9m sb\u011bru \u017e\u00e1dost\u00ed:<\/strong><\/p>\n<ul>\n<li>kolov\u00fd<\/li>\n<\/ul>\n<\/td>\n<td style=\"width: 33.3333%; height: 24px;\"><strong>Kolik lze z\u00edskat na jeden projekt\u00a0<\/strong>(forma a v\u00fd\u0161e podpory):<\/p>\n<ul>\n<li>Dotace na projekt je poskytov\u00e1na minim\u00e1ln\u011b ve v\u00fd\u0161i <strong>1 mil. K\u010d<\/strong> a maxim\u00e1ln\u011b do v\u00fd\u0161e<strong> 8 mil. K\u010d.<\/strong><\/li>\n<\/ul>\n<p><strong>M\u00edra podpory:<\/strong><\/p>\n<ul>\n<li><strong>MSP<\/strong> <strong>maxim\u00e1ln\u011b<\/strong> <strong>70 %<\/strong> z celkov\u00fdch zp\u016fsobil\u00fdch v\u00fddaj\u016f.<\/li>\n<li><strong>v\u00fdzkumn\u00e9 organizace<\/strong> nezakl\u00e1daj\u00edc\u00ed ve\u0159ejnou podporu <strong>maxim\u00e1ln\u011b<\/strong> <strong>85 %.<\/strong><\/li>\n<\/ul>\n<\/td>\n<td style=\"width: 33.3333%; height: 24px;\"><img loading=\"lazy\" decoding=\"async\" class=\"alignnone size-full wp-image-30034\" src=\"https:\/\/www.apiagentura.gov.cz\/wp-content\/uploads\/2022\/07\/optak-aktivita-1-partnerstvi-znalostniho-transferu-660x660-1.png\" alt=\"\" width=\"660\" height=\"660\" srcset=\"https:\/\/apiagentura.gov.cz\/wp-content\/uploads\/2022\/07\/optak-aktivita-1-partnerstvi-znalostniho-transferu-660x660-1.png 660w, https:\/\/apiagentura.gov.cz\/wp-content\/uploads\/2022\/07\/optak-aktivita-1-partnerstvi-znalostniho-transferu-660x660-1-300x300.png 300w, https:\/\/apiagentura.gov.cz\/wp-content\/uploads\/2022\/07\/optak-aktivita-1-partnerstvi-znalostniho-transferu-660x660-1-150x150.png 150w\" sizes=\"auto, (max-width: 660px) 100vw, 660px\" \/><\/td>\n<\/tr>\n<tr style=\"height: 24px;\">\n<td style=\"width: 33.3333%; height: 24px;\"><strong>Jak\u00e9 v\u00fddaje je mo\u017en\u00e9 podpo\u0159it\u00a0<\/strong>(zp\u016fsobil\u00e9 v\u00fddaje):<\/p>\n<ul>\n<li><strong>MSP:<\/strong> hardware a s\u00edt\u011b, stroje a za\u0159\u00edzen\u00ed, software a data, mzdy a pojistn\u00e9, cestovn\u00e9, materi\u00e1l.<\/li>\n<li><strong>Znalostn\u00ed organizace:<\/strong> mzdy a pojistn\u00e9, cestovn\u00e9, semin\u00e1\u0159e, workshopy, slu\u017eby expert\u016f, p\u0159\u00edstup k informac\u00edm, datab\u00e1z\u00edm.<\/li>\n<\/ul>\n<p>&nbsp;<\/td>\n<td style=\"width: 33.3333%; height: 48px;\" rowspan=\"2\"><strong>Specifika a omezen\u00ed:<\/strong><\/p>\n<ul>\n<li>Projekt mus\u00ed b\u00fdt realizov\u00e1n na <strong>\u00fazem\u00ed \u010cR mimo NUTS 2 Praha.<\/strong><\/li>\n<li>Ka\u017ed\u00fd \u017eadatel <strong>(1 I\u010c<\/strong>) je v t\u00e9to V\u00fdzv\u011b opr\u00e1vn\u011bn p\u0159edlo\u017eit <strong>maxim\u00e1ln\u011b 2 projekty<\/strong>.<\/li>\n<li>Znalostn\u00ed transfer je realizov\u00e1n za \u00fa\u010dasti Asistenta znalostn\u00edho transferu (absolventa magistersk\u00e9ho \u010di doktorsk\u00e9ho studia) p\u0159\u00edmo v provozovn\u011b podniku za dohledu vybran\u00e9ho expertn\u00edho pracovi\u0161t\u011b.<\/li>\n<li>Na pozici Asistenta\/Asistent\u016f mus\u00ed b\u00fdt vyhl\u00e1\u0161eno <strong>v\u00fdb\u011brov\u00e9 \u0159\u00edzen\u00ed.<\/strong><\/li>\n<li>Znalostn\u00ed organizace<span style=\"font-family: inherit; font-size: inherit;\">\u00a0je zodpov\u011bdn\u00e1 za zam\u011bstn\u00e1n\u00ed Asistenta znalostn\u00edho transferu pro \u00fa\u010dely projektu a poskytov\u00e1n\u00ed odborn\u00e9 podpory Asistentovi a podniku p\u0159i realizaci projektu.<\/span><\/li>\n<\/ul>\n<\/td>\n<\/tr>\n<tr style=\"height: 24px;\">\n<td style=\"width: 66.6666%; height: 24px;\" colspan=\"2\"><img loading=\"lazy\" decoding=\"async\" class=\"alignnone size-full wp-image-32060\" src=\"https:\/\/www.apiagentura.gov.cz\/wp-content\/uploads\/2023\/01\/web-vyzva-optak-pzt-i.png\" alt=\"\" width=\"1072\" height=\"500\" srcset=\"https:\/\/apiagentura.gov.cz\/wp-content\/uploads\/2023\/01\/web-vyzva-optak-pzt-i.png 1072w, https:\/\/apiagentura.gov.cz\/wp-content\/uploads\/2023\/01\/web-vyzva-optak-pzt-i-300x140.png 300w, https:\/\/apiagentura.gov.cz\/wp-content\/uploads\/2023\/01\/web-vyzva-optak-pzt-i-1024x478.png 1024w, https:\/\/apiagentura.gov.cz\/wp-content\/uploads\/2023\/01\/web-vyzva-optak-pzt-i-768x358.png 768w\" sizes=\"auto, (max-width: 1072px) 100vw, 1072px\" \/><\/td>\n<\/tr>\n<\/tbody>\n<\/table>\n<p><\/p>","protected":false},"excerpt":{"rendered":"<p>C\u00edlem v\u00fdzvy je pos\u00edlen\u00ed mobility a rozvoj transferu znalost\u00ed mezi podnikovou a akademickou sf\u00e9rou s c\u00edlem podpo\u0159it a urychlit inova\u010dn\u00ed procesy v podnic\u00edch a sbl\u00ed\u017een\u00ed v\u00fdzkumn\u00fdch t\u00e9mat prov\u00e1d\u011bn\u00fdch ve ve\u0159ejn\u00e9m sektoru s pot\u0159ebami podnik\u016f.<\/p>\n","protected":false},"author":1,"featured_media":0,"parent":30033,"menu_order":0,"comment_status":"closed","ping_status":"closed","template":"","meta":{"inline_featured_image":false,"footnotes":""},"class_list":["post-31983","page","type-page","status-publish","hentry"],"publishpress_future_action":{"enabled":false,"date":"2026-05-06 23:37:38","action":"change-status","newStatus":"draft","terms":[],"taxonomy":"","extraData":[]},"publishpress_future_workflow_manual_trigger":{"enabledWorkflows":[]},"_links":{"self":[{"href":"https:\/\/apiagentura.gov.cz\/cs\/wp-json\/wp\/v2\/pages\/31983","targetHints":{"allow":["GET"]}}],"collection":[{"href":"https:\/\/apiagentura.gov.cz\/cs\/wp-json\/wp\/v2\/pages"}],"about":[{"href":"https:\/\/apiagentura.gov.cz\/cs\/wp-json\/wp\/v2\/types\/page"}],"author":[{"embeddable":true,"href":"https:\/\/apiagentura.gov.cz\/cs\/wp-json\/wp\/v2\/users\/1"}],"replies":[{"embeddable":true,"href":"https:\/\/apiagentura.gov.cz\/cs\/wp-json\/wp\/v2\/comments?post=31983"}],"version-history":[{"count":0,"href":"https:\/\/apiagentura.gov.cz\/cs\/wp-json\/wp\/v2\/pages\/31983\/revisions"}],"up":[{"embeddable":true,"href":"https:\/\/apiagentura.gov.cz\/cs\/wp-json\/wp\/v2\/pages\/30033"}],"wp:attachment":[{"href":"https:\/\/apiagentura.gov.cz\/cs\/wp-json\/wp\/v2\/media?parent=31983"}],"curies":[{"name":"wp","href":"https:\/\/api.w.org\/{rel}","templated":true}]}}