{"id":32706,"date":"2023-03-15T15:57:46","date_gmt":"2023-03-15T14:57:46","guid":{"rendered":"https:\/\/www.apiagentura.gov.cz\/?page_id=32706"},"modified":"2024-09-16T16:32:32","modified_gmt":"2024-09-16T14:32:32","slug":"energeticka-infrastruktura-smart-grids-amm-vyzva-i","status":"publish","type":"page","link":"https:\/\/apiagentura.gov.cz\/cs\/podporovane-aktivity-optak\/energeticka-infrastruktura-optak\/energeticka-infrastruktura-smart-grids-amm-vyzva-i\/","title":{"rendered":"Energetick\u00e1 infrastruktura \u2013 Smart Grids \u2013 AMM &#8211; v\u00fdzva I"},"content":{"rendered":"<p><strong>Upozorn\u011bn\u00ed pro \u017eadatele a p\u0159\u00edjemce:<\/strong><\/p>\n<p><strong>18. 10. 2023:<\/strong> <strong>Ministerstvo pr\u016fmyslu a obchodu informovalo o zm\u011bn\u011b textu v\u00fdzvy I Energetick\u00e1 infrastruktura \u2013 Smart Grids \u2013 AMM.<\/strong> V textu V\u00fdzvy do\u0161lo\u00a0<strong>k nav\u00fd\u0161en\u00ed celkov\u00e9 alokace\u00a0<\/strong>na tuto v\u00fdzvu z p\u016fvodn\u00edch 3 mld. K\u010d na <strong>4,1 mld. K\u010d<\/strong>. D\u00e1le do\u0161lo k\u00a0<strong>nav\u00fd\u0161en\u00ed maxim\u00e1ln\u00ed v\u00fd\u0161e dotace<\/strong> ze sou\u010dasn\u00e9 hodnoty 2 mld. K\u010d na <strong>2,5 mld. K\u010d na 1 \u017e\u00e1dost<\/strong>.<\/p>\n<p>D\u016fvodem pro nav\u00fd\u0161en\u00ed v\u00fd\u0161e uveden\u00fdch parametr\u016f v\u00fdzvy je snaha poskytovatele dotace zajistit finan\u010dn\u00ed kryt\u00ed pro v\u0161echny podan\u00e9 \u017e\u00e1dosti a jejich realizaci v pln\u00e9m rozsahu, co\u017e bude m\u00edt v budoucnu z\u00e1sadn\u00ed p\u0159\u00ednos z hlediska zaji\u0161t\u011bn\u00ed dal\u0161\u00edch voln\u00fdch p\u0159ipojovac\u00edch kapacit pro obnoviteln\u00e9 zdroje energie. V\u0161echny v\u00fd\u0161e uveden\u00e9 zm\u011bny jsou formou reviz\u00ed zve\u0159ejn\u011bny v n\u00ed\u017ee uveden\u00fdch dokumentech. <strong>Platnost v\u0161ech upraven\u00fdch podm\u00ednek je stanovena ode dne 7. listopadu 2023<\/strong>. Zm\u011bna nav\u00fd\u0161en\u00ed maxim\u00e1ln\u00ed v\u00fd\u0161e dotace na jednu \u017e\u00e1dost se nevztahuje na \u017e\u00e1dosti o podporu, kter\u00e9 ji\u017e byly \u017eadateli pod\u00e1ny. D\u00e1le se nevztahuje na \u017e\u00e1dosti o podporu, kter\u00e9 budou pod\u00e1ny p\u0159ed nabyt\u00edm platnosti v\u00fd\u0161e uveden\u00e9 zm\u011bny.<\/p>\n<table class=\"call-detail\" style=\"height: 278px; width: 53.8753%;\" width=\"749\">\n<tbody>\n<tr>\n<td style=\"width: 33.3333%;\" rowspan=\"2\"><strong>Na co lze z\u00edskat podporu<\/strong>\u00a0(podporovan\u00e9 aktivity):<\/p>\n<ul>\n<li>Realizace technologie inteligentn\u00edho m\u011b\u0159en\u00ed na hladin\u011b n\u00edzk\u00e9ho nap\u011bt\u00ed.<\/li>\n<li>Po\u0159\u00edzen\u00ed smart metr\u016f s d\u00e1lkov\u00fdm ovl\u00e1d\u00e1n\u00edm vybaven\u00fdch komunika\u010dn\u00ed jednotkou pro specifick\u00fd typ komunikace.<\/li>\n<li>Po\u0159\u00edzen\u00ed SIM mobiln\u00edho oper\u00e1tora, rel\u00e9 box\u016f pro \u0159\u00edzen\u00ed z\u00e1t\u011b\u017ee, implementace ode\u010dtov\u00e9 a datov\u00e9 centr\u00e1ly.<\/li>\n<\/ul>\n<p><strong>Kdo m\u016f\u017ee \u017e\u00e1dat<\/strong>\u00a0(p\u0159\u00edjemci podpory):<\/p>\n<ul>\n<li>velk\u00e9 podniky<\/li>\n<\/ul>\n<p>&#8211; licencovan\u00e9 subjekty podnikaj\u00edc\u00ed v energetick\u00e9m odv\u011btv\u00ed<\/p>\n<p>&#8211; nelicencovan\u00e9 subjekty nepodnikaj\u00edc\u00ed v energetick\u00e9m odv\u011btv\u00ed<\/p>\n<p><strong>Syst\u00e9m sb\u011bru \u017e\u00e1dost\u00ed:<\/strong><\/p>\n<ul>\n<li>pr\u016fb\u011b\u017en\u00fd<\/li>\n<\/ul>\n<\/td>\n<td style=\"width: 33.3333%;\"><strong>Kolik lze z\u00edskat na jeden projekt\u00a0<\/strong>(forma a v\u00fd\u0161e podpory):<\/p>\n<ul>\n<li>dotace na projekt je poskytov\u00e1na minim\u00e1ln\u011b ve v\u00fd\u0161i <strong>100 mil. K\u010d<\/strong>\u00a0a maxim\u00e1ln\u011b do v\u00fd\u0161e <strong>2,5\u00a0 mld. K\u010d.<\/strong><\/li>\n<\/ul>\n<p><strong>M\u00edra podpory:<\/strong><\/p>\n<ul>\n<li><strong>50 %<\/strong> celkov\u00fdch zp\u016fsobil\u00fdch v\u00fddaj\u016f<\/li>\n<\/ul>\n<\/td>\n<td style=\"width: 75.0436%;\"><img loading=\"lazy\" decoding=\"async\" class=\"alignnone wp-image-32751 size-full\" src=\"https:\/\/www.apiagentura.gov.cz\/wp-content\/uploads\/2023\/03\/optak-aktivita-4-energ-infrastruktura-660x660-1.png\" alt=\"\" width=\"660\" height=\"660\" srcset=\"https:\/\/apiagentura.gov.cz\/wp-content\/uploads\/2023\/03\/optak-aktivita-4-energ-infrastruktura-660x660-1.png 660w, https:\/\/apiagentura.gov.cz\/wp-content\/uploads\/2023\/03\/optak-aktivita-4-energ-infrastruktura-660x660-1-300x300.png 300w, https:\/\/apiagentura.gov.cz\/wp-content\/uploads\/2023\/03\/optak-aktivita-4-energ-infrastruktura-660x660-1-150x150.png 150w\" sizes=\"auto, (max-width: 660px) 100vw, 660px\" \/><\/td>\n<\/tr>\n<tr>\n<td style=\"width: 33.3333%;\"><strong>Jak\u00e9 v\u00fddaje je mo\u017en\u00e9 podpo\u0159it\u00a0<\/strong>(zp\u016fsobil\u00e9 v\u00fddaje):<\/p>\n<ul>\n<li><strong>dlouhodob\u00fd hmotn\u00fd a nehmotn\u00fd majetek<\/strong><\/li>\n<li><strong>neinvesti\u010dn\u00ed n\u00e1klady:<\/strong><\/li>\n<\/ul>\n<p>&#8211; projektov\u00e1 dokumentace<\/p>\n<p>&#8211; in\u017een\u00fdrsk\u00e1 \u010dinnost<\/p>\n<p>&#8211; posudek p\u0159\u00ednos\u016f modernizace a v\u00fdstavby distribu\u010dn\u00edch s\u00edt\u00ed<\/p>\n<p>&#8211; posudek pln\u011bn\u00ed environment\u00e1ln\u011b udr\u017eiteln\u00e9 investice a prov\u011b\u0159en\u00ed infrastruktury<\/p>\n<p>&#8211; dal\u0161\u00ed n\u00e1klady souvisej\u00edc\u00ed s realizac\u00ed projektu.<\/p>\n<p>&nbsp;<\/td>\n<td style=\"width: 75.0436%;\" rowspan=\"2\"><strong>Specifika a omezen\u00ed:<\/strong><\/p>\n<ul>\n<li>Projekt mus\u00ed b\u00fdt realizov\u00e1n na \u00fazem\u00ed \u010cR mimo NUTS 2 Praha.<\/li>\n<li>Projekt nebyl zah\u00e1jen p\u0159ed 1. 1. 2021.<\/li>\n<li>Podporov\u00e1ny nejsou projekty, jejich\u017e v\u00fdstupy se p\u0159\u00edmo projev\u00ed v jin\u00e9m odv\u011btv\u00ed ne\u017e Rozvod elekt\u0159iny (35.13).<\/li>\n<li>\u017dadatel je dr\u017eitelem licence na distribuci elekt\u0159iny vydanou Energetick\u00fdm regula\u010dn\u00edm \u00fa\u0159adem v souladu s \u00a7 5 z\u00e1kona \u010d. 458\/2000 Sb., o podm\u00ednk\u00e1ch podnik\u00e1n\u00ed a o v\u00fdkonu st\u00e1tn\u00ed spr\u00e1vy v energetick\u00fdch odv\u011btv\u00edch (energetick\u00fd z\u00e1kon) v distribu\u010dn\u00edm \u00fazem\u00ed, kde bude projekt realizov\u00e1n.<\/li>\n<\/ul>\n<\/td>\n<\/tr>\n<tr>\n<td style=\"width: 66.6666%;\" colspan=\"2\"><img loading=\"lazy\" decoding=\"async\" class=\"alignnone wp-image-32753 size-full\" src=\"https:\/\/www.apiagentura.gov.cz\/wp-content\/uploads\/2023\/03\/web-vyzva-optak-ei-i.png\" alt=\"\" width=\"1072\" height=\"500\" srcset=\"https:\/\/apiagentura.gov.cz\/wp-content\/uploads\/2023\/03\/web-vyzva-optak-ei-i.png 1072w, https:\/\/apiagentura.gov.cz\/wp-content\/uploads\/2023\/03\/web-vyzva-optak-ei-i-300x140.png 300w, https:\/\/apiagentura.gov.cz\/wp-content\/uploads\/2023\/03\/web-vyzva-optak-ei-i-1024x478.png 1024w, https:\/\/apiagentura.gov.cz\/wp-content\/uploads\/2023\/03\/web-vyzva-optak-ei-i-768x358.png 768w\" sizes=\"auto, (max-width: 1072px) 100vw, 1072px\" \/><\/td>\n<\/tr>\n<\/tbody>\n<\/table>\n<p><\/p>","protected":false},"excerpt":{"rendered":"<p>C\u00edlem v\u00fdzvy je rozvoj\/vznik smart grids podporuj\u00edc\u00edch integraci obnoviteln\u00fdch zdroj\u016f energie do distribu\u010dn\u00edch soustav v \u010cR.<\/p>\n","protected":false},"author":1,"featured_media":0,"parent":30072,"menu_order":0,"comment_status":"closed","ping_status":"closed","template":"","meta":{"inline_featured_image":false,"footnotes":""},"class_list":["post-32706","page","type-page","status-publish","hentry"],"publishpress_future_action":{"enabled":false,"date":"2026-05-02 06:27:48","action":"change-status","newStatus":"draft","terms":[],"taxonomy":"","extraData":[]},"publishpress_future_workflow_manual_trigger":{"enabledWorkflows":[]},"_links":{"self":[{"href":"https:\/\/apiagentura.gov.cz\/cs\/wp-json\/wp\/v2\/pages\/32706","targetHints":{"allow":["GET"]}}],"collection":[{"href":"https:\/\/apiagentura.gov.cz\/cs\/wp-json\/wp\/v2\/pages"}],"about":[{"href":"https:\/\/apiagentura.gov.cz\/cs\/wp-json\/wp\/v2\/types\/page"}],"author":[{"embeddable":true,"href":"https:\/\/apiagentura.gov.cz\/cs\/wp-json\/wp\/v2\/users\/1"}],"replies":[{"embeddable":true,"href":"https:\/\/apiagentura.gov.cz\/cs\/wp-json\/wp\/v2\/comments?post=32706"}],"version-history":[{"count":0,"href":"https:\/\/apiagentura.gov.cz\/cs\/wp-json\/wp\/v2\/pages\/32706\/revisions"}],"up":[{"embeddable":true,"href":"https:\/\/apiagentura.gov.cz\/cs\/wp-json\/wp\/v2\/pages\/30072"}],"wp:attachment":[{"href":"https:\/\/apiagentura.gov.cz\/cs\/wp-json\/wp\/v2\/media?parent=32706"}],"curies":[{"name":"wp","href":"https:\/\/api.w.org\/{rel}","templated":true}]}}