{"id":32799,"date":"2023-03-23T12:26:18","date_gmt":"2023-03-23T11:26:18","guid":{"rendered":"https:\/\/www.apiagentura.gov.cz\/?page_id=32799"},"modified":"2024-05-02T09:21:58","modified_gmt":"2024-05-02T07:21:58","slug":"poradenstvi-vyzva-i","status":"publish","type":"page","link":"https:\/\/apiagentura.gov.cz\/cs\/podporovane-aktivity-optak\/poradenstvi-optak\/poradenstvi-vyzva-i\/","title":{"rendered":"Poradenstv\u00ed &#8211; v\u00fdzva I"},"content":{"rendered":"<p><\/p>\n<table class=\"call-detail\" style=\"height: 72px; width: 98.0374%;\" width=\"749\">\n<tbody>\n<tr style=\"height: 24px;\">\n<td style=\"width: 33.3333%; height: 48px;\" rowspan=\"2\"><strong>Na co lze z\u00edskat podporu<\/strong>\u00a0(podporovan\u00e9 aktivity):<\/p>\n<p><strong>N\u00e1kup poradensk\u00fdch slu\u017eeb pro MSP zac\u00edlen\u00fdch na:<\/strong><\/p>\n<ol style=\"list-style-type: upper-alpha;\">\n<li>Z\u00edsk\u00e1n\u00ed nov\u00fdch certifik\u00e1t\u016f pot\u0159ebn\u00fdch pro podnik\u00e1n\u00ed a pr\u016fmysl (certifikace v\u00fdrobk\u016f, proces\u016f, syst\u00e9m\u016f \u0159\u00edzen\u00ed atd.)<\/li>\n<li>Zpracov\u00e1n\u00ed hodnocen\u00ed vodn\u00edho hospod\u00e1\u0159stv\u00ed pr\u016fmyslov\u00fdch podnik\u016f, kter\u00e9 povede k \u00faspo\u0159e vody.<\/li>\n<\/ol>\n<p>&nbsp;<\/p>\n<p><strong>Kdo m\u016f\u017ee \u017e\u00e1dat<\/strong>\u00a0(p\u0159\u00edjemci podpory):<\/p>\n<ul>\n<li>mal\u00e9 a st\u0159edn\u00ed podniky<\/li>\n<\/ul>\n<p><strong>Syst\u00e9m sb\u011bru \u017e\u00e1dost\u00ed:<\/strong><\/p>\n<ul>\n<li>pr\u016fb\u011b\u017en\u00fd<\/li>\n<\/ul>\n<\/td>\n<td style=\"width: 33.3333%; height: 24px;\"><strong>Kolik lze z\u00edskat na jeden projekt\u00a0<\/strong>(forma a v\u00fd\u0161e podpory):<\/p>\n<ul>\n<li>Dotace na projekt je poskytov\u00e1na minim\u00e1ln\u011b ve v\u00fd\u0161i <strong>50 tis. K\u010d<\/strong> a maxim\u00e1ln\u011b do v\u00fd\u0161e<strong> 1 mil. K\u010d<\/strong>.<\/li>\n<\/ul>\n<p><strong>M\u00edra podpory:<\/strong><\/p>\n<ul>\n<li><strong>50 %<\/strong> z prok\u00e1zan\u00fdch celkov\u00fdch zp\u016fsobil\u00fdch v\u00fddaj\u016f<\/li>\n<\/ul>\n<\/td>\n<td style=\"width: 33.3333%; height: 24px;\"><img loading=\"lazy\" decoding=\"async\" class=\"alignnone size-full wp-image-30052\" src=\"https:\/\/www.apiagentura.gov.cz\/wp-content\/uploads\/2022\/07\/optak-aktivita-2-poradenstvi-660x660-1.png\" alt=\"\" width=\"660\" height=\"660\" srcset=\"https:\/\/apiagentura.gov.cz\/wp-content\/uploads\/2022\/07\/optak-aktivita-2-poradenstvi-660x660-1.png 660w, https:\/\/apiagentura.gov.cz\/wp-content\/uploads\/2022\/07\/optak-aktivita-2-poradenstvi-660x660-1-300x300.png 300w, https:\/\/apiagentura.gov.cz\/wp-content\/uploads\/2022\/07\/optak-aktivita-2-poradenstvi-660x660-1-150x150.png 150w\" sizes=\"auto, (max-width: 660px) 100vw, 660px\" \/><\/td>\n<\/tr>\n<tr style=\"height: 24px;\">\n<td style=\"width: 33.3333%; height: 24px;\"><strong>Jak\u00e9 v\u00fddaje je mo\u017en\u00e9 podpo\u0159it\u00a0<\/strong>(zp\u016fsobil\u00e9 v\u00fddaje):<\/p>\n<p><strong>N\u00e1kup extern\u00edch poradensk\u00fdch slu\u017eeb zam\u011b\u0159en\u00fdch na:<\/strong><\/p>\n<ol style=\"list-style-type: upper-alpha;\">\n<li>Z\u00edsk\u00e1n\u00ed nov\u00fdch certifik\u00e1t\u016f pot\u0159ebn\u00fdch pro podnik\u00e1n\u00ed a pr\u016fmysl<\/li>\n<li>Zpracov\u00e1n\u00ed hodnocen\u00ed vodn\u00edho hospod\u00e1\u0159stv\u00ed pr\u016fmyslov\u00fdch podnik\u016f, kter\u00e9 povede k \u00faspo\u0159e vody.<\/li>\n<\/ol>\n<p>&nbsp;<\/td>\n<td style=\"width: 33.3333%; height: 48px;\" rowspan=\"2\"><strong>Specifika a omezen\u00ed:<\/strong><\/p>\n<ul>\n<li>Projekt mus\u00ed b\u00fdt realizov\u00e1n na \u00fazem\u00ed \u010cR mimo NUTS 2 Praha.<\/li>\n<li>V\u00fddaje na n\u00e1kup certifik\u00e1t\u016f nebo v\u00fddaje spojen\u00e9 se z\u00edsk\u00e1n\u00edm zna\u010dky OHV nejsou zp\u016fsobil\u00fdmi v\u00fddaji.<\/li>\n<li>V r\u00e1mci jednoho projektu (jedn\u00e9 p\u0159edlo\u017een\u00e9 \u017e\u00e1dosti) nem\u016f\u017ee \u017eadatel \u017e\u00e1dat o podporu sou\u010dasn\u011b na aktivitu a) i b).<\/li>\n<li>Ka\u017ed\u00fd \u017eadatel (1 I\u010c) je v t\u00e9to v\u00fdzv\u011b opr\u00e1vn\u011bn p\u0159edlo\u017eit max. 3 aktivn\u00ed \u017e\u00e1dosti k aktivit\u011b a) a max. 2 aktivn\u00ed \u017e\u00e1dosti k aktivit\u011b b), celkem tedy maxim\u00e1ln\u011b 5 aktivn\u00edch \u017e\u00e1dost\u00ed.<\/li>\n<li>V p\u0159\u00edpad\u011b, \u017ee \u017eadatel p\u0159edlo\u017e\u00ed v r\u00e1mci aktivity a) v\u00edce ne\u017e 1 \u017e\u00e1dost o podporu, p\u0159edm\u011bt certifikace, na n\u011bj\u017e bude \u010derp\u00e1na poradensk\u00e1 slu\u017eba, nesm\u00ed b\u00fdt v t\u011bchto \u017e\u00e1dostech toto\u017en\u00fd.<\/li>\n<li>V p\u0159\u00edpad\u011b, \u017ee \u017eadatel p\u0159edlo\u017e\u00ed v r\u00e1mci aktivity b) v\u00edce ne\u017e 1 \u017e\u00e1dost o podporu, mus\u00ed se jednat o \u017e\u00e1dosti s odli\u0161n\u00fdm m\u00edstem realizace projektu.<\/li>\n<\/ul>\n<\/td>\n<\/tr>\n<tr style=\"height: 24px;\">\n<td style=\"width: 33.3333%; height: 24px;\" colspan=\"2\"><img loading=\"lazy\" decoding=\"async\" class=\"alignnone wp-image-32835 size-full\" src=\"https:\/\/www.apiagentura.gov.cz\/wp-content\/uploads\/2023\/03\/web-vyzva-optak-spolupr-i.png\" alt=\"\" width=\"1072\" height=\"500\" srcset=\"https:\/\/apiagentura.gov.cz\/wp-content\/uploads\/2023\/03\/web-vyzva-optak-spolupr-i.png 1072w, https:\/\/apiagentura.gov.cz\/wp-content\/uploads\/2023\/03\/web-vyzva-optak-spolupr-i-300x140.png 300w, https:\/\/apiagentura.gov.cz\/wp-content\/uploads\/2023\/03\/web-vyzva-optak-spolupr-i-1024x478.png 1024w, https:\/\/apiagentura.gov.cz\/wp-content\/uploads\/2023\/03\/web-vyzva-optak-spolupr-i-768x358.png 768w\" sizes=\"auto, (max-width: 1072px) 100vw, 1072px\" \/><\/td>\n<\/tr>\n<\/tbody>\n<\/table>\n<p><\/p>","protected":false},"excerpt":{"rendered":"<p>C\u00edlem v\u00fdzvy je podpora n\u00e1kupu poradensk\u00fdch slu\u017eeb pro MSP za \u00fa\u010delem z\u00edsk\u00e1n\u00ed certifik\u00e1t\u016f nebo zpracov\u00e1n\u00ed hodnocen\u00ed vodn\u00edho hospod\u00e1\u0159stv\u00ed.<\/p>\n","protected":false},"author":1,"featured_media":0,"parent":30051,"menu_order":0,"comment_status":"closed","ping_status":"closed","template":"","meta":{"inline_featured_image":false,"footnotes":""},"class_list":["post-32799","page","type-page","status-publish","hentry"],"publishpress_future_action":{"enabled":false,"date":"2026-05-06 13:57:37","action":"change-status","newStatus":"draft","terms":[],"taxonomy":"","extraData":[]},"publishpress_future_workflow_manual_trigger":{"enabledWorkflows":[]},"_links":{"self":[{"href":"https:\/\/apiagentura.gov.cz\/cs\/wp-json\/wp\/v2\/pages\/32799","targetHints":{"allow":["GET"]}}],"collection":[{"href":"https:\/\/apiagentura.gov.cz\/cs\/wp-json\/wp\/v2\/pages"}],"about":[{"href":"https:\/\/apiagentura.gov.cz\/cs\/wp-json\/wp\/v2\/types\/page"}],"author":[{"embeddable":true,"href":"https:\/\/apiagentura.gov.cz\/cs\/wp-json\/wp\/v2\/users\/1"}],"replies":[{"embeddable":true,"href":"https:\/\/apiagentura.gov.cz\/cs\/wp-json\/wp\/v2\/comments?post=32799"}],"version-history":[{"count":0,"href":"https:\/\/apiagentura.gov.cz\/cs\/wp-json\/wp\/v2\/pages\/32799\/revisions"}],"up":[{"embeddable":true,"href":"https:\/\/apiagentura.gov.cz\/cs\/wp-json\/wp\/v2\/pages\/30051"}],"wp:attachment":[{"href":"https:\/\/apiagentura.gov.cz\/cs\/wp-json\/wp\/v2\/media?parent=32799"}],"curies":[{"name":"wp","href":"https:\/\/api.w.org\/{rel}","templated":true}]}}