{"id":3317,"date":"2016-11-28T17:06:22","date_gmt":"2016-11-28T16:06:22","guid":{"rendered":"https:\/\/www.apiagentura.gov.cz\/?page_id=3317"},"modified":"2019-06-21T09:51:02","modified_gmt":"2019-06-21T07:51:02","slug":"uspory-energie-vyzva-ii","status":"publish","type":"page","link":"https:\/\/apiagentura.gov.cz\/cs\/programy-podpory\/uspory-energie\/uspory-energie-vyzva-ii\/","title":{"rendered":"\u00daspory energie &#8211; V\u00fdzva II"},"content":{"rendered":"<p><\/p>\n<h3>Ozn\u00e1men\u00ed pro \u017eadatele<\/h3>\n<p><strong>Vzhledem k mo\u017en\u00e9mu nejednozna\u010dn\u00e9mu v\u00fdkladu textu v\u00fdzev PO 3, konkr\u00e9tn\u011b I. V\u00fdzvy programu N\u00edzkouhl\u00edkov\u00e9 technologie, II. a III. V\u00fdzvy programu \u00daspory energie a II. V\u00fdzvy programu \u00daspory energie v SZT, konkr\u00e9tn\u011b kapitoly 9.2. Ostatn\u00ed podm\u00ednky v\u00fdzvy zve\u0159ejnil \u0158\u00edd\u00edc\u00ed org\u00e1n na sv\u00fdch webov\u00fdch str\u00e1nk\u00e1ch n\u00e1sleduj\u00edc\u00ed ozn\u00e1men\u00ed:<\/strong><\/p>\n<p><strong>P\u016fvodn\u00ed text<\/strong><\/p>\n<p>Do zp\u016fsobil\u00fdch v\u00fddaj\u016f projekt\u016f obsahuj\u00edc\u00edch stavebn\u00ed pr\u00e1ce m\u016f\u017ee \u017eadatel\/p\u0159\u00edjemce za\u0159adit n\u00e1klady na po\u0159\u00edzen\u00ed projektov\u00e9 dokumentace stavby a energetick\u00e9ho posudku, pokud tyto n\u00e1klady vznikly po 1. 1. 2014, ale pouze za podm\u00ednky dodr\u017een\u00ed postupu\/podm\u00ednek z\u00e1kona o ve\u0159ejn\u00fdch zak\u00e1zk\u00e1ch nebo Pravidel pro v\u00fdb\u011br dodavatele OP PIK platn\u00fdch v dan\u00e9m obdob\u00ed p\u0159i v\u00fdb\u011bru dodavatele t\u00e9to projektov\u00e9 dokumentace nebo energetick\u00e9ho posudku. Podpora na \u00fahradu t\u011bchto n\u00e1klad\u016f je poskytov\u00e1na podle Na\u0159\u00edzen\u00ed Komise (EU) \u010d. 1407\/2013.<\/p>\n<p><strong>Nov\u00fd, up\u0159es\u0148uj\u00edc\u00ed text:<\/strong><\/p>\n<p><strong>Zp\u016fsobil\u00e9 v\u00fddaje mus\u00ed b\u00fdt vynalo\u017eeny nejd\u0159\u00edve v den p\u0159ijatelnosti projektu &#8211; tj. den pod\u00e1n\u00ed \u017d\u00e1dosti o podporu. Jedinou v\u00fdjimku tvo\u0159\u00ed n\u00e1klady na projektovou dokumentaci a energetick\u00fd posudek p\u0159i spln\u011bn\u00ed podm\u00ednek n\u00e1sleduj\u00edc\u00edho odstavce.<\/strong><\/p>\n<p>Do zp\u016fsobil\u00fdch v\u00fddaj\u016f projekt\u016f m\u016f\u017ee \u017eadatel\/p\u0159\u00edjemce za\u0159adit n\u00e1klady na po\u0159\u00edzen\u00ed projektov\u00e9 dokumentace a energetick\u00e9ho posudku spl\u0148uj\u00edc\u00ed podm\u00ednky uveden\u00e9 v bod\u011b 9.2 V\u00fdzvy, pokud tyto n\u00e1klady vznikly po 1. 1. 2014, ale pouze za podm\u00ednky dodr\u017een\u00ed postupu\/podm\u00ednek z\u00e1kona o ve\u0159ejn\u00fdch zak\u00e1zk\u00e1ch nebo Pravidel pro v\u00fdb\u011br dodavatele OP PIK platn\u00fdch v dan\u00e9m obdob\u00ed p\u0159i v\u00fdb\u011bru dodavatele t\u00e9to projektov\u00e9 dokumentace. Podpora na \u00fahradu t\u011bchto n\u00e1klad\u016f je poskytov\u00e1na v re\u017eimu de minimis podle Na\u0159\u00edzen\u00ed Komise (EU) \u010d. 1407\/2013 ze dne 18. prosince 2013 o pou\u017eit\u00ed \u010dl\u00e1nk\u016f 107 a 108 Smlouvy o fungov\u00e1n\u00ed EU na podporu de minimis (d\u00e1le t\u00e9\u017e &#8222;de minimis&#8220; nebo &#8222;Na\u0159\u00edzen\u00ed Komise (EU) \u010d. 1407\/2013&#8220;).<\/p>\n<p>\u0158\u00eddic\u00ed org\u00e1n OP PIK up\u0159es\u0148uje informaci, \u017ee v\u00fddaje na vypracov\u00e1n\u00ed energetick\u00e9ho posudku\/studie proveditelnosti jsou zp\u016fsobil\u00fdm v\u00fddajem u v\u0161ech typ\u016f projekt\u016f, nejenom u projekt\u016f obsahuj\u00edc\u00edch stavebn\u00ed pr\u00e1ce, a to za spln\u011bn\u00ed ostatn\u00edch v\u00a0textu uveden\u00fdch podm\u00ednek. V\u00a0n\u00e1sleduj\u00edc\u00edch v\u00fdzv\u00e1ch bylo ji\u017e up\u0159esn\u011bno v\u00a0kapitole 5.1 \u201ePodm\u00ednky zp\u016fsobilosti v\u00fddaj\u016f\u201c.<\/p>\n<p><strong>Aktualizace ke dni 4.12.2018:<\/strong><\/p>\n<p>\u0158\u00edd\u00edc\u00ed org\u00e1n OP PIK d\u00e1le up\u0159es\u0148uje, \u017ee v\u00fddaje na energetick\u00fd posudek a projektovou dokumentaci nejsou zp\u016fsobil\u00e9 v projektech, jejich\u017e v\u00fdstupy se projev\u00ed v oblasti zem\u011bd\u011blstv\u00ed, lesnictv\u00ed, rybolovu a akvakultury (CZ-NACE A 01, A 02, A03). A to vzhledem k tomu, \u017ee podpora de minimis se na dan\u00e1 odv\u011btv\u00ed nevztahuje.<\/p>\n<p>P\u016fvodn\u00ed text ozn\u00e1men\u00ed je dostupn\u00fd na webov\u00fdch str\u00e1nk\u00e1ch <a href=\"https:\/\/www.mpo.cz\/\">Ministerstva pr\u016fmyslu a obchodu<\/a> a to u ka\u017ed\u00e9 v v\u00fd\u0161e zm\u00edn\u011bn\u00fdch v\u00fdzev.<\/p>\n<hr \/>\n<h3>Upozorn\u011bn\u00ed pro \u017eadatele<\/h3>\n<p>\u0158\u00edd\u00edc\u00ed org\u00e1n OP PIK si dovoluje informovat, \u017ee dne 31.8.2017 byla ze strany Evropsk\u00e9 komise definitivn\u011b schv\u00e1lena revize Opera\u010dn\u00edho programu Podnik\u00e1n\u00ed a inovace pro konkurenceschopnost, kter\u00e1 obsahovala i nav\u00fd\u0161en\u00ed pod\u00edlu finan\u010dn\u00ed alokace pro velk\u00e9 podniky (VP). <strong>U programu \u00daspory energie\u00a0to konkr\u00e9tn\u011b znamen\u00e1 nav\u00fd\u0161en\u00ed pod\u00edlu finan\u010dn\u00ed alokace z 20 % na 60 % pro velk\u00e9 podniky. Tato zm\u011bna v \u017e\u00e1dn\u00e9m p\u0159\u00edpad\u011b neznamen\u00e1 omezen\u00ed z\u00edsk\u00e1n\u00ed dotace pro mal\u00e9 a st\u0159edn\u00ed podniky, proto\u017ee dota\u010dn\u00edch prost\u0159edk\u016f je zat\u00edm v programu na energeticky \u00fasporn\u00e9 projekty dostatek. I s ohledem na pot\u0159ebu zohlednit tuto pozitivn\u00ed zm\u011bnu v podob\u011b nav\u00fd\u0161en\u00ed pod\u00edlu pro VP p\u0159istoupilo MPO u V\u00fdzvy II programu \u00daspory energie k ukon\u010den\u00ed p\u0159\u00edjmu \u017d\u00e1dost\u00ed o podporu ke dni 31.10.2017.<\/strong> Sou\u010dasn\u011b MPO zaslalo ke schv\u00e1len\u00ed model hodnocen\u00ed a krit\u00e9ri\u00ed pro hodnocen\u00ed a v\u00fdb\u011br projekt\u016f MV OP PIK formou per rollam tak, aby mohla b\u00fdt <strong>V\u00fdzva III vyhl\u00e1\u0161ena ji\u017e k 1. 11.2017<\/strong> (s nav\u00fd\u0161en\u00fdm pod\u00edlem finan\u010dn\u00ed alokace pro velk\u00e9 podniky), a t\u00edm tak bude zachov\u00e1n kontinu\u00e1ln\u00ed sb\u011br \u017e\u00e1dost\u00ed p\u016fvodn\u00ed V\u00fdzvy a sou\u010dasn\u011b nedojde k naru\u0161en\u00ed stabiln\u00edch dota\u010dn\u00edch podm\u00ednek pro potenci\u00e1ln\u00ed \u017eadatele. Model hodnocen\u00ed a krit\u00e9ria pro hodnocen\u00ed a v\u00fdb\u011br projekt\u016f byl v\u00a0n\u00e1vrhu zaslan\u00e9m na MV OP PIK zachov\u00e1n dle V\u00fdzvy II programu \u00daspory energie. <strong>Pl\u00e1novan\u00fd p\u0159\u00edjem \u017e\u00e1dost\u00ed bude zah\u00e1jen od 1.11. 2017 a ukon\u010den bude ke dni 30.4.2018.<\/strong><\/p>\n<hr \/>\n<h3>Upozorn\u011bn\u00ed pro \u017eadatele<\/h3>\n<p>\u0158\u00eddic\u00ed org\u00e1n Opera\u010dn\u00edho programu Podnik\u00e1n\u00ed a inovace pro konkurenceschopnost (OP PIK) oznamuje, \u017ee k\u00a0term\u00ednu <strong>31. 10. 2017<\/strong> <strong>ukon\u010d\u00ed<\/strong> v souladu s pravidly V\u00fdzvy<strong> p\u0159\u00edjem \u017d\u00e1dost\u00ed o\u00a0podporu ve V\u00fdzv\u011b II programu podpory \u00daspory energie<\/strong>. K\u00a0tomuto kroku \u0158\u00edd\u00edc\u00ed org\u00e1n OP PIK p\u0159istoupil na z\u00e1klad\u011b ustanoven\u00ed V\u00fdzvy, kter\u00e9 umo\u017e\u0148uje \u0158\u00eddic\u00edmu org\u00e1nu OP PIK ukon\u010dit p\u0159\u00edjem \u017d\u00e1dost\u00ed o podporu v\u00a0p\u0159\u00edpad\u011b n\u00edzk\u00e9ho z\u00e1jmu \u017eadatel\u016f ukon\u010dit. V\u00a0sou\u010dasn\u00e9 dob\u011b evidujeme v\u00a0t\u00e9to V\u00fdzv\u011b s\u00a0alokac\u00ed 11 miliard korun p\u0159ijat\u00e9 \u017d\u00e1dosti ve v\u00fd\u0161i cca 1,1 mld. korun po v\u00edce ne\u017e 7 m\u011bs\u00edc\u00edch od zah\u00e1jen\u00ed p\u0159\u00edjmu \u017d\u00e1dost\u00ed.<\/p>\n<p>\u0158\u00eddic\u00ed org\u00e1n tak\u00e9 informuje, \u017ee na monitorovac\u00ed v\u00fdbor, kter\u00fd se bude konat <strong>v listopadu 2017, p\u0159edlo\u017e\u00ed krit\u00e9ria V\u00fdzvy III programu podpory \u00daspory energie.<\/strong> V\u00fdzva III tohoto programu bude obsahovat stejn\u00e9, p\u0159\u00edpadn\u011b pro \u017eadatele p\u0159\u00edzniv\u011bj\u0161\u00ed parametry a bude tak\u00e9 obsahovat nav\u00fd\u0161en\u00ed pod\u00edlu na alokaci pro velk\u00e9 podniky z\u00a020 na 60 %. P\u0159\u00edjem \u017d\u00e1dost\u00ed do t\u00e9to V\u00fdzvy, v\u00a0p\u0159\u00edpad\u011b, \u017ee budou krit\u00e9ria V\u00fdzvy schv\u00e1lena monitorovac\u00edm v\u00fdborem, bude zah\u00e1jen do konce listopadu 2017.<\/p>\n<hr \/>\n<h3 style=\"text-align: left;\">Z\u00e1kladn\u00ed charakteristiky:<\/h3>\n<p style=\"text-align: left;\"><strong>Kdo m\u016f\u017ee \u017e\u00e1dat\u00a0(p\u0159\u00edjemci podpory):<\/strong><\/p>\n<ul>\n<li style=\"text-align: left;\">mal\u00e9, st\u0159edn\u00ed podniky a velk\u00e9 podniky; typy podporovan\u00fdch pr\u00e1vn\u00edch forem jsou stanoveny textem V\u00fdzvy<\/li>\n<\/ul>\n<p style=\"text-align: left;\"><strong>Kolik lze z\u00edskat na jeden projekt\u00a0(forma a v\u00fd\u0161e podpory):<\/strong><\/p>\n<ul>\n<li style=\"text-align: left;\">dotace na projekt je poskytov\u00e1na minim\u00e1ln\u011b ve v\u00fd\u0161i 500 tis. K\u010d a maxim\u00e1ln\u011b do v\u00fd\u0161e 250 mil. K\u010d<\/li>\n<li style=\"text-align: left;\">maxim\u00e1ln\u00ed absolutn\u00ed v\u00fd\u0161e dotace na Energetick\u00fd posudek \u010din\u00ed 350 tis. K\u010d<\/li>\n<li style=\"text-align: left;\">M\u00edra podpory u projektu:<br \/>\na) je-li p\u0159\u00edjemcem dotace mal\u00fd podnik, je podpora poskytov\u00e1na a\u017e do v\u00fd\u0161e 50 % ZV<br \/>\nb) je-li p\u0159\u00edjemcem dotace st\u0159edn\u00ed podnik, je podpora poskytov\u00e1na a\u017e do v\u00fd\u0161e 40 % ZV<br \/>\nc) je-li p\u0159\u00edjemcem dotace velk\u00fd podnik, je podpora poskytov\u00e1na a\u017e do v\u00fd\u0161e 30 % ZV<\/li>\n<li style=\"text-align: left;\">M\u00edra podpory na n\u00e1klady na energetick\u00fd posudek a projektovou dokumentaci:<br \/>\na) je-li p\u0159\u00edjemcem dotace mal\u00fd podnik, je podpora poskytov\u00e1na a\u017e do v\u00fd\u0161e 50 % ZV<br \/>\nb) je-li p\u0159\u00edjemcem dotace st\u0159edn\u00ed podnik, je podpora poskytov\u00e1na a\u017e do v\u00fd\u0161e 40 % ZV<br \/>\nc) je-li p\u0159\u00edjemcem dotace velk\u00fd podnik, je podpora poskytov\u00e1na a\u017e do v\u00fd\u0161e 30 % ZV<\/li>\n<\/ul>\n<p style=\"text-align: left;\"><strong>Na co lze z\u00edskat podporu (podporovan\u00e9 aktivity):<\/strong><\/p>\n<ul>\n<li style=\"text-align: left;\">Modernizace a rekonstrukce rozvod\u016f elekt\u0159iny, plynu a tepla v budov\u00e1ch a v energetick\u00fdch hospod\u00e1\u0159stv\u00edch v\u00fdrobn\u00edch z\u00e1vod\u016f za \u00fa\u010delem zv\u00fd\u0161en\u00ed \u00fa\u010dinnosti<\/li>\n<li style=\"text-align: left;\">zav\u00e1d\u011bn\u00ed a modernizace syst\u00e9m\u016f m\u011b\u0159en\u00ed a regulace nap\u0159. opat\u0159en\u00ed hardware a s\u00edt\u011b v\u010detn\u011b p\u0159\u00edslu\u0161n\u00e9ho softwaru souvisej\u00edc\u00ed se zaveden\u00edm syst\u00e9mu managementu hospoda\u0159en\u00ed s energi\u00ed podle \u010cSN EN ISO 50001<\/li>\n<li style=\"text-align: left;\">modernizace, rekonstrukce st\u00e1vaj\u00edc\u00edch za\u0159\u00edzen\u00ed na v\u00fdrobu energie pro vlastn\u00ed spot\u0159ebu vedouc\u00ed ke zv\u00fd\u0161en\u00ed jej\u00ed \u00fa\u010dinnosti<\/li>\n<li style=\"text-align: left;\">modernizace soustav osv\u011btlen\u00ed budov a pr\u016fmyslov\u00fdch are\u00e1l\u016f (pouze v p\u0159\u00edpad\u011b n\u00e1hrady zastaral\u00fdch technologi\u00ed za nov\u00e9 efektivn\u00ed osv\u011btlovac\u00ed syst\u00e9my, nap\u0159. sv\u011bteln\u00fdch diod &#8211; LED)<\/li>\n<li style=\"text-align: left;\">realizace opat\u0159en\u00ed ke sni\u017eov\u00e1n\u00ed energetick\u00e9 n\u00e1ro\u010dnosti budov v podnikatelsk\u00e9m sektoru (zateplen\u00ed obvodov\u00e9ho pl\u00e1\u0161t\u011b, v\u00fdm\u011bna a renovace otvorov\u00fdch v\u00fdpln\u00ed, dal\u0161\u00ed stavebn\u00ed opat\u0159en\u00ed maj\u00edc\u00ed prokazateln\u011b vliv na energetickou n\u00e1ro\u010dnost budovy, instalace vzduchotechniky s rekuperac\u00ed odpadn\u00edho tepla)<\/li>\n<li style=\"text-align: left;\">vyu\u017eit\u00ed odpadn\u00ed energie ve v\u00fdrobn\u00edch procesech<\/li>\n<li style=\"text-align: left;\">sni\u017eov\u00e1n\u00ed energetick\u00e9 n\u00e1ro\u010dnosti\/zvy\u0161ov\u00e1n\u00ed energetick\u00e9 \u00fa\u010dinnosti v\u00fdrobn\u00edch a technologick\u00fdch proces\u016f, mimo opat\u0159en\u00ed na zdroj\u00edch na v\u00fdrobu energie pro distribuci, nikoliv vlastn\u00ed spot\u0159ebu vedouc\u00ed ke zv\u00fd\u0161en\u00ed jej\u00ed \u00fa\u010dinnosti<\/li>\n<li style=\"text-align: left;\">instalace OZE pro vlastn\u00ed spot\u0159ebu podniku (vyu\u017eit\u00ed biomasy, sol\u00e1rn\u00ed syst\u00e9my, tepeln\u00e1 \u010derpadla a fotovoltaick\u00e9 syst\u00e9my)<\/li>\n<li style=\"text-align: left;\">instalace kogenera\u010dn\u00ed jednotky s vyu\u017eit\u00edm elektrick\u00e9 a tepeln\u00e9 energie, nebo chladu pro vlastn\u00ed spot\u0159ebu podniku s ohledem na jeho provozn\u00ed podm\u00ednky<\/li>\n<\/ul>\n<p style=\"text-align: left;\"><strong>Jak\u00e9 v\u00fddaje je mo\u017en\u00e9 podpo\u0159it\u00a0(zp\u016fsobil\u00e9 v\u00fddaje):<\/strong><\/p>\n<ul>\n<li style=\"text-align: left;\">dlouhodob\u00fd hmotn\u00fd majetek<\/li>\n<li style=\"text-align: left;\">dlouhodob\u00fd nehmotn\u00fd majetek (pokud je nezbytn\u00fd k \u0159\u00e1dn\u00e9mu provozov\u00e1n\u00ed dlouhodob\u00e9ho<br \/>\nhmotn\u00e9ho majetku)<\/li>\n<li style=\"text-align: left;\">energetick\u00fd posudek<\/li>\n<\/ul>\n<p style=\"text-align: left;\"><strong>Specifika a omezen\u00ed:<\/strong><\/p>\n<ul>\n<li style=\"text-align: left;\">projekt mus\u00ed b\u00fdt realizov\u00e1n na \u00fazem\u00ed \u010cR mimo hlavn\u00edho m\u011bsta Prahy; \u017dadatel mus\u00ed jednozna\u010dn\u011b prok\u00e1zat vlastnick\u00e1 nebo jin\u00e1 pr\u00e1va k nemovitostem a pozemk\u016fm, kde bude projekt realizov\u00e1n<\/li>\n<li style=\"text-align: left;\">v r\u00e1mci t\u00e9to v\u00fdzvy lze na jeden ekonomick\u00fd subjekt (jedno I\u010c) podat maxim\u00e1ln\u011b 15 \u017e\u00e1dost\u00ed o dotaci<\/li>\n<\/ul>\n<p style=\"text-align: left;\"><strong>Syst\u00e9m sb\u011bru \u017e\u00e1dost\u00ed:<\/strong><\/p>\n<ul>\n<li style=\"text-align: left;\">kontinu\u00e1ln\u00ed<\/li>\n<\/ul>\n<p><\/p>","protected":false},"excerpt":{"rendered":"<p>Chcete sn\u00ed\u017eit energetickou n\u00e1ro\u010dnost Va\u0161eho podniku? Chcete obm\u011bnit star\u00e9 technologie na v\u00fdrobu energie za nov\u00e9? Pl\u00e1nujete vyu\u017e\u00edvat odpadn\u00ed energie ve v\u00fdrobn\u00edch procesech nebo zav\u00e9st \u010di modernizovat syst\u00e9m m\u011b\u0159en\u00ed a regulace? Uva\u017eujete o modernizaci \u010di rekonstrukci rozvod\u016f elekt\u0159iny, plynu a tepla v budov\u00e1ch a v energetick\u00fdch hospod\u00e1\u0159stv\u00edch pr\u016fmyslov\u00fdch are\u00e1lech? Potom je pr\u00e1v\u011b pro V\u00e1s ur\u010den program \u00daspory energie.<\/p>\n","protected":false},"author":35,"featured_media":0,"parent":138,"menu_order":0,"comment_status":"closed","ping_status":"closed","template":"","meta":{"inline_featured_image":false,"footnotes":""},"class_list":["post-3317","page","type-page","status-publish","hentry"],"publishpress_future_action":{"enabled":false,"date":"2026-05-06 21:28:20","action":"change-status","newStatus":"draft","terms":[],"taxonomy":"","extraData":[]},"publishpress_future_workflow_manual_trigger":{"enabledWorkflows":[]},"_links":{"self":[{"href":"https:\/\/apiagentura.gov.cz\/cs\/wp-json\/wp\/v2\/pages\/3317","targetHints":{"allow":["GET"]}}],"collection":[{"href":"https:\/\/apiagentura.gov.cz\/cs\/wp-json\/wp\/v2\/pages"}],"about":[{"href":"https:\/\/apiagentura.gov.cz\/cs\/wp-json\/wp\/v2\/types\/page"}],"author":[{"embeddable":true,"href":"https:\/\/apiagentura.gov.cz\/cs\/wp-json\/wp\/v2\/users\/35"}],"replies":[{"embeddable":true,"href":"https:\/\/apiagentura.gov.cz\/cs\/wp-json\/wp\/v2\/comments?post=3317"}],"version-history":[{"count":0,"href":"https:\/\/apiagentura.gov.cz\/cs\/wp-json\/wp\/v2\/pages\/3317\/revisions"}],"up":[{"embeddable":true,"href":"https:\/\/apiagentura.gov.cz\/cs\/wp-json\/wp\/v2\/pages\/138"}],"wp:attachment":[{"href":"https:\/\/apiagentura.gov.cz\/cs\/wp-json\/wp\/v2\/media?parent=3317"}],"curies":[{"name":"wp","href":"https:\/\/api.w.org\/{rel}","templated":true}]}}