{"id":34305,"date":"2023-08-03T08:57:56","date_gmt":"2023-08-03T06:57:56","guid":{"rendered":"https:\/\/www.apiagentura.gov.cz\/?page_id=34305"},"modified":"2026-03-05T11:58:54","modified_gmt":"2026-03-05T10:58:54","slug":"aplikace-specialni-vyzva","status":"publish","type":"page","link":"https:\/\/apiagentura.gov.cz\/cs\/podporovane-aktivity-optak\/aplikace-optak\/aplikace-specialni-vyzva\/","title":{"rendered":"Aplikace &#8211; Speci\u00e1ln\u00ed v\u00fdzva"},"content":{"rendered":"<p><strong>Upozorn\u011bn\u00ed pro \u017eadatele a p\u0159\u00edjemce:<\/strong><\/p>\n<p><strong>5. 3. 2026:<\/strong> MPO zve\u0159ejnilo podklady k povinnosti p\u0159\u00edjemc\u016f zpracovat informace o v\u00fdstupech projektu v Rejst\u0159\u00edku informac\u00ed o v\u00fdsledc\u00edch (sou\u010d\u00e1st Informa\u010dn\u00edho syst\u00e9mu v\u00fdzkumu, v\u00fdvoje a inovac\u00ed (IS VaVaI), kter\u00fd shroma\u017e\u010fuje informace o v\u00fdzkumu, v\u00fdvoji a inovac\u00edch).<\/p>\n<p><strong>22. 7. 2025:<\/strong>Ministerstvo pr\u016fmyslu a obchodu informovalo\u00a0 o <strong>aktualizaci p\u0159\u00edlohy \u010d.\u00a02 Pravidla pro\u00a0\u017eadatele a\u00a0p\u0159\u00edjemce v\u00a0OP TAK zvl\u00e1\u0161tn\u00ed \u010d\u00e1st\u00a0\u2013 <\/strong>p\u0159ehled zm\u011bn je uveden v\u00a0tabulce dokumentu \u201eP\u0159ehled proveden\u00fdch zm\u011bn\u201c. Do\u0161lo\u00a0zejm\u00e9na k\u00a0<strong>aktualizaci kapitoly \u010d.\u00a06 (Oponentn\u00ed \u0159\u00edzen\u00ed), <\/strong>jej\u00edm\u017e c\u00edlem je v\u00fdrazn\u00e9 administrativn\u00ed uleh\u010den\u00ed a\u00a0zrychlen\u00ed procesu oponentn\u00edho \u0159\u00edzen\u00ed.\u00a0<strong>P\u0159\u00edjemci maj\u00ed mo\u017enost si po\u017e\u00e1dat o\u00a0aktualizaci Pp\u017dP skrze \u017e\u00e1dosti o\u00a0zm\u011bnu v\u00a0ISKP21+.<\/strong><\/p>\n<p><span data-olk-copy-source=\"MessageBody\"><strong>10. 7. 2025:<\/strong> \u0158\u00edd\u00edc\u00ed org\u00e1n OP TAK vydal nov\u00fd informa\u010dn\u00ed dokumentu pro p\u0159\u00edjemce dotace s n\u00e1zvem <strong>P\u0159ehled nej\u010dast\u011bj\u0161\u00edch \u017e\u00e1dost\u00ed o zm\u011bnu v aktivit\u011b Aplikace<\/strong>. Pros\u00edme p\u0159\u00edjemce o vyu\u017e\u00edv\u00e1n\u00ed a aplikov\u00e1n\u00ed dokumentu pro uleh\u010den\u00ed cel\u00e9ho procesu administrace \u017e\u00e1dosti o zm\u011bnu.<\/span><\/p>\n<p><strong>5. 3. 2025:<\/strong> Upozor\u0148ujeme p\u0159\u00edjemce, \u017ee pro V\u00fdzvu Aplikace \u2013 Speci\u00e1ln\u00ed v\u00fdzva plat\u00ed P\u0159\u00edloha \u010d. <strong>4<\/strong> Pravidel pro \u017eadatele a p\u0159\u00edjemce \u2013 obecn\u00e1 \u010d\u00e1st \u2013 Mzdov\u00e1 tabulka pro OP TAK \u2013 Aplikace \u2013 s \u00fa\u010dinnost\u00ed od 1. 11. 2024 zve\u0159ejn\u011bnou <a href=\"https:\/\/apiagentura.gov.cz\/cs\/metodika-op-tak\/\">zde<\/a> (s limitem 9. decil).<\/p>\n<p><strong>29. 1. 2024:<\/strong> Ministerstvo pr\u016fmyslu a obchodu informovalo o aktualizaci <strong>p\u0159\u00edlohy \u010d. 6 &#8211; Povinn\u00e1 osnova Podnikatelsk\u00e9ho z\u00e1m\u011bru.\u00a0<\/strong>Zm\u011bny prob\u011bhly: 1)\u00a0<strong>kap. 4.4.1<\/strong>.: oprava z\u0159ejm\u00e9 chyby v\u00a0psan\u00ed v\u00a0tabulce (zd\u016fvodn\u011bn\u00ed % PV, ne % EV) a 2)\u00a0<strong>kap. 5.1<\/strong>.: k\u00a0bodu a) dopln\u011bna povinnost \u017eadatele v p\u0159\u00edpad\u011b v\u00fdznamn\u00e9ho dopadu na \u017eivotn\u00ed prost\u0159ed\u00ed se zam\u011b\u0159en\u00edm na n\u00edzkouhl\u00edkov\u00e9 hospod\u00e1\u0159stv\u00ed a na odolnost v\u016f\u010di zm\u011bn\u011b klimatu uv\u00e9st, \u017ee projekt n\u00e1le\u017e\u00ed ke k\u00f3du intervence 029; a k\u00a0bodu b) dopln\u011bna mo\u017enost vy\u010d\u00edslen\u00ed dopadu na \u017eivotn\u00ed prost\u0159ed\u00ed podrobn\u00fdm popisem zm\u011bn hierarchie nakl\u00e1d\u00e1n\u00ed s\u00a0odpady spolu s\u00a0povinnost\u00ed \u017eadatele v p\u0159\u00edpad\u011b v\u00fdznamn\u00e9ho dopadu na \u017eivotn\u00ed prost\u0159ed\u00ed se zam\u011b\u0159en\u00edm na cirkul\u00e1rn\u00ed ekonomiku uv\u00e9st, \u017ee projekt n\u00e1le\u017e\u00ed ke k\u00f3du intervence 030.<\/p>\n<p>D\u016fvodem zm\u011bny je nutnost specifikace k\u00f3du intervence \u017eadatelem.<\/p>\n<p>\u017dadatel\u00e9 budou vyzv\u00e1ni k\u00a0dopln\u011bn\u00ed \u017e\u00e1dosti o podporu v\u00a0pr\u016fb\u011bhu kontroly podm\u00ednek p\u0159ijatelnosti a form\u00e1ln\u00edch n\u00e1le\u017eitost\u00ed<\/p>\n<p><strong>19. 10. 2023:\u00a0 <\/strong>Ministerstvo pr\u016fmyslu a obchodu informovalo o zm\u011bn\u011b harmonogramu Aplikace \u2013 Speci\u00e1ln\u00ed v\u00fdzva a <strong>prodlou\u017een\u00ed doby p\u0159\u00edjmu \u017e\u00e1dost\u00ed o podporu<\/strong>, a to z p\u016fvodn\u00edho term\u00ednu 31. 10. 2023; 10:00:00 do <strong>31. 1. 2024; 10:00:00<\/strong>.<\/p>\n<table class=\"call-detail\" style=\"height: 72px; width: 37.9025%;\" width=\"749\">\n<tbody>\n<tr style=\"height: 24px;\">\n<td style=\"width: 33.3333%; height: 48px;\" rowspan=\"2\"><strong>Na co lze z\u00edskat podporu<\/strong> (podporovan\u00e9 aktivity):<\/p>\n<ul>\n<li>Realizace pr\u016fmyslov\u00e9ho v\u00fdzkumu a experiment\u00e1ln\u00edho v\u00fdvoje.<\/li>\n<\/ul>\n<p><strong>Syst\u00e9m sb\u011bru \u017e\u00e1dost\u00ed:<\/strong><\/p>\n<ul>\n<li>pr\u016fb\u011b\u017en\u00fd<\/li>\n<\/ul>\n<p><strong>Kdo m\u016f\u017ee \u017e\u00e1dat<\/strong>\u00a0(p\u0159\u00edjemci podpory):<\/p>\n<ul>\n<li>mal\u00e9 a st\u0159edn\u00ed podniky<\/li>\n<li>velk\u00e9 podniky<\/li>\n<\/ul>\n<p>&nbsp;<\/p>\n<ul>\n<li>V\u00fdzva je ur\u010den\u00e1 <strong>pouze pro projekty<\/strong>, kter\u00fdm bylo v r\u00e1mci <strong>OP PIK Aplikace \u2013 V\u00fdzva <a href=\"https:\/\/www.apiagentura.gov.cz\/cs\/programy-podpory\/aplikace\/aplikace-vyzva-viii\/\">VIII.<\/a><\/strong> a <a href=\"https:\/\/www.apiagentura.gov.cz\/cs\/programy-podpory\/aplikace\/aplikace-vyzva-ix\/\"><strong>IX.<\/strong><\/a> umo\u017en\u011bno tzv. \u201e<strong>f\u00e1zov\u00e1n\u00ed<\/strong>\u201c.<\/li>\n<li>Podpo\u0159en\u00fd m\u016f\u017ee b\u00fdt pouze projet, kter\u00fd <strong>ukon\u010dil I. f\u00e1zi projektu v r\u00e1mci OP PIK<\/strong> oponentn\u00edm \u0159\u00edzen\u00edm se <strong>zn\u00e1mkou:<\/strong><\/li>\n<\/ul>\n<p><strong>V &#8211;<\/strong> <em>vynikaj\u00edc\u00ed v\u00fdsledky mezin\u00e1rodn\u00edho v\u00fdznamu.<\/em><\/p>\n<p>NEBO<\/p>\n<p><strong>U <\/strong>&#8211;<em> usp\u011bl dle zad\u00e1n\u00ed, c\u00edle projektu byly spln\u011bny.<\/em><\/td>\n<td style=\"width: 33.3333%; height: 24px;\"><strong>M\u00edra a v\u00fd\u0161e dotace:<\/strong><\/p>\n<ul>\n<li>Dotace na II. f\u00e1zi projektu realizovan\u00e9ho v\u00a0OP TAK je poskytov\u00e1na <strong>minim\u00e1ln\u011b<\/strong> ve v\u00fd\u0161i <strong>50 %<\/strong> a <strong>maxim\u00e1ln\u011b<\/strong> ve v\u00fd\u0161i <strong>120 %<\/strong> dotace po\u017eadovan\u00e9 na \u0159e\u0161en\u00ed II. f\u00e1ze projektu podan\u00e9 do OP PIK.<\/li>\n<\/ul>\n<p>Podrobn\u011bj\u0161\u00ed informace a konkr\u00e9tn\u00ed m\u00edry podpory viz V\u00fdzva bod 9.1.<\/td>\n<td style=\"width: 33.3333%; height: 24px;\"><img loading=\"lazy\" decoding=\"async\" class=\"alignnone size-full wp-image-30399\" src=\"https:\/\/www.apiagentura.gov.cz\/wp-content\/uploads\/2022\/08\/optak-aktivita-1-aplikace-660x660-1.png\" alt=\"\" width=\"660\" height=\"660\" srcset=\"https:\/\/apiagentura.gov.cz\/wp-content\/uploads\/2022\/08\/optak-aktivita-1-aplikace-660x660-1.png 660w, https:\/\/apiagentura.gov.cz\/wp-content\/uploads\/2022\/08\/optak-aktivita-1-aplikace-660x660-1-300x300.png 300w, https:\/\/apiagentura.gov.cz\/wp-content\/uploads\/2022\/08\/optak-aktivita-1-aplikace-660x660-1-150x150.png 150w\" sizes=\"auto, (max-width: 660px) 100vw, 660px\" \/><\/td>\n<\/tr>\n<tr style=\"height: 24px;\">\n<td style=\"width: 33.3333%; height: 24px;\"><strong>Jak\u00e9 v\u00fddaje je mo\u017en\u00e9 podpo\u0159it\u00a0<\/strong>(zp\u016fsobil\u00e9 v\u00fddaje):<\/p>\n<ul>\n<li>n\u00e1klady na smluvn\u00ed v\u00fdzkum a poradensk\u00e9 slu\u017eby VaV<\/li>\n<li>osobn\u00ed n\u00e1klady<\/li>\n<li>n\u00e1klady na n\u00e1stroje, p\u0159\u00edstroje a vybaven\u00ed po\u0159\u00edzen\u00fdch od t\u0159et\u00edch stran v podob\u011b odpis\u016f dlouhodob\u00e9ho hmotn\u00e9ho movit\u00e9ho majetku<\/li>\n<li>n\u00e1klady na materi\u00e1l a komponenty<\/li>\n<li>ostatn\u00ed provozn\u00ed n\u00e1klady<\/li>\n<li>pau\u0161\u00e1ln\u00ed n\u00e1klady (dodate\u010dn\u00e9 re\u017eijn\u00ed n\u00e1klady)<\/li>\n<\/ul>\n<\/td>\n<td style=\"width: 33.3333%; height: 48px;\" rowspan=\"2\"><strong>Specifika a omezen\u00ed:<\/strong><\/p>\n<ul>\n<li>Projekt mus\u00ed b\u00fdt realizov\u00e1n na \u00fazem\u00ed \u010cR mimo NUTS 2 Praha.<\/li>\n<li>V\u00fdstupem projektu bude: <strong>poloprovoz, ov\u011b\u0159en\u00e1 technologie, u\u017eitn\u00fd vzor, pr\u016fmyslov\u00fd vzor, prototyp, funk\u010dn\u00ed vzorek <\/strong>nebo <strong>software <\/strong><\/li>\n<li>V\u00fdstup projektu <strong>koresponduje s deklarovan\u00fdm v\u00fdstupem II. f\u00e1ze podnikatelsk\u00e9ho z\u00e1m\u011bru v OP PIK<\/strong>.<\/li>\n<li>II. f\u00e1ze projektu nebyla zah\u00e1jena p\u0159ed datem registrace \u017e\u00e1dosti o podporu .<\/li>\n<li>Nejzaz\u0161\u00ed datum pro ukon\u010den\u00ed fyzick\u00e9 realizace projektu je 30. \u010dervna 2026.<\/li>\n<\/ul>\n<\/td>\n<\/tr>\n<tr style=\"height: 24px;\">\n<td style=\"width: 66.6666%; height: 24px;\" colspan=\"2\"><img loading=\"lazy\" decoding=\"async\" class=\"alignnone wp-image-34477 size-full\" src=\"https:\/\/www.apiagentura.gov.cz\/wp-content\/uploads\/2023\/08\/web-vyzva-optak-apl-special.png\" alt=\"\" width=\"1072\" height=\"500\" srcset=\"https:\/\/apiagentura.gov.cz\/wp-content\/uploads\/2023\/08\/web-vyzva-optak-apl-special.png 1072w, https:\/\/apiagentura.gov.cz\/wp-content\/uploads\/2023\/08\/web-vyzva-optak-apl-special-300x140.png 300w, https:\/\/apiagentura.gov.cz\/wp-content\/uploads\/2023\/08\/web-vyzva-optak-apl-special-1024x478.png 1024w, https:\/\/apiagentura.gov.cz\/wp-content\/uploads\/2023\/08\/web-vyzva-optak-apl-special-768x358.png 768w\" sizes=\"auto, (max-width: 1072px) 100vw, 1072px\" \/><\/td>\n<\/tr>\n<\/tbody>\n<\/table>\n<p><\/p>","protected":false},"excerpt":{"rendered":"<p>C\u00edlem v\u00fdzvy je z\u00edsk\u00e1v\u00e1n\u00ed nov\u00fdch znalost\u00ed pot\u0159ebn\u00fdch pro v\u00fdvoj nov\u00fdch produkt\u016f, materi\u00e1l\u016f, technologi\u00ed a slu\u017eeb prost\u0159ednictv\u00edm realizace pr\u016fmyslov\u00e9ho v\u00fdzkumu a experiment\u00e1ln\u00edho v\u00fdvoje. V\u00fdzva je ur\u010den\u00e1 pro navazuj\u00edc\u00ed projekty z OP PIK, kter\u00fdm bylo umo\u017en\u011bno tzv. f\u00e1zov\u00e1n\u00ed.<\/p>\n","protected":false},"author":1,"featured_media":0,"parent":30015,"menu_order":0,"comment_status":"closed","ping_status":"closed","template":"","meta":{"inline_featured_image":false,"footnotes":""},"class_list":["post-34305","page","type-page","status-publish","hentry"],"publishpress_future_action":{"enabled":false,"date":"2026-05-02 07:23:06","action":"change-status","newStatus":"draft","terms":[],"taxonomy":"","extraData":[]},"publishpress_future_workflow_manual_trigger":{"enabledWorkflows":[]},"_links":{"self":[{"href":"https:\/\/apiagentura.gov.cz\/cs\/wp-json\/wp\/v2\/pages\/34305","targetHints":{"allow":["GET"]}}],"collection":[{"href":"https:\/\/apiagentura.gov.cz\/cs\/wp-json\/wp\/v2\/pages"}],"about":[{"href":"https:\/\/apiagentura.gov.cz\/cs\/wp-json\/wp\/v2\/types\/page"}],"author":[{"embeddable":true,"href":"https:\/\/apiagentura.gov.cz\/cs\/wp-json\/wp\/v2\/users\/1"}],"replies":[{"embeddable":true,"href":"https:\/\/apiagentura.gov.cz\/cs\/wp-json\/wp\/v2\/comments?post=34305"}],"version-history":[{"count":2,"href":"https:\/\/apiagentura.gov.cz\/cs\/wp-json\/wp\/v2\/pages\/34305\/revisions"}],"predecessor-version":[{"id":45570,"href":"https:\/\/apiagentura.gov.cz\/cs\/wp-json\/wp\/v2\/pages\/34305\/revisions\/45570"}],"up":[{"embeddable":true,"href":"https:\/\/apiagentura.gov.cz\/cs\/wp-json\/wp\/v2\/pages\/30015"}],"wp:attachment":[{"href":"https:\/\/apiagentura.gov.cz\/cs\/wp-json\/wp\/v2\/media?parent=34305"}],"curies":[{"name":"wp","href":"https:\/\/api.w.org\/{rel}","templated":true}]}}