{"id":34322,"date":"2023-08-16T10:45:29","date_gmt":"2023-08-16T08:45:29","guid":{"rendered":"https:\/\/www.apiagentura.gov.cz\/?page_id=34322"},"modified":"2025-09-30T11:18:02","modified_gmt":"2025-09-30T09:18:02","slug":"obnovitelne-zdroje-energie-vtlaceni-biometanu-vyzva-i","status":"publish","type":"page","link":"https:\/\/apiagentura.gov.cz\/cs\/podporovane-aktivity-optak\/obnovitelne-zdroje-energie\/obnovitelne-zdroje-energie-vtlaceni-biometanu-vyzva-i\/","title":{"rendered":"Obnoviteln\u00e9 zdroje energie \u2013 vtl\u00e1\u010den\u00ed biometanu &#8211; v\u00fdzva I"},"content":{"rendered":"<p><strong>Upozorn\u011bn\u00ed pro \u017eadatele a p\u0159\u00edjemce:<\/strong><\/p>\n<p><strong>30. 9. 2025:<\/strong> MPO informuje o zve\u0159ejn\u011bn\u00ed vzoru Rozhodnut\u00ed o poskytnut\u00ed dotace pro v\u00fdzvu Obnoviteln\u00e9 zdroje energie \u2013 vtl\u00e1\u010den\u00ed biometanu \u2013 v\u00fdzva I.<\/p>\n<p><strong>12. 12. 2024:<\/strong> MPO informuje o prodlou\u017een\u00ed term\u00ednu p\u0159\u00edjmu \u017e\u00e1dost\u00ed o podporu do <strong>31. ledna 2025<\/strong>. \u0158O p\u0159\u00edjem \u017e\u00e1dost\u00ed prodlou\u017eil na z\u00e1klad\u011b po\u017eadavk\u016f \u017eadatel\u016f, z d\u016fvodu vy\u0161\u0161\u00ed administrativn\u00ed z\u00e1t\u011b\u017ee.<\/p>\n<p><strong>18. 6. 2024:<\/strong> Ministerstvo pr\u016fmyslu a obchodu informovalo o zm\u011bn\u011b na\u0159\u00edzen\u00ed podpory mal\u00e9ho rozsahu (de minimis), kdy Na\u0159\u00edzen\u00ed Komise (EU) \u010d. 1407\/2013 o podpo\u0159e de minimis bylo nahrazeno aktu\u00e1ln\u00edm Na\u0159\u00edzen\u00edm Komise (EU) \u010d. 2023\/2381 ze dne 13. prosince 2023 o pou\u017eit\u00ed \u010dl\u00e1nk\u016f 107 a 108 Smlouvy o fungov\u00e1n\u00ed Evropsk\u00e9 unie na podporu de minimis (\u00da\u0159edn\u00ed v\u011bstn\u00edk EU, L, 15. 12. 2023, str. 1-12).<\/p>\n<p>Dle na\u0159\u00edzen\u00ed \u010d.\u00a02023\/2831 je mo\u017en\u00e9 jednomu podniku poskytnout podporu de minimis do\u00a0maxim\u00e1ln\u00ed v\u00fd\u0161e\u00a0300\u00a0000 eur za\u00a0t\u0159\u00edlet\u00e9 obdob\u00ed, kter\u00e9 se posuzuje pr\u016fb\u011b\u017en\u011b (tj. p\u0159i\u00a0poskytnut\u00ed podpory se sleduj\u00ed podpory de minimis, kter\u00e9 jeden podnik obdr\u017eel v\u00a0obdob\u00ed t\u0159\u00ed let p\u0159edch\u00e1zej\u00edc\u00edch dni poskytnut\u00ed podpory).<\/p>\n<p>V souvislosti s\u00a0v\u00fd\u0161e uvedenou zm\u011bnou byl upraven text V\u00fdzvy a\u00a0p\u0159\u00edloh \u010d.\u00a03,\u00a06 a\u00a08.<\/p>\n<p>Zm\u011bny jsou platn\u00e9 k 18. 6. 2024.<\/p>\n<table class=\"call-detail\" style=\"height: 278px; width: 50.3338%;\" width=\"749\">\n<tbody>\n<tr>\n<td style=\"width: 33.3333%;\" rowspan=\"2\"><strong>Na co lze z\u00edskat podporu<\/strong> (podporovan\u00e9 aktivity):<\/p>\n<ul>\n<li>Technologie na \u00fapravu bioplynu na biometan a jeho vtl\u00e1\u010den\u00ed do distribu\u010dn\u00ed s\u00edt\u011b.<\/li>\n<li>Technologie na \u00fapravu bioplynu na biometan a technologie pln\u011bn\u00ed plynem.<\/li>\n<\/ul>\n<p>&nbsp;<\/p>\n<p><strong>Kdo m\u016f\u017ee \u017e\u00e1dat<\/strong>\u00a0(p\u0159\u00edjemci podpory):<\/p>\n<ul>\n<li>mal\u00e9 a st\u0159edn\u00ed podniky<\/li>\n<li>velk\u00e9 podniky<\/li>\n<\/ul>\n<p>&nbsp;<\/p>\n<p><strong>Syst\u00e9m sb\u011bru \u017e\u00e1dost\u00ed:<\/strong><\/p>\n<ul>\n<li>pr\u016fb\u011b\u017en\u00fd<\/li>\n<\/ul>\n<p>&nbsp;<\/p>\n<p><strong>Kolik lze z\u00edskat na jeden projekt\u00a0<\/strong>(forma a v\u00fd\u0161e podpory):<\/p>\n<ul>\n<li>Dotace na projekt je poskytov\u00e1na <strong>minim\u00e1ln\u011b<\/strong> ve v\u00fd\u0161i <strong>1 mil. K\u010d<\/strong> a <strong>maxim\u00e1ln\u011b<\/strong> do v\u00fd\u0161e <strong>100 mil. K\u010d<\/strong>.<\/li>\n<\/ul>\n<\/td>\n<td style=\"width: 33.3333%;\"><strong>M\u00edra podpory:<\/strong><\/p>\n<p><strong>A) Zp\u016fsobil\u00e9 v\u00fddaje p\u0159\u00edmo souvisej\u00edc\u00ed s v\u00fdrobou energie z OZE &#8211; biometanu<\/strong><\/p>\n<ul>\n<li>Mal\u00fd podnik: 65 %<\/li>\n<li>St\u0159edn\u00ed podnik: 55 %<\/li>\n<li>Velk\u00fd podnik: 45 %<\/li>\n<\/ul>\n<p>&nbsp;<\/p>\n<p><strong>B) Ostatn\u00ed zp\u016fsobil\u00e9 v\u00fddaje, kter\u00e9 <span style=\"text-decoration: underline;\">nesouvis\u00ed<\/span> p\u0159\u00edmo s v\u00fdrobou energie z OZE &#8211; biometanu<\/strong><\/p>\n<ul>\n<li>Mal\u00fd podnik: 50 %<\/li>\n<li>St\u0159edn\u00ed podnik: 40 %<\/li>\n<li>Velk\u00fd podnik: 30 %<\/li>\n<\/ul>\n<p>&nbsp;<\/td>\n<td style=\"width: 33.3333%;\"><img loading=\"lazy\" decoding=\"async\" class=\"alignnone size-full wp-image-34315\" src=\"https:\/\/www.apiagentura.gov.cz\/wp-content\/uploads\/2023\/08\/optak-aktivita-4-obnovitelne-zdroje-energie-660x660-1.png\" alt=\"\" width=\"660\" height=\"660\" srcset=\"https:\/\/apiagentura.gov.cz\/wp-content\/uploads\/2023\/08\/optak-aktivita-4-obnovitelne-zdroje-energie-660x660-1.png 660w, https:\/\/apiagentura.gov.cz\/wp-content\/uploads\/2023\/08\/optak-aktivita-4-obnovitelne-zdroje-energie-660x660-1-300x300.png 300w, https:\/\/apiagentura.gov.cz\/wp-content\/uploads\/2023\/08\/optak-aktivita-4-obnovitelne-zdroje-energie-660x660-1-150x150.png 150w\" sizes=\"auto, (max-width: 660px) 100vw, 660px\" \/><\/td>\n<\/tr>\n<tr>\n<td style=\"width: 33.3333%;\"><strong>Jak\u00e9 v\u00fddaje je mo\u017en\u00e9 podpo\u0159it\u00a0<\/strong>(zp\u016fsobil\u00e9 v\u00fddaje):<\/p>\n<ul>\n<li>dlouhodob\u00fd hmotn\u00fd majetek<\/li>\n<li>dlouhodob\u00fd nehmotn\u00fd majetek<\/li>\n<li>in\u017een\u00fdrsk\u00e1 \u010dinnost<\/li>\n<li>projektov\u00e1 dokumentace<\/li>\n<\/ul>\n<p>&nbsp;<\/p>\n<p>V\u00edce viz p\u0159\u00edloha \u010d. 3 Vymezen\u00ed zp\u016fsobil\u00fdch v\u00fddaj\u016f<\/td>\n<td style=\"width: 33.3333%;\" rowspan=\"2\"><strong>Specifika a omezen\u00ed:<\/strong><\/p>\n<ul>\n<li>Projekt mus\u00ed b\u00fdt realizov\u00e1n na \u00fazem\u00ed \u010cR mimo NUTS 2 Praha.<\/li>\n<li>Nejzaz\u0161\u00ed datum pro ukon\u010den\u00ed fyzick\u00e9 realizace projektu je <strong>30 6. 2027<\/strong>.<\/li>\n<\/ul>\n<p>Zp\u016fsobil\u00e9 v\u00fddaje p\u0159\u00edmo souvisej\u00edc\u00ed s v\u00fdrobou energie z OZE &#8211; biometanu:<\/p>\n<ul>\n<li>Za\u0159\u00edzen\u00ed pro \u00fapravu surov\u00e9ho bioplynu na biometan v\u010detn\u011b z<span style=\"font-family: inherit; font-size: inherit;\">a\u0159\u00edzen\u00ed, jejich\u017e technologie je um\u00edst\u011bna mezi vyroben\u00fdm surov\u00fdm bioplynem a v\u00fdstupem z koncov\u00e9ho za\u0159\u00edzen\u00ed pro \u00fapravy surov\u00e9ho bioplynu na biometan.<\/span><\/li>\n<\/ul>\n<p>Ostatn\u00ed Zp\u016fsobil\u00e9 v\u00fddaje p\u0159\u00edmo <span style=\"text-decoration: underline;\">nesouvisej\u00edc\u00ed<\/span> s v\u00fdrobou energie z OZE &#8211; biometanu:<\/p>\n<ul>\n<li>Za\u0159\u00edzen\u00ed, jejich\u017e technologie je um\u00edst\u011bna za v\u00fdstupem z koncov\u00e9ho za\u0159\u00edzen\u00ed pro \u00fapravu surov\u00e9ho bioplynu na biometan.<\/li>\n<\/ul>\n<p>&nbsp;<\/p>\n<p>Dal\u0161\u00ed podm\u00ednky v\u00fdzvy viz p\u0159\u00edloha \u010d. 5 &#8211; Specifick\u00e9 podm\u00ednky v\u00fdzvy<\/td>\n<\/tr>\n<tr>\n<td style=\"width: 66.6666%;\" colspan=\"2\"><img loading=\"lazy\" decoding=\"async\" class=\"alignnone wp-image-34524 size-full\" src=\"https:\/\/www.apiagentura.gov.cz\/wp-content\/uploads\/2023\/08\/web-vyzva-optak-oze-vbm-i.png\" alt=\"\" width=\"1072\" height=\"500\" srcset=\"https:\/\/apiagentura.gov.cz\/wp-content\/uploads\/2023\/08\/web-vyzva-optak-oze-vbm-i.png 1072w, https:\/\/apiagentura.gov.cz\/wp-content\/uploads\/2023\/08\/web-vyzva-optak-oze-vbm-i-300x140.png 300w, https:\/\/apiagentura.gov.cz\/wp-content\/uploads\/2023\/08\/web-vyzva-optak-oze-vbm-i-1024x478.png 1024w, https:\/\/apiagentura.gov.cz\/wp-content\/uploads\/2023\/08\/web-vyzva-optak-oze-vbm-i-768x358.png 768w\" sizes=\"auto, (max-width: 1072px) 100vw, 1072px\" \/><\/td>\n<\/tr>\n<\/tbody>\n<\/table>\n<p>&nbsp;<\/p>","protected":false},"excerpt":{"rendered":"<p>C\u00edlem v\u00fdzvy je efektivn\u00ed a \u0161etrn\u00e9 vyu\u017e\u00edv\u00e1n\u00ed OZE, konkr\u00e9tn\u011b podpora \u00fapravy bioplynu na biometan a jeho pln\u011bn\u00ed nebo vtl\u00e1\u010deni do distribu\u010dn\u00ed s\u00edt\u011b.<\/p>\n","protected":false},"author":1,"featured_media":0,"parent":30069,"menu_order":0,"comment_status":"closed","ping_status":"closed","template":"","meta":{"inline_featured_image":false,"footnotes":""},"class_list":["post-34322","page","type-page","status-publish","hentry"],"publishpress_future_action":{"enabled":false,"date":"2026-05-06 22:36:58","action":"change-status","newStatus":"draft","terms":[],"taxonomy":"","extraData":[]},"publishpress_future_workflow_manual_trigger":{"enabledWorkflows":[]},"_links":{"self":[{"href":"https:\/\/apiagentura.gov.cz\/cs\/wp-json\/wp\/v2\/pages\/34322","targetHints":{"allow":["GET"]}}],"collection":[{"href":"https:\/\/apiagentura.gov.cz\/cs\/wp-json\/wp\/v2\/pages"}],"about":[{"href":"https:\/\/apiagentura.gov.cz\/cs\/wp-json\/wp\/v2\/types\/page"}],"author":[{"embeddable":true,"href":"https:\/\/apiagentura.gov.cz\/cs\/wp-json\/wp\/v2\/users\/1"}],"replies":[{"embeddable":true,"href":"https:\/\/apiagentura.gov.cz\/cs\/wp-json\/wp\/v2\/comments?post=34322"}],"version-history":[{"count":0,"href":"https:\/\/apiagentura.gov.cz\/cs\/wp-json\/wp\/v2\/pages\/34322\/revisions"}],"up":[{"embeddable":true,"href":"https:\/\/apiagentura.gov.cz\/cs\/wp-json\/wp\/v2\/pages\/30069"}],"wp:attachment":[{"href":"https:\/\/apiagentura.gov.cz\/cs\/wp-json\/wp\/v2\/media?parent=34322"}],"curies":[{"name":"wp","href":"https:\/\/api.w.org\/{rel}","templated":true}]}}