{"id":34342,"date":"2023-08-03T17:44:55","date_gmt":"2023-08-03T15:44:55","guid":{"rendered":"https:\/\/www.apiagentura.gov.cz\/?page_id=34342"},"modified":"2025-03-10T13:05:08","modified_gmt":"2025-03-10T12:05:08","slug":"obehove-hospodarstvi-vyzva-i","status":"publish","type":"page","link":"https:\/\/apiagentura.gov.cz\/cs\/podporovane-aktivity-optak\/obehove-hospodarstvi-optak\/obehove-hospodarstvi-vyzva-i\/","title":{"rendered":"Ob\u011bhov\u00e9 hospod\u00e1\u0159stv\u00ed &#8211; v\u00fdzva I"},"content":{"rendered":"<p><strong>Upozorn\u011bn\u00ed pro \u017eadatele a p\u0159\u00edjemce:<\/strong><\/p>\n<p><strong>10. 3. 2025:<\/strong> Ministerstvo pr\u016fmyslu a obchodu rozhodlo o <strong>nav\u00fd\u0161en\u00ed alokace<\/strong> v\u00fdzvy. V souladu s ustanoven\u00edm v\u00fdzvy: \u201cV p\u0159\u00edpad\u011b v\u00fdrazn\u011bj\u0161\u00edho p\u0159evisu kvalitn\u00edch projekt\u016f m\u016f\u017ee \u0158\u00eddic\u00ed org\u00e1n OP TAK alokaci na tuto V\u00fdzvu adekv\u00e1tn\u011b nav\u00fd\u0161it\u201c.\u00a0 Na z\u00e1klad\u011b po\u017eadavku na\u00a0uzav\u0159en\u00ed Rozhodnut\u00ed o\u00a0poskytnut\u00ed dotace na\u00a0v\u0161echny kladn\u011b vyhodnocen\u00e9 projekty v\u00a0r\u00e1mci I. V\u00fdzvy ob\u011bhov\u00e9ho hospod\u00e1\u0159stv\u00ed byla alokace v\u00fdzvy nav\u00fd\u0161ena z\u00a01\u00a0000\u00a0000\u00a0000,- K\u010d na\u00a0<strong>1\u00a0501\u00a0559\u00a0622,- K\u010d.<\/strong><\/p>\n<ul>\n<li><strong>Ob\u011bhov\u00e9 hospod\u00e1\u0159stv\u00ed &#8211; v\u00fdzva I.: <\/strong>p\u0159edstaven\u00ed v\u00fdzvy a uk\u00e1zka pod\u00e1n\u00ed \u017e\u00e1dosti o podporu v IS KP21+\u00a0<a class=\"btn\" href=\"https:\/\/www.youtube.com\/watch?v=iX4uY5ccqbs&amp;list=PLprG7g8xfxovmbX4P0MFaK6LobiCaJsrS&amp;index=4\">Z\u00c1ZNAM WEBIN\u00c1\u0158E<\/a><strong><br \/>\n<\/strong><\/li>\n<\/ul>\n<p><strong><a class=\"btn\" href=\"https:\/\/www.apiagentura.gov.cz\/wp-content\/uploads\/2024\/07\/caste-otazky-a-odpovedi-oh.pdf\">FAQ k v\u00fdzv\u011b<\/a><\/strong><\/p>\n<table class=\"call-detail\" style=\"height: 72px; width: 105.098%;\" width=\"749\">\n<tbody>\n<tr style=\"height: 24px;\">\n<td style=\"width: 33.3333%; height: 48px;\" rowspan=\"2\"><strong>Na co lze z\u00edskat podporu<\/strong>\u00a0(podporovan\u00e9 aktivity):<\/p>\n<ul>\n<li>Znovupou\u017eit\u00ed vlastn\u00edho v\u00fdrobn\u00edho odpadu.<\/li>\n<li>V\u00fdroba druhotn\u00fdch surovin, polotovaru nebo v\u00fdrobku z vybran\u00fdch odpad\u016f.<\/li>\n<li>P\u0159edch\u00e1zen\u00ed vzniku odpad\u016f.<\/li>\n<li>Zv\u00fd\u0161en\u00ed recyklovatelnosti v\u00fdrobk\u016f.<\/li>\n<li>Protektorov\u00e1n\u00ed pneumatik.<\/li>\n<li>V\u00fdroba polotovar\u016f nebo v\u00fdrobk\u016f z druhotn\u00fdch surovin.<\/li>\n<li>Sn\u00ed\u017een\u00ed spot\u0159eby kritick\u00fdch surovin.<\/li>\n<li>Z\u00edsk\u00e1v\u00e1n\u00ed kritick\u00fdch surovin zpracov\u00e1n\u00edm odpadu nebo druhotn\u00e9 suroviny.<\/li>\n<\/ul>\n<p><strong>Kdo m\u016f\u017ee \u017e\u00e1dat<\/strong>\u00a0(p\u0159\u00edjemci podpory):<\/p>\n<ul>\n<li>MSP<\/li>\n<li>small mid-caps<\/li>\n<\/ul>\n<p><strong>Syst\u00e9m sb\u011bru \u017e\u00e1dost\u00ed:<\/strong><\/p>\n<ul>\n<li>pr\u016fb\u011b\u017en\u00fd<\/li>\n<\/ul>\n<p>&nbsp;<\/td>\n<td style=\"width: 33.3333%; height: 24px;\"><strong>Kolik lze z\u00edskat na jeden projekt\u00a0<\/strong>(forma a v\u00fd\u0161e podpory):<\/p>\n<ul>\n<li>Dotace na projekt je poskytov\u00e1na <strong>minim\u00e1ln\u011b<\/strong> ve v\u00fd\u0161i<strong> 1 mil. K\u010d <\/strong>a <strong>maxim\u00e1ln\u011b<\/strong> do v\u00fd\u0161e <strong>100\u00a0mil. K\u010d.<\/strong><\/li>\n<\/ul>\n<p><strong>M\u00edra podpory:<\/strong><\/p>\n<p>z celkov\u00fdch zp\u016fsobil\u00fdch v\u00fddaj\u016f:<\/p>\n<ul>\n<li>mal\u00fd podnik: 60 %<\/li>\n<li>st\u0159edn\u00ed podnik: 50 %<\/li>\n<li>small mid-cap: 40 %<\/li>\n<\/ul>\n<p>&nbsp;<\/td>\n<td style=\"width: 33.3333%; height: 24px;\"><img loading=\"lazy\" decoding=\"async\" class=\"alignnone size-full wp-image-34343\" src=\"https:\/\/www.apiagentura.gov.cz\/wp-content\/uploads\/2023\/08\/optak-aktivita-5-obehove-hospodarstvi-660x660-1.png\" alt=\"\" width=\"660\" height=\"660\" srcset=\"https:\/\/apiagentura.gov.cz\/wp-content\/uploads\/2023\/08\/optak-aktivita-5-obehove-hospodarstvi-660x660-1.png 660w, https:\/\/apiagentura.gov.cz\/wp-content\/uploads\/2023\/08\/optak-aktivita-5-obehove-hospodarstvi-660x660-1-300x300.png 300w, https:\/\/apiagentura.gov.cz\/wp-content\/uploads\/2023\/08\/optak-aktivita-5-obehove-hospodarstvi-660x660-1-150x150.png 150w\" sizes=\"auto, (max-width: 660px) 100vw, 660px\" \/><\/td>\n<\/tr>\n<tr style=\"height: 24px;\">\n<td style=\"width: 33.3333%; height: 24px;\">&nbsp;<\/p>\n<p><strong>Jak\u00e9 v\u00fddaje je mo\u017en\u00e9 podpo\u0159it\u00a0<\/strong>(zp\u016fsobil\u00e9 v\u00fddaje):<\/p>\n<ul>\n<li>dlouhodob\u00fd hmotn\u00fd majetek<\/li>\n<li>dlouhodob\u011b nehmotn\u00fd majetek<\/li>\n<\/ul>\n<\/td>\n<td style=\"width: 33.3333%; height: 48px;\" rowspan=\"2\"><strong>Specifika a omezen\u00ed:<\/strong><\/p>\n<ul>\n<li>Projekt mus\u00ed b\u00fdt realizov\u00e1n na \u00fazem\u00ed \u010cR mimo NUTS 2 Praha.<\/li>\n<li><strong>Jedno I\u010c<\/strong> m\u016f\u017ee podat maxim\u00e1ln\u011b <strong>3 \u017e\u00e1dosti o dotaci<\/strong>.<\/li>\n<li>V\u00fdzva nepodporuje po\u0159\u00edzen\u00ed mobiln\u00edch technologi\u00ed pro zpracov\u00e1n\u00ed stavebn\u00edho<br \/>\na demoli\u010dn\u00edho odpadu.<\/li>\n<li>Druhotn\u00e1 surovina nahrazuje p\u0159i<br \/>\nv\u00fdrob\u011b prim\u00e1rn\u00ed surovinu a jedn\u00e1 se o:<\/li>\n<\/ul>\n<p>&#8211; vedlej\u0161\u00ed produkt;<\/p>\n<p>&#8211; upraven\u00fd odpad;<\/p>\n<p>&#8211; materi\u00e1ly z\u00edskan\u00e9 z v\u00fdrobk\u016f podl\u00e9haj\u00edc\u00edch zp\u011btn\u00e9mu odb\u011bru;<\/p>\n<p>&#8211; nespot\u0159ebovan\u00e9 vstupn\u00ed suroviny;<\/p>\n<p>&#8211; materi\u00e1ly p\u0159ed\u00e1van\u00e9 k nov\u00e9mu vyu\u017eit\u00ed.<\/td>\n<\/tr>\n<tr style=\"height: 24px;\">\n<td style=\"width: 66.6666%; height: 24px;\" colspan=\"2\"><img loading=\"lazy\" decoding=\"async\" class=\"alignnone wp-image-35133 size-full\" src=\"https:\/\/www.apiagentura.gov.cz\/wp-content\/uploads\/2023\/09\/web-vyzva-optak-oh-i.png\" alt=\"\" width=\"1072\" height=\"500\" srcset=\"https:\/\/apiagentura.gov.cz\/wp-content\/uploads\/2023\/09\/web-vyzva-optak-oh-i.png 1072w, https:\/\/apiagentura.gov.cz\/wp-content\/uploads\/2023\/09\/web-vyzva-optak-oh-i-300x140.png 300w, https:\/\/apiagentura.gov.cz\/wp-content\/uploads\/2023\/09\/web-vyzva-optak-oh-i-1024x478.png 1024w, https:\/\/apiagentura.gov.cz\/wp-content\/uploads\/2023\/09\/web-vyzva-optak-oh-i-768x358.png 768w\" sizes=\"auto, (max-width: 1072px) 100vw, 1072px\" \/><\/td>\n<\/tr>\n<\/tbody>\n<\/table>\n<p><\/p>","protected":false},"excerpt":{"rendered":"<p>C\u00edlem v\u00fdzvy je podpora p\u0159edch\u00e1zen\u00ed vzniku odpad\u016f, nav\u00fd\u0161en\u00ed recykla\u010dn\u00ed infrastruktury, omezit pl\u00fdtv\u00e1n\u00ed druhotn\u00fdmi surovinami a zv\u00fd\u0161it obsah recyklovan\u00fdch materi\u00e1l\u016f ve v\u00fdrobc\u00edch.<\/p>\n","protected":false},"author":1,"featured_media":0,"parent":30078,"menu_order":0,"comment_status":"closed","ping_status":"closed","template":"","meta":{"inline_featured_image":false,"footnotes":""},"class_list":["post-34342","page","type-page","status-publish","hentry"],"publishpress_future_action":{"enabled":false,"date":"2026-05-01 23:20:46","action":"change-status","newStatus":"draft","terms":[],"taxonomy":"","extraData":[]},"publishpress_future_workflow_manual_trigger":{"enabledWorkflows":[]},"_links":{"self":[{"href":"https:\/\/apiagentura.gov.cz\/cs\/wp-json\/wp\/v2\/pages\/34342","targetHints":{"allow":["GET"]}}],"collection":[{"href":"https:\/\/apiagentura.gov.cz\/cs\/wp-json\/wp\/v2\/pages"}],"about":[{"href":"https:\/\/apiagentura.gov.cz\/cs\/wp-json\/wp\/v2\/types\/page"}],"author":[{"embeddable":true,"href":"https:\/\/apiagentura.gov.cz\/cs\/wp-json\/wp\/v2\/users\/1"}],"replies":[{"embeddable":true,"href":"https:\/\/apiagentura.gov.cz\/cs\/wp-json\/wp\/v2\/comments?post=34342"}],"version-history":[{"count":0,"href":"https:\/\/apiagentura.gov.cz\/cs\/wp-json\/wp\/v2\/pages\/34342\/revisions"}],"up":[{"embeddable":true,"href":"https:\/\/apiagentura.gov.cz\/cs\/wp-json\/wp\/v2\/pages\/30078"}],"wp:attachment":[{"href":"https:\/\/apiagentura.gov.cz\/cs\/wp-json\/wp\/v2\/media?parent=34342"}],"curies":[{"name":"wp","href":"https:\/\/api.w.org\/{rel}","templated":true}]}}