{"id":35007,"date":"2023-09-12T13:53:17","date_gmt":"2023-09-12T11:53:17","guid":{"rendered":"https:\/\/www.apiagentura.gov.cz\/?page_id=35007"},"modified":"2025-10-27T10:44:22","modified_gmt":"2025-10-27T09:44:22","slug":"kariera-v-api","status":"publish","type":"page","link":"https:\/\/apiagentura.gov.cz\/cs\/o-api\/kariera-v-api\/","title":{"rendered":"Kari\u00e9ra v API"},"content":{"rendered":"<div id=\"pl-35007\"  class=\"panel-layout\" ><div id=\"pg-35007-0\"  class=\"panel-grid panel-no-style\" ><div id=\"pgc-35007-0-0\"  class=\"panel-grid-cell\" ><div id=\"panel-35007-0-0-0\" class=\"so-panel widget widget_sow-editor panel-first-child panel-last-child\" data-index=\"0\" ><div class=\"so-rounded panel-widget-style panel-widget-style-for-35007-0-0-0\" ><div\n\t\t\t\n\t\t\tclass=\"so-widget-sow-editor so-widget-sow-editor-base\"\n\t\t\t\n\t\t>\n<div class=\"siteorigin-widget-tinymce textwidget\">\n\t<h4 style=\"text-align: center;\"><span style=\"color: #ffffff;\">\u00a0Aktu\u00e1ln\u011b voln\u00e9 pozice<\/span><\/h4>\n<\/div>\n<\/div><\/div><\/div><\/div><\/div><div id=\"pg-35007-1\"  class=\"panel-grid panel-no-style\" ><div id=\"pgc-35007-1-0\"  class=\"panel-grid-cell\" ><div id=\"panel-35007-1-0-0\" class=\"so-panel widget widget_sow-editor panel-first-child panel-last-child\" data-index=\"1\" ><div class=\"so-rounded panel-widget-style panel-widget-style-for-35007-1-0-0\" ><div\n\t\t\t\n\t\t\tclass=\"so-widget-sow-editor so-widget-sow-editor-base\"\n\t\t\t\n\t\t>\n<div class=\"siteorigin-widget-tinymce textwidget\">\n\t<p style=\"text-align: left;\"><li>Moment\u00e1ln\u011b nejsou vyhl\u00e1\u0161en\u00e9 \u017e\u00e1dn\u00e9 pozice<\/li><\/ul><\/p>\n<\/div>\n<\/div><\/div><\/div><\/div><div id=\"pgc-35007-1-1\"  class=\"panel-grid-cell\" ><div id=\"panel-35007-1-1-0\" class=\"so-panel widget widget_sow-editor panel-first-child panel-last-child\" data-index=\"2\" ><div class=\"so-rounded panel-widget-style panel-widget-style-for-35007-1-1-0\" ><div\n\t\t\t\n\t\t\tclass=\"so-widget-sow-editor so-widget-sow-editor-base\"\n\t\t\t\n\t\t>\n<div class=\"siteorigin-widget-tinymce textwidget\">\n\t<p style=\"text-align: center;\"><strong>Nena\u0161el jsi tu pravou pozici pro sebe?<\/strong><\/p>\n<p style=\"text-align: center;\">Po\u0161li n\u00e1m svoje CV spole\u010dn\u011b s tv\u00fdmi z\u00e1jmy a ambicemi a my se ti ozveme, jakmile se u n\u00e1s objev\u00ed p\u0159\u00edle\u017eitost, kter\u00e1 by t\u011b mohla zaj\u00edmat.<\/p>\n<p style=\"text-align: center;\"><a href=\"mailto:nabor@apiagentura.gov.cz\"><strong>nabor@apiagentura.gov.cz <\/strong><\/a><\/p>\n<\/div>\n<\/div><\/div><\/div><\/div><\/div><div id=\"pg-35007-2\"  class=\"panel-grid panel-no-style\" ><div id=\"pgc-35007-2-0\"  class=\"panel-grid-cell\" ><div class=\"panel-cell-style panel-cell-style-for-35007-2-0\" ><div id=\"panel-35007-2-0-0\" class=\"so-panel widget widget_sow-editor panel-first-child panel-last-child\" data-index=\"3\" ><div class=\"panel-widget-style panel-widget-style-for-35007-2-0-0\" ><div\n\t\t\t\n\t\t\tclass=\"so-widget-sow-editor so-widget-sow-editor-base\"\n\t\t\t\n\t\t>\n<div class=\"siteorigin-widget-tinymce textwidget\">\n\t<h4><\/h4>\n<h4><span style=\"color: #000000;\">Na\u0161e benefity<\/span><\/h4>\n<h4><img decoding=\"async\" class=\"wp-image-36530 alignleft\" src=\"https:\/\/www.apiagentura.gov.cz\/wp-content\/uploads\/2023\/11\/web-icon-pet-friendly.svg\" alt=\"\" width=\"205\" \/><img decoding=\"async\" class=\"alignnone wp-image-36527 alignleft\" src=\"https:\/\/www.apiagentura.gov.cz\/wp-content\/uploads\/2023\/11\/web-icon-ho.svg\" alt=\"\" width=\"205\" \/><img decoding=\"async\" class=\"alignnone wp-image-36531 alignleft\" src=\"https:\/\/www.apiagentura.gov.cz\/wp-content\/uploads\/2023\/11\/web-icon-pruzna-doba.svg\" alt=\"\" width=\"205\" \/><img decoding=\"async\" class=\"alignnone wp-image-36532 alignleft\" src=\"https:\/\/www.apiagentura.gov.cz\/wp-content\/uploads\/2023\/11\/web-icon-sick-day.svg\" alt=\"\" width=\"205\" \/><img decoding=\"async\" class=\"alignnone wp-image-36533 alignleft\" src=\"https:\/\/www.apiagentura.gov.cz\/wp-content\/uploads\/2023\/11\/web-icon-stravenky.svg\" alt=\"\" width=\"205\" \/><img decoding=\"async\" class=\"alignnone wp-image-36529 alignleft\" src=\"https:\/\/www.apiagentura.gov.cz\/wp-content\/uploads\/2023\/11\/web-icon-multisport.svg\" alt=\"\" width=\"205\" \/><img decoding=\"async\" class=\"alignnone wp-image-36528 alignleft\" src=\"https:\/\/www.apiagentura.gov.cz\/wp-content\/uploads\/2023\/11\/web-icon-mentoring.svg\" alt=\"\" width=\"205\" \/><img decoding=\"async\" class=\"alignnone wp-image-36526 alignleft\" src=\"https:\/\/www.apiagentura.gov.cz\/wp-content\/uploads\/2023\/11\/web-icon-dovolena.svg\" alt=\"\" width=\"205\" \/><img decoding=\"async\" class=\"wp-image-36534 alignleft\" src=\"https:\/\/www.apiagentura.gov.cz\/wp-content\/uploads\/2023\/11\/web-icon-vzdelavani.svg\" alt=\"\" width=\"205\" \/><\/h4>\n<p>&nbsp;<\/p>\n<\/div>\n<\/div><\/div><\/div><\/div><\/div><div id=\"pgc-35007-2-1\"  class=\"panel-grid-cell\" ><div id=\"panel-35007-2-1-0\" class=\"so-panel widget widget_sow-editor panel-first-child panel-last-child\" data-index=\"4\" ><div class=\"so-rounded panel-widget-style panel-widget-style-for-35007-2-1-0\" ><div\n\t\t\t\n\t\t\tclass=\"so-widget-sow-editor so-widget-sow-editor-base\"\n\t\t\t\n\t\t>\n<div class=\"siteorigin-widget-tinymce textwidget\">\n\t<h4><\/h4>\n<h4><span style=\"color: #000000;\">Pro\u010d API?<\/span><\/h4>\n<p style=\"text-align: justify;\"><span style=\"color: #002e5f;\"><strong>1) Na\u0161i kolegov\u00e9<\/strong><\/span><\/p>\n<p style=\"text-align: justify;\">Mlad\u00fd kolektiv, ale i zku\u0161en\u00ed kolegov\u00e9, od kter\u00fdch je radost se u\u010dit. Pravideln\u011b po\u0159\u00e1d\u00e1me celofiremn\u00ed spole\u010densk\u00e9 akce a dal\u0161\u00ed mimopracovn\u00ed aktivity.<\/p>\n<p style=\"text-align: justify;\"><span style=\"color: #002e5f;\"><strong>2) Nejsme nudn\u00fd \u00fa\u0159ad<\/strong><\/span><\/p>\n<p style=\"text-align: justify;\">U n\u00e1s neza\u017eije\u0161 monot\u00f3nn\u00ed a nez\u00e1\u017eivnou atmosf\u00e9ru se zkostnat\u011bl\u00fdm p\u0159\u00edstupem k pr\u00e1ci. Sna\u017e\u00edme se neb\u00fdt p\u0159\u00edli\u0161 form\u00e1ln\u00ed a byrokrati\u010dt\u00ed. Pravidla a z\u00e1konn\u00e9 postupy je u n\u00e1s nutn\u00e9 dodr\u017eovat, av\u0161ak je zde prostor pro kreativitu a inovace.<\/p>\n<p style=\"text-align: justify;\"><span style=\"color: #002e5f;\"><strong>3) Work-life balance<\/strong><\/span><\/p>\n<p style=\"text-align: justify;\">Pru\u017en\u00e1 pracovn\u00ed doba je u n\u00e1s standard. Z\u00e1rove\u0148 m\u00e1me pochopen\u00ed pro rodi\u010de\u202fa v\u0161echny, kte\u0159\u00ed s n\u00e1mi nemohou b\u00fdt v kancel\u00e1\u0159i ka\u017ed\u00fd den. Home office nebo zkr\u00e1cen\u00fd \u00favazek nen\u00ed probl\u00e9m. V\u0161e je o vz\u00e1jemn\u00e9 domluv\u011b.<\/p>\n<p style=\"text-align: justify;\"><span style=\"color: #002e5f;\"><strong>4) Osobn\u00ed rozvoj<\/strong><\/span><\/p>\n<p style=\"text-align: justify;\">V\u011b\u0159\u00edme v rozvoj na\u0161ich zam\u011bstnanc\u016f a nab\u00edz\u00edme ti p\u0159\u00edle\u017eitosti pro r\u016fst a rozvoj dovednost\u00ed. Nab\u00edz\u00edme jak odborn\u00e9, tak jazykov\u00e9 vzd\u011bl\u00e1v\u00e1n\u00ed.<\/p>\n<p style=\"text-align: justify;\"><span style=\"color: #002e5f;\"><strong>5) Benefity ne\u0161et\u0159\u00edme<\/strong><\/span><\/p>\n<p style=\"text-align: justify;\">P\u0159\u00edsp\u011bvek na penzijko nebo FokusPassy, pop\u0159\u00edpad\u011b se m\u016f\u017ee\u0161 dr\u017eet ve form\u011b d\u00edky MultiSport kart\u011b. Hodnota stravenek je takov\u00e1, \u017ee si bude\u0161 moci klidn\u011b vyrazit s kolegy na ob\u011bd do okoln\u00edch restaurac\u00ed.<\/p>\n<p style=\"text-align: left;\"><span style=\"color: #000000;\"><strong><a class=\"btn\" style=\"width: 300px; display: inline-block; text-align: center; padding: 10px;\" href=\"https:\/\/www.apiagentura.gov.cz\/cs\/o-api\/\">V\u00edce o API<\/a><\/strong><\/span><\/p>\n<\/div>\n<\/div><\/div><\/div><\/div><\/div><div id=\"pg-35007-3\"  class=\"panel-grid panel-has-style\" ><div class=\"panel-row-style panel-row-style-for-35007-3\" ><div id=\"pgc-35007-3-0\"  class=\"panel-grid-cell\" ><div id=\"panel-35007-3-0-0\" class=\"so-panel widget widget_sow-editor panel-first-child panel-last-child\" data-index=\"5\" ><div class=\"panel-widget-style panel-widget-style-for-35007-3-0-0\" ><div\n\t\t\t\n\t\t\tclass=\"so-widget-sow-editor so-widget-sow-editor-base\"\n\t\t\t\n\t\t>\n<div class=\"siteorigin-widget-tinymce textwidget\">\n\t<h4><span style=\"color: #000000;\">Na\u0161e personalistky<\/span><\/h4>\n<p><img loading=\"lazy\" decoding=\"async\" class=\"alignleft wp-image-35703\" src=\"https:\/\/www.apiagentura.gov.cz\/wp-content\/uploads\/2023\/10\/hr-foto-rydvalova-300x300.png\" alt=\"\" width=\"200\" height=\"200\" srcset=\"https:\/\/apiagentura.gov.cz\/wp-content\/uploads\/2023\/10\/hr-foto-rydvalova-300x300.png 300w, https:\/\/apiagentura.gov.cz\/wp-content\/uploads\/2023\/10\/hr-foto-rydvalova-150x150.png 150w, https:\/\/apiagentura.gov.cz\/wp-content\/uploads\/2023\/10\/hr-foto-rydvalova.png 400w\" sizes=\"auto, (max-width: 200px) 100vw, 200px\" \/><\/p>\n<h4><\/h4>\n<h4>Jitka Rydvalov\u00e1<\/h4>\n<p><strong>HR specialista<\/strong><\/p>\n<p><a href=\"mailto:jitka.rydvalova@apiagentura.gov.cz\">jitka.rydvalova@apiagentura.gov.cz<\/a><\/p>\n<h4><\/h4>\n<p>&nbsp;<\/p>\n<p><img loading=\"lazy\" decoding=\"async\" class=\"wp-image-44291 alignleft\" src=\"https:\/\/apiagentura.gov.cz\/wp-content\/uploads\/2025\/10\/hr-foto-touskova.png\" alt=\"\" width=\"200\" height=\"200\" srcset=\"https:\/\/apiagentura.gov.cz\/wp-content\/uploads\/2025\/10\/hr-foto-touskova.png 400w, https:\/\/apiagentura.gov.cz\/wp-content\/uploads\/2025\/10\/hr-foto-touskova-300x300.png 300w, https:\/\/apiagentura.gov.cz\/wp-content\/uploads\/2025\/10\/hr-foto-touskova-150x150.png 150w\" sizes=\"auto, (max-width: 200px) 100vw, 200px\" \/><\/p>\n<h4><\/h4>\n<h4>Tereza Tou\u0161kov\u00e1<\/h4>\n<p><strong>HR specialista<\/strong><\/p>\n<p><a href=\"mailto:tereza.touskova@apiagentura.gov.cz\">tereza.touskova@apiagentura.gov.cz<\/a><\/p>\n<h4><\/h4>\n<p>&nbsp;<\/p>\n<p><img loading=\"lazy\" decoding=\"async\" class=\"wp-image-44292 alignleft\" src=\"https:\/\/apiagentura.gov.cz\/wp-content\/uploads\/2025\/10\/hr-foto-sedlackova-300x300.png\" alt=\"\" width=\"200\" height=\"200\" srcset=\"https:\/\/apiagentura.gov.cz\/wp-content\/uploads\/2025\/10\/hr-foto-sedlackova-300x300.png 300w, https:\/\/apiagentura.gov.cz\/wp-content\/uploads\/2025\/10\/hr-foto-sedlackova-150x150.png 150w, https:\/\/apiagentura.gov.cz\/wp-content\/uploads\/2025\/10\/hr-foto-sedlackova.png 400w\" sizes=\"auto, (max-width: 200px) 100vw, 200px\" \/><\/p>\n<h4><\/h4>\n<h4>Pavl\u00edna Sedl\u00e1\u010dkov\u00e1<\/h4>\n<p><strong>HR specialista<\/strong><\/p>\n<p><a href=\"mailto:pavlina.sedlackova@apiagentura.gov.cz\">pavlina.sedlackova@apiagentura.gov.cz<\/a><\/p>\n<h4><\/h4>\n<p>&nbsp;<\/p>\n<p>&nbsp;<\/p>\n<p>Zaujala t\u011b n\u011bkter\u00e1 z nab\u00edzen\u00fdch pozic nebo hled\u00e1\u0161 v\u00edce informac\u00ed o kari\u00e9\u0159e v API?<\/p>\n<p><strong>Kontaktuj n\u00e1s!<\/strong><\/p>\n<\/div>\n<\/div><\/div><\/div><\/div><div id=\"pgc-35007-3-1\"  class=\"panel-grid-cell\" ><div id=\"panel-35007-3-1-0\" class=\"so-panel widget widget_sow-editor panel-first-child panel-last-child\" data-index=\"6\" ><div class=\"panel-widget-style panel-widget-style-for-35007-3-1-0\" ><div\n\t\t\t\n\t\t\tclass=\"so-widget-sow-editor so-widget-sow-editor-base\"\n\t\t\t\n\t\t>\n<div class=\"siteorigin-widget-tinymce textwidget\">\n\t<h4><span style=\"color: #000000;\">\u017divot v API<\/span><\/h4>\n<p><img loading=\"lazy\" decoding=\"async\" class=\"alignnone wp-image-36066\" src=\"https:\/\/www.apiagentura.gov.cz\/wp-content\/uploads\/2023\/10\/img-team-3-300x300.png\" alt=\"\" width=\"320\" height=\"320\" srcset=\"https:\/\/apiagentura.gov.cz\/wp-content\/uploads\/2023\/10\/img-team-3-300x300.png 300w, https:\/\/apiagentura.gov.cz\/wp-content\/uploads\/2023\/10\/img-team-3-1024x1024.png 1024w, https:\/\/apiagentura.gov.cz\/wp-content\/uploads\/2023\/10\/img-team-3-150x150.png 150w, https:\/\/apiagentura.gov.cz\/wp-content\/uploads\/2023\/10\/img-team-3-768x768.png 768w, https:\/\/apiagentura.gov.cz\/wp-content\/uploads\/2023\/10\/img-team-3.png 1080w\" sizes=\"auto, (max-width: 320px) 100vw, 320px\" \/> <img loading=\"lazy\" decoding=\"async\" class=\"alignnone wp-image-36068\" src=\"https:\/\/www.apiagentura.gov.cz\/wp-content\/uploads\/2023\/10\/img-team-7-1-300x300.png\" alt=\"\" width=\"320\" height=\"320\" srcset=\"https:\/\/apiagentura.gov.cz\/wp-content\/uploads\/2023\/10\/img-team-7-1-300x300.png 300w, https:\/\/apiagentura.gov.cz\/wp-content\/uploads\/2023\/10\/img-team-7-1-1024x1024.png 1024w, https:\/\/apiagentura.gov.cz\/wp-content\/uploads\/2023\/10\/img-team-7-1-150x150.png 150w, https:\/\/apiagentura.gov.cz\/wp-content\/uploads\/2023\/10\/img-team-7-1-768x768.png 768w, https:\/\/apiagentura.gov.cz\/wp-content\/uploads\/2023\/10\/img-team-7-1.png 1080w\" sizes=\"auto, (max-width: 320px) 100vw, 320px\" \/> <img loading=\"lazy\" decoding=\"async\" class=\"alignnone wp-image-36069\" src=\"https:\/\/www.apiagentura.gov.cz\/wp-content\/uploads\/2023\/10\/img-team-5-300x300.png\" alt=\"\" width=\"320\" height=\"320\" srcset=\"https:\/\/apiagentura.gov.cz\/wp-content\/uploads\/2023\/10\/img-team-5-300x300.png 300w, https:\/\/apiagentura.gov.cz\/wp-content\/uploads\/2023\/10\/img-team-5-1024x1024.png 1024w, https:\/\/apiagentura.gov.cz\/wp-content\/uploads\/2023\/10\/img-team-5-150x150.png 150w, https:\/\/apiagentura.gov.cz\/wp-content\/uploads\/2023\/10\/img-team-5-768x768.png 768w, https:\/\/apiagentura.gov.cz\/wp-content\/uploads\/2023\/10\/img-team-5.png 1080w\" sizes=\"auto, (max-width: 320px) 100vw, 320px\" \/> <img loading=\"lazy\" decoding=\"async\" class=\"alignnone wp-image-36104\" src=\"https:\/\/www.apiagentura.gov.cz\/wp-content\/uploads\/2023\/10\/img-team-6-300x300.png\" alt=\"\" width=\"320\" height=\"320\" srcset=\"https:\/\/apiagentura.gov.cz\/wp-content\/uploads\/2023\/10\/img-team-6-300x300.png 300w, https:\/\/apiagentura.gov.cz\/wp-content\/uploads\/2023\/10\/img-team-6-1024x1024.png 1024w, https:\/\/apiagentura.gov.cz\/wp-content\/uploads\/2023\/10\/img-team-6-150x150.png 150w, https:\/\/apiagentura.gov.cz\/wp-content\/uploads\/2023\/10\/img-team-6-768x768.png 768w, https:\/\/apiagentura.gov.cz\/wp-content\/uploads\/2023\/10\/img-team-6.png 1080w\" sizes=\"auto, (max-width: 320px) 100vw, 320px\" \/><\/p>\n<p>&nbsp;<\/p>\n<\/div>\n<\/div><\/div><\/div><\/div><\/div><\/div><div id=\"pg-35007-4\"  class=\"panel-grid panel-has-style\" ><div class=\"panel-row-style panel-row-style-for-35007-4\" ><div id=\"pgc-35007-4-0\"  class=\"panel-grid-cell\" ><div class=\"panel-cell-style panel-cell-style-for-35007-4-0\" ><div id=\"panel-35007-4-0-0\" class=\"so-panel widget widget_sow-editor panel-first-child panel-last-child\" data-index=\"7\" ><div class=\"panel-widget-style panel-widget-style-for-35007-4-0-0\" ><div\n\t\t\t\n\t\t\tclass=\"so-widget-sow-editor so-widget-sow-editor-base\"\n\t\t\t\n\t\t>\n<div class=\"siteorigin-widget-tinymce textwidget\">\n\t<p><iframe loading=\"lazy\" src=\"\/\/www.youtube.com\/embed\/LqbFR9mucIw?t=1s\" width=\"771\" height=\"432\" allowfullscreen=\"allowfullscreen\"><\/iframe><\/p>\n<\/div>\n<\/div><\/div><\/div><\/div><\/div><div id=\"pgc-35007-4-1\"  class=\"panel-grid-cell\" ><div id=\"panel-35007-4-1-0\" class=\"so-panel widget widget_sow-editor panel-first-child panel-last-child\" data-index=\"8\" ><div class=\"panel-widget-style panel-widget-style-for-35007-4-1-0\" ><div\n\t\t\t\n\t\t\tclass=\"so-widget-sow-editor so-widget-sow-editor-base\"\n\t\t\t\n\t\t>\n<div class=\"siteorigin-widget-tinymce textwidget\">\n\t<h4 style=\"text-align: justify;\"><span style=\"color: #000000;\">P\u0159idej se k n\u00e1m!<\/span><\/h4>\n<p style=\"text-align: justify;\">Zaj\u00edm\u00e1 t\u011b <strong>v\u011bda<\/strong>, <strong>v\u00fdzkum<\/strong> a <strong>inovace<\/strong>?<\/p>\n<p style=\"text-align: justify;\">Chce\u0161 se pod\u00edlet na implementaci <strong>Pr\u016fmyslu 4.0<\/strong> a podporovat <strong>rozvoj mal\u00fdch a st\u0159edn\u00edch podnik\u016f<\/strong>?<\/p>\n<p style=\"text-align: justify;\">Nebo jsi sp\u00ed\u0161 na ekologii, zaj\u00edmaj\u00ed t\u011b <strong>\u00faspory energi\u00ed<\/strong>, <strong>obnoviteln\u00e9 zdroje <\/strong>nebo <strong>n\u00edzkouhl\u00edkov\u00e9 technologie<\/strong> a r\u00e1d bys byl sou\u010d\u00e1st\u00ed p\u0159echodu na <strong>cirkul\u00e1rn\u00ed ekonomiku<\/strong>?<\/p>\n<p style=\"text-align: justify;\">P\u0159idej se k n\u00e1m <span style=\"color: #000000;\">a pod\u00edlej se na \u0159\u00edzen\u00ed opera\u010dn\u00edho programu, kter\u00fd v \u010cesk\u00e9 republice podporuje podnikatele v budov\u00e1n\u00ed siln\u00e9 a konkurenceschopn\u00e9 ekonomiky s d\u016frazem na udr\u017eitelnost.<\/span><\/p>\n<p style=\"text-align: left;\"><strong style=\"color: #000000;\"><a class=\"btn\" style=\"width: 300px; display: inline-block; text-align: center; padding: 10px;\" href=\"https:\/\/www.apiagentura.gov.cz\/cs\/op-tak\/\">Co d\u011bl\u00e1me?<\/a> \u00a0\u00a0 <a class=\"btn\" style=\"width: 300px; display: inline-block; text-align: center; padding: 10px;\" href=\"https:\/\/www.apiagentura.gov.cz\/cs\/?s=%C3%BAsp%C4%9B%C5%A1n%C3%A9+projekty\">Na\u0161e \u00fasp\u011b\u0161n\u00e9 projekty<\/a><\/strong><\/p>\n<p style=\"text-align: left;\">\n<\/div>\n<\/div><\/div><\/div><\/div><\/div><\/div><div id=\"pg-35007-5\"  class=\"panel-grid panel-no-style\" ><div id=\"pgc-35007-5-0\"  class=\"panel-grid-cell\" ><div id=\"panel-35007-5-0-0\" class=\"so-panel widget widget_sow-editor panel-first-child panel-last-child\" data-index=\"9\" ><div class=\"so-rounded panel-widget-style panel-widget-style-for-35007-5-0-0\" ><div\n\t\t\t\n\t\t\tclass=\"so-widget-sow-editor so-widget-sow-editor-base\"\n\t\t\t\n\t\t>\n<div class=\"siteorigin-widget-tinymce textwidget\">\n\t<h4 style=\"text-align: center;\"><strong>Sleduj n\u00e1s!<\/strong> \u00a0 <a href=\"https:\/\/www.facebook.com\/api.oppik\/\"><img decoding=\"async\" class=\"alignnone wp-image-35921\" src=\"https:\/\/www.apiagentura.gov.cz\/wp-content\/uploads\/2023\/10\/facebook.svg\" alt=\"\" width=\"38\" \/><\/a><a href=\"https:\/\/www.instagram.com\/apiagentura\/\"><img loading=\"lazy\" decoding=\"async\" class=\"alignnone wp-image-35922\" src=\"https:\/\/www.apiagentura.gov.cz\/wp-content\/uploads\/2023\/10\/instagram.svg\" alt=\"\" width=\"38\" height=\"150\" \/><\/a><a href=\"https:\/\/www.youtube.com\/channel\/UCMv8F1pnFforBkxNexJonNw\"><img decoding=\"async\" class=\"alignnone wp-image-35923\" src=\"https:\/\/www.apiagentura.gov.cz\/wp-content\/uploads\/2023\/10\/linked.svg\" alt=\"\" width=\"38\" \/><img loading=\"lazy\" decoding=\"async\" class=\"alignnone wp-image-35933\" src=\"https:\/\/www.apiagentura.gov.cz\/wp-content\/uploads\/2023\/10\/youtube-3.svg\" alt=\"\" width=\"38\" height=\"150\" \/><\/a><\/h4>\n<\/div>\n<\/div><\/div><\/div><\/div><\/div><\/div>","protected":false},"excerpt":{"rendered":"<p>\u00a0Aktu\u00e1ln\u011b voln\u00e9 pozice Nena\u0161el jsi tu pravou pozici pro sebe? Po\u0161li n\u00e1m svoje CV spole\u010dn\u011b s tv\u00fdmi z\u00e1jmy a ambicemi a my se ti ozveme, jakmile se u n\u00e1s objev\u00ed p\u0159\u00edle\u017eitost, kter\u00e1 by t\u011b mohla zaj\u00edmat. nabor@apiagentura.gov.cz<\/p>\n","protected":false},"author":35,"featured_media":0,"parent":8,"menu_order":0,"comment_status":"closed","ping_status":"closed","template":"","meta":{"inline_featured_image":false,"footnotes":""},"class_list":["post-35007","page","type-page","status-publish","hentry"],"publishpress_future_action":{"enabled":false,"date":"2026-05-06 15:19:56","action":"change-status","newStatus":"draft","terms":[],"taxonomy":"","extraData":[]},"publishpress_future_workflow_manual_trigger":{"enabledWorkflows":[]},"_links":{"self":[{"href":"https:\/\/apiagentura.gov.cz\/cs\/wp-json\/wp\/v2\/pages\/35007","targetHints":{"allow":["GET"]}}],"collection":[{"href":"https:\/\/apiagentura.gov.cz\/cs\/wp-json\/wp\/v2\/pages"}],"about":[{"href":"https:\/\/apiagentura.gov.cz\/cs\/wp-json\/wp\/v2\/types\/page"}],"author":[{"embeddable":true,"href":"https:\/\/apiagentura.gov.cz\/cs\/wp-json\/wp\/v2\/users\/35"}],"replies":[{"embeddable":true,"href":"https:\/\/apiagentura.gov.cz\/cs\/wp-json\/wp\/v2\/comments?post=35007"}],"version-history":[{"count":0,"href":"https:\/\/apiagentura.gov.cz\/cs\/wp-json\/wp\/v2\/pages\/35007\/revisions"}],"up":[{"embeddable":true,"href":"https:\/\/apiagentura.gov.cz\/cs\/wp-json\/wp\/v2\/pages\/8"}],"wp:attachment":[{"href":"https:\/\/apiagentura.gov.cz\/cs\/wp-json\/wp\/v2\/media?parent=35007"}],"curies":[{"name":"wp","href":"https:\/\/api.w.org\/{rel}","templated":true}]}}