{"id":35856,"date":"2023-10-25T16:28:11","date_gmt":"2023-10-25T14:28:11","guid":{"rendered":"https:\/\/www.apiagentura.gov.cz\/?page_id=35856"},"modified":"2025-01-10T15:09:14","modified_gmt":"2025-01-10T14:09:14","slug":"digitalni-podnik-technologie-4-0-vyzva-i","status":"publish","type":"page","link":"https:\/\/apiagentura.gov.cz\/cs\/podporovane-aktivity-optak\/digitalni-podnik-optak\/digitalni-podnik-technologie-4-0-vyzva-i\/","title":{"rendered":"Digit\u00e1ln\u00ed podnik \u2013 Technologie 4.0 &#8211; v\u00fdzva I"},"content":{"rendered":"<p><strong>Upozorn\u011bn\u00ed pro \u017eadatele a p\u0159\u00edjemce:<\/strong><\/p>\n<p><strong>14. 11. 2024:<\/strong> Ministerstvo pr\u016fmyslu a obchodu nav\u00fd\u0161ilo <strong>alokaci v\u00fdzvy <\/strong>Digit\u00e1ln\u00ed podnik &#8211; Technologie 4.0, v\u00fdzva I.<strong> na 2,6 mld. K\u010d.<\/strong><\/p>\n<p><strong>1. 2. 2024:<\/strong> Po vyhodnocen\u00ed pr\u016fb\u011bhu p\u0159\u00edjmu \u017e\u00e1dost\u00ed o podporu bylo rozhodnuto o\u00a0<strong>posunut\u00ed term\u00ednu<\/strong>\u00a0ukon\u010den\u00ed p\u0159\u00edjmu na\u00a0<strong>15. 3. 2024<\/strong>.<\/p>\n<p><strong>24. 11. 2023:<\/strong> Ministerstvo pr\u016fmyslu a obchodu aktualizovalo dopln\u011bn\u00ed zp\u016fsobu vykazov\u00e1n\u00ed spln\u011bn\u00ed podm\u00ednek DNSH a CP a aktualizaci formul\u00e1\u0159\u016f pro vypln\u011bn\u00ed.<\/p>\n<p>&nbsp;<\/p>\n<ul>\n<li>Jak si poradit s \u017e\u00e1dostmi o podporu do v\u00fdzvy Digit\u00e1ln\u00ed podnik &#8211; Technologie 4.0 (MPO)\u00a0 <a class=\"btn\" href=\"https:\/\/www.youtube.com\/watch?v=9v_AN2fyh64\">Z\u00c1ZNAM WEBIN\u00c1\u0158E<\/a><\/li>\n<\/ul>\n<table class=\"call-detail\" style=\"height: 1226px; width: 38.0373%;\" width=\"749\">\n<tbody>\n<tr style=\"height: 456px;\">\n<td style=\"width: 33.3333%; height: 923px;\" rowspan=\"2\"><strong>Na co lze z\u00edskat podporu<\/strong>\u00a0(podporovan\u00e9 aktivity):<\/p>\n<ul>\n<li>Po\u0159\u00edzen\u00ed nov\u00fdch technologick\u00fdch za\u0159\u00edzen\u00ed a vybaven\u00ed v\u010d. pot\u0159ebn\u00e9 infrastruktury za \u00fa\u010delem digit\u00e1ln\u00ed transformace spole\u010dnosti. Digitalizace a automatizace v\u00fdroby, zefektivn\u011bn\u00ed poskytov\u00e1n\u00ed slu\u017eeb nebo vytvo\u0159en\u00ed podm\u00ednek pro jejich zaveden\u00ed.<\/li>\n<\/ul>\n<p><strong>Kdo m\u016f\u017ee \u017e\u00e1dat<\/strong>\u00a0(p\u0159\u00edjemci podpory):<\/p>\n<ul>\n<li>mal\u00e9 a st\u0159edn\u00ed podniky<\/li>\n<\/ul>\n<p><strong>Syst\u00e9m sb\u011bru \u017e\u00e1dost\u00ed:<\/strong><\/p>\n<ul>\n<li>kolov\u00fd<\/li>\n<\/ul>\n<p><strong>Nepodporovan\u00e9 aktivity:<\/strong><\/p>\n<ul>\n<li>stavebn\u00ed pr\u00e1ce<\/li>\n<li>prost\u00e1 obnova majetku<\/li>\n<li>po\u0159\u00edzen\u00ed kolov\u00fdch a p\u00e1sov\u00fdch vozidel a kolov\u00fdch a p\u00e1sov\u00fdch stroj\u016f v\u010detn\u011b p\u0159\u00edslu\u0161enstv\u00ed<\/li>\n<li>po\u0159\u00edzen\u00ed kancel\u00e1\u0159sk\u00e9ho n\u00e1bytku a vybaven\u00ed<\/li>\n<li>po\u0159\u00edzen\u00ed repasovan\u00fdch stroj\u016f a za\u0159\u00edzen\u00ed<\/li>\n<\/ul>\n<\/td>\n<td style=\"width: 33.3333%; height: 456px;\"><b>V\u00fd\u0161e celkov\u00fdch zp\u016fsobil\u00fdch v\u00fddaj\u016f na projekt:<\/b><\/p>\n<ul>\n<li>minim\u00e1ln\u00ed v\u00fd\u0161e celkov\u00fdch zp\u016fsobil\u00fdch v\u00fddaj\u016f na projekt mus\u00ed b\u00fdt <strong>5 mil. K\u010d<\/strong> a maxim\u00e1ln\u011b <strong>50 mil. K\u010d<\/strong>.<\/li>\n<\/ul>\n<p><strong>M\u00edra podpory:<\/strong><\/p>\n<ul>\n<li>dle <strong>region\u00e1ln\u00ed mapy podpory<\/strong> &#8211;\u00a0 v\u00edce <span style=\"text-decoration: underline;\"><a href=\"https:\/\/www.apiagentura.gov.cz\/cs\/nova-mapa-regionalni-podpory\/\">ZDE<\/a><\/span><\/li>\n<\/ul>\n<p>&#8211; mal\u00fd podnik: <strong>40 &#8211; 60 %<\/strong><\/p>\n<p>&#8211; st\u0159edn\u00ed podnik: <strong>30 &#8211; 50 %<\/strong><\/td>\n<td style=\"width: 33.3333%; height: 456px;\"><img loading=\"lazy\" decoding=\"async\" class=\"alignnone size-full wp-image-30040\" src=\"https:\/\/www.apiagentura.gov.cz\/wp-content\/uploads\/2022\/07\/optak-aktivita-1-digitalni-podnik-660x660-1.png\" alt=\"\" width=\"660\" height=\"660\" srcset=\"https:\/\/apiagentura.gov.cz\/wp-content\/uploads\/2022\/07\/optak-aktivita-1-digitalni-podnik-660x660-1.png 660w, https:\/\/apiagentura.gov.cz\/wp-content\/uploads\/2022\/07\/optak-aktivita-1-digitalni-podnik-660x660-1-300x300.png 300w, https:\/\/apiagentura.gov.cz\/wp-content\/uploads\/2022\/07\/optak-aktivita-1-digitalni-podnik-660x660-1-150x150.png 150w\" sizes=\"auto, (max-width: 660px) 100vw, 660px\" \/><\/td>\n<\/tr>\n<tr style=\"height: 467px;\">\n<td style=\"width: 33.3333%; height: 467px;\"><strong>Jak\u00e9 v\u00fddaje je mo\u017en\u00e9 podpo\u0159it\u00a0<\/strong>(zp\u016fsobil\u00e9 v\u00fddaje):<\/p>\n<p>&nbsp;<\/p>\n<ul>\n<li>dlouhodob\u00fd hmotn\u00fd majetek<\/li>\n<li>dlouhodob\u00fd nehmotn\u00fd majetek<\/li>\n<li>slu\u017eby<\/li>\n<\/ul>\n<p>&nbsp;<\/td>\n<td style=\"width: 33.3333%; height: 770px;\" rowspan=\"2\"><strong>Specifika a omezen\u00ed:<\/strong><\/p>\n<ul>\n<li>Projekt mus\u00ed b\u00fdt realizov\u00e1n na \u00fazem\u00ed \u010cR mimo NUTS 2 Praha.<\/li>\n<li><strong>1 \u017eadatel<\/strong> (1 I\u010c) m\u016f\u017ee m\u00edt v r\u00e1mci<br \/>\nV\u00fdzvy pouze <strong>1 aktivn\u00ed \u017e\u00e1dost<\/strong><\/li>\n<li>Podpo\u0159eny mohou b\u00fdt projekty, kter\u00e9 ve v\u011bcn\u00e9m<br \/>\nhodnocen\u00ed z\u00edskaj\u00ed <strong>min. 35 bod\u016f z 80 mo\u017en\u00fdch.<\/strong><\/li>\n<\/ul>\n<p><strong>Kategorie v\u011bcn\u00e9ho hodnocen\u00ed projekt\u016f:<\/strong><\/p>\n<ul>\n<li>Pr\u00e1ce s daty \u2013 datov\u00e1 integrace<\/li>\n<li>Komunika\u010dn\u00ed a identifika\u010dn\u00ed infrastruktura<\/li>\n<li>Robotizace, automatizace, aditivn\u00ed technologie, m\u011b\u0159en\u00ed<\/li>\n<li>Predikce poruch, optimalizace \u00fadr\u017eby<\/li>\n<li>Kybernetick\u00e1 bezpe\u010dnost<\/li>\n<li>Digital skills<\/li>\n<\/ul>\n<\/td>\n<\/tr>\n<tr style=\"height: 303px;\">\n<td style=\"width: 66.6666%; height: 303px;\" colspan=\"2\"><img loading=\"lazy\" decoding=\"async\" class=\"alignnone wp-image-36003 size-full\" src=\"https:\/\/www.apiagentura.gov.cz\/wp-content\/uploads\/2023\/10\/web-vyzva-optak-dp-p4.0-1.png\" alt=\"\" width=\"1072\" height=\"500\" srcset=\"https:\/\/apiagentura.gov.cz\/wp-content\/uploads\/2023\/10\/web-vyzva-optak-dp-p4.0-1.png 1072w, https:\/\/apiagentura.gov.cz\/wp-content\/uploads\/2023\/10\/web-vyzva-optak-dp-p4.0-1-300x140.png 300w, https:\/\/apiagentura.gov.cz\/wp-content\/uploads\/2023\/10\/web-vyzva-optak-dp-p4.0-1-1024x478.png 1024w, https:\/\/apiagentura.gov.cz\/wp-content\/uploads\/2023\/10\/web-vyzva-optak-dp-p4.0-1-768x358.png 768w\" sizes=\"auto, (max-width: 1072px) 100vw, 1072px\" \/><\/td>\n<\/tr>\n<\/tbody>\n<\/table>\n<p><\/p>","protected":false},"excerpt":{"rendered":"<p>Podpora MSP prost\u0159ednictv\u00edm po\u0159\u00edzen\u00ed nov\u00fdch stroj\u016f, technologick\u00fdch za\u0159\u00edzen\u00ed a vybaven\u00ed, SW \u0159e\u0161en\u00ed, IT infrastruktury a slu\u017eeb.<\/p>\n","protected":false},"author":1,"featured_media":0,"parent":30039,"menu_order":0,"comment_status":"closed","ping_status":"closed","template":"","meta":{"inline_featured_image":false,"footnotes":""},"class_list":["post-35856","page","type-page","status-publish","hentry"],"publishpress_future_action":{"enabled":false,"date":"2026-05-02 06:19:13","action":"change-status","newStatus":"draft","terms":[],"taxonomy":"","extraData":[]},"publishpress_future_workflow_manual_trigger":{"enabledWorkflows":[]},"_links":{"self":[{"href":"https:\/\/apiagentura.gov.cz\/cs\/wp-json\/wp\/v2\/pages\/35856","targetHints":{"allow":["GET"]}}],"collection":[{"href":"https:\/\/apiagentura.gov.cz\/cs\/wp-json\/wp\/v2\/pages"}],"about":[{"href":"https:\/\/apiagentura.gov.cz\/cs\/wp-json\/wp\/v2\/types\/page"}],"author":[{"embeddable":true,"href":"https:\/\/apiagentura.gov.cz\/cs\/wp-json\/wp\/v2\/users\/1"}],"replies":[{"embeddable":true,"href":"https:\/\/apiagentura.gov.cz\/cs\/wp-json\/wp\/v2\/comments?post=35856"}],"version-history":[{"count":0,"href":"https:\/\/apiagentura.gov.cz\/cs\/wp-json\/wp\/v2\/pages\/35856\/revisions"}],"up":[{"embeddable":true,"href":"https:\/\/apiagentura.gov.cz\/cs\/wp-json\/wp\/v2\/pages\/30039"}],"wp:attachment":[{"href":"https:\/\/apiagentura.gov.cz\/cs\/wp-json\/wp\/v2\/media?parent=35856"}],"curies":[{"name":"wp","href":"https:\/\/api.w.org\/{rel}","templated":true}]}}