{"id":36658,"date":"2023-12-21T11:20:02","date_gmt":"2023-12-21T10:20:02","guid":{"rendered":"https:\/\/www.apiagentura.gov.cz\/?page_id=36658"},"modified":"2026-03-03T08:56:02","modified_gmt":"2026-03-03T07:56:02","slug":"energeticka-infrastruktura-oze-v-lds-vyzva-i","status":"publish","type":"page","link":"https:\/\/apiagentura.gov.cz\/cs\/podporovane-aktivity-optak\/energeticka-infrastruktura-optak\/energeticka-infrastruktura-oze-v-lds-vyzva-i\/","title":{"rendered":"Energetick\u00e1 infrastruktura \u2013 OZE v LDS &#8211; v\u00fdzva I"},"content":{"rendered":"<p><strong>Upozorn\u011bn\u00ed pro \u017eadatele a p\u0159\u00edjemce:<\/strong><\/p>\n<p><strong>29. 10. 2025:\u00a0<\/strong> MPO informovalo o zve\u0159ejn\u011bn\u00ed vzoru Rozhodnut\u00ed o poskytnut\u00ed dotace pro v\u00fdzvu Energetick\u00e1 infrastruktura \u2013 OZE v LDS \u2013 v\u00fdzva I. OP TAK.<\/p>\n<table class=\"call-detail\" style=\"height: 278px;\" width=\"749\">\n<tbody>\n<tr>\n<td style=\"width: 33.3333%;\" rowspan=\"2\"><strong>Na co lze z\u00edskat podporu<\/strong>\u00a0(podporovan\u00e9 aktivity):<\/p>\n<p><strong>A) Modernizace silov\u00e9 (konven\u010dn\u00ed) infrastruktury<\/strong><\/p>\n<ul>\n<li>Pos\u00edlen\u00ed venkovn\u00edho veden\u00ed\/kabelov\u00e9ho veden\u00ed.<\/li>\n<li>V\u00fdstavba a modernizace rozvodny\/elektrick\u00e9 stanice.<\/li>\n<li>N\u00e1kup a instalace rozv\u00e1d\u011b\u010d\u016f\/transform\u00e1tor\u016f.<\/li>\n<li>N\u00e1kup a instalace vnit\u0159n\u00ed TS, kobky TS, dovybaven\u00ed TS\/p\u0159\u00edpolo\u017eek trubky HDPE a optick\u00e9ho kabelu\/trafostanice (TS) sto\u017e\u00e1rov\u00e9, kioskov\u00e9 a zd\u011bn\u00e9.<\/li>\n<\/ul>\n<p><strong>B)<\/strong> <strong>Instalace chytr\u00fdch prvk\u016f distribu\u010dn\u00edch s\u00edt\u00ed<\/strong><\/p>\n<ul>\n<li>D\u00e1lkov\u00e1 ovl\u00e1d\u00e1n\u00ed, sledov\u00e1n\u00ed automatizace, regulace, inteligentn\u00ed m\u011b\u0159en\u00ed apod.<\/li>\n<\/ul>\n<p>P\u0159ehled v\u0161ech mo\u017enost\u00ed podporovan\u00fdch prvk\u016f viz V\u00fdzva kap. 4.1.<\/p>\n<p><strong>Kdo m\u016f\u017ee \u017e\u00e1dat<\/strong>\u00a0(p\u0159\u00edjemci podpory):<\/p>\n<ul>\n<li>mal\u00e9 a st\u0159edn\u00ed podniky<\/li>\n<li>velk\u00e9 podniky<\/li>\n<\/ul>\n<p><strong>Syst\u00e9m sb\u011bru \u017e\u00e1dost\u00ed:<\/strong><\/p>\n<ul>\n<li>pr\u016fb\u011b\u017en\u00fd<\/li>\n<\/ul>\n<\/td>\n<td style=\"width: 33.3333%;\"><strong>Kolik lze z\u00edskat na jeden projekt\u00a0<\/strong>(forma a v\u00fd\u0161e podpory):<\/p>\n<p><strong>V\u00fd\u0161e podpory:<\/strong><\/p>\n<ul>\n<li>dotace na projekt je poskytov\u00e1na minim\u00e1ln\u011b ve v\u00fd\u0161i <strong>1,5 mil. K\u010d<\/strong> a maxim\u00e1ln\u011b do v\u00fd\u0161e <strong>100 mil.<\/strong> K\u010d.<\/li>\n<\/ul>\n<p><strong>M\u00edra podpory:<\/strong><\/p>\n<ul>\n<li><strong>50 %<\/strong>\u00a0celkov\u00fdch zp\u016fsobil\u00fdch v\u00fddaj\u016f<\/li>\n<\/ul>\n<\/td>\n<td style=\"width: 33.3333%;\"><img loading=\"lazy\" decoding=\"async\" class=\"alignnone size-full wp-image-32751\" src=\"https:\/\/www.apiagentura.gov.cz\/wp-content\/uploads\/2023\/03\/optak-aktivita-4-energ-infrastruktura-660x660-1.png\" alt=\"\" width=\"660\" height=\"660\" srcset=\"https:\/\/apiagentura.gov.cz\/wp-content\/uploads\/2023\/03\/optak-aktivita-4-energ-infrastruktura-660x660-1.png 660w, https:\/\/apiagentura.gov.cz\/wp-content\/uploads\/2023\/03\/optak-aktivita-4-energ-infrastruktura-660x660-1-300x300.png 300w, https:\/\/apiagentura.gov.cz\/wp-content\/uploads\/2023\/03\/optak-aktivita-4-energ-infrastruktura-660x660-1-150x150.png 150w\" sizes=\"auto, (max-width: 660px) 100vw, 660px\" \/><\/td>\n<\/tr>\n<tr>\n<td style=\"width: 33.3333%;\"><strong>Jak\u00e9 v\u00fddaje je mo\u017en\u00e9 podpo\u0159it\u00a0<\/strong>(zp\u016fsobil\u00e9 v\u00fddaje):<\/p>\n<ul>\n<li>Dlouhodob\u00fd hmotn\u00fd majetek<\/li>\n<li>Dlouhodob\u00fd nehmotn\u00fd majetek<\/li>\n<\/ul>\n<\/td>\n<td style=\"width: 33.3333%;\" rowspan=\"2\"><strong>Specifika a omezen\u00ed:<\/strong><\/p>\n<ul>\n<li>LDS = lok\u00e1ln\u00ed distribu\u010dn\u00ed soustava.<\/li>\n<li>Projekt mus\u00ed b\u00fdt realizov\u00e1n na \u00fazem\u00ed \u010cR mimo NUTS 2 Praha.<\/li>\n<li>\u017dadatelem mohou b\u00fdt <strong>licencovan\u00e9 subjekty <\/strong>podnikaj\u00edc\u00ed v energetick\u00fdch odv\u011btv\u00edch.<\/li>\n<li><strong>Po\u010det \u017e\u00e1dost\u00ed o podporu<\/strong> na jeden subjekt\u00a0 (jedno I\u010c) <strong>nen\u00ed omezen<\/strong>.<\/li>\n<\/ul>\n<p>&nbsp;<\/td>\n<\/tr>\n<tr>\n<td style=\"width: 33.3333%;\" colspan=\"2\"><img loading=\"lazy\" decoding=\"async\" class=\"alignnone wp-image-36693 size-full\" src=\"https:\/\/www.apiagentura.gov.cz\/wp-content\/uploads\/2023\/11\/web-vyzva-optak-ei-ozevlds-i.png\" alt=\"\" width=\"1072\" height=\"500\" srcset=\"https:\/\/apiagentura.gov.cz\/wp-content\/uploads\/2023\/11\/web-vyzva-optak-ei-ozevlds-i.png 1072w, https:\/\/apiagentura.gov.cz\/wp-content\/uploads\/2023\/11\/web-vyzva-optak-ei-ozevlds-i-300x140.png 300w, https:\/\/apiagentura.gov.cz\/wp-content\/uploads\/2023\/11\/web-vyzva-optak-ei-ozevlds-i-1024x478.png 1024w, https:\/\/apiagentura.gov.cz\/wp-content\/uploads\/2023\/11\/web-vyzva-optak-ei-ozevlds-i-768x358.png 768w\" sizes=\"auto, (max-width: 1072px) 100vw, 1072px\" \/><\/td>\n<\/tr>\n<\/tbody>\n<\/table>\n<p><\/p>","protected":false},"excerpt":{"rendered":"<p>C\u00edlem v\u00fdzvy je pos\u00edlen\u00ed distribu\u010dn\u00edch s\u00edt\u00ed a nav\u00fd\u0161en\u00ed jejich p\u0159ipojiteln\u00e9ho v\u00fdkonu OZE podporou rozvoje chytr\u00fdch s\u00edt\u00ed a konven\u010dn\u00edm pos\u00edlen\u00edm s\u00edt\u00ed v souvislosti s rozvojem obnoviteln\u00fdch zdroj\u016f v \u010cR.<\/p>\n","protected":false},"author":1,"featured_media":0,"parent":30072,"menu_order":0,"comment_status":"closed","ping_status":"closed","template":"","meta":{"inline_featured_image":false,"footnotes":""},"class_list":["post-36658","page","type-page","status-publish","hentry"],"publishpress_future_action":{"enabled":false,"date":"2026-05-02 06:25:44","action":"change-status","newStatus":"draft","terms":[],"taxonomy":"","extraData":[]},"publishpress_future_workflow_manual_trigger":{"enabledWorkflows":[]},"_links":{"self":[{"href":"https:\/\/apiagentura.gov.cz\/cs\/wp-json\/wp\/v2\/pages\/36658","targetHints":{"allow":["GET"]}}],"collection":[{"href":"https:\/\/apiagentura.gov.cz\/cs\/wp-json\/wp\/v2\/pages"}],"about":[{"href":"https:\/\/apiagentura.gov.cz\/cs\/wp-json\/wp\/v2\/types\/page"}],"author":[{"embeddable":true,"href":"https:\/\/apiagentura.gov.cz\/cs\/wp-json\/wp\/v2\/users\/1"}],"replies":[{"embeddable":true,"href":"https:\/\/apiagentura.gov.cz\/cs\/wp-json\/wp\/v2\/comments?post=36658"}],"version-history":[{"count":1,"href":"https:\/\/apiagentura.gov.cz\/cs\/wp-json\/wp\/v2\/pages\/36658\/revisions"}],"predecessor-version":[{"id":45538,"href":"https:\/\/apiagentura.gov.cz\/cs\/wp-json\/wp\/v2\/pages\/36658\/revisions\/45538"}],"up":[{"embeddable":true,"href":"https:\/\/apiagentura.gov.cz\/cs\/wp-json\/wp\/v2\/pages\/30072"}],"wp:attachment":[{"href":"https:\/\/apiagentura.gov.cz\/cs\/wp-json\/wp\/v2\/media?parent=36658"}],"curies":[{"name":"wp","href":"https:\/\/api.w.org\/{rel}","templated":true}]}}