{"id":37777,"date":"2024-04-11T11:46:14","date_gmt":"2024-04-11T09:46:14","guid":{"rendered":"https:\/\/www.apiagentura.gov.cz\/?page_id=37777"},"modified":"2025-06-25T15:08:49","modified_gmt":"2025-06-25T13:08:49","slug":"spoluprace-klastry-vyzva-ii","status":"publish","type":"page","link":"https:\/\/apiagentura.gov.cz\/cs\/podporovane-aktivity-optak\/spoluprace-optak\/spoluprace-klastry-vyzva-ii\/","title":{"rendered":"Spolupr\u00e1ce \u2014 Klastry &#8211; v\u00fdzva II"},"content":{"rendered":"<p><strong>Upozorn\u011bn\u00ed pro \u017eadatele a p\u0159\u00edjemce:<\/strong><\/p>\n<p><strong>5. 4. 2025:<\/strong> <strong>Prodlou\u017een\u00ed p\u0159\u00edjmu \u017e\u00e1dost\u00ed<\/strong> prob\u011bhlo v r\u00e1mci aktu\u00e1ln\u00ed v\u00fdzvy programu Spolupr\u00e1ce \u2013 klastry \u2013 v\u00fdzva II., a to pouze <strong>pro projekty pod\u00e1van\u00e9 do aktivity 4.1a)<\/strong>, kter\u00e9 budou <strong>realizov\u00e1ny s\u00a0mezin\u00e1rodn\u00ed spoluprac\u00ed v\u00a0r\u00e1mci s\u00edt\u011b CORNET<\/strong>. Nov\u00fd term\u00edn ukon\u010den\u00ed p\u0159\u00edjmu \u017e\u00e1dost\u00ed o podporu pro tyto projekty je stanoven na <strong>30. 10. 2025 v 11.00. U ostatn\u00edch aktivit je p\u0159\u00edjem ji\u017e UZAV\u0158EN.<\/strong><\/p>\n<p><strong>26. 3. 2025: <\/strong>Ministerstvo pr\u016fmyslu a obchodu rozhodlo\u00a0o <strong>prodlou\u017een\u00ed p\u0159\u00edjmu \u017e\u00e1dost\u00ed<\/strong> v r\u00e1mci aktu\u00e1ln\u00ed v\u00fdzvy programu Spolupr\u00e1ce \u2013 klastry \u2013 v\u00fdzva II., a to pouze <strong>pro projekty pod\u00e1van\u00e9 do aktivity 4.1a)<\/strong>, kter\u00e9 budou <strong>realizov\u00e1ny s\u00a0mezin\u00e1rodn\u00ed spoluprac\u00ed v\u00a0r\u00e1mci s\u00edt\u011b CORNET<\/strong>. Nov\u00fd term\u00edn ukon\u010den\u00ed p\u0159\u00edjmu \u017e\u00e1dost\u00ed o podporu pro tyto projekty je stanoven na <strong>30. 10. 2025 v\u00a011.00<\/strong>.<\/p>\n<p><strong>Upozorn\u011bn\u00ed:<\/strong> Zm\u011bna se nedotkne \u017e\u00e1dost\u00ed pod\u00e1van\u00fdch do p\u016fvodn\u00edho term\u00ednu 5. 4. 2025 do 11:00. \u017d\u00e1dosti v\u00a0aktivit\u00e1ch 4.1a) bez mezin\u00e1rodn\u00ed spolupr\u00e1ce a v\u0161echny \u017e\u00e1dosti v\u00a0aktivit\u00e1ch 4.1b) a 4.1c) budou p\u0159ij\u00edm\u00e1ny do p\u016fvodn\u011b stanov\u00e9ho term\u00ednu. \u017d\u00e1dosti podan\u00e9 po tomto term\u00ednu a\u017e do nov\u00e9ho ukon\u010den\u00ed p\u0159\u00edjmu budou p\u0159ij\u00edm\u00e1ny pouze pro \u017e\u00e1dosti s\u00a0mezin\u00e1rodn\u00ed spoluprac\u00ed v\u00a0r\u00e1mci s\u00edt\u011b CORNET. T\u00edmto opat\u0159en\u00edm umo\u017en\u00edme \u010desk\u00fdm \u017eadatel\u016fm realizaci mezin\u00e1rodn\u00edch v\u00fdzkumn\u00fdch projekt\u016f i v\u00a0dal\u0161\u00ed v\u00fdzv\u011b CORNET v\u00a0roce 2025. Otev\u0159en\u00ed dal\u0161\u00ed v\u00fdzvy CORNET je pl\u00e1nov\u00e1no na \u010derven 2025 s\u00a0p\u0159edpokl\u00e1dan\u00fdm p\u0159\u00edjmem \u017e\u00e1dost\u00ed do konce z\u00e1\u0159\u00ed 2025.\u201c<\/p>\n<p><strong>27. 2. 2025:<\/strong> Ministerstvo pr\u016fmyslu a obchodu rozhodlo o zm\u011bn\u011b textace v\u00fdzvy, kap. 8.2, bod\u016f b) a h) za \u00fa\u010delem zaji\u0161t\u011bn\u00ed efektivity v procesu kontrol \u017e\u00e1dost\u00ed o podporu p\u0159ed vyd\u00e1n\u00edm Rozhodnut\u00ed o poskytnut\u00ed dotace a sn\u00ed\u017een\u00ed administrativn\u00ed z\u00e1t\u011b\u017ee na stran\u011b \u017eadatel\u016f o podporu. \u017dadatel\u00e9 nov\u011b budou povinni podlo\u017eit \u00fadaje uveden\u00e9 v Prohl\u00e1\u0161en\u00ed k velikosti podniku pouze u projekt\u016f s po\u017eadovanou dotac\u00ed ve v\u00fd\u0161i 1,5 mil. K\u010d a vy\u0161\u0161\u00ed, p\u0159\u00edpadn\u011b na v\u00fdzvu \u0158O OP TAK \/ ZS API. D\u00e1le doch\u00e1z\u00ed k \u00faprav\u011b textace bodu h) do souladu s aktu\u00e1ln\u00edm zn\u011bn\u00edm \u00a7 4c z\u00e1kona \u010d. 159\/2006 Sb., o st\u0159etu z\u00e1jm\u016f a \u017eadatel\u00e9 nov\u011b budou povinni dokl\u00e1dat statut a p\u0159\u00edpadn\u011b dal\u0161\u00ed dokumenty, ze kter\u00fdch bude z\u0159ejm\u00e9, kdo je zakladatel, spr\u00e1vce, obmy\u0161len\u00fd, osoba opr\u00e1vn\u011bn\u00e1 k v\u00fdkonu dohledu nad spr\u00e1vou, \u010di p\u0159\u00edpadn\u011b osoby s obdobn\u00fdmi pravomocemi pouze v p\u0159\u00edpad\u011b, \u017ee jsou obchodn\u00ed korporac\u00ed, kter\u00e1 m\u00e1 25% nebo v\u011bt\u0161\u00ed pod\u00edl(y) (\u010di stejn\u00e9 procento akci\u00ed) p\u0159\u00edmo \u010di nep\u0159\u00edmo vlo\u017een(y) do zahrani\u010dn\u00edho sv\u011b\u0159ensk\u00e9ho fondu. V p\u0159\u00edpad\u011b \u010desk\u00e9ho sv\u011b\u0159ensk\u00e9ho fond\u016f si \u0158O zajist\u00ed pdf verzi v\u00fdpisu z Evidence sv\u011b\u0159ensk\u00fdch fond\u016f. Zm\u011bny nab\u00fdvaj\u00ed \u00fa\u010dinnosti k datu 28. 2. 2025.<\/p>\n<ul>\n<li>P\u0159edstaven\u00ed v\u00fdzvy II. a uk\u00e1zka pod\u00e1n\u00ed \u017e\u00e1dosti o podporu v IS KP21+ <a class=\"btn\" href=\"https:\/\/www.youtube.com\/watch?v=8U7H0N-X288&amp;t=8s\">Z\u00c1ZNAM WEBIN\u00c1\u0158E<\/a><\/li>\n<\/ul>\n<table class=\"call-detail\" style=\"height: 510px; width: 99.1344%;\" width=\"749\">\n<tbody>\n<tr style=\"height: 250px;\">\n<td style=\"width: 33.3333%; height: 274px;\" rowspan=\"2\"><strong>Na co lze z\u00edskat podporu<\/strong>\u00a0(podporovan\u00e9 aktivity):<\/p>\n<p><strong>A) Kolektivn\u00ed v\u00fdzkum:<\/strong><\/p>\n<ul>\n<li>V\u00fdzkumn\u00e9 a v\u00fdvojov\u00e9 aktivity, odpov\u00eddaj\u00edc\u00ed inova\u010dn\u00edm pot\u0159eb\u00e1m podnik\u016f dan\u00e9ho pr\u016fmyslov\u00e9ho odv\u011btv\u00ed nebo specifick\u00e9 technologick\u00e9 oblasti.<\/li>\n<\/ul>\n<p><strong>B) Sd\u00edlen\u00e1 infrastruktura:<\/strong><\/p>\n<ul>\n<li>Zalo\u017een\u00ed\/rozvoj a vybaven\u00ed centra klastru.<\/li>\n<\/ul>\n<p><strong>C) Rozvoj inova\u010dn\u00edho klastru:<\/strong><\/p>\n<ul>\n<li>Roz\u0161i\u0159ov\u00e1n\u00ed klastru a zvy\u0161ov\u00e1n\u00ed kvality jeho<br \/>\n\u0159\u00edzen\u00ed, zav\u00e1d\u011bn\u00ed pokro\u010dil\u00fdch technologi\u00ed,<br \/>\nsd\u00edlen\u00ed znalost\u00ed a internacionalizace.<\/li>\n<\/ul>\n<p><strong>Kdo m\u016f\u017ee \u017e\u00e1dat<\/strong>\u00a0(p\u0159\u00edjemci podpory):<\/p>\n<ul>\n<li>mal\u00e9 a st\u0159edn\u00ed podniky<\/li>\n<li>velk\u00e9 podniky<\/li>\n<li>v\u00fdzkumn\u00e9 organizace<\/li>\n<\/ul>\n<p><strong>Syst\u00e9m sb\u011bru \u017e\u00e1dost\u00ed:<\/strong><\/p>\n<ul>\n<li>pr\u016fb\u011b\u017en\u00fd<\/li>\n<\/ul>\n<\/td>\n<td style=\"width: 33.3333%; height: 250px;\"><strong>Kolik lze z\u00edskat na jeden projekt\u00a0<\/strong>(forma a v\u00fd\u0161e podpory):<\/p>\n<ul>\n<li><strong>Celkov\u00e9 zp\u016fsobil\u00e9 v\u00fddaje<\/strong> na projekt mus\u00ed b\u00fdt <strong>minim\u00e1ln\u011b ve v\u00fd\u0161i 2 mil. K\u010d<\/strong> a maxim\u00e1ln\u011b do v\u00fd\u0161e dle aktivit a typu klastru &#8211; v\u00edce kap. 9.2 V\u00fdzvy.<\/li>\n<\/ul>\n<p><strong>M\u00edra podpory:<\/strong><\/p>\n<ul>\n<li>aktivita A): <strong>25 \u2013 70 %<\/strong><\/li>\n<li>aktivita B a C): <strong>50 %<\/strong><\/li>\n<\/ul>\n<\/td>\n<td style=\"width: 33.3333%; height: 250px;\"><img loading=\"lazy\" decoding=\"async\" class=\"alignnone size-full wp-image-30037\" src=\"https:\/\/www.apiagentura.gov.cz\/wp-content\/uploads\/2022\/07\/optak-aktivita-1-spoluprace-660x660-1.png\" alt=\"\" width=\"660\" height=\"660\" srcset=\"https:\/\/apiagentura.gov.cz\/wp-content\/uploads\/2022\/07\/optak-aktivita-1-spoluprace-660x660-1.png 660w, https:\/\/apiagentura.gov.cz\/wp-content\/uploads\/2022\/07\/optak-aktivita-1-spoluprace-660x660-1-300x300.png 300w, https:\/\/apiagentura.gov.cz\/wp-content\/uploads\/2022\/07\/optak-aktivita-1-spoluprace-660x660-1-150x150.png 150w\" sizes=\"auto, (max-width: 660px) 100vw, 660px\" \/><\/td>\n<\/tr>\n<tr style=\"height: 24px;\">\n<td style=\"width: 33.3333%; height: 24px;\"><strong>Specifika a omezen\u00ed:<\/strong><\/p>\n<ul>\n<li>Projekt mus\u00ed b\u00fdt realizov\u00e1n na<strong>\u00a0\u00fazem\u00ed \u010cR mimo NUTS II Praha.<\/strong><\/li>\n<li>V aktivit\u011b <strong>A)<\/strong> a <strong>B)<\/strong> m\u016f\u017ee <strong>1 \u017eadatel<\/strong> (1 I\u010cO) podat max. <strong>2 \u017e\u00e1dosti<\/strong> o podporu.<\/li>\n<li>V aktivit\u011b <strong>C)<\/strong> pouze <strong>1 \u017e\u00e1dost<\/strong> o podporu a z\u00e1rove\u0148 nesm\u00ed m\u00edt aktivn\u00ed \u017e\u00e1dost v aktivit\u011b C) v I. V\u00fdzv\u011b aktivity Spolupr\u00e1ce &#8211; klastry.<\/li>\n<li><strong>Nezral\u00fd klastr:<\/strong> minim\u00e1ln\u011b <strong>10 MSP<\/strong> <strong>+ 1<\/strong> organizace pro v\u00fdzkum a \u0161\u00ed\u0159en\u00ed znalost\u00ed<\/li>\n<li><strong>Rozvinut\u00fd klastr:<\/strong> minim\u00e1ln\u011b <strong>10 MSP 2<\/strong>\u00a0organizace pro v\u00fdzkum a \u0161\u00ed\u0159en\u00ed znalost\u00ed<\/li>\n<li><strong>Excelentn\u00ed klastr:<\/strong> minim\u00e1ln\u011b <strong>15 MSP + 2<\/strong>\u00a0organizace pro v\u00fdzkum a \u0161\u00ed\u0159en\u00ed znalost\u00ed<\/li>\n<\/ul>\n<\/td>\n<td style=\"width: 33.3333%; height: 260px;\" rowspan=\"2\"><strong>Jak\u00e9 v\u00fddaje je mo\u017en\u00e9 podpo\u0159it\u00a0<\/strong>(zp\u016fsobil\u00e9 v\u00fddaje):<\/p>\n<p><strong>Aktivita A)<\/strong><\/p>\n<ul>\n<li>osobn\u00ed n\u00e1klady<\/li>\n<li>smluvn\u00ed v\u00fdzkum<\/li>\n<li>konzulta\u010dn\u00ed slu\u017eby<\/li>\n<li>materi\u00e1l<\/li>\n<li>re\u017eijn\u00ed n\u00e1klady<\/li>\n<\/ul>\n<p><strong>Aktivita B)<\/strong><\/p>\n<ul>\n<li>stroje a za\u0159\u00edzen\u00ed v\u010detn\u011b hardware a s\u00edt\u00ed<\/li>\n<li>software a data<\/li>\n<li>pr\u00e1va du\u0161evn\u00edho vlastnictv\u00ed<\/li>\n<\/ul>\n<p><strong>Aktivita C)<\/strong><\/p>\n<ul>\n<li>osobn\u00ed n\u00e1klady a cestovn\u00e9<\/li>\n<li>slu\u017eby poradc\u016f, expert\u016f a studie<\/li>\n<li>marketing a propagace<\/li>\n<li>semin\u00e1\u0159e, konference<\/li>\n<li>n\u00e1jemn\u00e9<\/li>\n<li>re\u017eijn\u00ed n\u00e1klady<\/li>\n<li>n\u00e1klady na z\u00edsk\u00e1n\u00ed zn\u00e1mky excelence ESCA (The European Secretariat for Cluster Analysis)<\/li>\n<\/ul>\n<\/td>\n<\/tr>\n<tr style=\"height: 236px;\">\n<td style=\"width: 33.3333%; height: 236px;\" colspan=\"2\"><img loading=\"lazy\" decoding=\"async\" class=\"alignnone wp-image-38115 size-full\" src=\"https:\/\/www.apiagentura.gov.cz\/wp-content\/uploads\/2024\/04\/web-vyzva-optak-s-klastry-ii.png\" alt=\"\" width=\"1072\" height=\"500\" srcset=\"https:\/\/apiagentura.gov.cz\/wp-content\/uploads\/2024\/04\/web-vyzva-optak-s-klastry-ii.png 1072w, https:\/\/apiagentura.gov.cz\/wp-content\/uploads\/2024\/04\/web-vyzva-optak-s-klastry-ii-300x140.png 300w, https:\/\/apiagentura.gov.cz\/wp-content\/uploads\/2024\/04\/web-vyzva-optak-s-klastry-ii-1024x478.png 1024w, https:\/\/apiagentura.gov.cz\/wp-content\/uploads\/2024\/04\/web-vyzva-optak-s-klastry-ii-768x358.png 768w\" sizes=\"auto, (max-width: 1072px) 100vw, 1072px\" \/><\/td>\n<\/tr>\n<\/tbody>\n<\/table>\n<p><\/p>","protected":false},"excerpt":{"rendered":"<p>Rozvoj inova\u010dn\u00edch klastr\u016f jako n\u00e1stroje pro zv\u00fd\u0161en\u00ed intenzity spole\u010dn\u00fdch v\u00fdzkumn\u00fdch, v\u00fdvojov\u00fdch a inova\u010dn\u00edch aktivit mezi podnikatelsk\u00fdmi subjekty a v\u00fdzkumnou sf\u00e9rou.<\/p>\n","protected":false},"author":1,"featured_media":0,"parent":30036,"menu_order":0,"comment_status":"closed","ping_status":"closed","template":"","meta":{"inline_featured_image":false,"footnotes":""},"class_list":["post-37777","page","type-page","status-publish","hentry"],"publishpress_future_action":{"enabled":false,"date":"2026-05-01 23:33:28","action":"change-status","newStatus":"draft","terms":[],"taxonomy":"","extraData":[]},"publishpress_future_workflow_manual_trigger":{"enabledWorkflows":[]},"_links":{"self":[{"href":"https:\/\/apiagentura.gov.cz\/cs\/wp-json\/wp\/v2\/pages\/37777","targetHints":{"allow":["GET"]}}],"collection":[{"href":"https:\/\/apiagentura.gov.cz\/cs\/wp-json\/wp\/v2\/pages"}],"about":[{"href":"https:\/\/apiagentura.gov.cz\/cs\/wp-json\/wp\/v2\/types\/page"}],"author":[{"embeddable":true,"href":"https:\/\/apiagentura.gov.cz\/cs\/wp-json\/wp\/v2\/users\/1"}],"replies":[{"embeddable":true,"href":"https:\/\/apiagentura.gov.cz\/cs\/wp-json\/wp\/v2\/comments?post=37777"}],"version-history":[{"count":0,"href":"https:\/\/apiagentura.gov.cz\/cs\/wp-json\/wp\/v2\/pages\/37777\/revisions"}],"up":[{"embeddable":true,"href":"https:\/\/apiagentura.gov.cz\/cs\/wp-json\/wp\/v2\/pages\/30036"}],"wp:attachment":[{"href":"https:\/\/apiagentura.gov.cz\/cs\/wp-json\/wp\/v2\/media?parent=37777"}],"curies":[{"name":"wp","href":"https:\/\/api.w.org\/{rel}","templated":true}]}}