{"id":37803,"date":"2024-04-09T13:50:31","date_gmt":"2024-04-09T11:50:31","guid":{"rendered":"https:\/\/www.apiagentura.gov.cz\/?page_id=37803"},"modified":"2025-10-23T14:33:44","modified_gmt":"2025-10-23T12:33:44","slug":"partnerstvi-znalostniho-transferu-vyzva-ii","status":"publish","type":"page","link":"https:\/\/apiagentura.gov.cz\/cs\/podporovane-aktivity-optak\/partnerstvi-znalostniho-transferu-optak\/partnerstvi-znalostniho-transferu-vyzva-ii\/","title":{"rendered":"Partnerstv\u00ed znalostn\u00edho transferu &#8211; v\u00fdzva II"},"content":{"rendered":"<p><strong>Upozorn\u011bn\u00ed pro \u017eadatele a p\u0159\u00edjemce:<\/strong><\/p>\n<p><strong>27. 2. 2025:<\/strong> Ministerstvo pr\u016fmyslu a obchodu rozhodlo o zm\u011bn\u011b textace v\u00fdzvy, kap. 8.2, bod\u016f b) a e) za \u00fa\u010delem zaji\u0161t\u011bn\u00ed efektivity v procesu kontrol \u017e\u00e1dost\u00ed o podporu p\u0159ed vyd\u00e1n\u00edm Rozhodnut\u00ed o poskytnut\u00ed dotace a sn\u00ed\u017een\u00ed administrativn\u00ed z\u00e1t\u011b\u017ee na stran\u011b \u017eadatel\u016f o podporu. \u017dadatel\u00e9 nov\u011b budou povinni podlo\u017eit \u00fadaje uveden\u00e9 v Prohl\u00e1\u0161en\u00ed k velikosti podniku pouze u projekt\u016f s po\u017eadovanou dotac\u00ed ve v\u00fd\u0161i 1,5 mil. K\u010d a vy\u0161\u0161\u00ed, p\u0159\u00edpadn\u011b na v\u00fdzvu \u0158O OP TAK \/ ZS API. D\u00e1le doch\u00e1z\u00ed k \u00faprav\u011b textace bodu e) do souladu s aktu\u00e1ln\u00edm zn\u011bn\u00edm \u00a7 4c z\u00e1kona \u010d. 159\/2006 Sb., o st\u0159etu z\u00e1jm\u016f a \u017eadatel\u00e9 nov\u011b budou povinni dokl\u00e1dat statut a p\u0159\u00edpadn\u011b dal\u0161\u00ed dokumenty, ze kter\u00fdch bude z\u0159ejm\u00e9, kdo je zakladatel, spr\u00e1vce, obmy\u0161len\u00fd, osoba opr\u00e1vn\u011bn\u00e1 k v\u00fdkonu dohledu nad spr\u00e1vou, \u010di p\u0159\u00edpadn\u011b osoby s obdobn\u00fdmi pravomocemi pouze v p\u0159\u00edpad\u011b, \u017ee jsou obchodn\u00ed korporac\u00ed, kter\u00e1 m\u00e1 25% nebo v\u011bt\u0161\u00ed pod\u00edl(y) (\u010di stejn\u00e9 procento akci\u00ed) p\u0159\u00edmo \u010di nep\u0159\u00edmo vlo\u017een(y) do zahrani\u010dn\u00edho sv\u011b\u0159ensk\u00e9ho fondu. V p\u0159\u00edpad\u011b \u010desk\u00e9ho sv\u011b\u0159ensk\u00e9ho fond\u016f si \u0158O zajist\u00ed pdf verzi v\u00fdpisu z Evidence sv\u011b\u0159ensk\u00fdch fond\u016f. Zm\u011bny nab\u00fdvaj\u00ed \u00fa\u010dinnosti k datu 28. 2. 2025.<\/p>\n<ul>\n<li>P\u0159edstaven\u00ed v\u00fdzvy II. a uk\u00e1zka pod\u00e1n\u00ed \u017e\u00e1dosti o podporu v IS KP21+ <a class=\"btn\" href=\"https:\/\/www.youtube.com\/watch?v=8U7H0N-X288&amp;t=8s\">Z\u00c1ZNAM WEBIN\u00c1\u0158E<\/a><\/li>\n<\/ul>\n<p>&nbsp;<\/p>\n<table class=\"call-detail\" style=\"height: 278px;\" width=\"749\">\n<tbody>\n<tr style=\"height: 24px;\">\n<td style=\"width: 33.3333%; height: 24px;\" rowspan=\"2\"><strong>Na co lze z\u00edskat podporu<\/strong>\u00a0(podporovan\u00e9 aktivity):<\/p>\n<p><strong>A)<\/strong> zav\u00e1d\u011bn\u00ed pokro\u010dil\u00fdch technologi\u00ed v podniku.<\/p>\n<p><strong>B)<\/strong> v\u00fdvoj\/inovace nov\u00fdch produkt\u016f a slu\u017eeb nebo inovace procesu p\u0159i v\u00fdvoji a zav\u00e1d\u011bn\u00ed nov\u00fdch produkt\u016f a slu\u017eeb v\u010detn\u011b designu.<\/p>\n<p><strong>C)<\/strong> zlep\u0161en\u00ed v\u00fdrobn\u00edch a\/nebo podnikov\u00fdch proces\u016f v\u010detn\u011b procesu produktov\u00e9 certifikace.<\/p>\n<p><strong>Kdo m\u016f\u017ee \u017e\u00e1dat (p\u0159\u00edjemci podpory):<\/strong><\/p>\n<ul>\n<li>mal\u00e9 a st\u0159edn\u00ed podniky<\/li>\n<li>znalostn\u00ed organizace<\/li>\n<\/ul>\n<p><strong>Syst\u00e9m sb\u011bru \u017e\u00e1dost\u00ed:<\/strong><\/p>\n<ul>\n<li>pr\u016fb\u011b\u017en\u00fd<\/li>\n<\/ul>\n<\/td>\n<td style=\"width: 33.3333%; height: 24px;\"><strong>Kolik lze z\u00edskat na jeden projekt\u00a0<\/strong>(forma a v\u00fd\u0161e podpory):<\/p>\n<ul>\n<li><strong>Celkov\u00e9 zp\u016fsobil\u00e9 v\u00fddaje<\/strong> na projekt mus\u00ed b\u00fdt minim\u00e1ln\u011b ve v\u00fd\u0161i <strong>1,5 mil. K\u010d<\/strong> a maxim\u00e1ln\u011b do v\u00fd\u0161e <strong>12 mil. K\u010d.<\/strong><\/li>\n<\/ul>\n<p>&nbsp;<\/p>\n<p><strong>M\u00edra podpory:<\/strong><\/p>\n<ul>\n<li>mal\u00fd i st\u0159edn\u00ed podnik: <strong>70 %<\/strong><\/li>\n<li><strong>v\u00fdzkumn\u00e9 organizace<\/strong>\u00a0nezakl\u00e1daj\u00edc\u00ed ve\u0159ejnou podporu\u00a0<strong>maxim\u00e1ln\u011b<\/strong>\u00a0<strong>85 %.<\/strong><\/li>\n<\/ul>\n<\/td>\n<td style=\"width: 33.3333%; height: 24px;\"><img loading=\"lazy\" decoding=\"async\" class=\"alignnone size-full wp-image-30034\" src=\"https:\/\/www.apiagentura.gov.cz\/wp-content\/uploads\/2022\/07\/optak-aktivita-1-partnerstvi-znalostniho-transferu-660x660-1.png\" alt=\"\" width=\"660\" height=\"660\" srcset=\"https:\/\/apiagentura.gov.cz\/wp-content\/uploads\/2022\/07\/optak-aktivita-1-partnerstvi-znalostniho-transferu-660x660-1.png 660w, https:\/\/apiagentura.gov.cz\/wp-content\/uploads\/2022\/07\/optak-aktivita-1-partnerstvi-znalostniho-transferu-660x660-1-300x300.png 300w, https:\/\/apiagentura.gov.cz\/wp-content\/uploads\/2022\/07\/optak-aktivita-1-partnerstvi-znalostniho-transferu-660x660-1-150x150.png 150w\" sizes=\"auto, (max-width: 660px) 100vw, 660px\" \/><\/td>\n<\/tr>\n<tr style=\"height: 24px;\">\n<td style=\"width: 33.3333%; height: 24px;\"><strong>Jak\u00e9 v\u00fddaje je mo\u017en\u00e9 podpo\u0159it\u00a0<\/strong>(zp\u016fsobil\u00e9 v\u00fddaje):<\/p>\n<p><strong>MSP:<\/strong><\/p>\n<ul>\n<li>hardware a s\u00edt\u011b, stroje a za\u0159\u00edzen\u00ed, software a data, osobn\u00ed n\u00e1klady, re\u017eijn\u00ed v\u00fddaje<\/li>\n<\/ul>\n<p><strong>Znalostn\u00ed organizace:<\/strong><\/p>\n<ul>\n<li>osobn\u00ed n\u00e1klady, semin\u00e1\u0159e a workshopy, slu\u017eby expert\u016f, p\u0159\u00edstup k informac\u00edm, datab\u00e1z\u00edm, re\u017eijn\u00ed v\u00fddaje<\/li>\n<\/ul>\n<\/td>\n<td style=\"width: 33.3333%; height: 24px;\" rowspan=\"2\"><strong>Specifika a omezen\u00ed:<\/strong><\/p>\n<ul>\n<li>Projekt mus\u00ed b\u00fdt realizov\u00e1n na\u00a0<strong>\u00fazem\u00ed \u010cR mimo NUTS 2 Praha.<\/strong><\/li>\n<li><strong>Znalostn\u00ed organizace<\/strong> je ve\u0159ejn\u00e1 vysok\u00e1 \u0161kola univerzitn\u00edho i neuniverzitn\u00edho typu\/pracovi\u0161t\u011b Akademie v\u011bd \u010cR, ve\u0159ejn\u00e9 v\u00fdzkumn\u00e9 pracovi\u0161t\u011b.<\/li>\n<li><strong>Znalostn\u00ed transfer<\/strong> = Jedn\u00e1 se o p\u0159enos informac\u00ed, odborn\u00fdch znalost\u00ed a dovednost\u00ed z akademick\u00e9 sf\u00e9ry do partnersk\u00e9ho podniku.<\/li>\n<li>Je realizov\u00e1n za \u00fa\u010dasti <strong>Asistenta znalostn\u00edho <\/strong><strong>transferu<\/strong> p\u0159\u00edmo v provozovn\u011b podniku za dohledu vybran\u00e9ho expertn\u00edho pracovi\u0161t\u011b znalostn\u00ed organizace.<\/li>\n<li>V r\u00e1mci <strong>1 projektu<\/strong> je nutn\u00e9 zam\u011bstnat alespo\u0148 <strong>1 Asistenta<\/strong> znalostn\u00edho transferu v rozsahu <strong>min. 1\/2 \u00favazku<\/strong>. <strong>V p\u0159\u00edpad\u011b 2 asistent\u016f nesm\u00ed<\/strong> sou\u010det hodnot \u00favazk\u016f za oba <strong>p\u0159ev\u00fd\u0161it 1,5<\/strong>.<\/li>\n<\/ul>\n<\/td>\n<\/tr>\n<tr style=\"height: 24px;\">\n<td style=\"width: 33.3333%; height: 24px;\" colspan=\"2\"><img loading=\"lazy\" decoding=\"async\" class=\"alignnone size-full wp-image-37805\" src=\"https:\/\/www.apiagentura.gov.cz\/wp-content\/uploads\/2024\/03\/web-vyzva-optak-pzt-ii.png\" alt=\"\" width=\"1072\" height=\"500\" srcset=\"https:\/\/apiagentura.gov.cz\/wp-content\/uploads\/2024\/03\/web-vyzva-optak-pzt-ii.png 1072w, https:\/\/apiagentura.gov.cz\/wp-content\/uploads\/2024\/03\/web-vyzva-optak-pzt-ii-300x140.png 300w, https:\/\/apiagentura.gov.cz\/wp-content\/uploads\/2024\/03\/web-vyzva-optak-pzt-ii-1024x478.png 1024w, https:\/\/apiagentura.gov.cz\/wp-content\/uploads\/2024\/03\/web-vyzva-optak-pzt-ii-768x358.png 768w\" sizes=\"auto, (max-width: 1072px) 100vw, 1072px\" \/><\/td>\n<\/tr>\n<\/tbody>\n<\/table>\n<p><\/p>","protected":false},"excerpt":{"rendered":"<p>Vytvo\u0159en\u00ed partnerstv\u00ed mezi podnikem a organizac\u00ed pro v\u00fdzkum a \u0161\u00ed\u0159en\u00ed znalost\u00ed (znalostn\u00ed organizac\u00ed) za \u00fa\u010delem transferu znalost\u00ed, souvisej\u00edc\u00edch technologi\u00ed a dovednost\u00ed, ke kter\u00fdm podnik nem\u00e1 p\u0159\u00edstup.<\/p>\n","protected":false},"author":1,"featured_media":0,"parent":30033,"menu_order":0,"comment_status":"closed","ping_status":"closed","template":"","meta":{"inline_featured_image":false,"footnotes":""},"class_list":["post-37803","page","type-page","status-publish","hentry"],"publishpress_future_action":{"enabled":false,"date":"2026-05-07 02:03:37","action":"change-status","newStatus":"draft","terms":[],"taxonomy":"","extraData":[]},"publishpress_future_workflow_manual_trigger":{"enabledWorkflows":[]},"_links":{"self":[{"href":"https:\/\/apiagentura.gov.cz\/cs\/wp-json\/wp\/v2\/pages\/37803","targetHints":{"allow":["GET"]}}],"collection":[{"href":"https:\/\/apiagentura.gov.cz\/cs\/wp-json\/wp\/v2\/pages"}],"about":[{"href":"https:\/\/apiagentura.gov.cz\/cs\/wp-json\/wp\/v2\/types\/page"}],"author":[{"embeddable":true,"href":"https:\/\/apiagentura.gov.cz\/cs\/wp-json\/wp\/v2\/users\/1"}],"replies":[{"embeddable":true,"href":"https:\/\/apiagentura.gov.cz\/cs\/wp-json\/wp\/v2\/comments?post=37803"}],"version-history":[{"count":0,"href":"https:\/\/apiagentura.gov.cz\/cs\/wp-json\/wp\/v2\/pages\/37803\/revisions"}],"up":[{"embeddable":true,"href":"https:\/\/apiagentura.gov.cz\/cs\/wp-json\/wp\/v2\/pages\/30033"}],"wp:attachment":[{"href":"https:\/\/apiagentura.gov.cz\/cs\/wp-json\/wp\/v2\/media?parent=37803"}],"curies":[{"name":"wp","href":"https:\/\/api.w.org\/{rel}","templated":true}]}}