{"id":37807,"date":"2024-05-10T10:19:09","date_gmt":"2024-05-10T08:19:09","guid":{"rendered":"https:\/\/www.apiagentura.gov.cz\/?page_id=37807"},"modified":"2026-03-19T09:04:33","modified_gmt":"2026-03-19T08:04:33","slug":"uspory-energie-vyzva-ii","status":"publish","type":"page","link":"https:\/\/apiagentura.gov.cz\/cs\/podporovane-aktivity-optak\/uspory-energie-optak\/uspory-energie-vyzva-ii\/","title":{"rendered":"\u00daspory energie &#8211; v\u00fdzva II"},"content":{"rendered":"<p><strong>Upozorn\u011bn\u00ed pro \u017eadatele a p\u0159\u00edjemce:<\/strong><\/p>\n<p><strong>19. 3. 2026: <\/strong><strong>Nav\u00fd\u0161en\u00ed alokace v\u00fdzvy \u00daspory energie \u2013 v\u00fdzva II. (d\u00e1le jen \u201eV\u00fdzva\u201c).<\/strong><\/p>\n<p>Ministerstvo pr\u016fmyslu a obchodu informovalo, \u017ee\u00a0objem podan\u00fdch \u017e\u00e1dost\u00ed o\u00a0podporu ve V\u00fdzv\u011b p\u0159ekro\u010dil p\u016fvodn\u00ed alokaci\u00a05 mld. K\u010d. Z d\u016fvodu velk\u00e9ho po\u010dtu podan\u00fdch \u017e\u00e1dost\u00ed se poskytovatel dotace rozhodl nav\u00fd\u0161it alokaci v\u00fdzvy na<strong>\u00a06,1 mld. K\u010d<\/strong> v souladu s textac\u00ed V\u00fdzvy.\u00a0<strong>Zm\u011bny jsou platn\u00e9 od 20. 3. 2026.<\/strong><\/p>\n<p><strong>22. 1. 2026: Zm\u011bna Pravidel pro \u017eadatele a p\u0159\u00edjemce \u2013 zvl\u00e1\u0161tn\u00ed \u010d\u00e1st v\u00fdzvy \u00daspory energie \u2013 v\u00fdzva II.\u00a0\u00a0<\/strong><\/p>\n<p>MPO informovalo o aktualizaci Pravidel pro \u017eadatele a p\u0159\u00edjemce \u2013 zvl\u00e1\u0161tn\u00ed \u010d\u00e1st (d\u00e1le jen \u201ePravidla\u201c). Pravidla nov\u011b obsahuj\u00ed kapitolu 5.3 Specifick\u00e9 podm\u00ednky pro prodlou\u017een\u00ed term\u00ednu realizace za datum stanoven\u00e9 v\u00fdzvou p\u0159ed vyd\u00e1n\u00edm RoPD. \u0158\u00edd\u00edc\u00ed org\u00e1n p\u0159istoupil k \u00faprav\u011b Pravidel z d\u016fvodu velk\u00e9ho p\u0159evisu projekt\u016f nad alokac\u00ed v\u00fdzvy, \u010d\u00edm\u017e se prodlu\u017euje doba vyhodnocen\u00ed projekt\u016f a d\u00e1le zejm\u00e9na z d\u016fvodu n\u00e1ro\u010dnosti p\u0159\u00edpravy a realizace projekt\u016f.<\/p>\n<p>Zm\u011bny jsou platn\u00e9 od 26. 1. 2026.<\/p>\n<p><strong>26. 9. 2025: <\/strong>Poskytovatel dotace na z\u00e1klad\u011b prob\u011bhl\u00fdch audit\u016f a p\u0159ipom\u00ednek Evropsk\u00e9 komise, kter\u00e9 se t\u00fdkaj\u00ed OP TAK \u00daspory energie a posouzen\u00ed ro\u010dn\u00ed kapacity v\u00fdrobn\u00edho za\u0159\u00edzen\u00ed (nahrazovan\u00e9 za\u0159\u00edzen\u00ed x po\u0159izovan\u00e9 za\u0159\u00edzen\u00ed) v r\u00e1mci \u00daspory energie \u2013 II. v\u00fdzva, byly na z\u00e1klad\u011b v\u00fdstup\u016f, zji\u0161t\u011bn\u00fdch nedostatk\u016f syst\u00e9mov\u00e9ho charakteru a podn\u011bt\u016f z jednotliv\u00fdch prov\u00e1d\u011bn\u00fdch audit\u016f operac\u00ed vypracov\u00e1ny n\u00e1pravn\u00e1 opat\u0159en\u00ed, kter\u00e1 byla zapracov\u00e1na do Pravidel pro \u017eadatele a p\u0159\u00edjemce \u2013 zvl\u00e1\u0161tn\u00ed \u010d\u00e1st.<\/p>\n<p>V r\u00e1mci kapitoly 5.1 Specifick\u00e9 p\u0159\u00edlohy k \u017d\u00e1dosti o platbu byly specifikov\u00e1ny dokumenty, kter\u00e9 mus\u00ed p\u0159\u00edjemci dotace dolo\u017eit k \u017d\u00e1dostem o platbu ve vztahu na kontrolu pln\u011bn\u00ed specifick\u00e9 podm\u00ednky programu podle P\u0159\u00edlohy \u010d. 8.a, bod s), tj. posouzen\u00ed ro\u010dn\u00ed kapacity v\u00fdrobn\u00edho za\u0159\u00edzen\u00ed (nahrazovan\u00e9 za\u0159\u00edzen\u00ed x po\u0159izovan\u00e9 za\u0159\u00edzen\u00ed), pokud nebylo p\u0159edlo\u017eeno v r\u00e1mci \u017e\u00e1dosti o podporu nebo v r\u00e1mci v\u011bcn\u00e9ho hodnocen\u00ed projektu nebo pokud se technick\u00e9 parametry pl\u00e1novan\u00e9ho po\u0159izovan\u00e9ho za\u0159\u00edzen\u00ed oproti p\u0159edpoklad\u016fm u skute\u010dn\u011b po\u0159\u00edzen\u00e9ho za\u0159\u00edzen\u00ed zm\u011bnily. Jedn\u00e1 se o podklady prokazuj\u00edc\u00ed ro\u010dn\u00ed kapacitu v\u00fdrobn\u00edho za\u0159\u00edzen\u00ed u p\u016fvodn\u00edch (nahrazovan\u00fdch) i u skute\u010dn\u011b po\u0159\u00edzen\u00fdch za\u0159\u00edzen\u00ed (podrobn\u011b viz Pravidla pro \u017eadatele a p\u0159\u00edjemce zvl\u00e1\u0161tn\u00ed \u010d\u00e1st).<\/p>\n<p>Jedn\u00e1 o zp\u0159es\u0148uj\u00edc\u00ed v\u00fdklad podm\u00ednky P\u0159\u00edlohy \u010d. 8.a V\u00fdzvy, bodu s), tud\u00ed\u017e se po\u017eadavek vztahuje na v\u0161echny projekty (v\u010detn\u011b projekt\u016f, kter\u00e9 maj\u00ed vydan\u00e9 Rozhodnut\u00ed o poskytnut\u00ed dotace), kter\u00e9 obsahuj\u00ed aktivitu \u201eSni\u017eov\u00e1n\u00ed energetick\u00e9 n\u00e1ro\u010dnosti\/zvy\u0161ov\u00e1n\u00ed energetick\u00e9 \u00fa\u010dinnosti v\u00fdrobn\u00edch a technologick\u00fdch proces\u016f\u201c.<\/p>\n<p><strong><em>Zm\u011bny jsou platn\u00e9 od 26.9.2025<\/em><\/strong><\/p>\n<p><strong>25. 2. 2025:<\/strong> <em>Aktualizace textace v\u00fdzvy <\/em>Ministerstvo pr\u016fmyslu a obchodu rozhodlo o zm\u011bn\u011b textace v\u00fdzvy, kap. 8.2, bodu b) za \u00fa\u010delem zaji\u0161t\u011bn\u00ed efektivity v procesu kontrol \u017e\u00e1dost\u00ed o podporu p\u0159ed vyd\u00e1n\u00edm Rozhodnut\u00ed o poskytnut\u00ed dotace a sn\u00ed\u017een\u00ed administrativn\u00ed z\u00e1t\u011b\u017ee na stran\u011b \u017eadatel\u016f o podporu. \u017dadatel\u00e9 nov\u011b budou povinni p\u0159edlo\u017eit \u00fadaje uveden\u00e9 v Prohl\u00e1\u0161en\u00ed k velikosti podniku pouze u projekt\u016f s po\u017eadovanou dotac\u00ed ve v\u00fd\u0161i 1,5 mil. K\u010d a vy\u0161\u0161\u00ed, p\u0159\u00edpadn\u011b na v\u00fdzvu \u0158O OP TAK \/ ZS API. D\u00e1le doch\u00e1z\u00ed k \u00faprav\u011b textace bodu e) v souladu s aktu\u00e1ln\u00edm zn\u011bn\u00edm \u00a7 4c z\u00e1kona \u010d. 159\/2006 Sb., o st\u0159etu z\u00e1jm\u016f \u017eadatel\u00e9 nov\u011b budou povinni dokl\u00e1dat statut a p\u0159\u00edpadn\u011b dal\u0161\u00ed dokumenty, ze kter\u00fdch bude z\u0159ejm\u00e9, kdo je zakladatel, spr\u00e1vce, obmy\u0161len\u00fd, osoba opr\u00e1vn\u011bn\u00e1 k v\u00fdkonu dohledu nad spr\u00e1vou, \u010di p\u0159\u00edpadn\u011b osoby s obdobn\u00fdmi pravomocemi pouze v p\u0159\u00edpad\u011b, \u017ee jsou obchodn\u00ed korporac\u00ed, kter\u00e1 m\u00e1 25% nebo v\u011bt\u0161\u00ed pod\u00edl(y) (\u010di stejn\u00e9 procento akci\u00ed) p\u0159\u00edmo \u010di nep\u0159\u00edmo vlo\u017een(y) do zahrani\u010dn\u00edho sv\u011b\u0159ensk\u00e9ho fondu. V p\u0159\u00edpad\u011b \u010desk\u00e9ho sv\u011b\u0159ensk\u00e9ho fond\u016f si \u0158O zajist\u00ed pdf verzi v\u00fdpisu z Evidence sv\u011b\u0159ensk\u00fdch fond\u016f. Zm\u011bny nab\u00fdvaj\u00ed \u00fa\u010dinnosti k datu 28. 2. 2025.<br \/>\nVe v\u00fdzv\u011b jsou zm\u011bny uvedeny v\u00a0tabulce s\u00a0n\u00e1zvem \u201eP\u0159ehled proveden\u00fdch zm\u011bn\u201c.<\/p>\n<p><strong>5. 2. 2025:<\/strong> Informujeme V\u00e1s o zve\u0159ejn\u011bn\u00ed vzoru Rozhodnut\u00ed o poskytnut\u00ed dotace a dvou navazuj\u00edc\u00edch p\u0159\u00edloh pro v\u00fdzvu II. aktivity \u00daspory energie.<\/p>\n<p><strong>11. 12. 2024:<\/strong> Informujeme V\u00e1s o\u00a0form\u00e1ln\u00ed \u00faprav\u011b n\u00e1zvu p\u0159\u00edlohy \u010d.\u00a09. P\u016fvodn\u00ed n\u00e1zev \u201ePodporovan\u00fd druh biomasy a\u00a0po\u017eadovan\u00e9 \u00faspory sklen\u00edkov\u00fdch plyn\u016f\u201c byl zm\u011bn\u011bn v\u00a0souladu s\u00a0textac\u00ed v\u00fdzvy na\u00a0\u201eDruhy pevn\u00e9 biomasy s\u00a0\u00fasporami emis\u00ed sklen\u00edkov\u00fdch plyn\u016f\u201c.<\/p>\n<p><strong>3. 10. 2024: <\/strong>Zm\u011bna textu v\u00fdzvy \u201e\u00daspory energie \u2013 v\u00fdzva II. (d\u00e1le jen \u201eV\u00fdzva\u201c) a\u00a0p\u0159\u00edlohy \u010d.\u00a03 V\u00fdzvy je vyhl\u00e1\u0161ena v\u00a0r\u00e1mci implementace Opera\u010dn\u00edho programu Technologie a\u00a0aplikace pro\u00a0konkurenceschopnost\u00a02021-2027\u201c<\/p>\n<p>V\u00e1\u017een\u00ed \u017eadatel\u00e9,<\/p>\n<p>informujeme V\u00e1s, \u017ee poskytovatel dotace se rozhodl na\u00a0z\u00e1klad\u011b dotaz\u016f \u017eadatel\u016f zp\u0159esnit text V\u00fdzvy a\u00a0p\u0159\u00edlohy \u010d.\u00a03 Vymezen\u00ed zp\u016fsobil\u00fdch v\u00fddaj\u016f tak, aby podstata v\u011bcn\u00e9ho zam\u011b\u0159en\u00ed nebyla zm\u011bn\u011bna, n\u00e1sledovn\u011b:<\/p>\n<p>\u2022 V\u00fdzva, kapitola\u00a04.2 Nepodporovan\u00e9 aktivity: Do\u0161lo k\u00a0up\u0159esn\u011bn\u00ed v\u00a0p\u00edsmenu d) v\u00a0souladu s\u00a0Na\u0159\u00edzen\u00edm (EU) \u010d.\u00a0651\/2014 (d\u00e1le \u201eGBER\u201c) \u010dl\u00e1nku\u00a038a.<br \/>\n\u2022 V\u00fdzva, kapitola\u00a04.1 Podporovan\u00e9 aktivity: Do\u0161lo v\u00a0p\u00edsmenu b) k\u00a0vymaz\u00e1n\u00ed \u201evysoce \u00fa\u010dinn\u00e9 KVET\u201c. V\u00fd\u010det podporovan\u00fdch aktivit se nezm\u011bnil, ale podpora je poskytov\u00e1na pouze pod\u00a0\u010dl\u00e1nkem\u00a041 GBER. D\u00e1no do\u00a0souladu s\u00a0GBER.<br \/>\n\u2022 P\u0159\u00edloha \u010d.\u00a03: V souladu s\u00a0up\u0159esn\u011bn\u00edm v\u00fdzvy v\u00a0kapitole\u00a04.2 p\u00edsmenu d) a\u00a0v\u00a0kapitole\u00a04.1 p\u00edsmenu b) byla upravena tak\u00e9 kapitola\u00a03 a\u00a04.2 t\u00e9to p\u0159\u00edlohy.<\/p>\n<p>D\u00e1le do\u0161lo k\u00a0up\u0159esn\u011bn\u00ed v\u00a0p\u0159\u00edloze \u010d.\u00a03 v\u00a0pozn\u00e1mce pod\u00a0\u010darou \u010d\u00edslo\u00a06 v\u00a0kapitole\u00a04.1.1, kde byl smaz\u00e1n druh\u00fd odkaz na\u00a0webov\u00e9 str\u00e1nky EK, nebo\u0165 v\u00a0dan\u00e9m dokumentu od\u00a01.7.2024 ji\u017e nejsou zohledn\u011bny aktu\u00e1ln\u00ed diskontn\u00ed sazby, ale pouze v\u00a0r\u00e1mci prvn\u00edho odkazu. D\u00e1le v\u00a0pozn\u00e1mce pod\u00a0\u010darou\u00a07 v\u00a0kapitole\u00a04.1.4 V\u00fdpo\u010det zp\u016fsobil\u00fdch v\u00fddaj\u016f p\u0159i\u00a0nav\u00fd\u0161en\u00ed kapacity v\u00fdrobn\u00edho za\u0159\u00edzen\u00ed oproti hypotetick\u00e9mu sc\u00e9n\u00e1\u0159i byla dopln\u011bna informace, co p\u0159edstavuje ro\u010dn\u00ed kapacita, nebo\u0165 je \u010dasto zam\u011b\u0148ov\u00e1no s\u00a0ro\u010dn\u00ed produkc\u00ed, kter\u00e1 nem\u00e1 vliv na\u00a0v\u00fd\u0161i zp\u016fsobil\u00fdch v\u00fddaj\u016f v\u00a0r\u00e1mci V\u00fdzvy, ale na\u00a0stanoven\u00ed st\u00e1vaj\u00edc\u00edho\/v\u00fdchoz\u00edho stavu spot\u0159eby energie. Z\u00e1rove\u0148 v\u00a0kapitole\u00a08.1 v\u00fdzvy bylo k\u00a0PENB dopln\u011bno, \u017ee je nutn\u00e9 ho k\u00a0\u017e\u00e1dosti o\u00a0podporu p\u0159edlo\u017eit \u201ev\u010detn\u011b kompletn\u00edho protokolu v\u00fdpo\u010dtu\u201c podle \u010d.264\/2020 Sb. o\u00a0energetick\u00e9 n\u00e1ro\u010dnosti budov v\u00a0p\u0159\u00edpad\u011b stanoven\u00ed v\u00fdchoz\u00edho stavu podle\u00a01,2 ER).<\/p>\n<p>&#8212;&#8212;&#8212;&#8212;&#8212;&#8212;&#8212;&#8212;<br \/>\n<em>Po vyhl\u00e1\u0161en\u00ed II. v\u00fdzvy \u00daspory energie byly ze strany energetick\u00fdch specialist\u016f vzneseny k\u00a0p\u0159\u00edloze \u010d.\u00a06 v\u011bcn\u00e9 p\u0159ipom\u00ednky, kter\u00e9 byly zapracov\u00e1ny. U podan\u00fdch \u017e\u00e1dost\u00ed do\u00a020.6.2024 nen\u00ed nutn\u00e9 vypl\u0148ovat p\u0159\u00edslu\u0161nou p\u0159\u00edlohu znova a\u00a0\u0159\u00edd\u00edc\u00ed org\u00e1n se bude sna\u017eit zpracovat v\u011bcn\u00e9 vyhodnocen\u00ed podle u\u017e podan\u00e9 p\u0159\u00edlohy \u010d.\u00a06.<\/em><\/p>\n<p><strong>20. 6. 2024:<\/strong> Po vyhl\u00e1\u0161en\u00ed II. v\u00fdzvy \u00daspory energie byly ze strany energetick\u00fdch specialist\u016f vzneseny k p\u0159\u00edloze \u010d.6 v\u011bcn\u00e9 p\u0159ipom\u00ednky, kter\u00e9 byly zapracov\u00e1ny. U podan\u00fdch \u017e\u00e1dost\u00ed do 20.6.2024 nen\u00ed nutn\u00e9 vypl\u0148ovat p\u0159\u00edslu\u0161nou p\u0159\u00edlohu znova a \u0159\u00edd\u00edc\u00ed org\u00e1n se bude sna\u017eit zpracovat v\u011bcn\u00e9 vyhodnocen\u00ed podle u\u017e podan\u00e9 p\u0159\u00edlohy \u010d. 6.<\/p>\n<p><strong><a class=\"btn\" href=\"https:\/\/www.apiagentura.gov.cz\/wp-content\/uploads\/2024\/06\/faq-na-web-28.6.2024.pdf\">FAQ k v\u00fdzv\u011b II<\/a><\/strong><\/p>\n<table class=\"call-detail\" style=\"height: 278px;\" width=\"749\">\n<tbody>\n<tr style=\"height: 24px;\">\n<td style=\"width: 33.3333%; height: 24px;\" rowspan=\"2\"><strong>Na co lze z\u00edskat podporu<\/strong>\u00a0(podporovan\u00e9 aktivity):<\/p>\n<p><strong>Sn\u00ed\u017een\u00ed energetick\u00e9 n\u00e1ro\u010dnosti budov podnikatelsk\u00fdch subjekt\u016f:<\/strong><\/p>\n<ul>\n<li>Zateplen\u00ed obvodov\u00e9ho pl\u00e1\u0161t\u011b, v\u00fdm\u011bna a renovace otvorov\u00fdch v\u00fdpln\u00ed a dal\u0161\u00ed stavebn\u00ed opat\u0159en\u00ed maj\u00edc\u00ed prokazateln\u011b vliv na energetickou n\u00e1ro\u010dnost budovy.<\/li>\n<li>Zv\u00fd\u0161en\u00ed energetick\u00e9 \u00fa\u010dinnosti technick\u00fdch syst\u00e9m\u016f budov (vyt\u00e1p\u011bn\u00ed, chlazen\u00ed, nucen\u00e9 v\u011btr\u00e1n\u00ed v\u010detn\u011b rekuperace, \u00faprava vlhkosti vzduchu, p\u0159\u00edprava tepl\u00e9 vody a osv\u011btlen\u00ed vnit\u0159n\u00edho prostoru budovy.)<\/li>\n<li>Zav\u00e1d\u011bn\u00ed prvk\u016f efektivn\u00edho nakl\u00e1d\u00e1n\u00ed s energi\u00ed a optimalizaci provozu k regulaci jej\u00ed spot\u0159eby v\u010detn\u011b podpory implementace n\u00e1stroj\u016f energetick\u00e9ho managementu;<\/li>\n<\/ul>\n<p>Dal\u0161\u00ed aktivity viz kap. 4.1 V\u00fdzvy.<\/p>\n<p><strong>Kdo m\u016f\u017ee \u017e\u00e1dat (p\u0159\u00edjemci podpory):<\/strong><\/p>\n<ul>\n<li>mal\u00e9 a st\u0159edn\u00ed podniky<\/li>\n<li>velk\u00e9 podniky<\/li>\n<\/ul>\n<p><strong>Syst\u00e9m sb\u011bru \u017e\u00e1dost\u00ed:<\/strong><\/p>\n<ul>\n<li>pr\u016fb\u011b\u017en\u00fd<\/li>\n<\/ul>\n<\/td>\n<td style=\"width: 33.3333%; height: 24px;\"><strong>Kolik lze z\u00edskat na jeden projekt\u00a0<\/strong>(forma a v\u00fd\u0161e podpory):<\/p>\n<ul>\n<li><strong>Celkov\u00e9 zp\u016fsobil\u00e9 v\u00fddaje<\/strong> mus\u00ed b\u00fdt <strong>min.<\/strong> ve v\u00fd\u0161i <strong>625 tis. K\u010d<\/strong> a <strong>max.<\/strong> do v\u00fd\u0161e <b>2 mld. K\u010d.\u00a0<\/b><\/li>\n<\/ul>\n<p><strong>M\u00edra podpory:<\/strong><\/p>\n<ul>\n<li><strong>30 \u2013 80 %<\/strong>\u00a0Celkov\u00fdch zp\u016fsobil\u00fdch v\u00fddaj\u016f<\/li>\n<li>konkr\u00e9tn\u00ed m\u00edru podpory definuje region\u00e1ln\u00ed mapa podpory, velikost podniku a typ podporovan\u00e9 aktivity.<\/li>\n<\/ul>\n<p>V\u00edce viz kap. 9.1 V\u00fdzvy<\/td>\n<td style=\"width: 33.3333%; height: 24px;\"><img loading=\"lazy\" decoding=\"async\" class=\"alignnone wp-image-30067 size-full\" src=\"https:\/\/www.apiagentura.gov.cz\/wp-content\/uploads\/2022\/07\/optak-aktivita-4-uspory-energie-660x660-1.png\" alt=\"\" width=\"660\" height=\"660\" srcset=\"https:\/\/apiagentura.gov.cz\/wp-content\/uploads\/2022\/07\/optak-aktivita-4-uspory-energie-660x660-1.png 660w, https:\/\/apiagentura.gov.cz\/wp-content\/uploads\/2022\/07\/optak-aktivita-4-uspory-energie-660x660-1-300x300.png 300w, https:\/\/apiagentura.gov.cz\/wp-content\/uploads\/2022\/07\/optak-aktivita-4-uspory-energie-660x660-1-150x150.png 150w\" sizes=\"auto, (max-width: 660px) 100vw, 660px\" \/><\/td>\n<\/tr>\n<tr style=\"height: 24px;\">\n<td style=\"width: 33.3333%; height: 24px;\"><strong>Jak\u00e9 v\u00fddaje je mo\u017en\u00e9 podpo\u0159it\u00a0<\/strong>(zp\u016fsobil\u00e9 v\u00fddaje):<\/p>\n<ul>\n<li>dlouhodob\u00fd hmotn\u00fd majetek<\/li>\n<li>dlouhodob\u00fd nehmotn\u00fd majetek<\/li>\n<li>in\u017een\u00fdrsk\u00e1 \u010dinnost<\/li>\n<li>energetick\u00fd posudek<\/li>\n<li>projektov\u00e1 dokumentace<\/li>\n<li>v\u00fddaje na organizaci v\u00fdb\u011brov\u00fdch \u0159\u00edzen\u00ed<\/li>\n<\/ul>\n<\/td>\n<td style=\"width: 33.3333%; height: 24px;\" rowspan=\"2\"><strong>Specifika a omezen\u00ed:<\/strong><\/p>\n<ul>\n<li>Projekt m\u016f\u017ee b\u00fdt realizov\u00e1n na \u00fazem\u00ed \u010cR, mimo NUTS 2 Praha.<\/li>\n<li>\u017dadatelem mohou b\u00fdt <strong>v oblasti \u017eelezni\u010dn\u00ed dopravy i<\/strong> subjekty a\u017e <strong>ze 100 % vlastn\u011bn\u00e9 ve\u0159ejn\u00fdm sektorem.<\/strong><\/li>\n<li><strong>Maxim\u00e1ln\u00ed v\u00fd\u0161e dotace je 30 mili\u00f3n\u016f EUR<\/strong> na podnik a na investi\u010dn\u00ed projekt, tato hodnota nesm\u00ed b\u00fdt obch\u00e1zena t\u00edm zp\u016fsobem, \u017ee se projekt um\u011ble rozd\u011bl\u00ed.<\/li>\n<li>Podpora n\u00e1klad\u016f na <strong>energetick\u00fd posudek a projektovou dokumentaci vznikl\u00fdch p\u0159ed pod\u00e1n\u00edm \u017e\u00e1dosti<\/strong> o podporu a na organizaci v\u00fdb\u011brov\u00e9ho \u0159\u00edzen\u00ed bude poskytov\u00e1na <strong>v re\u017eimu <\/strong><br \/>\n<strong>de minimis, tj. max max. 300 tis. EUR za dobu <\/strong><strong>3 let.<\/strong><\/li>\n<li>Alternativn\u00ed investice bude aplikov\u00e1na pouze na opat\u0159en\u00ed mimo renovaci budov, dle \u010dl. 38 GBER.<\/li>\n<li>Po\u010det \u017e\u00e1dost\u00ed o podporu na jednoho \u017eadatele (1 I\u010c) nen\u00ed omezen.<\/li>\n<li>Nejzaz\u0161\u00ed datum pro <strong>ukon\u010den\u00ed fyzick\u00e9 realizace<\/strong> projektu je <strong>31. 10. 2026.<\/strong><\/li>\n<\/ul>\n<\/td>\n<\/tr>\n<tr style=\"height: 24px;\">\n<td style=\"width: 33.3333%; height: 24px;\" colspan=\"2\"><img loading=\"lazy\" decoding=\"async\" class=\"alignnone wp-image-39239 size-full\" src=\"https:\/\/www.apiagentura.gov.cz\/wp-content\/uploads\/2024\/05\/web-vyzva-optak-ue-ii.png\" alt=\"\" width=\"1072\" height=\"500\" srcset=\"https:\/\/apiagentura.gov.cz\/wp-content\/uploads\/2024\/05\/web-vyzva-optak-ue-ii.png 1072w, https:\/\/apiagentura.gov.cz\/wp-content\/uploads\/2024\/05\/web-vyzva-optak-ue-ii-300x140.png 300w, https:\/\/apiagentura.gov.cz\/wp-content\/uploads\/2024\/05\/web-vyzva-optak-ue-ii-1024x478.png 1024w, https:\/\/apiagentura.gov.cz\/wp-content\/uploads\/2024\/05\/web-vyzva-optak-ue-ii-768x358.png 768w\" sizes=\"auto, (max-width: 1072px) 100vw, 1072px\" \/><\/td>\n<\/tr>\n<\/tbody>\n<\/table>\n<p><\/p>","protected":false},"excerpt":{"rendered":"<p>Sn\u00ed\u017een\u00ed energetick\u00e9 n\u00e1ro\u010dnosti podnikatelsk\u00fdch nemovitost\u00ed a \u00faspory energi\u00ed v podniku.<\/p>\n","protected":false},"author":1,"featured_media":0,"parent":30066,"menu_order":0,"comment_status":"closed","ping_status":"closed","template":"","meta":{"inline_featured_image":false,"footnotes":""},"class_list":["post-37807","page","type-page","status-publish","hentry"],"publishpress_future_action":{"enabled":false,"date":"2026-05-06 22:13:24","action":"change-status","newStatus":"draft","terms":[],"taxonomy":"","extraData":[]},"publishpress_future_workflow_manual_trigger":{"enabledWorkflows":[]},"_links":{"self":[{"href":"https:\/\/apiagentura.gov.cz\/cs\/wp-json\/wp\/v2\/pages\/37807","targetHints":{"allow":["GET"]}}],"collection":[{"href":"https:\/\/apiagentura.gov.cz\/cs\/wp-json\/wp\/v2\/pages"}],"about":[{"href":"https:\/\/apiagentura.gov.cz\/cs\/wp-json\/wp\/v2\/types\/page"}],"author":[{"embeddable":true,"href":"https:\/\/apiagentura.gov.cz\/cs\/wp-json\/wp\/v2\/users\/1"}],"replies":[{"embeddable":true,"href":"https:\/\/apiagentura.gov.cz\/cs\/wp-json\/wp\/v2\/comments?post=37807"}],"version-history":[{"count":4,"href":"https:\/\/apiagentura.gov.cz\/cs\/wp-json\/wp\/v2\/pages\/37807\/revisions"}],"predecessor-version":[{"id":45645,"href":"https:\/\/apiagentura.gov.cz\/cs\/wp-json\/wp\/v2\/pages\/37807\/revisions\/45645"}],"up":[{"embeddable":true,"href":"https:\/\/apiagentura.gov.cz\/cs\/wp-json\/wp\/v2\/pages\/30066"}],"wp:attachment":[{"href":"https:\/\/apiagentura.gov.cz\/cs\/wp-json\/wp\/v2\/media?parent=37807"}],"curies":[{"name":"wp","href":"https:\/\/api.w.org\/{rel}","templated":true}]}}