{"id":37984,"date":"2024-04-23T09:00:05","date_gmt":"2024-04-23T07:00:05","guid":{"rendered":"https:\/\/www.apiagentura.gov.cz\/?page_id=37984"},"modified":"2024-12-02T14:44:38","modified_gmt":"2024-12-02T13:44:38","slug":"inovace-vyzva-ii","status":"publish","type":"page","link":"https:\/\/apiagentura.gov.cz\/cs\/podporovane-aktivity-optak\/inovace-optak\/inovace-vyzva-ii\/","title":{"rendered":"Inovace &#8211; v\u00fdzva II"},"content":{"rendered":"<p><strong>UPOZORN\u011aN\u00cd PRO \u017dADATELE A P\u0158\u00cdJEMCE:<\/strong><\/p>\n<p><strong>15. 5. 2024:<\/strong> \u0158\u00edd\u00edc\u00ed org\u00e1n OP TAK ozn\u00e1mil, \u017ee u aktivity Inovace-v\u00fdzva II byla aktualizov\u00e1na <strong>p\u0159\u00edloha \u010d. 7 Formul\u00e1\u0159 prohl\u00e1\u0161en\u00ed DNSH-Formul\u00e1\u0159 prohl\u00e1\u0161en\u00ed CP<\/strong>. Byl dopln\u011bn n\u00e1vod na vypln\u011bn\u00ed formul\u00e1\u0159e.<\/p>\n<table class=\"call-detail\" style=\"height: 278px;\" width=\"749\">\n<tbody>\n<tr style=\"height: 24px;\">\n<td style=\"width: 33.3333%; height: 24px;\" rowspan=\"2\"><strong>Na co lze z\u00edskat podporu<\/strong>\u00a0(podporovan\u00e9 aktivity):<\/p>\n<p><strong>A) Produktov\u00e1 inovace<\/strong><\/p>\n<ul>\n<li>zv\u00fd\u0161en\u00ed technick\u00fdch a u\u017eitn\u00fdch hodnot v\u00fdrobk\u016f, technologi\u00ed a slu\u017eeb<\/li>\n<\/ul>\n<p><strong>B) Procesn\u00ed inovace<\/strong><\/p>\n<ul>\n<li>zv\u00fd\u0161en\u00ed efektivnosti proces\u016f v\u00fdroby a poskytov\u00e1n\u00ed slu\u017eeb<\/li>\n<\/ul>\n<p><strong>Kdo m\u016f\u017ee \u017e\u00e1dat (p\u0159\u00edjemci podpory):<\/strong><\/p>\n<ul>\n<li>mal\u00e9 a st\u0159edn\u00ed podniky<\/li>\n<li>mal\u00e1 spole\u010dnost se st\u0159edn\u00ed tr\u017en\u00ed kapitalizac\u00ed<\/li>\n<\/ul>\n<p><strong>Syst\u00e9m sb\u011bru \u017e\u00e1dost\u00ed:<\/strong><\/p>\n<ul>\n<li>kolov\u00fd<\/li>\n<\/ul>\n<\/td>\n<td style=\"width: 33.3333%; height: 24px;\"><strong>Kolik lze z\u00edskat na jeden projekt\u00a0<\/strong>(forma a v\u00fd\u0161e podpory):<\/p>\n<ul>\n<li>minim\u00e1ln\u00ed v\u00fd\u0161e celkov\u00fdch zp\u016fsobil\u00fdch v\u00fddaj\u016f na projekt mus\u00ed b\u00fdt <strong>3 mil. K\u010d<\/strong> a maxim\u00e1ln\u011b <strong>100 mil. K\u010d<\/strong>.<\/li>\n<\/ul>\n<p><strong>M\u00edra podpory:<\/strong><\/p>\n<ul>\n<li>dle regionu: <strong>15 % &#8211; 60 %<\/strong><\/li>\n<\/ul>\n<p><em>Konkr\u00e9tn\u00ed m\u00edru podpory definuje region\u00e1ln\u00ed mapa podpory \u2013 v\u00edce viz kap. 9.1 v\u00fdzvy.<\/em><\/td>\n<td style=\"width: 33.3333%; height: 24px;\"><img loading=\"lazy\" decoding=\"async\" class=\"alignnone wp-image-30020 size-full\" src=\"https:\/\/www.apiagentura.gov.cz\/wp-content\/uploads\/2022\/07\/optak-aktivita-1-inovace-660x660-1.png\" alt=\"\" width=\"660\" height=\"660\" srcset=\"https:\/\/apiagentura.gov.cz\/wp-content\/uploads\/2022\/07\/optak-aktivita-1-inovace-660x660-1.png 660w, https:\/\/apiagentura.gov.cz\/wp-content\/uploads\/2022\/07\/optak-aktivita-1-inovace-660x660-1-300x300.png 300w, https:\/\/apiagentura.gov.cz\/wp-content\/uploads\/2022\/07\/optak-aktivita-1-inovace-660x660-1-150x150.png 150w\" sizes=\"auto, (max-width: 660px) 100vw, 660px\" \/><\/td>\n<\/tr>\n<tr style=\"height: 24px;\">\n<td style=\"width: 33.3333%; height: 24px;\"><strong>Jak\u00e9 v\u00fddaje je mo\u017en\u00e9 podpo\u0159it\u00a0<\/strong>(zp\u016fsobil\u00e9 v\u00fddaje):<\/p>\n<ul>\n<li>technologie<\/li>\n<li>software a data<\/li>\n<li>pr\u00e1va k u\u017e\u00edv\u00e1n\u00ed du\u0161evn\u00edho vlastnictv\u00ed<\/li>\n<li>certifikace produkt\u016f<\/li>\n<\/ul>\n<\/td>\n<td style=\"width: 33.3333%; height: 24px;\" rowspan=\"2\"><strong>Specifika a omezen\u00ed:<\/strong><\/p>\n<ul>\n<li>Projekt mus\u00ed b\u00fdt realizov\u00e1n na \u00fazem\u00ed \u010cR mimo NUTS 2 Praha.<\/li>\n<li>Na 1 I\u010cO je mo\u017en\u00e9 podat pouze jeden projekt.<\/li>\n<li>Model hodnocen\u00ed m\u00e1 v sou\u010dtu 75 bod\u016f, pro p\u0159ijet\u00ed projektu je t\u0159eba 50 bod\u016f.<\/li>\n<li>Stavby nejsou zp\u016fsobil\u00fdm v\u00fddajem.<\/li>\n<\/ul>\n<\/td>\n<\/tr>\n<tr style=\"height: 24px;\">\n<td style=\"width: 33.3333%; height: 24px;\" colspan=\"2\"><img loading=\"lazy\" decoding=\"async\" class=\"alignnone wp-image-38223 size-full\" src=\"https:\/\/www.apiagentura.gov.cz\/wp-content\/uploads\/2024\/04\/web-vyzva-optak-ino-ii.png\" alt=\"\" width=\"1072\" height=\"500\" srcset=\"https:\/\/apiagentura.gov.cz\/wp-content\/uploads\/2024\/04\/web-vyzva-optak-ino-ii.png 1072w, https:\/\/apiagentura.gov.cz\/wp-content\/uploads\/2024\/04\/web-vyzva-optak-ino-ii-300x140.png 300w, https:\/\/apiagentura.gov.cz\/wp-content\/uploads\/2024\/04\/web-vyzva-optak-ino-ii-1024x478.png 1024w, https:\/\/apiagentura.gov.cz\/wp-content\/uploads\/2024\/04\/web-vyzva-optak-ino-ii-768x358.png 768w\" sizes=\"auto, (max-width: 1072px) 100vw, 1072px\" \/><\/td>\n<\/tr>\n<\/tbody>\n<\/table>\n<p><\/p>","protected":false},"excerpt":{"rendered":"<p>C\u00edlem v\u00fdzvy je pos\u00edlen\u00ed inova\u010dn\u00ed v\u00fdkonnosti dom\u00e1c\u00edch firem a zv\u00fd\u0161en\u00ed jejich konkurenceschopnosti prost\u0159ednictv\u00edm zv\u00fd\u0161en\u00ed vyu\u017e\u00edv\u00e1n\u00ed unik\u00e1tn\u00edch know-how vznikl\u00fdch ve spolupr\u00e1ci s akademick\u00fdm a v\u00fdzkumn\u00fdm sektorem.<\/p>\n","protected":false},"author":1,"featured_media":0,"parent":30018,"menu_order":0,"comment_status":"closed","ping_status":"closed","template":"","meta":{"inline_featured_image":false,"footnotes":""},"class_list":["post-37984","page","type-page","status-publish","hentry"],"publishpress_future_action":{"enabled":false,"date":"2026-05-02 06:19:12","action":"change-status","newStatus":"draft","terms":[],"taxonomy":"","extraData":[]},"publishpress_future_workflow_manual_trigger":{"enabledWorkflows":[]},"_links":{"self":[{"href":"https:\/\/apiagentura.gov.cz\/cs\/wp-json\/wp\/v2\/pages\/37984","targetHints":{"allow":["GET"]}}],"collection":[{"href":"https:\/\/apiagentura.gov.cz\/cs\/wp-json\/wp\/v2\/pages"}],"about":[{"href":"https:\/\/apiagentura.gov.cz\/cs\/wp-json\/wp\/v2\/types\/page"}],"author":[{"embeddable":true,"href":"https:\/\/apiagentura.gov.cz\/cs\/wp-json\/wp\/v2\/users\/1"}],"replies":[{"embeddable":true,"href":"https:\/\/apiagentura.gov.cz\/cs\/wp-json\/wp\/v2\/comments?post=37984"}],"version-history":[{"count":0,"href":"https:\/\/apiagentura.gov.cz\/cs\/wp-json\/wp\/v2\/pages\/37984\/revisions"}],"up":[{"embeddable":true,"href":"https:\/\/apiagentura.gov.cz\/cs\/wp-json\/wp\/v2\/pages\/30018"}],"wp:attachment":[{"href":"https:\/\/apiagentura.gov.cz\/cs\/wp-json\/wp\/v2\/media?parent=37984"}],"curies":[{"name":"wp","href":"https:\/\/api.w.org\/{rel}","templated":true}]}}