{"id":39618,"date":"2024-05-28T11:40:42","date_gmt":"2024-05-28T09:40:42","guid":{"rendered":"https:\/\/www.apiagentura.gov.cz\/?page_id=39618"},"modified":"2026-04-16T13:43:00","modified_gmt":"2026-04-16T11:43:00","slug":"zadost-o-platbu-a-zpravy-o-realizaci","status":"publish","type":"page","link":"https:\/\/apiagentura.gov.cz\/cs\/metodika-op-tak\/zadost-o-platbu-a-zpravy-o-realizaci\/","title":{"rendered":"\u017d\u00e1dost o platbu a zpr\u00e1vy o realizaci"},"content":{"rendered":"<p><\/p>\n<p style=\"text-align: justify;\">Podkladem k proplacen\u00ed zp\u016fsobil\u00fdch v\u00fddaj\u016f n\u00e1rokovan\u00fdch v r\u00e1mci projektu je \u017d\u00e1dost o platbu (\u017doP), kterou p\u0159\u00edjemce p\u0159edkl\u00e1d\u00e1 elektronicky v aplikaci IS KP21+ po realizaci jednotliv\u00fdch etap, nebo v p\u0159\u00edpad\u011b jednoetapov\u00fdch projekt\u016f po ukon\u010den\u00ed cel\u00e9ho projektu. Platby jsou prov\u00e1d\u011bny zp\u011btn\u011b za ji\u017e vynalo\u017een\u00e9 schv\u00e1len\u00e9 prost\u0159edky dolo\u017een\u00e9 uhrazen\u00fdmi \u00fa\u010detn\u00edmi doklady.<\/p>\n<p style=\"text-align: justify;\">Spolu s \u017doP je pod\u00e1v\u00e1na Zpr\u00e1va o realizaci (ZoR), je\u017e reportuje stav a pokrok v realizaci projektu. Pravidla pro pod\u00e1n\u00ed \u017doP a ZoR upravuj\u00ed <a href=\"https:\/\/www.apiagentura.gov.cz\/cs\/metodika-op-tak\/\"><strong>Pravidla pro \u017eadatele a p\u0159\u00edjemce \u2013 obecn\u00e1 \u010d\u00e1st<\/strong><\/a> (kap. 12 a kap. 11.1.1) a jejich p\u0159\u00edlohy <strong><a href=\"https:\/\/www.apiagentura.gov.cz\/cs\/metodika-op-tak\/\">Mzdov\u00e1 tabulka pro OP TAK<\/a><\/strong> a <strong><a href=\"https:\/\/www.apiagentura.gov.cz\/cs\/metodika-op-tak\/\">Tabulka cestovn\u00edch n\u00e1hrad pro OP TAK<\/a><\/strong>.<\/p>\n<p style=\"text-align: justify;\">Pomocn\u00fdmi dokumenty, kter\u00e9 p\u0159\u00edjemce seznamuj\u00ed se zalo\u017een\u00edm, vypln\u011bn\u00edm a finalizac\u00ed \u017doP a ZoR v IS KP21+, jsou P\u0159\u00edru\u010dka pro pod\u00e1n\u00ed \u017d\u00e1dosti o platbu v IS KP21+ a Pr\u016fvodce zpr\u00e1vami pro OP TAK.<\/p>\n<p><strong><a class=\"btn\" href=\"https:\/\/www.apiagentura.gov.cz\/wp-content\/uploads\/2024\/06\/faq-zop-1.pdf\">FAQ &#8211; \u017e\u00e1dost o platbu v OP TAK<\/a><br \/>\n<\/strong><strong><a class=\"btn\" href=\"https:\/\/www.youtube.com\/watch?v=JLGOUinJalc\">Z\u00c1ZNAM WEBIN\u00c1\u0158E \u017d\u00c1DOST O PLATBU A MONITORING PROJEKTU<\/a><\/strong><\/p>","protected":false},"excerpt":{"rendered":"<p>Podkladem k proplacen\u00ed zp\u016fsobil\u00fdch v\u00fddaj\u016f n\u00e1rokovan\u00fdch v r\u00e1mci projektu je \u017d\u00e1dost o platbu (\u017doP), kterou p\u0159\u00edjemce p\u0159edkl\u00e1d\u00e1 elektronicky v aplikaci IS KP21+ po realizaci jednotliv\u00fdch etap, nebo v p\u0159\u00edpad\u011b jednoetapov\u00fdch projekt\u016f po ukon\u010den\u00ed cel\u00e9ho projektu. Platby jsou prov\u00e1d\u011bny zp\u011btn\u011b za ji\u017e vynalo\u017een\u00e9 schv\u00e1len\u00e9 prost\u0159edky dolo\u017een\u00e9 uhrazen\u00fdmi \u00fa\u010detn\u00edmi doklady. Spolu s \u017doP je pod\u00e1v\u00e1na Zpr\u00e1va o [&hellip;]<\/p>\n","protected":false},"author":35,"featured_media":0,"parent":30215,"menu_order":0,"comment_status":"closed","ping_status":"closed","template":"","meta":{"inline_featured_image":false,"footnotes":""},"class_list":["post-39618","page","type-page","status-publish","hentry"],"publishpress_future_action":{"enabled":false,"date":"2026-05-07 11:01:12","action":"change-status","newStatus":"draft","terms":[],"taxonomy":"","extraData":[]},"publishpress_future_workflow_manual_trigger":{"enabledWorkflows":[]},"_links":{"self":[{"href":"https:\/\/apiagentura.gov.cz\/cs\/wp-json\/wp\/v2\/pages\/39618","targetHints":{"allow":["GET"]}}],"collection":[{"href":"https:\/\/apiagentura.gov.cz\/cs\/wp-json\/wp\/v2\/pages"}],"about":[{"href":"https:\/\/apiagentura.gov.cz\/cs\/wp-json\/wp\/v2\/types\/page"}],"author":[{"embeddable":true,"href":"https:\/\/apiagentura.gov.cz\/cs\/wp-json\/wp\/v2\/users\/35"}],"replies":[{"embeddable":true,"href":"https:\/\/apiagentura.gov.cz\/cs\/wp-json\/wp\/v2\/comments?post=39618"}],"version-history":[{"count":1,"href":"https:\/\/apiagentura.gov.cz\/cs\/wp-json\/wp\/v2\/pages\/39618\/revisions"}],"predecessor-version":[{"id":45946,"href":"https:\/\/apiagentura.gov.cz\/cs\/wp-json\/wp\/v2\/pages\/39618\/revisions\/45946"}],"up":[{"embeddable":true,"href":"https:\/\/apiagentura.gov.cz\/cs\/wp-json\/wp\/v2\/pages\/30215"}],"wp:attachment":[{"href":"https:\/\/apiagentura.gov.cz\/cs\/wp-json\/wp\/v2\/media?parent=39618"}],"curies":[{"name":"wp","href":"https:\/\/api.w.org\/{rel}","templated":true}]}}