{"id":39787,"date":"2024-06-10T11:48:30","date_gmt":"2024-06-10T09:48:30","guid":{"rendered":"https:\/\/www.apiagentura.gov.cz\/?page_id=39787"},"modified":"2026-02-16T14:49:02","modified_gmt":"2026-02-16T13:49:02","slug":"vysokorychlostni-internet-vyzva-i","status":"publish","type":"page","link":"https:\/\/apiagentura.gov.cz\/cs\/podporovane-aktivity-optak\/vysokorychlostni-internet-optak\/vysokorychlostni-internet-vyzva-i\/","title":{"rendered":"Vysokorychlostn\u00ed internet &#8211; v\u00fdzva I"},"content":{"rendered":"<p><strong>Upozorn\u011bn\u00ed pro \u017eadatele a p\u0159\u00edjemce:<\/strong><\/p>\n<p><strong>16. 2. 2026:<\/strong> Do\u0161lo k aktualizaci p\u0159\u00edlohy 2 v\u00fdzvy.<\/p>\n<p><strong>1.\u00a012.\u00a02025 &#8211; \u0158\u00edd\u00edc\u00ed org\u00e1n OP TAK oznamuje nav\u00fd\u0161en\u00ed alokace u\u00a0v\u00fdzvy Vysokorychlostn\u00ed internet \u2013 v\u00fdzva I. na\u00a0<\/strong><strong><u>5,5 miliardy K\u010d.\u00a0<\/u><\/strong><strong>Sou\u010dasn\u011b doch\u00e1z\u00ed k\u00a0aktualizaci p\u0159\u00edlohy\u00a03.<\/strong><\/p>\n<p><strong>9. 6. 2025:<\/strong> \u0158\u00edd\u00edc\u00ed org\u00e1n OP TAK oznamuje <strong>nav\u00fd\u0161en\u00ed alokace V\u00fdzvy<\/strong> Vysokorychlostn\u00ed internet \u2013 v\u00fdzva I. P\u016fvodn\u00ed alokace byla nav\u00fd\u0161ena <strong>na\u00a04,7 miliardy K\u010d<\/strong>. D\u00e1le do\u0161lo k\u00a0<strong>\u00faprav\u011b pom\u011bru alokace <\/strong>mezi kategorie region\u016f na\u00a0<strong>74,71 % pro\u00a0m\u00e9n\u011b rozvinut\u00e9 regiony<\/strong> a\u00a0<strong>25,29 % pro\u00a0p\u0159echodov\u00e9 regiony<\/strong>.<\/p>\n<p><strong>10. 10. 2024:<\/strong> Do\u0161lo k aktualizaci p\u0159\u00edloh v\u00fdzvy.<\/p>\n<p><strong>1. 10. 2024:<\/strong> Na z\u00e1klad\u011b po\u017eadavku ze strany podnikatelsk\u00e9 ve\u0159ejnosti doch\u00e1z\u00ed k\u00a0prodlou\u017een\u00ed p\u0159\u00edjmu \u017e\u00e1dost\u00ed o\u00a0podporu ve\u00a0<strong>v\u00fdzv\u011b Vysokorychlostn\u00ed internet \u2013 v\u00fdzva I. do\u00a031.12.2024<\/strong>. Z\u00e1rove\u0148 do\u0161lo k\u00a0\u00faprav\u00e1m v\u00a0P\u0159\u00edloze\u00a02 \u2013 Pravidla pro\u00a0\u017eadatele a\u00a0p\u0159\u00edjemce \u2013 zvl\u00e1\u0161tn\u00ed \u010d\u00e1st, P\u0159\u00edloze\u00a03 \u2013 Vymezen\u00ed zp\u016fsobil\u00fdch v\u00fddaj\u016f a\u00a0P\u0159\u00edloze\u00a06 \u2013 Osnova Podnikatelsk\u00e9ho z\u00e1m\u011bru a\u00a0Projektov\u00e9 studie. Proveden\u00e9 \u00fapravy povedou k\u00a0v\u011bt\u0161\u00ed p\u0159ehlednosti po\u017eadavk\u016f na\u00a0p\u0159edkl\u00e1dan\u00e9 projekty a\u00a0usnadn\u011bn\u00ed vytvo\u0159en\u00ed komplexn\u00ed dokumentace k\u00a0p\u0159edlo\u017een\u00ed projektov\u00e9 \u017e\u00e1dosti. Doporu\u010dujeme \u017eadatel\u016fm, aby si aktualizovanou dokumentaci k\u00a0V\u00fdzv\u011b prostudovali.<\/p>\n<p><strong>30. 7. 2024:<\/strong> Z d\u016fvodu \u00fapravy Modelu hodnocen\u00ed MPO ozn\u00e1milo, \u017ee zah\u00e1jen\u00ed p\u0159\u00edjmu o podporu <strong><a href=\"https:\/\/www.apiagentura.gov.cz\/cs\/podporovane-aktivity-optak\/vysokorychlostni-internet-optak\/vysokorychlostni-internet-vyzva-i\/\">v\u00fdzvy I Vysokorychlostn\u00ed internet<\/a><\/strong> je posunut\u00e9 na <strong>20. 8. 2024<\/strong>. Mo\u017enost p\u0159ipravovat sv\u00e9 \u017e\u00e1dosti v ISKP 21+ z\u016fst\u00e1v\u00e1 od 1. 8. 2024.<\/p>\n<table class=\"call-detail\" style=\"height: 278px; width: 70.479%;\" width=\"749\">\n<tbody>\n<tr style=\"height: 24px;\">\n<td style=\"width: 33.3333%; height: 24px;\" rowspan=\"2\"><strong>Na co lze z\u00edskat podporu<\/strong>\u00a0(podporovan\u00e9 aktivity):<\/p>\n<p><strong>Aktivita I.<\/strong><br \/>\nZav\u00e1d\u011bn\u00ed optick\u00fdch p\u0159\u00edpojn\u00fdch s\u00edt\u00ed <strong>(backhaul)<\/strong> do obc\u00ed:<\/p>\n<ul>\n<li>Budov\u00e1n\u00ed nov\u00fdch optick\u00fdch p\u0159\u00edpojn\u00fdch s\u00edt\u00ed<\/li>\n<li>Modernizace st\u00e1vaj\u00edc\u00edch p\u0159\u00edpojn\u00fdch s\u00edt\u00ed<\/li>\n<li>Zp\u0159\u00edstupn\u011bn\u00ed infrastruktury existuj\u00edc\u00edch neve\u0159ejn\u00fdch optick\u00fdch p\u0159\u00edpojn\u00fdch s\u00edt\u00ed.<\/li>\n<\/ul>\n<p><strong>Aktivita II.<\/strong><br \/>\nZav\u00e1d\u011bn\u00ed <strong>p\u0159\u00edstupov\u00fdch s\u00edt\u00ed VHCN<\/strong>:<\/p>\n<ul>\n<li>Budov\u00e1n\u00ed nov\u00fdch p\u0159\u00edstupov\u00fdch s\u00edt\u00ed s parametry VHCN<\/li>\n<li>Modernizace st\u00e1vaj\u00edc\u00ed infrastruktury p\u0159\u00edstupov\u00fdch s\u00edt\u00ed, aby dos\u00e1hla parametr\u016f VHCN<\/li>\n<\/ul>\n<p><strong>Kdo m\u016f\u017ee \u017e\u00e1dat (p\u0159\u00edjemci podpory):<\/strong><\/p>\n<ul>\n<li>MSP a velk\u00e9 podniky<\/li>\n<li>OSS, p\u0159\u00edsp\u011bvkov\u00e9 organizace<\/li>\n<\/ul>\n<p><strong>Syst\u00e9m sb\u011bru \u017e\u00e1dost\u00ed:<\/strong><\/p>\n<ul>\n<li>kolov\u00fd<\/li>\n<\/ul>\n<\/td>\n<td style=\"width: 33.3333%; height: 24px;\"><strong>Kolik lze z\u00edskat na jeden projekt\u00a0<\/strong>(forma a v\u00fd\u0161e podpory):<\/p>\n<ul>\n<li>celkov\u00e9 zp\u016fsobil\u00e9 v\u00fddaje na projekt mus\u00ed b\u00fdt minim\u00e1ln\u011b ve v\u00fd\u0161i<strong> 1 mil. K\u010d<\/strong> a\u202fmaxim\u00e1ln\u011b do v\u00fd\u0161e <strong>268 mil. K\u010d<\/strong> pro projekty realizovan\u00e9 v<strong>\u202fMRR<\/strong>\u00a0a\u202fminim\u00e1ln\u011b <strong>1,25 mil. K\u010d<\/strong> a\u202fmaxim\u00e1ln\u011b <strong>325 mil. K\u010d<\/strong> pro projekty realizovan\u00e9 v\u202f <strong>PR<\/strong>.<\/li>\n<\/ul>\n<p><strong>M\u00edra podpory:<\/strong><\/p>\n<ul>\n<li>MRR <em>(M\u00e9n\u011b rozvinut\u00e9 regiony)<\/em>: 85 %<\/li>\n<li>PR <em>(P\u0159echodov\u00e9 regiony)<\/em>: 70 %<\/li>\n<\/ul>\n<\/td>\n<td style=\"width: 33.3333%; height: 24px;\"><img loading=\"lazy\" decoding=\"async\" class=\"alignnone wp-image-30064 size-full\" src=\"https:\/\/www.apiagentura.gov.cz\/wp-content\/uploads\/2022\/07\/optak-aktivita-3-vysokorychlostni-internet-660x660-1.png\" alt=\"\" width=\"660\" height=\"660\" srcset=\"https:\/\/apiagentura.gov.cz\/wp-content\/uploads\/2022\/07\/optak-aktivita-3-vysokorychlostni-internet-660x660-1.png 660w, https:\/\/apiagentura.gov.cz\/wp-content\/uploads\/2022\/07\/optak-aktivita-3-vysokorychlostni-internet-660x660-1-300x300.png 300w, https:\/\/apiagentura.gov.cz\/wp-content\/uploads\/2022\/07\/optak-aktivita-3-vysokorychlostni-internet-660x660-1-150x150.png 150w\" sizes=\"auto, (max-width: 660px) 100vw, 660px\" \/><\/td>\n<\/tr>\n<tr style=\"height: 24px;\">\n<td style=\"width: 33.3333%; height: 24px;\"><strong>Jak\u00e9 v\u00fddaje je mo\u017en\u00e9 podpo\u0159it\u00a0<\/strong>(zp\u016fsobil\u00e9 v\u00fddaje):<\/p>\n<p><strong>P\u0159\u00edm\u00e9 n\u00e1klady<\/strong><\/p>\n<ul>\n<li>zav\u00e1d\u011bn\u00ed pasivn\u00ed s\u00ed\u0165ov\u00e9 infrastruktury<\/li>\n<li>investi\u010dn\u00ed v\u00fddaje na aktivn\u00ed prvky s\u00edt\u00ed<\/li>\n<li>jin\u00e9 zp\u016fsoby realizace infrastruktury<\/li>\n<\/ul>\n<p><strong>Nep\u0159\u00edm\u00e9 n\u00e1klady<\/strong><\/p>\n<ul>\n<li>pau\u0161\u00e1ln\u00ed \u010d\u00e1stka 7 % z p\u0159\u00edm\u00fdch n\u00e1klad\u016f<\/li>\n<\/ul>\n<\/td>\n<td style=\"width: 33.3333%; height: 24px;\" rowspan=\"2\"><strong>Specifika a omezen\u00ed:<\/strong><\/p>\n<ul>\n<li>Projekt mus\u00ed b\u00fdt realizov\u00e1n na \u00fazem\u00ed \u010cR mimo NUTS 2 Praha.<\/li>\n<li>Po\u010det \u017e\u00e1dost\u00ed o podporu na jednoho \u017eadatele (1 I\u010c) nen\u00ed omezen<\/li>\n<li>V\u00fdzva je ur\u010dena <strong>pouze podnikatel\u016fm v elektronick\u00fdch komunikac\u00edch<\/strong>, <span class=\"ui-provider ee brb bqt brc brd bre brf brg brh bri brj brk brl brm brn bro brp brq brr brs brt bru brv brw brx bry brz bsa bsb bsc bsd bse bsf bsg bsh\" dir=\"ltr\">kte\u0159\u00ed ozn\u00e1mili \u010cesk\u00e9mu telekomunika\u010dn\u00edmu \u00fa\u0159adu (\u010cT\u00da) podnik\u00e1n\u00ed podle \u00a7 13 z\u00e1kona \u010d. 127\/2005 Sb.<\/span><\/li>\n<\/ul>\n<p><strong>Minim\u00e1ln\u00ed po\u017eadavky na VHCN<\/strong><\/p>\n<ul>\n<li>kategorie A (b\u00edl\u00e1 na \u00farovni 30 Mb\/s) &#8211; min. c\u00edlov\u00e1 rychlost 150 \/ 50 Mb\/s<\/li>\n<li>kategorie B (b\u00edl\u00e1 na \u00farovni 100 Mb\/s) &#8211; min. c\u00edlov\u00e1 rychlost 1 Gb\/s \/ 200 Mb\/s<\/li>\n<li>kategorie C (\u0161ed\u00e1 na \u00farovn\u00ed 100 &#8211; 300Mb\/s) &#8211; min. c\u00edlov\u00e1 rychlost 1 Gb\/s \/ 200 Mb\/s<\/li>\n<\/ul>\n<p>&nbsp;<\/td>\n<\/tr>\n<tr style=\"height: 24px;\">\n<td style=\"width: 66.6666%; height: 24px;\" colspan=\"2\"><img loading=\"lazy\" decoding=\"async\" class=\"alignnone wp-image-39796 size-full\" src=\"https:\/\/www.apiagentura.gov.cz\/wp-content\/uploads\/2024\/06\/web-vyzva-optak-vi-i.png\" alt=\"\" width=\"1072\" height=\"500\" srcset=\"https:\/\/apiagentura.gov.cz\/wp-content\/uploads\/2024\/06\/web-vyzva-optak-vi-i.png 1072w, https:\/\/apiagentura.gov.cz\/wp-content\/uploads\/2024\/06\/web-vyzva-optak-vi-i-300x140.png 300w, https:\/\/apiagentura.gov.cz\/wp-content\/uploads\/2024\/06\/web-vyzva-optak-vi-i-1024x478.png 1024w, https:\/\/apiagentura.gov.cz\/wp-content\/uploads\/2024\/06\/web-vyzva-optak-vi-i-768x358.png 768w\" sizes=\"auto, (max-width: 1072px) 100vw, 1072px\" \/><\/td>\n<\/tr>\n<\/tbody>\n<\/table>\n<p><\/p>","protected":false},"excerpt":{"rendered":"<p>C\u00edlem v\u00fdzvy je zav\u00e1d\u011bn\u00ed ve\u0159ejn\u00fdch \u0161irokop\u00e1smov\u00fdch s\u00edt\u00ed elektronick\u00fdch komunikac\u00ed, kter\u00e9 umo\u017en\u00ed rychl\u00fd a spolehliv\u00fd p\u0159\u00edstup ke slu\u017eb\u00e1m elektronick\u00fdch komunikac\u00ed a internetu na s\u00edt\u00edch VHCN pro dom\u00e1cnosti, podniky, \u0161koly, \u00fa\u0159ady a dal\u0161\u00ed akt\u00e9ry.<\/p>\n","protected":false},"author":1,"featured_media":0,"parent":30063,"menu_order":0,"comment_status":"closed","ping_status":"closed","template":"","meta":{"inline_featured_image":false,"footnotes":""},"class_list":["post-39787","page","type-page","status-publish","hentry"],"publishpress_future_action":{"enabled":false,"date":"2026-05-02 06:18:53","action":"change-status","newStatus":"draft","terms":[],"taxonomy":"","extraData":[]},"publishpress_future_workflow_manual_trigger":{"enabledWorkflows":[]},"_links":{"self":[{"href":"https:\/\/apiagentura.gov.cz\/cs\/wp-json\/wp\/v2\/pages\/39787","targetHints":{"allow":["GET"]}}],"collection":[{"href":"https:\/\/apiagentura.gov.cz\/cs\/wp-json\/wp\/v2\/pages"}],"about":[{"href":"https:\/\/apiagentura.gov.cz\/cs\/wp-json\/wp\/v2\/types\/page"}],"author":[{"embeddable":true,"href":"https:\/\/apiagentura.gov.cz\/cs\/wp-json\/wp\/v2\/users\/1"}],"replies":[{"embeddable":true,"href":"https:\/\/apiagentura.gov.cz\/cs\/wp-json\/wp\/v2\/comments?post=39787"}],"version-history":[{"count":2,"href":"https:\/\/apiagentura.gov.cz\/cs\/wp-json\/wp\/v2\/pages\/39787\/revisions"}],"predecessor-version":[{"id":45457,"href":"https:\/\/apiagentura.gov.cz\/cs\/wp-json\/wp\/v2\/pages\/39787\/revisions\/45457"}],"up":[{"embeddable":true,"href":"https:\/\/apiagentura.gov.cz\/cs\/wp-json\/wp\/v2\/pages\/30063"}],"wp:attachment":[{"href":"https:\/\/apiagentura.gov.cz\/cs\/wp-json\/wp\/v2\/media?parent=39787"}],"curies":[{"name":"wp","href":"https:\/\/api.w.org\/{rel}","templated":true}]}}