{"id":40025,"date":"2024-06-28T10:40:14","date_gmt":"2024-06-28T08:40:14","guid":{"rendered":"https:\/\/www.apiagentura.gov.cz\/?page_id=40025"},"modified":"2025-02-28T10:47:22","modified_gmt":"2025-02-28T09:47:22","slug":"digitalni-podnik-digitalni-podnik-vyzva-i","status":"publish","type":"page","link":"https:\/\/apiagentura.gov.cz\/cs\/podporovane-aktivity-optak\/digitalni-podnik-optak\/digitalni-podnik-digitalni-podnik-vyzva-i\/","title":{"rendered":"Digit\u00e1ln\u00ed podnik \u2013 digit\u00e1ln\u00ed podnik &#8211; v\u00fdzva I"},"content":{"rendered":"<p><strong>Upozorn\u011bn\u00ed pro \u017eadatele a p\u0159\u00edjemce:<\/strong><\/p>\n<p><strong>28. 2. 2025:<\/strong> \u0158\u00edd\u00edc\u00ed org\u00e1n OP TAK Ministerstvo pr\u016fmyslu a obchodu rozhodl o zm\u011bn\u011b textace v\u00fdzvy, kap. 8.2, bod\u016f b) a e) za \u00fa\u010delem zaji\u0161t\u011bn\u00ed efektivity v procesu kontrol \u017e\u00e1dost\u00ed o podporu p\u0159ed vyd\u00e1n\u00edm Rozhodnut\u00ed o poskytnut\u00ed dotace a sn\u00ed\u017een\u00ed administrativn\u00ed z\u00e1t\u011b\u017ee na stran\u011b \u017eadatel\u016f o podporu. \u017dadatel\u00e9 nov\u011b budou povinni dle bodu b) podlo\u017eit \u00fadaje uveden\u00e9 v Prohl\u00e1\u0161en\u00ed k velikosti podniku pouze u projekt\u016f s po\u017eadovanou dotac\u00ed ve v\u00fd\u0161i 1,5 mil. K\u010d a vy\u0161\u0161\u00ed, p\u0159\u00edpadn\u011b na v\u00fdzvu \u0158O OP TAK \/ ZS API. D\u00e1le d\u00edky \u00faprav\u011b bodu e) do souladu s aktu\u00e1ln\u00edm zn\u011bn\u00edm \u00a7 4c z\u00e1kona \u010d. 159\/2006 Sb., o st\u0159etu z\u00e1jm\u016f a \u017eadatel\u00e9 nov\u011b budou povinni dokl\u00e1dat statut a p\u0159\u00edpadn\u011b dal\u0161\u00ed dokumenty, ze kter\u00fdch bude z\u0159ejm\u00e9, kdo je zakladatel, spr\u00e1vce, obmy\u0161len\u00fd, osoba opr\u00e1vn\u011bn\u00e1 k v\u00fdkonu dohledu nad spr\u00e1vou, \u010di p\u0159\u00edpadn\u011b osoby s obdobn\u00fdmi pravomocemi pouze v p\u0159\u00edpad\u011b, \u017ee jsou obchodn\u00ed korporac\u00ed, kter\u00e1 m\u00e1 25% nebo v\u011bt\u0161\u00ed pod\u00edl(y) (\u010di stejn\u00e9 procento akci\u00ed) p\u0159\u00edmo \u010di nep\u0159\u00edmo vlo\u017een(y) do zahrani\u010dn\u00edho sv\u011b\u0159ensk\u00e9ho fondu. V p\u0159\u00edpad\u011b \u010desk\u00e9ho sv\u011b\u0159ensk\u00e9ho fond\u016f si \u0158O zajist\u00ed pdf verzi v\u00fdpisu z Evidence sv\u011b\u0159ensk\u00fdch fond\u016f. Zm\u011bny nab\u00fdvaj\u00ed \u00fa\u010dinnosti k datu 28. 2. 2025.<\/p>\n<table class=\"call-detail\" style=\"height: 72px; width: 67.3643%;\" width=\"749\">\n<tbody>\n<tr style=\"height: 24px;\">\n<td style=\"width: 33.3333%; height: 48px;\" rowspan=\"2\"><strong>Na co lze z\u00edskat podporu<\/strong>\u00a0(podporovan\u00e9 aktivity):<\/p>\n<ul>\n<li>Digit\u00e1ln\u00ed transformace firmy &#8211; n\u00e1kup nev\u00fdrobn\u00edch technologi\u00ed<\/li>\n<li>Logistick\u00e9 a skladov\u00e9 technologie a ostatn\u00ed nev\u00fdrobn\u00ed technologie &#8211; po\u0159\u00edzen\u00ed robotick\u00fdch autonomn\u00edch stroj\u016f, SW typu WMS<\/li>\n<li>Vnitropodnikov\u00e1 konektivita (v\u010detn\u011b senzorov\u00fdch s\u00edt\u00ed)<\/li>\n<li>Kybernetick\u00e1 bezpe\u010dnost<\/li>\n<li>Jednor\u00e1zov\u00e1 \u0161kolen\u00ed zakon\u010den\u00e1 certifikac\u00ed a pom\u016fcky nezbytn\u00e9 pro z\u00edsk\u00e1n\u00ed mezin\u00e1rodn\u00edch certifik\u00e1t\u016f v oboru IT a ekologick\u00e9 udr\u017eitelnosti budov<\/li>\n<li>BIM a\u00a0CDE syst\u00e9my<\/li>\n<li>Vytvo\u0159en\u00ed digit\u00e1ln\u00edho dvoj\u010dete<\/li>\n<\/ul>\n<p><strong>Kdo m\u016f\u017ee \u017e\u00e1dat (p\u0159\u00edjemci podpory):<\/strong><\/p>\n<ul>\n<li>mal\u00e9 a st\u0159edn\u00ed podniky<\/li>\n<\/ul>\n<p><strong>Syst\u00e9m sb\u011bru \u017e\u00e1dost\u00ed:<\/strong><\/p>\n<ul>\n<li>pr\u016fb\u011b\u017en\u00fd<\/li>\n<\/ul>\n<\/td>\n<td style=\"width: 33.3333%; height: 24px;\"><strong>Kolik lze z\u00edskat na jeden projekt\u00a0<\/strong>(forma a v\u00fd\u0161e podpory):<\/p>\n<ul>\n<li>minim\u00e1ln\u00ed v\u00fd\u0161e celkov\u00fdch zp\u016fsobil\u00fdch v\u00fddaj\u016f na projekt mus\u00ed b\u00fdt <strong>2,5 mil K\u010d<\/strong>\u00a0a maxim\u00e1ln\u011b <strong>50 mil. K\u010d<\/strong>.<\/li>\n<\/ul>\n<p><strong>M\u00edra podpory:<\/strong><\/p>\n<ul>\n<li><strong>25 % &#8211; 60 %<\/strong> z celkov\u00fdch zp\u016fsobil\u00fdch v\u00fddaj\u016f dle regionu<\/li>\n<\/ul>\n<\/td>\n<td style=\"width: 33.3333%; height: 24px;\"><img loading=\"lazy\" decoding=\"async\" class=\"alignnone wp-image-30040 size-full\" src=\"https:\/\/www.apiagentura.gov.cz\/wp-content\/uploads\/2022\/07\/optak-aktivita-1-digitalni-podnik-660x660-1.png\" alt=\"\" width=\"660\" height=\"660\" srcset=\"https:\/\/apiagentura.gov.cz\/wp-content\/uploads\/2022\/07\/optak-aktivita-1-digitalni-podnik-660x660-1.png 660w, https:\/\/apiagentura.gov.cz\/wp-content\/uploads\/2022\/07\/optak-aktivita-1-digitalni-podnik-660x660-1-300x300.png 300w, https:\/\/apiagentura.gov.cz\/wp-content\/uploads\/2022\/07\/optak-aktivita-1-digitalni-podnik-660x660-1-150x150.png 150w\" sizes=\"auto, (max-width: 660px) 100vw, 660px\" \/><\/td>\n<\/tr>\n<tr style=\"height: 24px;\">\n<td style=\"width: 33.3333%; height: 24px;\"><strong>Jak\u00e9 v\u00fddaje je mo\u017en\u00e9 podpo\u0159it\u00a0<\/strong>(zp\u016fsobil\u00e9 v\u00fddaje):<\/p>\n<p><strong>P\u0159\u00edm\u00e9 n\u00e1klady:<\/strong><\/p>\n<ul>\n<li>Dlouhodob\u00fd hmotn\u00fd majetek<\/li>\n<li>Dlouhodob\u00fd nehmotn\u00fd majetek.<\/li>\n<li>Slu\u017eby a ostatn\u00ed v\u00fddaje.<\/li>\n<\/ul>\n<p><strong>Nep\u0159\u00edm\u00e9 n\u00e1klady:<\/strong><\/p>\n<ul>\n<li>Povinn\u00e1 polo\u017eka rozpo\u010dtu projektu, jejich\u017e hodnota je <strong>7 % z p\u0159\u00edm\u00fdch n\u00e1klad\u016f<\/strong>.<\/li>\n<\/ul>\n<\/td>\n<td style=\"width: 33.3333%; height: 48px;\" rowspan=\"2\"><strong>Specifika a omezen\u00ed:<\/strong><\/p>\n<ul>\n<li>Projekt mus\u00ed b\u00fdt realizov\u00e1n na \u00fazem\u00ed \u010cR mimo NUTS 2 Praha.<\/li>\n<li>Ka\u017ed\u00fd \u017eadatel (<strong>1 I\u010c<\/strong>) je v t\u00e9to V\u00fdzv\u011b opr\u00e1vn\u011bn p\u0159edlo\u017eit\u00a0<strong>maxim\u00e1ln\u011b 1 aktivn\u00ed \u017e\u00e1dost o podporu.<\/strong><\/li>\n<li>V\u00fdb\u011brem jedn\u00e9 nebo kombinac\u00ed podporovan\u00fdch aktivit mus\u00ed doj\u00edt k napln\u011bn\u00ed podm\u00ednek <strong>v\u00fdrazn\u00e9ho posunu v digitalizaci<\/strong>.<\/li>\n<li><strong>Podporov\u00e1no nen\u00ed<\/strong> po\u0159\u00edzen\u00ed hmotn\u00e9ho majetku (HW), kter\u00fd slou\u017e\u00ed k hlavn\u00edmu<br \/>\np\u0159edm\u011btu podnik\u00e1n\u00ed firmy \u017eadatele <strong>(core business)<\/strong>.<\/li>\n<li>Projekt mus\u00ed b\u00fdt <strong>max. dvouetapov\u00fd<\/strong>.<\/li>\n<li>Projekt m\u016f\u017ee m\u00edt<strong> a\u017e 10 m\u00edst realizace<\/strong>.<\/li>\n<li>Projekt mus\u00ed spl\u0148ovat podm\u00ednky tzv. <strong>po\u010d\u00e1te\u010dn\u00ed investice<\/strong>:<\/li>\n<\/ul>\n<p>a) Zalo\u017een\u00ed nov\u00e9 provozovny<\/p>\n<p>b) Roz\u0161\u00ed\u0159en\u00ed kapacity st\u00e1vaj\u00edc\u00ed provozovny.<\/p>\n<p>c) Z\u00e1sadn\u00ed zm\u011bna celkov\u00e9ho v\u00fdrobn\u00edho postupu.<\/p>\n<p>d) Roz\u0161\u00ed\u0159en\u00ed v\u00fdrobn\u00edho sortimentu provozovny o v\u00fdrobky, kter\u00e9 nebyly d\u0159\u00edve v t\u00e9to provozovn\u011b vyr\u00e1b\u011bny.<\/td>\n<\/tr>\n<tr style=\"height: 24px;\">\n<td style=\"width: 66.6666%; height: 24px;\" colspan=\"2\"><img loading=\"lazy\" decoding=\"async\" class=\"alignnone wp-image-40102 size-full\" src=\"https:\/\/www.apiagentura.gov.cz\/wp-content\/uploads\/2024\/06\/web-vyzva-optak-dp-dp-i.png\" alt=\"\" width=\"1072\" height=\"500\" srcset=\"https:\/\/apiagentura.gov.cz\/wp-content\/uploads\/2024\/06\/web-vyzva-optak-dp-dp-i.png 1072w, https:\/\/apiagentura.gov.cz\/wp-content\/uploads\/2024\/06\/web-vyzva-optak-dp-dp-i-300x140.png 300w, https:\/\/apiagentura.gov.cz\/wp-content\/uploads\/2024\/06\/web-vyzva-optak-dp-dp-i-1024x478.png 1024w, https:\/\/apiagentura.gov.cz\/wp-content\/uploads\/2024\/06\/web-vyzva-optak-dp-dp-i-768x358.png 768w\" sizes=\"auto, (max-width: 1072px) 100vw, 1072px\" \/><\/td>\n<\/tr>\n<\/tbody>\n<\/table>\n<p><\/p>","protected":false},"excerpt":{"rendered":"<p>C\u00edlem v\u00fdzvy je digit\u00e1ln\u00ed transformace podniku za pomoc\u00ed nov\u011b po\u0159\u00edzen\u00fdch nebo zav\u00e1d\u011bn\u00fdch pokro\u010dil\u00fdch nev\u00fdrobn\u00edch technologi\u00ed a\/nebo slu\u017eeb, kter\u00e9 povedou k vy\u0161\u0161\u00ed automatizaci, digitalizaci \u010di efektivn\u011bj\u0161\u00edmu propojen\u00ed firemn\u00edch proces\u016f.<\/p>\n","protected":false},"author":1,"featured_media":0,"parent":30039,"menu_order":0,"comment_status":"closed","ping_status":"closed","template":"","meta":{"inline_featured_image":false,"footnotes":""},"class_list":["post-40025","page","type-page","status-publish","hentry"],"publishpress_future_action":{"enabled":false,"date":"2026-05-06 19:59:19","action":"change-status","newStatus":"draft","terms":[],"taxonomy":"","extraData":[]},"publishpress_future_workflow_manual_trigger":{"enabledWorkflows":[]},"_links":{"self":[{"href":"https:\/\/apiagentura.gov.cz\/cs\/wp-json\/wp\/v2\/pages\/40025","targetHints":{"allow":["GET"]}}],"collection":[{"href":"https:\/\/apiagentura.gov.cz\/cs\/wp-json\/wp\/v2\/pages"}],"about":[{"href":"https:\/\/apiagentura.gov.cz\/cs\/wp-json\/wp\/v2\/types\/page"}],"author":[{"embeddable":true,"href":"https:\/\/apiagentura.gov.cz\/cs\/wp-json\/wp\/v2\/users\/1"}],"replies":[{"embeddable":true,"href":"https:\/\/apiagentura.gov.cz\/cs\/wp-json\/wp\/v2\/comments?post=40025"}],"version-history":[{"count":0,"href":"https:\/\/apiagentura.gov.cz\/cs\/wp-json\/wp\/v2\/pages\/40025\/revisions"}],"up":[{"embeddable":true,"href":"https:\/\/apiagentura.gov.cz\/cs\/wp-json\/wp\/v2\/pages\/30039"}],"wp:attachment":[{"href":"https:\/\/apiagentura.gov.cz\/cs\/wp-json\/wp\/v2\/media?parent=40025"}],"curies":[{"name":"wp","href":"https:\/\/api.w.org\/{rel}","templated":true}]}}